{"id":9752,"date":"2014-05-12T15:34:52","date_gmt":"2014-05-12T19:34:52","guid":{"rendered":"http:\/\/www.flexaust.com\/product\/03100469-screw-cuff-2\/"},"modified":"2022-05-24T13:26:05","modified_gmt":"2022-05-24T17:26:05","slug":"03100469-terminal-de-conexion-con-rosca","status":"publish","type":"product","link":"https:\/\/www.flexaust.com\/es\/producto\/03100469-terminal-de-conexion-con-rosca\/","title":{"rendered":"03100469 Terminal de Conexi\u00f3n con Rosca"},"content":{"rendered":"<p>Roscas al final de las mangueras de vac\u00edo para proporcionar el accesorio f\u00e1cil.<\/p>\n","protected":false},"excerpt":{"rendered":"<p>Roscas al final de las mangueras de vac\u00edo para proporcionar el accesorio f\u00e1cil.<\/p>\n","protected":false},"author":4,"featured_media":9679,"menu_order":0,"template":"","meta":{"_acf_changed":false,"content-type":"","inline_featured_image":false,"footnotes":"","_links_to":"","_links_to_target":""},"class_list":["post-9752","product","type-product","status-publish","has-post-thumbnail","hentry","product-line-dayflex-es","product_material-cloruro-de-polivinilo-es","group-mangueras-y-accesorios","group-copas-de-cuidado-de-piso-conectores-y-adaptadores"],"acf":[],"yoast_head":"<!-- This site is optimized with the Yoast SEO plugin v27.3 - https:\/\/yoast.com\/product\/yoast-seo-wordpress\/ -->\n<title>03100469 Terminal de Conexi\u00f3n con Rosca - Flexaust<\/title>\n<meta name=\"description\" content=\"Check out the 03100469 Terminal de Conexi\u00f3n con Rosca product from Flexaust - A leading hose manufacturer offering flexible hose, ducting, and accessories\" \/>\n<meta name=\"robots\" content=\"index, follow, max-snippet:-1, max-image-preview:large, max-video-preview:-1\" \/>\n<link rel=\"canonical\" href=\"https:\/\/www.flexaust.com\/product\/03100469-screw-cuff\/\" \/>\n<script type=\"application\/ld+json\" class=\"yoast-schema-graph\">{\"@context\":\"https:\\\/\\\/schema.org\",\"@graph\":[{\"@type\":\"WebPage\",\"@id\":\"https:\\\/\\\/www.flexaust.com\\\/product\\\/03100469-screw-cuff\\\/\",\"url\":\"https:\\\/\\\/www.flexaust.com\\\/product\\\/03100469-screw-cuff\\\/\",\"name\":\"03100469 Terminal de Conexi\u00f3n con Rosca - Flexaust\",\"isPartOf\":{\"@id\":\"https:\\\/\\\/www.flexaust.com\\\/#website\"},\"primaryImageOfPage\":{\"@id\":\"https:\\\/\\\/www.flexaust.com\\\/product\\\/03100469-screw-cuff\\\/#primaryimage\"},\"image\":{\"@id\":\"https:\\\/\\\/www.flexaust.com\\\/product\\\/03100469-screw-cuff\\\/#primaryimage\"},\"thumbnailUrl\":\"https:\\\/\\\/www.flexaust.com\\\/wp-content\\\/uploads\\\/2014\\\/08\\\/03100469-Screw-Cuff.png\",\"datePublished\":\"2014-05-12T19:34:52+00:00\",\"dateModified\":\"2022-05-24T17:26:05+00:00\",\"description\":\"Check out the 03100469 Terminal de Conexi\u00f3n con Rosca product from Flexaust - A leading hose manufacturer offering flexible hose, ducting, and accessories\",\"breadcrumb\":{\"@id\":\"https:\\\/\\\/www.flexaust.com\\\/product\\\/03100469-screw-cuff\\\/#breadcrumb\"},\"inLanguage\":\"es-ES\",\"potentialAction\":[{\"@type\":\"ReadAction\",\"target\":[\"https:\\\/\\\/www.flexaust.com\\\/product\\\/03100469-screw-cuff\\\/\"]}]},{\"@type\":\"ImageObject\",\"inLanguage\":\"es-ES\",\"@id\":\"https:\\\/\\\/www.flexaust.com\\\/product\\\/03100469-screw-cuff\\\/#primaryimage\",\"url\":\"https:\\\/\\\/www.flexaust.com\\\/wp-content\\\/uploads\\\/2014\\\/08\\\/03100469-Screw-Cuff.png\",\"contentUrl\":\"https:\\\/\\\/www.flexaust.com\\\/wp-content\\\/uploads\\\/2014\\\/08\\\/03100469-Screw-Cuff.png\",\"width\":800,\"height\":800},{\"@type\":\"BreadcrumbList\",\"@id\":\"https:\\\/\\\/www.flexaust.com\\\/product\\\/03100469-screw-cuff\\\/#breadcrumb\",\"itemListElement\":[{\"@type\":\"ListItem\",\"position\":1,\"name\":\"Products\",\"item\":\"https:\\\/\\\/www.flexaust.com\\\/product\\\/\"},{\"@type\":\"ListItem\",\"position\":2,\"name\":\"03100469 Terminal de Conexi\u00f3n con Rosca\"}]},{\"@type\":\"WebSite\",\"@id\":\"https:\\\/\\\/www.flexaust.com\\\/#website\",\"url\":\"https:\\\/\\\/www.flexaust.com\\\/\",\"name\":\"Flexaust\",\"description\":\"Industrial Hose Manufacturer\",\"potentialAction\":[{\"@type\":\"SearchAction\",\"target\":{\"@type\":\"EntryPoint\",\"urlTemplate\":\"https:\\\/\\\/www.flexaust.com\\\/?s={search_term_string}\"},\"query-input\":{\"@type\":\"PropertyValueSpecification\",\"valueRequired\":true,\"valueName\":\"search_term_string\"}}],\"inLanguage\":\"es-ES\"}]}<\/script>\n<!-- \/ Yoast SEO plugin. -->","yoast_head_json":{"title":"03100469 Terminal de Conexi\u00f3n con Rosca - Flexaust","description":"Check out the 03100469 Terminal de Conexi\u00f3n con Rosca product from Flexaust - A leading hose manufacturer offering flexible hose, ducting, and accessories","robots":{"index":"index","follow":"follow","max-snippet":"max-snippet:-1","max-image-preview":"max-image-preview:large","max-video-preview":"max-video-preview:-1"},"canonical":"https:\/\/www.flexaust.com\/product\/03100469-screw-cuff\/","schema":{"@context":"https:\/\/schema.org","@graph":[{"@type":"WebPage","@id":"https:\/\/www.flexaust.com\/product\/03100469-screw-cuff\/","url":"https:\/\/www.flexaust.com\/product\/03100469-screw-cuff\/","name":"03100469 Terminal de Conexi\u00f3n con Rosca - Flexaust","isPartOf":{"@id":"https:\/\/www.flexaust.com\/#website"},"primaryImageOfPage":{"@id":"https:\/\/www.flexaust.com\/product\/03100469-screw-cuff\/#primaryimage"},"image":{"@id":"https:\/\/www.flexaust.com\/product\/03100469-screw-cuff\/#primaryimage"},"thumbnailUrl":"https:\/\/www.flexaust.com\/wp-content\/uploads\/2014\/08\/03100469-Screw-Cuff.png","datePublished":"2014-05-12T19:34:52+00:00","dateModified":"2022-05-24T17:26:05+00:00","description":"Check out the 03100469 Terminal de Conexi\u00f3n con Rosca product from Flexaust - A leading hose manufacturer offering flexible hose, ducting, and accessories","breadcrumb":{"@id":"https:\/\/www.flexaust.com\/product\/03100469-screw-cuff\/#breadcrumb"},"inLanguage":"es-ES","potentialAction":[{"@type":"ReadAction","target":["https:\/\/www.flexaust.com\/product\/03100469-screw-cuff\/"]}]},{"@type":"ImageObject","inLanguage":"es-ES","@id":"https:\/\/www.flexaust.com\/product\/03100469-screw-cuff\/#primaryimage","url":"https:\/\/www.flexaust.com\/wp-content\/uploads\/2014\/08\/03100469-Screw-Cuff.png","contentUrl":"https:\/\/www.flexaust.com\/wp-content\/uploads\/2014\/08\/03100469-Screw-Cuff.png","width":800,"height":800},{"@type":"BreadcrumbList","@id":"https:\/\/www.flexaust.com\/product\/03100469-screw-cuff\/#breadcrumb","itemListElement":[{"@type":"ListItem","position":1,"name":"Products","item":"https:\/\/www.flexaust.com\/product\/"},{"@type":"ListItem","position":2,"name":"03100469 Terminal de Conexi\u00f3n con Rosca"}]},{"@type":"WebSite","@id":"https:\/\/www.flexaust.com\/#website","url":"https:\/\/www.flexaust.com\/","name":"Flexaust","description":"Industrial Hose Manufacturer","potentialAction":[{"@type":"SearchAction","target":{"@type":"EntryPoint","urlTemplate":"https:\/\/www.flexaust.com\/?s={search_term_string}"},"query-input":{"@type":"PropertyValueSpecification","valueRequired":true,"valueName":"search_term_string"}}],"inLanguage":"es-ES"}]}},"_links":{"self":[{"href":"https:\/\/www.flexaust.com\/es\/wp-json\/wp\/v2\/product\/9752","targetHints":{"allow":["GET"]}}],"collection":[{"href":"https:\/\/www.flexaust.com\/es\/wp-json\/wp\/v2\/product"}],"about":[{"href":"https:\/\/www.flexaust.com\/es\/wp-json\/wp\/v2\/types\/product"}],"author":[{"embeddable":true,"href":"https:\/\/www.flexaust.com\/es\/wp-json\/wp\/v2\/users\/4"}],"version-history":[{"count":0,"href":"https:\/\/www.flexaust.com\/es\/wp-json\/wp\/v2\/product\/9752\/revisions"}],"wp:featuredmedia":[{"embeddable":true,"href":"https:\/\/www.flexaust.com\/es\/wp-json\/wp\/v2\/media\/9679"}],"wp:attachment":[{"href":"https:\/\/www.flexaust.com\/es\/wp-json\/wp\/v2\/media?parent=9752"}],"curies":[{"name":"wp","href":"https:\/\/api.w.org\/{rel}","templated":true}]}}