{"id":9436,"date":"2014-05-19T15:18:29","date_gmt":"2014-05-19T19:18:29","guid":{"rendered":"http:\/\/www.flexaust.com\/product\/short-molded-cuffs-2\/"},"modified":"2015-11-13T11:11:43","modified_gmt":"2015-11-13T16:11:43","slug":"terminales-conectoras-moldeadas-cortas","status":"publish","type":"product","link":"https:\/\/www.flexaust.com\/es\/producto\/terminales-conectoras-moldeadas-cortas\/","title":{"rendered":"Terminales Conectoras Moldeadas Cortas"},"content":{"rendered":"<p>\u2022 Las terminales conectoras de PVC fabricadas por moldeo por inyecci\u00f3n sobre la manguera crean un sello herm\u00e9tico que optimiza el flujo de aire, l\u00edquido o polvo<br \/>\n\u2022 Tambi\u00e9n pueden moldearse con otros materiales para satisfacer las especificaciones del cliente<\/p>\n","protected":false},"excerpt":{"rendered":"<p>\u2022 Las terminales conectoras de PVC fabricadas por moldeo por inyecci\u00f3n sobre la manguera crean un sello herm\u00e9tico que optimiza el flujo de aire, l\u00edquido o polvo \u2022 Tambi\u00e9n pueden moldearse con otros materiales para satisfacer las especificaciones del cliente<\/p>\n","protected":false},"author":6,"featured_media":4382,"menu_order":0,"template":"","meta":{"_acf_changed":false,"content-type":"","inline_featured_image":false,"footnotes":"","_links_to":"","_links_to_target":""},"class_list":["post-9436","product","type-product","status-publish","has-post-thumbnail","hentry","product-line-dayflex-es","product_material-cloruro-de-polivinilo-es","group-mangueras-y-accesorios","group-copas-de-cuidado-de-piso-conectores-y-adaptadores"],"acf":[],"yoast_head":"<!-- This site is optimized with the Yoast SEO plugin v27.3 - https:\/\/yoast.com\/product\/yoast-seo-wordpress\/ -->\n<title>Terminales Conectoras Moldeadas Cortas - Flexaust<\/title>\n<meta name=\"description\" content=\"Check out the Terminales Conectoras Moldeadas Cortas product from Flexaust - A leading hose manufacturer offering flexible hose, ducting, and accessories\" \/>\n<meta name=\"robots\" content=\"index, follow, max-snippet:-1, max-image-preview:large, max-video-preview:-1\" \/>\n<link rel=\"canonical\" href=\"https:\/\/www.flexaust.com\/es\/producto\/terminales-conectoras-moldeadas-cortas\/\" \/>\n<script type=\"application\/ld+json\" class=\"yoast-schema-graph\">{\"@context\":\"https:\\\/\\\/schema.org\",\"@graph\":[{\"@type\":\"WebPage\",\"@id\":\"https:\\\/\\\/www.flexaust.com\\\/es\\\/producto\\\/terminales-conectoras-moldeadas-cortas\\\/\",\"url\":\"https:\\\/\\\/www.flexaust.com\\\/es\\\/producto\\\/terminales-conectoras-moldeadas-cortas\\\/\",\"name\":\"Terminales Conectoras Moldeadas Cortas - Flexaust\",\"isPartOf\":{\"@id\":\"https:\\\/\\\/www.flexaust.com\\\/#website\"},\"primaryImageOfPage\":{\"@id\":\"https:\\\/\\\/www.flexaust.com\\\/es\\\/producto\\\/terminales-conectoras-moldeadas-cortas\\\/#primaryimage\"},\"image\":{\"@id\":\"https:\\\/\\\/www.flexaust.com\\\/es\\\/producto\\\/terminales-conectoras-moldeadas-cortas\\\/#primaryimage\"},\"thumbnailUrl\":\"https:\\\/\\\/www.flexaust.com\\\/wp-content\\\/uploads\\\/2012\\\/06\\\/Short-Molded-Cuff.png\",\"datePublished\":\"2014-05-19T19:18:29+00:00\",\"dateModified\":\"2015-11-13T16:11:43+00:00\",\"description\":\"Check out the Terminales Conectoras Moldeadas Cortas product from Flexaust - A leading hose manufacturer offering flexible hose, ducting, and accessories\",\"breadcrumb\":{\"@id\":\"https:\\\/\\\/www.flexaust.com\\\/es\\\/producto\\\/terminales-conectoras-moldeadas-cortas\\\/#breadcrumb\"},\"inLanguage\":\"es-ES\",\"potentialAction\":[{\"@type\":\"ReadAction\",\"target\":[\"https:\\\/\\\/www.flexaust.com\\\/es\\\/producto\\\/terminales-conectoras-moldeadas-cortas\\\/\"]}]},{\"@type\":\"ImageObject\",\"inLanguage\":\"es-ES\",\"@id\":\"https:\\\/\\\/www.flexaust.com\\\/es\\\/producto\\\/terminales-conectoras-moldeadas-cortas\\\/#primaryimage\",\"url\":\"https:\\\/\\\/www.flexaust.com\\\/wp-content\\\/uploads\\\/2012\\\/06\\\/Short-Molded-Cuff.png\",\"contentUrl\":\"https:\\\/\\\/www.flexaust.com\\\/wp-content\\\/uploads\\\/2012\\\/06\\\/Short-Molded-Cuff.png\",\"width\":800,\"height\":742},{\"@type\":\"BreadcrumbList\",\"@id\":\"https:\\\/\\\/www.flexaust.com\\\/es\\\/producto\\\/terminales-conectoras-moldeadas-cortas\\\/#breadcrumb\",\"itemListElement\":[{\"@type\":\"ListItem\",\"position\":1,\"name\":\"Products\",\"item\":\"https:\\\/\\\/www.flexaust.com\\\/product\\\/\"},{\"@type\":\"ListItem\",\"position\":2,\"name\":\"Terminales Conectoras Moldeadas Cortas\"}]},{\"@type\":\"WebSite\",\"@id\":\"https:\\\/\\\/www.flexaust.com\\\/#website\",\"url\":\"https:\\\/\\\/www.flexaust.com\\\/\",\"name\":\"Flexaust\",\"description\":\"Industrial Hose Manufacturer\",\"potentialAction\":[{\"@type\":\"SearchAction\",\"target\":{\"@type\":\"EntryPoint\",\"urlTemplate\":\"https:\\\/\\\/www.flexaust.com\\\/?s={search_term_string}\"},\"query-input\":{\"@type\":\"PropertyValueSpecification\",\"valueRequired\":true,\"valueName\":\"search_term_string\"}}],\"inLanguage\":\"es-ES\"}]}<\/script>\n<!-- \/ Yoast SEO plugin. -->","yoast_head_json":{"title":"Terminales Conectoras Moldeadas Cortas - Flexaust","description":"Check out the Terminales Conectoras Moldeadas Cortas product from Flexaust - A leading hose manufacturer offering flexible hose, ducting, and accessories","robots":{"index":"index","follow":"follow","max-snippet":"max-snippet:-1","max-image-preview":"max-image-preview:large","max-video-preview":"max-video-preview:-1"},"canonical":"https:\/\/www.flexaust.com\/es\/producto\/terminales-conectoras-moldeadas-cortas\/","schema":{"@context":"https:\/\/schema.org","@graph":[{"@type":"WebPage","@id":"https:\/\/www.flexaust.com\/es\/producto\/terminales-conectoras-moldeadas-cortas\/","url":"https:\/\/www.flexaust.com\/es\/producto\/terminales-conectoras-moldeadas-cortas\/","name":"Terminales Conectoras Moldeadas Cortas - Flexaust","isPartOf":{"@id":"https:\/\/www.flexaust.com\/#website"},"primaryImageOfPage":{"@id":"https:\/\/www.flexaust.com\/es\/producto\/terminales-conectoras-moldeadas-cortas\/#primaryimage"},"image":{"@id":"https:\/\/www.flexaust.com\/es\/producto\/terminales-conectoras-moldeadas-cortas\/#primaryimage"},"thumbnailUrl":"https:\/\/www.flexaust.com\/wp-content\/uploads\/2012\/06\/Short-Molded-Cuff.png","datePublished":"2014-05-19T19:18:29+00:00","dateModified":"2015-11-13T16:11:43+00:00","description":"Check out the Terminales Conectoras Moldeadas Cortas product from Flexaust - A leading hose manufacturer offering flexible hose, ducting, and accessories","breadcrumb":{"@id":"https:\/\/www.flexaust.com\/es\/producto\/terminales-conectoras-moldeadas-cortas\/#breadcrumb"},"inLanguage":"es-ES","potentialAction":[{"@type":"ReadAction","target":["https:\/\/www.flexaust.com\/es\/producto\/terminales-conectoras-moldeadas-cortas\/"]}]},{"@type":"ImageObject","inLanguage":"es-ES","@id":"https:\/\/www.flexaust.com\/es\/producto\/terminales-conectoras-moldeadas-cortas\/#primaryimage","url":"https:\/\/www.flexaust.com\/wp-content\/uploads\/2012\/06\/Short-Molded-Cuff.png","contentUrl":"https:\/\/www.flexaust.com\/wp-content\/uploads\/2012\/06\/Short-Molded-Cuff.png","width":800,"height":742},{"@type":"BreadcrumbList","@id":"https:\/\/www.flexaust.com\/es\/producto\/terminales-conectoras-moldeadas-cortas\/#breadcrumb","itemListElement":[{"@type":"ListItem","position":1,"name":"Products","item":"https:\/\/www.flexaust.com\/product\/"},{"@type":"ListItem","position":2,"name":"Terminales Conectoras Moldeadas Cortas"}]},{"@type":"WebSite","@id":"https:\/\/www.flexaust.com\/#website","url":"https:\/\/www.flexaust.com\/","name":"Flexaust","description":"Industrial Hose Manufacturer","potentialAction":[{"@type":"SearchAction","target":{"@type":"EntryPoint","urlTemplate":"https:\/\/www.flexaust.com\/?s={search_term_string}"},"query-input":{"@type":"PropertyValueSpecification","valueRequired":true,"valueName":"search_term_string"}}],"inLanguage":"es-ES"}]}},"_links":{"self":[{"href":"https:\/\/www.flexaust.com\/es\/wp-json\/wp\/v2\/product\/9436","targetHints":{"allow":["GET"]}}],"collection":[{"href":"https:\/\/www.flexaust.com\/es\/wp-json\/wp\/v2\/product"}],"about":[{"href":"https:\/\/www.flexaust.com\/es\/wp-json\/wp\/v2\/types\/product"}],"author":[{"embeddable":true,"href":"https:\/\/www.flexaust.com\/es\/wp-json\/wp\/v2\/users\/6"}],"version-history":[{"count":0,"href":"https:\/\/www.flexaust.com\/es\/wp-json\/wp\/v2\/product\/9436\/revisions"}],"wp:featuredmedia":[{"embeddable":true,"href":"https:\/\/www.flexaust.com\/es\/wp-json\/wp\/v2\/media\/4382"}],"wp:attachment":[{"href":"https:\/\/www.flexaust.com\/es\/wp-json\/wp\/v2\/media?parent=9436"}],"curies":[{"name":"wp","href":"https:\/\/api.w.org\/{rel}","templated":true}]}}