{"id":9379,"date":"2014-05-23T15:05:41","date_gmt":"2014-05-23T19:05:41","guid":{"rendered":"http:\/\/www.flexaust.com\/product\/standardenclosed-belted-cuff-2\/"},"modified":"2025-09-10T05:56:36","modified_gmt":"2025-09-10T09:56:36","slug":"terminal-de-conexion-cenida-estandar-o-cerrada","status":"publish","type":"product","link":"https:\/\/www.flexaust.com\/es\/producto\/terminal-de-conexion-cenida-estandar-o-cerrada\/","title":{"rendered":"Terminal de Conexi\u00f3n Ce\u00f1ida Est\u00e1ndar o Cerrada"},"content":{"rendered":"<p>\u2022 Disponible para las mangueras Springflex\u00ae<br \/>\n\u2022 Para la sujeci\u00f3n r\u00e1pida en sopladores port\u00e1tiles<br \/>\n\u2022 La cincha se ci\u00f1e alrededor de la cubierta para crear un agarre fijo<\/p>\n","protected":false},"excerpt":{"rendered":"<p>\u2022 Disponible para las mangueras Springflex\u00ae \u2022 Para la sujeci\u00f3n r\u00e1pida en sopladores port\u00e1tiles \u2022 La cincha se ci\u00f1e alrededor de la cubierta para crear un agarre fijo<\/p>\n","protected":false},"author":4,"featured_media":3183,"menu_order":0,"template":"","meta":{"_acf_changed":false,"content-type":"","inline_featured_image":false,"footnotes":"","_links_to":"","_links_to_target":""},"class_list":["post-9379","product","type-product","status-publish","has-post-thumbnail","hentry","product_material-tela-recubierta","group-mangueras-y-accesorios","group-accesorios-industriales-de-mangueras"],"acf":[],"yoast_head":"<!-- This site is optimized with the Yoast SEO plugin v27.4 - https:\/\/yoast.com\/product\/yoast-seo-wordpress\/ -->\n<title>Terminal de Conexi\u00f3n Ce\u00f1ida Est\u00e1ndar o Cerrada - Flexaust<\/title>\n<meta name=\"description\" content=\"Check out the Terminal de Conexi\u00f3n Ce\u00f1ida Est\u00e1ndar o Cerrada product from Flexaust - A leading hose manufacturer offering flexible hose, ducting, and acces\" \/>\n<meta name=\"robots\" content=\"index, follow, max-snippet:-1, max-image-preview:large, max-video-preview:-1\" \/>\n<link rel=\"canonical\" href=\"https:\/\/www.flexaust.com\/es\/producto\/terminal-de-conexion-cenida-estandar-o-cerrada\/\" \/>\n<meta name=\"twitter:label1\" content=\"Tiempo de lectura\" \/>\n\t<meta name=\"twitter:data1\" content=\"1 minute\" \/>\n<script type=\"application\/ld+json\" class=\"yoast-schema-graph\">{\"@context\":\"https:\\\/\\\/schema.org\",\"@graph\":[{\"@type\":\"WebPage\",\"@id\":\"https:\\\/\\\/www.flexaust.com\\\/es\\\/producto\\\/terminal-de-conexion-cenida-estandar-o-cerrada\\\/\",\"url\":\"https:\\\/\\\/www.flexaust.com\\\/es\\\/producto\\\/terminal-de-conexion-cenida-estandar-o-cerrada\\\/\",\"name\":\"Terminal de Conexi\u00f3n Ce\u00f1ida Est\u00e1ndar o Cerrada - Flexaust\",\"isPartOf\":{\"@id\":\"https:\\\/\\\/www.flexaust.com\\\/#website\"},\"primaryImageOfPage\":{\"@id\":\"https:\\\/\\\/www.flexaust.com\\\/es\\\/producto\\\/terminal-de-conexion-cenida-estandar-o-cerrada\\\/#primaryimage\"},\"image\":{\"@id\":\"https:\\\/\\\/www.flexaust.com\\\/es\\\/producto\\\/terminal-de-conexion-cenida-estandar-o-cerrada\\\/#primaryimage\"},\"thumbnailUrl\":\"https:\\\/\\\/www.flexaust.com\\\/wp-content\\\/uploads\\\/2012\\\/03\\\/Standard-enclosed-belted-cuff1.png\",\"datePublished\":\"2014-05-23T19:05:41+00:00\",\"dateModified\":\"2025-09-10T09:56:36+00:00\",\"description\":\"Check out the Terminal de Conexi\u00f3n Ce\u00f1ida Est\u00e1ndar o Cerrada product from Flexaust - A leading hose manufacturer offering flexible hose, ducting, and acces\",\"breadcrumb\":{\"@id\":\"https:\\\/\\\/www.flexaust.com\\\/es\\\/producto\\\/terminal-de-conexion-cenida-estandar-o-cerrada\\\/#breadcrumb\"},\"inLanguage\":\"es-ES\",\"potentialAction\":[{\"@type\":\"ReadAction\",\"target\":[\"https:\\\/\\\/www.flexaust.com\\\/es\\\/producto\\\/terminal-de-conexion-cenida-estandar-o-cerrada\\\/\"]}]},{\"@type\":\"ImageObject\",\"inLanguage\":\"es-ES\",\"@id\":\"https:\\\/\\\/www.flexaust.com\\\/es\\\/producto\\\/terminal-de-conexion-cenida-estandar-o-cerrada\\\/#primaryimage\",\"url\":\"https:\\\/\\\/www.flexaust.com\\\/wp-content\\\/uploads\\\/2012\\\/03\\\/Standard-enclosed-belted-cuff1.png\",\"contentUrl\":\"https:\\\/\\\/www.flexaust.com\\\/wp-content\\\/uploads\\\/2012\\\/03\\\/Standard-enclosed-belted-cuff1.png\",\"width\":\"800\",\"height\":\"792\"},{\"@type\":\"BreadcrumbList\",\"@id\":\"https:\\\/\\\/www.flexaust.com\\\/es\\\/producto\\\/terminal-de-conexion-cenida-estandar-o-cerrada\\\/#breadcrumb\",\"itemListElement\":[{\"@type\":\"ListItem\",\"position\":1,\"name\":\"Products\",\"item\":\"https:\\\/\\\/www.flexaust.com\\\/product\\\/\"},{\"@type\":\"ListItem\",\"position\":2,\"name\":\"Terminal de Conexi\u00f3n Ce\u00f1ida Est\u00e1ndar o Cerrada\"}]},{\"@type\":\"WebSite\",\"@id\":\"https:\\\/\\\/www.flexaust.com\\\/#website\",\"url\":\"https:\\\/\\\/www.flexaust.com\\\/\",\"name\":\"Flexaust\",\"description\":\"Industrial Hose Manufacturer\",\"potentialAction\":[{\"@type\":\"SearchAction\",\"target\":{\"@type\":\"EntryPoint\",\"urlTemplate\":\"https:\\\/\\\/www.flexaust.com\\\/?s={search_term_string}\"},\"query-input\":{\"@type\":\"PropertyValueSpecification\",\"valueRequired\":true,\"valueName\":\"search_term_string\"}}],\"inLanguage\":\"es-ES\"}]}<\/script>\n<!-- \/ Yoast SEO plugin. -->","yoast_head_json":{"title":"Terminal de Conexi\u00f3n Ce\u00f1ida Est\u00e1ndar o Cerrada - Flexaust","description":"Check out the Terminal de Conexi\u00f3n Ce\u00f1ida Est\u00e1ndar o Cerrada product from Flexaust - A leading hose manufacturer offering flexible hose, ducting, and acces","robots":{"index":"index","follow":"follow","max-snippet":"max-snippet:-1","max-image-preview":"max-image-preview:large","max-video-preview":"max-video-preview:-1"},"canonical":"https:\/\/www.flexaust.com\/es\/producto\/terminal-de-conexion-cenida-estandar-o-cerrada\/","twitter_misc":{"Tiempo de lectura":"1 minute"},"schema":{"@context":"https:\/\/schema.org","@graph":[{"@type":"WebPage","@id":"https:\/\/www.flexaust.com\/es\/producto\/terminal-de-conexion-cenida-estandar-o-cerrada\/","url":"https:\/\/www.flexaust.com\/es\/producto\/terminal-de-conexion-cenida-estandar-o-cerrada\/","name":"Terminal de Conexi\u00f3n Ce\u00f1ida Est\u00e1ndar o Cerrada - Flexaust","isPartOf":{"@id":"https:\/\/www.flexaust.com\/#website"},"primaryImageOfPage":{"@id":"https:\/\/www.flexaust.com\/es\/producto\/terminal-de-conexion-cenida-estandar-o-cerrada\/#primaryimage"},"image":{"@id":"https:\/\/www.flexaust.com\/es\/producto\/terminal-de-conexion-cenida-estandar-o-cerrada\/#primaryimage"},"thumbnailUrl":"https:\/\/www.flexaust.com\/wp-content\/uploads\/2012\/03\/Standard-enclosed-belted-cuff1.png","datePublished":"2014-05-23T19:05:41+00:00","dateModified":"2025-09-10T09:56:36+00:00","description":"Check out the Terminal de Conexi\u00f3n Ce\u00f1ida Est\u00e1ndar o Cerrada product from Flexaust - A leading hose manufacturer offering flexible hose, ducting, and acces","breadcrumb":{"@id":"https:\/\/www.flexaust.com\/es\/producto\/terminal-de-conexion-cenida-estandar-o-cerrada\/#breadcrumb"},"inLanguage":"es-ES","potentialAction":[{"@type":"ReadAction","target":["https:\/\/www.flexaust.com\/es\/producto\/terminal-de-conexion-cenida-estandar-o-cerrada\/"]}]},{"@type":"ImageObject","inLanguage":"es-ES","@id":"https:\/\/www.flexaust.com\/es\/producto\/terminal-de-conexion-cenida-estandar-o-cerrada\/#primaryimage","url":"https:\/\/www.flexaust.com\/wp-content\/uploads\/2012\/03\/Standard-enclosed-belted-cuff1.png","contentUrl":"https:\/\/www.flexaust.com\/wp-content\/uploads\/2012\/03\/Standard-enclosed-belted-cuff1.png","width":"800","height":"792"},{"@type":"BreadcrumbList","@id":"https:\/\/www.flexaust.com\/es\/producto\/terminal-de-conexion-cenida-estandar-o-cerrada\/#breadcrumb","itemListElement":[{"@type":"ListItem","position":1,"name":"Products","item":"https:\/\/www.flexaust.com\/product\/"},{"@type":"ListItem","position":2,"name":"Terminal de Conexi\u00f3n Ce\u00f1ida Est\u00e1ndar o Cerrada"}]},{"@type":"WebSite","@id":"https:\/\/www.flexaust.com\/#website","url":"https:\/\/www.flexaust.com\/","name":"Flexaust","description":"Industrial Hose Manufacturer","potentialAction":[{"@type":"SearchAction","target":{"@type":"EntryPoint","urlTemplate":"https:\/\/www.flexaust.com\/?s={search_term_string}"},"query-input":{"@type":"PropertyValueSpecification","valueRequired":true,"valueName":"search_term_string"}}],"inLanguage":"es-ES"}]}},"_links":{"self":[{"href":"https:\/\/www.flexaust.com\/es\/wp-json\/wp\/v2\/product\/9379","targetHints":{"allow":["GET"]}}],"collection":[{"href":"https:\/\/www.flexaust.com\/es\/wp-json\/wp\/v2\/product"}],"about":[{"href":"https:\/\/www.flexaust.com\/es\/wp-json\/wp\/v2\/types\/product"}],"author":[{"embeddable":true,"href":"https:\/\/www.flexaust.com\/es\/wp-json\/wp\/v2\/users\/4"}],"version-history":[{"count":1,"href":"https:\/\/www.flexaust.com\/es\/wp-json\/wp\/v2\/product\/9379\/revisions"}],"predecessor-version":[{"id":51950,"href":"https:\/\/www.flexaust.com\/es\/wp-json\/wp\/v2\/product\/9379\/revisions\/51950"}],"wp:featuredmedia":[{"embeddable":true,"href":"https:\/\/www.flexaust.com\/es\/wp-json\/wp\/v2\/media\/3183"}],"wp:attachment":[{"href":"https:\/\/www.flexaust.com\/es\/wp-json\/wp\/v2\/media?parent=9379"}],"curies":[{"name":"wp","href":"https:\/\/api.w.org\/{rel}","templated":true}]}}