{"id":8267,"date":"2012-01-24T03:12:04","date_gmt":"2012-01-24T08:12:04","guid":{"rendered":"http:\/\/www.flexaust.com\/product\/leaf-collection-vacuum-hose-2\/"},"modified":"2025-09-11T01:54:43","modified_gmt":"2025-09-11T05:54:43","slug":"manguera-de-aspiracion-recogida-de-hojas","status":"publish","type":"product","link":"https:\/\/www.flexaust.com\/es\/producto\/manguera-de-aspiracion-recogida-de-hojas\/","title":{"rendered":"Flex-Tube PU"},"content":{"rendered":"<p>Manguera de poliuretano termopl\u00e1stico coextruido de peso medio con una h\u00e9lice externa r\u00edgida ABS<\/p>\n","protected":false},"excerpt":{"rendered":"<p>Manguera de poliuretano termopl\u00e1stico coextruido de peso medio con una h\u00e9lice externa r\u00edgida ABS<\/p>\n","protected":false},"author":4,"featured_media":2980,"menu_order":0,"template":"","meta":{"_acf_changed":false,"content-type":"","inline_featured_image":false,"footnotes":"","_links_to":"","_links_to_target":""},"class_list":["post-8267","product","type-product","status-publish","has-post-thumbnail","hentry","ind-hose-acc-branches-es","ind-hose-acc-connectors-es","ind-hose-acc-flex-tube-bridge-clamps-es","ind-hose-acc-flex-tube-screw-cuffs-es","ind-hose-acc-flex-tube-t-bolt-clamp-es","ind-hose-acc-j-lock-es","ind-hose-acc-latch-locks-es","ind-hose-acc-pin-locks-es","ind-hose-acc-reducers-es","ind-hose-acc-ts-es","ind-hose-acc-transitions-es","ind-hose-acc-ys-es","product-line-flex-tube-es","ind-hose-market-agricultura","ind-hose-market-aspiradoras-industriales","ind-hose-market-disposicion-de-desechos-de-lavabos","ind-hose-market-industrias-de-carpinteria-y-muebles","ind-hose-market-la-sembradora","ind-hose-market-limpieza-de-suelos-de-hormigon","ind-hose-market-mantillo-de-soplado","ind-hose-market-polvo-de-silica","ind-hose-market-preparacion-de-la-superficie-de-recogida-de-polvo","ind-hose-market-recogida-del-algodon","ind-hose-market-recoleccion-de-pasto-y-hojas","ind-hose-market-resistencia-a-la-abrasion","ind-hose-market-transporte-de-granulos","product_material-poliuretano","group-mangueras-y-accesorios","group-mangueras-industriales"],"acf":[],"yoast_head":"<!-- This site is optimized with the Yoast SEO plugin v27.3 - https:\/\/yoast.com\/product\/yoast-seo-wordpress\/ -->\n<title>Flex-Tube PU - Flexaust \u2013 Manguera De Aspiracion Recogida De Hojas<\/title>\n<meta name=\"description\" content=\"Check out the Flex-Tube PU product from Flexaust - A leading hose manufacturer offering flexible hose, ducting, and accessories\" \/>\n<meta name=\"robots\" content=\"index, follow, max-snippet:-1, max-image-preview:large, max-video-preview:-1\" \/>\n<link rel=\"canonical\" href=\"https:\/\/www.flexaust.com\/es\/producto\/manguera-de-aspiracion-recogida-de-hojas\/\" \/>\n<meta name=\"twitter:label1\" content=\"Tiempo de lectura\" \/>\n\t<meta name=\"twitter:data1\" content=\"1 minute\" \/>\n<script type=\"application\/ld+json\" class=\"yoast-schema-graph\">{\"@context\":\"https:\\\/\\\/schema.org\",\"@graph\":[{\"@type\":\"WebPage\",\"@id\":\"https:\\\/\\\/www.flexaust.com\\\/es\\\/producto\\\/manguera-de-aspiracion-recogida-de-hojas\\\/\",\"url\":\"https:\\\/\\\/www.flexaust.com\\\/es\\\/producto\\\/manguera-de-aspiracion-recogida-de-hojas\\\/\",\"name\":\"Flex-Tube PU - Flexaust \u2013 Manguera De Aspiracion Recogida De Hojas\",\"isPartOf\":{\"@id\":\"https:\\\/\\\/www.flexaust.com\\\/#website\"},\"primaryImageOfPage\":{\"@id\":\"https:\\\/\\\/www.flexaust.com\\\/es\\\/producto\\\/manguera-de-aspiracion-recogida-de-hojas\\\/#primaryimage\"},\"image\":{\"@id\":\"https:\\\/\\\/www.flexaust.com\\\/es\\\/producto\\\/manguera-de-aspiracion-recogida-de-hojas\\\/#primaryimage\"},\"thumbnailUrl\":\"https:\\\/\\\/www.flexaust.com\\\/wp-content\\\/uploads\\\/2012\\\/02\\\/flex-tube-pu1.png\",\"datePublished\":\"2012-01-24T08:12:04+00:00\",\"dateModified\":\"2025-09-11T05:54:43+00:00\",\"description\":\"Check out the Flex-Tube PU product from Flexaust - A leading hose manufacturer offering flexible hose, ducting, and accessories\",\"breadcrumb\":{\"@id\":\"https:\\\/\\\/www.flexaust.com\\\/es\\\/producto\\\/manguera-de-aspiracion-recogida-de-hojas\\\/#breadcrumb\"},\"inLanguage\":\"es-ES\",\"potentialAction\":[{\"@type\":\"ReadAction\",\"target\":[\"https:\\\/\\\/www.flexaust.com\\\/es\\\/producto\\\/manguera-de-aspiracion-recogida-de-hojas\\\/\"]}]},{\"@type\":\"ImageObject\",\"inLanguage\":\"es-ES\",\"@id\":\"https:\\\/\\\/www.flexaust.com\\\/es\\\/producto\\\/manguera-de-aspiracion-recogida-de-hojas\\\/#primaryimage\",\"url\":\"https:\\\/\\\/www.flexaust.com\\\/wp-content\\\/uploads\\\/2012\\\/02\\\/flex-tube-pu1.png\",\"contentUrl\":\"https:\\\/\\\/www.flexaust.com\\\/wp-content\\\/uploads\\\/2012\\\/02\\\/flex-tube-pu1.png\",\"width\":800,\"height\":733},{\"@type\":\"BreadcrumbList\",\"@id\":\"https:\\\/\\\/www.flexaust.com\\\/es\\\/producto\\\/manguera-de-aspiracion-recogida-de-hojas\\\/#breadcrumb\",\"itemListElement\":[{\"@type\":\"ListItem\",\"position\":1,\"name\":\"Products\",\"item\":\"https:\\\/\\\/www.flexaust.com\\\/product\\\/\"},{\"@type\":\"ListItem\",\"position\":2,\"name\":\"Flex-Tube PU\"}]},{\"@type\":\"WebSite\",\"@id\":\"https:\\\/\\\/www.flexaust.com\\\/#website\",\"url\":\"https:\\\/\\\/www.flexaust.com\\\/\",\"name\":\"Flexaust\",\"description\":\"Industrial Hose Manufacturer\",\"potentialAction\":[{\"@type\":\"SearchAction\",\"target\":{\"@type\":\"EntryPoint\",\"urlTemplate\":\"https:\\\/\\\/www.flexaust.com\\\/?s={search_term_string}\"},\"query-input\":{\"@type\":\"PropertyValueSpecification\",\"valueRequired\":true,\"valueName\":\"search_term_string\"}}],\"inLanguage\":\"es-ES\"}]}<\/script>\n<!-- \/ Yoast SEO plugin. -->","yoast_head_json":{"title":"Flex-Tube PU - Flexaust \u2013 Manguera De Aspiracion Recogida De Hojas","description":"Check out the Flex-Tube PU product from Flexaust - A leading hose manufacturer offering flexible hose, ducting, and accessories","robots":{"index":"index","follow":"follow","max-snippet":"max-snippet:-1","max-image-preview":"max-image-preview:large","max-video-preview":"max-video-preview:-1"},"canonical":"https:\/\/www.flexaust.com\/es\/producto\/manguera-de-aspiracion-recogida-de-hojas\/","twitter_misc":{"Tiempo de lectura":"1 minute"},"schema":{"@context":"https:\/\/schema.org","@graph":[{"@type":"WebPage","@id":"https:\/\/www.flexaust.com\/es\/producto\/manguera-de-aspiracion-recogida-de-hojas\/","url":"https:\/\/www.flexaust.com\/es\/producto\/manguera-de-aspiracion-recogida-de-hojas\/","name":"Flex-Tube PU - Flexaust \u2013 Manguera De Aspiracion Recogida De Hojas","isPartOf":{"@id":"https:\/\/www.flexaust.com\/#website"},"primaryImageOfPage":{"@id":"https:\/\/www.flexaust.com\/es\/producto\/manguera-de-aspiracion-recogida-de-hojas\/#primaryimage"},"image":{"@id":"https:\/\/www.flexaust.com\/es\/producto\/manguera-de-aspiracion-recogida-de-hojas\/#primaryimage"},"thumbnailUrl":"https:\/\/www.flexaust.com\/wp-content\/uploads\/2012\/02\/flex-tube-pu1.png","datePublished":"2012-01-24T08:12:04+00:00","dateModified":"2025-09-11T05:54:43+00:00","description":"Check out the Flex-Tube PU product from Flexaust - A leading hose manufacturer offering flexible hose, ducting, and accessories","breadcrumb":{"@id":"https:\/\/www.flexaust.com\/es\/producto\/manguera-de-aspiracion-recogida-de-hojas\/#breadcrumb"},"inLanguage":"es-ES","potentialAction":[{"@type":"ReadAction","target":["https:\/\/www.flexaust.com\/es\/producto\/manguera-de-aspiracion-recogida-de-hojas\/"]}]},{"@type":"ImageObject","inLanguage":"es-ES","@id":"https:\/\/www.flexaust.com\/es\/producto\/manguera-de-aspiracion-recogida-de-hojas\/#primaryimage","url":"https:\/\/www.flexaust.com\/wp-content\/uploads\/2012\/02\/flex-tube-pu1.png","contentUrl":"https:\/\/www.flexaust.com\/wp-content\/uploads\/2012\/02\/flex-tube-pu1.png","width":800,"height":733},{"@type":"BreadcrumbList","@id":"https:\/\/www.flexaust.com\/es\/producto\/manguera-de-aspiracion-recogida-de-hojas\/#breadcrumb","itemListElement":[{"@type":"ListItem","position":1,"name":"Products","item":"https:\/\/www.flexaust.com\/product\/"},{"@type":"ListItem","position":2,"name":"Flex-Tube PU"}]},{"@type":"WebSite","@id":"https:\/\/www.flexaust.com\/#website","url":"https:\/\/www.flexaust.com\/","name":"Flexaust","description":"Industrial Hose Manufacturer","potentialAction":[{"@type":"SearchAction","target":{"@type":"EntryPoint","urlTemplate":"https:\/\/www.flexaust.com\/?s={search_term_string}"},"query-input":{"@type":"PropertyValueSpecification","valueRequired":true,"valueName":"search_term_string"}}],"inLanguage":"es-ES"}]}},"_links":{"self":[{"href":"https:\/\/www.flexaust.com\/es\/wp-json\/wp\/v2\/product\/8267","targetHints":{"allow":["GET"]}}],"collection":[{"href":"https:\/\/www.flexaust.com\/es\/wp-json\/wp\/v2\/product"}],"about":[{"href":"https:\/\/www.flexaust.com\/es\/wp-json\/wp\/v2\/types\/product"}],"author":[{"embeddable":true,"href":"https:\/\/www.flexaust.com\/es\/wp-json\/wp\/v2\/users\/4"}],"version-history":[{"count":1,"href":"https:\/\/www.flexaust.com\/es\/wp-json\/wp\/v2\/product\/8267\/revisions"}],"predecessor-version":[{"id":52179,"href":"https:\/\/www.flexaust.com\/es\/wp-json\/wp\/v2\/product\/8267\/revisions\/52179"}],"wp:featuredmedia":[{"embeddable":true,"href":"https:\/\/www.flexaust.com\/es\/wp-json\/wp\/v2\/media\/2980"}],"wp:attachment":[{"href":"https:\/\/www.flexaust.com\/es\/wp-json\/wp\/v2\/media?parent=8267"}],"curies":[{"name":"wp","href":"https:\/\/api.w.org\/{rel}","templated":true}]}}