{"id":7821,"date":"2013-05-30T15:04:54","date_gmt":"2013-05-30T19:04:54","guid":{"rendered":"http:\/\/www.flexaust.com\/product\/high-flex-severe-service-hose-2\/"},"modified":"2025-09-11T01:44:23","modified_gmt":"2025-09-11T05:44:23","slug":"high-flex-severe-service-hose","status":"publish","type":"product","link":"https:\/\/www.flexaust.com\/es\/producto\/high-flex-severe-service-hose\/","title":{"rendered":"Flex-Tube PU 60 HF"},"content":{"rendered":"<p>Peso de la manguera muy flexible muy pesado clara poliuretano termopl\u00e1stico con un azul h\u00e9lice ABS externa r\u00edgida<\/p>\n","protected":false},"excerpt":{"rendered":"<p>Peso de la manguera muy flexible muy pesado clara poliuretano termopl\u00e1stico con un azul h\u00e9lice ABS externa r\u00edgida<\/p>\n","protected":false},"author":4,"featured_media":6096,"menu_order":0,"template":"","meta":{"_acf_changed":false,"content-type":"","inline_featured_image":false,"footnotes":"","_links_to":"","_links_to_target":""},"class_list":["post-7821","product","type-product","status-publish","has-post-thumbnail","hentry","ind-hose-acc-branches-es","ind-hose-acc-connectors-es","ind-hose-acc-flex-tube-bridge-clamps-es","ind-hose-acc-flex-tube-screw-cuffs-es","ind-hose-acc-flex-tube-t-bolt-clamp-es","ind-hose-acc-j-lock-es","ind-hose-acc-latch-locks-es","ind-hose-acc-pin-locks-es","ind-hose-acc-reducers-es","ind-hose-acc-ts-es","ind-hose-acc-transitions-es","ind-hose-acc-ys-es","product-line-flex-tube-es","ind-hose-market-enrutadores-cnc","ind-hose-market-grano-vac","ind-hose-market-industrias-de-carpinteria-y-muebles","ind-hose-market-pulido-con-chorro-de-arena","ind-hose-market-pulverizados-y-a-granel","product_material-poliuretano","group-mangueras-y-accesorios","group-mangueras-industriales"],"acf":[],"yoast_head":"<!-- This site is optimized with the Yoast SEO plugin v27.4 - https:\/\/yoast.com\/product\/yoast-seo-wordpress\/ -->\n<title>Flex-Tube PU 60 HF - Flexaust \u2013 High Flex Severe Service Hose - 1<\/title>\n<meta name=\"description\" content=\"Check out the Flex-Tube PU 60 HF product from Flexaust - A leading hose manufacturer offering flexible hose, ducting, and accessories\" \/>\n<meta name=\"robots\" content=\"index, follow, max-snippet:-1, max-image-preview:large, max-video-preview:-1\" \/>\n<link rel=\"canonical\" href=\"https:\/\/www.flexaust.com\/es\/producto\/high-flex-severe-service-hose\/\" \/>\n<meta name=\"twitter:label1\" content=\"Tiempo de lectura\" \/>\n\t<meta name=\"twitter:data1\" content=\"1 minute\" \/>\n<script type=\"application\/ld+json\" class=\"yoast-schema-graph\">{\"@context\":\"https:\\\/\\\/schema.org\",\"@graph\":[{\"@type\":\"WebPage\",\"@id\":\"https:\\\/\\\/www.flexaust.com\\\/es\\\/producto\\\/high-flex-severe-service-hose\\\/\",\"url\":\"https:\\\/\\\/www.flexaust.com\\\/es\\\/producto\\\/high-flex-severe-service-hose\\\/\",\"name\":\"Flex-Tube PU 60 HF - Flexaust \u2013 High Flex Severe Service Hose - 1\",\"isPartOf\":{\"@id\":\"https:\\\/\\\/www.flexaust.com\\\/#website\"},\"primaryImageOfPage\":{\"@id\":\"https:\\\/\\\/www.flexaust.com\\\/es\\\/producto\\\/high-flex-severe-service-hose\\\/#primaryimage\"},\"image\":{\"@id\":\"https:\\\/\\\/www.flexaust.com\\\/es\\\/producto\\\/high-flex-severe-service-hose\\\/#primaryimage\"},\"thumbnailUrl\":\"https:\\\/\\\/www.flexaust.com\\\/wp-content\\\/uploads\\\/2014\\\/03\\\/Flex-Tube-PU-60-HF.png\",\"datePublished\":\"2013-05-30T19:04:54+00:00\",\"dateModified\":\"2025-09-11T05:44:23+00:00\",\"description\":\"Check out the Flex-Tube PU 60 HF product from Flexaust - A leading hose manufacturer offering flexible hose, ducting, and accessories\",\"breadcrumb\":{\"@id\":\"https:\\\/\\\/www.flexaust.com\\\/es\\\/producto\\\/high-flex-severe-service-hose\\\/#breadcrumb\"},\"inLanguage\":\"es-ES\",\"potentialAction\":[{\"@type\":\"ReadAction\",\"target\":[\"https:\\\/\\\/www.flexaust.com\\\/es\\\/producto\\\/high-flex-severe-service-hose\\\/\"]}]},{\"@type\":\"ImageObject\",\"inLanguage\":\"es-ES\",\"@id\":\"https:\\\/\\\/www.flexaust.com\\\/es\\\/producto\\\/high-flex-severe-service-hose\\\/#primaryimage\",\"url\":\"https:\\\/\\\/www.flexaust.com\\\/wp-content\\\/uploads\\\/2014\\\/03\\\/Flex-Tube-PU-60-HF.png\",\"contentUrl\":\"https:\\\/\\\/www.flexaust.com\\\/wp-content\\\/uploads\\\/2014\\\/03\\\/Flex-Tube-PU-60-HF.png\",\"width\":800,\"height\":745},{\"@type\":\"BreadcrumbList\",\"@id\":\"https:\\\/\\\/www.flexaust.com\\\/es\\\/producto\\\/high-flex-severe-service-hose\\\/#breadcrumb\",\"itemListElement\":[{\"@type\":\"ListItem\",\"position\":1,\"name\":\"Products\",\"item\":\"https:\\\/\\\/www.flexaust.com\\\/product\\\/\"},{\"@type\":\"ListItem\",\"position\":2,\"name\":\"Flex-Tube PU 60 HF\"}]},{\"@type\":\"WebSite\",\"@id\":\"https:\\\/\\\/www.flexaust.com\\\/#website\",\"url\":\"https:\\\/\\\/www.flexaust.com\\\/\",\"name\":\"Flexaust\",\"description\":\"Industrial Hose Manufacturer\",\"potentialAction\":[{\"@type\":\"SearchAction\",\"target\":{\"@type\":\"EntryPoint\",\"urlTemplate\":\"https:\\\/\\\/www.flexaust.com\\\/?s={search_term_string}\"},\"query-input\":{\"@type\":\"PropertyValueSpecification\",\"valueRequired\":true,\"valueName\":\"search_term_string\"}}],\"inLanguage\":\"es-ES\"}]}<\/script>\n<!-- \/ Yoast SEO plugin. -->","yoast_head_json":{"title":"Flex-Tube PU 60 HF - Flexaust \u2013 High Flex Severe Service Hose - 1","description":"Check out the Flex-Tube PU 60 HF product from Flexaust - A leading hose manufacturer offering flexible hose, ducting, and accessories","robots":{"index":"index","follow":"follow","max-snippet":"max-snippet:-1","max-image-preview":"max-image-preview:large","max-video-preview":"max-video-preview:-1"},"canonical":"https:\/\/www.flexaust.com\/es\/producto\/high-flex-severe-service-hose\/","twitter_misc":{"Tiempo de lectura":"1 minute"},"schema":{"@context":"https:\/\/schema.org","@graph":[{"@type":"WebPage","@id":"https:\/\/www.flexaust.com\/es\/producto\/high-flex-severe-service-hose\/","url":"https:\/\/www.flexaust.com\/es\/producto\/high-flex-severe-service-hose\/","name":"Flex-Tube PU 60 HF - Flexaust \u2013 High Flex Severe Service Hose - 1","isPartOf":{"@id":"https:\/\/www.flexaust.com\/#website"},"primaryImageOfPage":{"@id":"https:\/\/www.flexaust.com\/es\/producto\/high-flex-severe-service-hose\/#primaryimage"},"image":{"@id":"https:\/\/www.flexaust.com\/es\/producto\/high-flex-severe-service-hose\/#primaryimage"},"thumbnailUrl":"https:\/\/www.flexaust.com\/wp-content\/uploads\/2014\/03\/Flex-Tube-PU-60-HF.png","datePublished":"2013-05-30T19:04:54+00:00","dateModified":"2025-09-11T05:44:23+00:00","description":"Check out the Flex-Tube PU 60 HF product from Flexaust - A leading hose manufacturer offering flexible hose, ducting, and accessories","breadcrumb":{"@id":"https:\/\/www.flexaust.com\/es\/producto\/high-flex-severe-service-hose\/#breadcrumb"},"inLanguage":"es-ES","potentialAction":[{"@type":"ReadAction","target":["https:\/\/www.flexaust.com\/es\/producto\/high-flex-severe-service-hose\/"]}]},{"@type":"ImageObject","inLanguage":"es-ES","@id":"https:\/\/www.flexaust.com\/es\/producto\/high-flex-severe-service-hose\/#primaryimage","url":"https:\/\/www.flexaust.com\/wp-content\/uploads\/2014\/03\/Flex-Tube-PU-60-HF.png","contentUrl":"https:\/\/www.flexaust.com\/wp-content\/uploads\/2014\/03\/Flex-Tube-PU-60-HF.png","width":800,"height":745},{"@type":"BreadcrumbList","@id":"https:\/\/www.flexaust.com\/es\/producto\/high-flex-severe-service-hose\/#breadcrumb","itemListElement":[{"@type":"ListItem","position":1,"name":"Products","item":"https:\/\/www.flexaust.com\/product\/"},{"@type":"ListItem","position":2,"name":"Flex-Tube PU 60 HF"}]},{"@type":"WebSite","@id":"https:\/\/www.flexaust.com\/#website","url":"https:\/\/www.flexaust.com\/","name":"Flexaust","description":"Industrial Hose Manufacturer","potentialAction":[{"@type":"SearchAction","target":{"@type":"EntryPoint","urlTemplate":"https:\/\/www.flexaust.com\/?s={search_term_string}"},"query-input":{"@type":"PropertyValueSpecification","valueRequired":true,"valueName":"search_term_string"}}],"inLanguage":"es-ES"}]}},"_links":{"self":[{"href":"https:\/\/www.flexaust.com\/es\/wp-json\/wp\/v2\/product\/7821","targetHints":{"allow":["GET"]}}],"collection":[{"href":"https:\/\/www.flexaust.com\/es\/wp-json\/wp\/v2\/product"}],"about":[{"href":"https:\/\/www.flexaust.com\/es\/wp-json\/wp\/v2\/types\/product"}],"author":[{"embeddable":true,"href":"https:\/\/www.flexaust.com\/es\/wp-json\/wp\/v2\/users\/4"}],"version-history":[{"count":1,"href":"https:\/\/www.flexaust.com\/es\/wp-json\/wp\/v2\/product\/7821\/revisions"}],"predecessor-version":[{"id":52145,"href":"https:\/\/www.flexaust.com\/es\/wp-json\/wp\/v2\/product\/7821\/revisions\/52145"}],"wp:featuredmedia":[{"embeddable":true,"href":"https:\/\/www.flexaust.com\/es\/wp-json\/wp\/v2\/media\/6096"}],"wp:attachment":[{"href":"https:\/\/www.flexaust.com\/es\/wp-json\/wp\/v2\/media?parent=7821"}],"curies":[{"name":"wp","href":"https:\/\/api.w.org\/{rel}","templated":true}]}}