 {"id":77672,"date":"2026-05-01T13:59:27","date_gmt":"2026-05-01T17:59:27","guid":{"rendered":"https:\/\/www.flexaust.com\/product\/flex-tube-swivel-connector-2\/"},"modified":"2026-05-11T10:05:32","modified_gmt":"2026-05-11T14:05:32","slug":"flex-tube-swivel-connector-2","status":"publish","type":"product","link":"https:\/\/www.flexaust.com\/es\/producto\/flex-tube-swivel-connector-2\/","title":{"rendered":"Flex-Tube Swivel Connector"},"content":{"rendered":"<p>Roscas al final de mangueras Flex-Tube\u00ae PU por lo que es m\u00e1s f\u00e1cil de maniobrar m\u00e1s largo (conectados) longitudes de manguera<\/p>\n","protected":false},"excerpt":{"rendered":"<p>Roscas al final de mangueras Flex-Tube\u00ae PU por lo que es m\u00e1s f\u00e1cil de maniobrar m\u00e1s largo (conectados) longitudes de manguera<\/p>\n","protected":false},"author":0,"featured_media":81013,"menu_order":0,"template":"","meta":{"_acf_changed":false,"content-type":"","inline_featured_image":false,"footnotes":"","_links_to":"","_links_to_target":""},"coupling-type":[],"cuff-type":[],"fits-connection":[],"fits-hose-id":[],"high-temperature":[],"hose-type":[],"industrial-icon":[3675],"inside-diameter":[],"low-temperature":[],"max-inside-diameter":[],"min-inside-diameter":[],"neck-size":[],"product-feature":[],"product-length":[],"product-rating":[],"product-temperature-range":[],"class_list":["post-77672","product","type-product","status-publish","has-post-thumbnail","hentry","industrial-icon-accessories","product-line-flex-tube-all-plastic-lawn-and-leaf-vac-hose","product-line-flex-tube-es","product_material-poliuretano","group-hoses-and-accessories","group-mangueras-y-accesorios","group-accesorios-industriales-de-mangueras"],"acf":[],"_links":{"self":[{"href":"https:\/\/www.flexaust.com\/es\/wp-json\/wp\/v2\/product\/77672","targetHints":{"allow":["GET"]}}],"collection":[{"href":"https:\/\/www.flexaust.com\/es\/wp-json\/wp\/v2\/product"}],"about":[{"href":"https:\/\/www.flexaust.com\/es\/wp-json\/wp\/v2\/types\/product"}],"version-history":[{"count":2,"href":"https:\/\/www.flexaust.com\/es\/wp-json\/wp\/v2\/product\/77672\/revisions"}],"predecessor-version":[{"id":78521,"href":"https:\/\/www.flexaust.com\/es\/wp-json\/wp\/v2\/product\/77672\/revisions\/78521"}],"wp:featuredmedia":[{"embeddable":true,"href":"https:\/\/www.flexaust.com\/es\/wp-json\/wp\/v2\/media\/81013"}],"wp:attachment":[{"href":"https:\/\/www.flexaust.com\/es\/wp-json\/wp\/v2\/media?parent=77672"}],"wp:term":[{"taxonomy":"coupling-type","embeddable":true,"href":"https:\/\/www.flexaust.com\/es\/wp-json\/wp\/v2\/coupling-type?post=77672"},{"taxonomy":"cuff-type","embeddable":true,"href":"https:\/\/www.flexaust.com\/es\/wp-json\/wp\/v2\/cuff-type?post=77672"},{"taxonomy":"fits-connection","embeddable":true,"href":"https:\/\/www.flexaust.com\/es\/wp-json\/wp\/v2\/fits-connection?post=77672"},{"taxonomy":"fits-hose-id","embeddable":true,"href":"https:\/\/www.flexaust.com\/es\/wp-json\/wp\/v2\/fits-hose-id?post=77672"},{"taxonomy":"high-temperature","embeddable":true,"href":"https:\/\/www.flexaust.com\/es\/wp-json\/wp\/v2\/high-temperature?post=77672"},{"taxonomy":"hose-type","embeddable":true,"href":"https:\/\/www.flexaust.com\/es\/wp-json\/wp\/v2\/hose-type?post=77672"},{"taxonomy":"industrial-icon","embeddable":true,"href":"https:\/\/www.flexaust.com\/es\/wp-json\/wp\/v2\/industrial-icon?post=77672"},{"taxonomy":"inside-diameter","embeddable":true,"href":"https:\/\/www.flexaust.com\/es\/wp-json\/wp\/v2\/inside-diameter?post=77672"},{"taxonomy":"low-temperature","embeddable":true,"href":"https:\/\/www.flexaust.com\/es\/wp-json\/wp\/v2\/low-temperature?post=77672"},{"taxonomy":"max-inside-diameter","embeddable":true,"href":"https:\/\/www.flexaust.com\/es\/wp-json\/wp\/v2\/max-inside-diameter?post=77672"},{"taxonomy":"min-inside-diameter","embeddable":true,"href":"https:\/\/www.flexaust.com\/es\/wp-json\/wp\/v2\/min-inside-diameter?post=77672"},{"taxonomy":"neck-size","embeddable":true,"href":"https:\/\/www.flexaust.com\/es\/wp-json\/wp\/v2\/neck-size?post=77672"},{"taxonomy":"product-feature","embeddable":true,"href":"https:\/\/www.flexaust.com\/es\/wp-json\/wp\/v2\/product-feature?post=77672"},{"taxonomy":"product-length","embeddable":true,"href":"https:\/\/www.flexaust.com\/es\/wp-json\/wp\/v2\/product-length?post=77672"},{"taxonomy":"product-rating","embeddable":true,"href":"https:\/\/www.flexaust.com\/es\/wp-json\/wp\/v2\/product-rating?post=77672"},{"taxonomy":"product-temperature-range","embeddable":true,"href":"https:\/\/www.flexaust.com\/es\/wp-json\/wp\/v2\/product-temperature-range?post=77672"}],"curies":[{"name":"wp","href":"https:\/\/api.w.org\/{rel}","templated":true}]}}