 {"id":77274,"date":"2026-04-30T04:09:21","date_gmt":"2026-04-30T08:09:21","guid":{"rendered":"https:\/\/www.flexaust.com\/product\/flex-tube-tr-fr-2\/"},"modified":"2026-05-11T10:06:35","modified_gmt":"2026-05-11T14:06:35","slug":"flex-tube-tr-fr-2","status":"publish","type":"product","link":"https:\/\/www.flexaust.com\/es\/producto\/flex-tube-tr-fr-2\/","title":{"rendered":"Flex-Tube TR-FR"},"content":{"rendered":"<p>Manguera de caucho termopl\u00e1stico coextruido negro de peso medio con una h\u00e9lice externa r\u00edgida de polipropileno negro.<\/p>\n","protected":false},"excerpt":{"rendered":"<p>Manguera de caucho termopl\u00e1stico coextruido negro de peso medio con una h\u00e9lice externa r\u00edgida de polipropileno negro.<\/p>\n","protected":false},"author":0,"featured_media":81025,"menu_order":0,"template":"","meta":{"_acf_changed":false,"content-type":"","inline_featured_image":false,"footnotes":"","_links_to":"","_links_to_target":""},"coupling-type":[],"cuff-type":[],"fits-connection":[],"fits-hose-id":[],"high-temperature":[3559],"hose-type":[],"industrial-icon":[3671],"inside-diameter":[3594,3587,3599,3601,3603],"low-temperature":[3560],"max-inside-diameter":[],"min-inside-diameter":[],"neck-size":[],"product-feature":[],"product-length":[3584],"product-rating":[3171,3173,3172],"product-temperature-range":[3333],"class_list":["post-77274","product","type-product","status-publish","has-post-thumbnail","hentry","high-temperature-3559","industrial-icon-all-plastic","inside-diameter-3594","inside-diameter-3587","inside-diameter-3599","inside-diameter-3601","inside-diameter-3603","low-temperature-3560","product-length-25-2","product-rating-a","product-rating-d","product-rating-f","product-temperature-range-low-60-high-275","product-line-flex-tube-all-plastic-lawn-and-leaf-vac-hose","product-line-flex-tube-es","ind-hose-market-astilleros","ind-hose-market-escape-de-humos","ind-hose-market-resistencia-al-fuego","ind-hose-market-shipyards","ind-hose-market-ventilacion","product_material-caucho-termoplastico","group-hoses-and-accessories","group-mangueras-y-accesorios","group-mangueras-industriales"],"acf":[],"yoast_head":"<!-- This site is optimized with the Yoast SEO plugin v27.6 - https:\/\/yoast.com\/product\/yoast-seo-wordpress\/ -->\n<title>Flex-Tube TR-FR - Flexaust<\/title>\n<meta name=\"description\" content=\"Check out the Flex-Tube TR-FR product from Flexaust - A leading hose manufacturer offering flexible hose, ducting, and accessories\" \/>\n<meta name=\"robots\" content=\"noindex, follow, max-snippet:-1, max-image-preview:large, max-video-preview:-1\" \/>\n<script type=\"application\/ld+json\" class=\"yoast-schema-graph\">{\"@context\":\"https:\\\/\\\/schema.org\",\"@graph\":[{\"@type\":\"WebPage\",\"@id\":\"https:\\\/\\\/www.flexaust.com\\\/es\\\/producto\\\/flex-tube-tr-fr-2\\\/\",\"url\":\"https:\\\/\\\/www.flexaust.com\\\/es\\\/producto\\\/flex-tube-tr-fr-2\\\/\",\"name\":\"Flex-Tube TR-FR - Flexaust\",\"isPartOf\":{\"@id\":\"https:\\\/\\\/www.flexaust.com\\\/#website\"},\"primaryImageOfPage\":{\"@id\":\"https:\\\/\\\/www.flexaust.com\\\/es\\\/producto\\\/flex-tube-tr-fr-2\\\/#primaryimage\"},\"image\":{\"@id\":\"https:\\\/\\\/www.flexaust.com\\\/es\\\/producto\\\/flex-tube-tr-fr-2\\\/#primaryimage\"},\"thumbnailUrl\":\"https:\\\/\\\/www.flexaust.com\\\/wp-content\\\/uploads\\\/2026\\\/05\\\/1744812156_flex-tubeTR_Angle1_3000x3000-3-scaled.jpg\",\"datePublished\":\"2026-04-30T08:09:21+00:00\",\"dateModified\":\"2026-05-11T14:06:35+00:00\",\"description\":\"Check out the Flex-Tube TR-FR product from Flexaust - A leading hose manufacturer offering flexible hose, ducting, and accessories\",\"breadcrumb\":{\"@id\":\"https:\\\/\\\/www.flexaust.com\\\/es\\\/producto\\\/flex-tube-tr-fr-2\\\/#breadcrumb\"},\"inLanguage\":\"es-ES\",\"potentialAction\":[{\"@type\":\"ReadAction\",\"target\":[\"https:\\\/\\\/www.flexaust.com\\\/es\\\/producto\\\/flex-tube-tr-fr-2\\\/\"]}]},{\"@type\":\"ImageObject\",\"inLanguage\":\"es-ES\",\"@id\":\"https:\\\/\\\/www.flexaust.com\\\/es\\\/producto\\\/flex-tube-tr-fr-2\\\/#primaryimage\",\"url\":\"https:\\\/\\\/www.flexaust.com\\\/wp-content\\\/uploads\\\/2026\\\/05\\\/1744812156_flex-tubeTR_Angle1_3000x3000-3-scaled.jpg\",\"contentUrl\":\"https:\\\/\\\/www.flexaust.com\\\/wp-content\\\/uploads\\\/2026\\\/05\\\/1744812156_flex-tubeTR_Angle1_3000x3000-3-scaled.jpg\",\"width\":2560,\"height\":2560},{\"@type\":\"BreadcrumbList\",\"@id\":\"https:\\\/\\\/www.flexaust.com\\\/es\\\/producto\\\/flex-tube-tr-fr-2\\\/#breadcrumb\",\"itemListElement\":[{\"@type\":\"ListItem\",\"position\":1,\"name\":\"Products\",\"item\":\"https:\\\/\\\/www.flexaust.com\\\/product\\\/\"},{\"@type\":\"ListItem\",\"position\":2,\"name\":\"Flex-Tube TR-FR\"}]},{\"@type\":\"WebSite\",\"@id\":\"https:\\\/\\\/www.flexaust.com\\\/#website\",\"url\":\"https:\\\/\\\/www.flexaust.com\\\/\",\"name\":\"Flexaust\",\"description\":\"Industrial Hose Manufacturer\",\"potentialAction\":[{\"@type\":\"SearchAction\",\"target\":{\"@type\":\"EntryPoint\",\"urlTemplate\":\"https:\\\/\\\/www.flexaust.com\\\/?s={search_term_string}\"},\"query-input\":{\"@type\":\"PropertyValueSpecification\",\"valueRequired\":true,\"valueName\":\"search_term_string\"}}],\"inLanguage\":\"es-ES\"}]}<\/script>\n<!-- \/ Yoast SEO plugin. -->","yoast_head_json":{"title":"Flex-Tube TR-FR - Flexaust","description":"Check out the Flex-Tube TR-FR product from Flexaust - A leading hose manufacturer offering flexible hose, ducting, and accessories","robots":{"index":"noindex","follow":"follow","max-snippet":"max-snippet:-1","max-image-preview":"max-image-preview:large","max-video-preview":"max-video-preview:-1"},"schema":{"@context":"https:\/\/schema.org","@graph":[{"@type":"WebPage","@id":"https:\/\/www.flexaust.com\/es\/producto\/flex-tube-tr-fr-2\/","url":"https:\/\/www.flexaust.com\/es\/producto\/flex-tube-tr-fr-2\/","name":"Flex-Tube TR-FR - Flexaust","isPartOf":{"@id":"https:\/\/www.flexaust.com\/#website"},"primaryImageOfPage":{"@id":"https:\/\/www.flexaust.com\/es\/producto\/flex-tube-tr-fr-2\/#primaryimage"},"image":{"@id":"https:\/\/www.flexaust.com\/es\/producto\/flex-tube-tr-fr-2\/#primaryimage"},"thumbnailUrl":"https:\/\/www.flexaust.com\/wp-content\/uploads\/2026\/05\/1744812156_flex-tubeTR_Angle1_3000x3000-3-scaled.jpg","datePublished":"2026-04-30T08:09:21+00:00","dateModified":"2026-05-11T14:06:35+00:00","description":"Check out the Flex-Tube TR-FR product from Flexaust - A leading hose manufacturer offering flexible hose, ducting, and accessories","breadcrumb":{"@id":"https:\/\/www.flexaust.com\/es\/producto\/flex-tube-tr-fr-2\/#breadcrumb"},"inLanguage":"es-ES","potentialAction":[{"@type":"ReadAction","target":["https:\/\/www.flexaust.com\/es\/producto\/flex-tube-tr-fr-2\/"]}]},{"@type":"ImageObject","inLanguage":"es-ES","@id":"https:\/\/www.flexaust.com\/es\/producto\/flex-tube-tr-fr-2\/#primaryimage","url":"https:\/\/www.flexaust.com\/wp-content\/uploads\/2026\/05\/1744812156_flex-tubeTR_Angle1_3000x3000-3-scaled.jpg","contentUrl":"https:\/\/www.flexaust.com\/wp-content\/uploads\/2026\/05\/1744812156_flex-tubeTR_Angle1_3000x3000-3-scaled.jpg","width":2560,"height":2560},{"@type":"BreadcrumbList","@id":"https:\/\/www.flexaust.com\/es\/producto\/flex-tube-tr-fr-2\/#breadcrumb","itemListElement":[{"@type":"ListItem","position":1,"name":"Products","item":"https:\/\/www.flexaust.com\/product\/"},{"@type":"ListItem","position":2,"name":"Flex-Tube TR-FR"}]},{"@type":"WebSite","@id":"https:\/\/www.flexaust.com\/#website","url":"https:\/\/www.flexaust.com\/","name":"Flexaust","description":"Industrial Hose Manufacturer","potentialAction":[{"@type":"SearchAction","target":{"@type":"EntryPoint","urlTemplate":"https:\/\/www.flexaust.com\/?s={search_term_string}"},"query-input":{"@type":"PropertyValueSpecification","valueRequired":true,"valueName":"search_term_string"}}],"inLanguage":"es-ES"}]}},"_links":{"self":[{"href":"https:\/\/www.flexaust.com\/es\/wp-json\/wp\/v2\/product\/77274","targetHints":{"allow":["GET"]}}],"collection":[{"href":"https:\/\/www.flexaust.com\/es\/wp-json\/wp\/v2\/product"}],"about":[{"href":"https:\/\/www.flexaust.com\/es\/wp-json\/wp\/v2\/types\/product"}],"version-history":[{"count":2,"href":"https:\/\/www.flexaust.com\/es\/wp-json\/wp\/v2\/product\/77274\/revisions"}],"predecessor-version":[{"id":77285,"href":"https:\/\/www.flexaust.com\/es\/wp-json\/wp\/v2\/product\/77274\/revisions\/77285"}],"wp:featuredmedia":[{"embeddable":true,"href":"https:\/\/www.flexaust.com\/es\/wp-json\/wp\/v2\/media\/81025"}],"wp:attachment":[{"href":"https:\/\/www.flexaust.com\/es\/wp-json\/wp\/v2\/media?parent=77274"}],"wp:term":[{"taxonomy":"coupling-type","embeddable":true,"href":"https:\/\/www.flexaust.com\/es\/wp-json\/wp\/v2\/coupling-type?post=77274"},{"taxonomy":"cuff-type","embeddable":true,"href":"https:\/\/www.flexaust.com\/es\/wp-json\/wp\/v2\/cuff-type?post=77274"},{"taxonomy":"fits-connection","embeddable":true,"href":"https:\/\/www.flexaust.com\/es\/wp-json\/wp\/v2\/fits-connection?post=77274"},{"taxonomy":"fits-hose-id","embeddable":true,"href":"https:\/\/www.flexaust.com\/es\/wp-json\/wp\/v2\/fits-hose-id?post=77274"},{"taxonomy":"high-temperature","embeddable":true,"href":"https:\/\/www.flexaust.com\/es\/wp-json\/wp\/v2\/high-temperature?post=77274"},{"taxonomy":"hose-type","embeddable":true,"href":"https:\/\/www.flexaust.com\/es\/wp-json\/wp\/v2\/hose-type?post=77274"},{"taxonomy":"industrial-icon","embeddable":true,"href":"https:\/\/www.flexaust.com\/es\/wp-json\/wp\/v2\/industrial-icon?post=77274"},{"taxonomy":"inside-diameter","embeddable":true,"href":"https:\/\/www.flexaust.com\/es\/wp-json\/wp\/v2\/inside-diameter?post=77274"},{"taxonomy":"low-temperature","embeddable":true,"href":"https:\/\/www.flexaust.com\/es\/wp-json\/wp\/v2\/low-temperature?post=77274"},{"taxonomy":"max-inside-diameter","embeddable":true,"href":"https:\/\/www.flexaust.com\/es\/wp-json\/wp\/v2\/max-inside-diameter?post=77274"},{"taxonomy":"min-inside-diameter","embeddable":true,"href":"https:\/\/www.flexaust.com\/es\/wp-json\/wp\/v2\/min-inside-diameter?post=77274"},{"taxonomy":"neck-size","embeddable":true,"href":"https:\/\/www.flexaust.com\/es\/wp-json\/wp\/v2\/neck-size?post=77274"},{"taxonomy":"product-feature","embeddable":true,"href":"https:\/\/www.flexaust.com\/es\/wp-json\/wp\/v2\/product-feature?post=77274"},{"taxonomy":"product-length","embeddable":true,"href":"https:\/\/www.flexaust.com\/es\/wp-json\/wp\/v2\/product-length?post=77274"},{"taxonomy":"product-rating","embeddable":true,"href":"https:\/\/www.flexaust.com\/es\/wp-json\/wp\/v2\/product-rating?post=77274"},{"taxonomy":"product-temperature-range","embeddable":true,"href":"https:\/\/www.flexaust.com\/es\/wp-json\/wp\/v2\/product-temperature-range?post=77274"}],"curies":[{"name":"wp","href":"https:\/\/api.w.org\/{rel}","templated":true}]}}