 {"id":70323,"date":"2026-04-14T13:06:08","date_gmt":"2026-04-14T17:06:08","guid":{"rendered":"https:\/\/www.flexaust.com\/product\/flex-tube-pe-2\/"},"modified":"2026-05-11T10:02:03","modified_gmt":"2026-05-11T14:02:03","slug":"flex-tube-pe-2","status":"publish","type":"product","link":"https:\/\/www.flexaust.com\/es\/producto\/flex-tube-pe-2\/","title":{"rendered":"Flex-Tube PE"},"content":{"rendered":"<p>Manguera de copol\u00edmero de polietileno negro estabilizado con UV ligero con una h\u00e9lice de polietileno externa r\u00edgida negra.<\/p>\n","protected":false},"excerpt":{"rendered":"<p>Manguera de copol\u00edmero de polietileno negro estabilizado con UV ligero con una h\u00e9lice de polietileno externa r\u00edgida negra.<\/p>\n","protected":false},"author":0,"featured_media":80968,"menu_order":0,"template":"","meta":{"_acf_changed":false,"content-type":"","inline_featured_image":false,"footnotes":"","_links_to":"","_links_to_target":""},"coupling-type":[],"cuff-type":[],"fits-connection":[],"fits-hose-id":[],"high-temperature":[3520],"hose-type":[],"industrial-icon":[3671,3674],"inside-diameter":[3645,3588,3590,3625,3591,3646,3589,3593,3592,3594,3595,3587],"low-temperature":[3524],"max-inside-diameter":[],"min-inside-diameter":[],"neck-size":[],"product-feature":[3313],"product-length":[3584,3585],"product-rating":[3171,3172],"product-temperature-range":[3368],"class_list":["post-70323","product","type-product","status-publish","has-post-thumbnail","hentry","high-temperature-3520","industrial-icon-all-plastic","industrial-icon-vacuum","inside-diameter-0-75","inside-diameter-3588","inside-diameter-1-5","inside-diameter-1-25","inside-diameter-1-75","inside-diameter-1-375","inside-diameter-3589","inside-diameter-2-5","inside-diameter-2-25","inside-diameter-3594","inside-diameter-3-5","inside-diameter-3587","low-temperature-3524","product-feature-smooth-interior","product-length-25-2","product-length-50-2","product-rating-a","product-rating-f","product-temperature-range-low-40-high-160","product-line-flex-tube-es","ind-hose-market-conductos-de-aire-acondicionado-en-limosinas","ind-hose-market-conductos-portacables","ind-hose-market-limo-ac-duct","ind-hose-market-ventilacion","product_material-polietileno","group-hoses-and-accessories","group-mangueras-y-accesorios","group-mangueras-industriales"],"acf":[],"_links":{"self":[{"href":"https:\/\/www.flexaust.com\/es\/wp-json\/wp\/v2\/product\/70323","targetHints":{"allow":["GET"]}}],"collection":[{"href":"https:\/\/www.flexaust.com\/es\/wp-json\/wp\/v2\/product"}],"about":[{"href":"https:\/\/www.flexaust.com\/es\/wp-json\/wp\/v2\/types\/product"}],"version-history":[{"count":1,"href":"https:\/\/www.flexaust.com\/es\/wp-json\/wp\/v2\/product\/70323\/revisions"}],"predecessor-version":[{"id":72635,"href":"https:\/\/www.flexaust.com\/es\/wp-json\/wp\/v2\/product\/70323\/revisions\/72635"}],"wp:featuredmedia":[{"embeddable":true,"href":"https:\/\/www.flexaust.com\/es\/wp-json\/wp\/v2\/media\/80968"}],"wp:attachment":[{"href":"https:\/\/www.flexaust.com\/es\/wp-json\/wp\/v2\/media?parent=70323"}],"wp:term":[{"taxonomy":"coupling-type","embeddable":true,"href":"https:\/\/www.flexaust.com\/es\/wp-json\/wp\/v2\/coupling-type?post=70323"},{"taxonomy":"cuff-type","embeddable":true,"href":"https:\/\/www.flexaust.com\/es\/wp-json\/wp\/v2\/cuff-type?post=70323"},{"taxonomy":"fits-connection","embeddable":true,"href":"https:\/\/www.flexaust.com\/es\/wp-json\/wp\/v2\/fits-connection?post=70323"},{"taxonomy":"fits-hose-id","embeddable":true,"href":"https:\/\/www.flexaust.com\/es\/wp-json\/wp\/v2\/fits-hose-id?post=70323"},{"taxonomy":"high-temperature","embeddable":true,"href":"https:\/\/www.flexaust.com\/es\/wp-json\/wp\/v2\/high-temperature?post=70323"},{"taxonomy":"hose-type","embeddable":true,"href":"https:\/\/www.flexaust.com\/es\/wp-json\/wp\/v2\/hose-type?post=70323"},{"taxonomy":"industrial-icon","embeddable":true,"href":"https:\/\/www.flexaust.com\/es\/wp-json\/wp\/v2\/industrial-icon?post=70323"},{"taxonomy":"inside-diameter","embeddable":true,"href":"https:\/\/www.flexaust.com\/es\/wp-json\/wp\/v2\/inside-diameter?post=70323"},{"taxonomy":"low-temperature","embeddable":true,"href":"https:\/\/www.flexaust.com\/es\/wp-json\/wp\/v2\/low-temperature?post=70323"},{"taxonomy":"max-inside-diameter","embeddable":true,"href":"https:\/\/www.flexaust.com\/es\/wp-json\/wp\/v2\/max-inside-diameter?post=70323"},{"taxonomy":"min-inside-diameter","embeddable":true,"href":"https:\/\/www.flexaust.com\/es\/wp-json\/wp\/v2\/min-inside-diameter?post=70323"},{"taxonomy":"neck-size","embeddable":true,"href":"https:\/\/www.flexaust.com\/es\/wp-json\/wp\/v2\/neck-size?post=70323"},{"taxonomy":"product-feature","embeddable":true,"href":"https:\/\/www.flexaust.com\/es\/wp-json\/wp\/v2\/product-feature?post=70323"},{"taxonomy":"product-length","embeddable":true,"href":"https:\/\/www.flexaust.com\/es\/wp-json\/wp\/v2\/product-length?post=70323"},{"taxonomy":"product-rating","embeddable":true,"href":"https:\/\/www.flexaust.com\/es\/wp-json\/wp\/v2\/product-rating?post=70323"},{"taxonomy":"product-temperature-range","embeddable":true,"href":"https:\/\/www.flexaust.com\/es\/wp-json\/wp\/v2\/product-temperature-range?post=70323"}],"curies":[{"name":"wp","href":"https:\/\/api.w.org\/{rel}","templated":true}]}}