 {"id":69654,"date":"2026-04-09T09:52:31","date_gmt":"2026-04-09T13:52:31","guid":{"rendered":"https:\/\/www.flexaust.com\/product\/flex-tube-pu-60-gv-gw-2\/"},"modified":"2026-05-11T10:04:05","modified_gmt":"2026-05-11T14:04:05","slug":"flex-tube-pu-60-gv-gw-2","status":"publish","type":"product","link":"https:\/\/www.flexaust.com\/es\/producto\/flex-tube-pu-60-gv-gw-2\/","title":{"rendered":"Flex-Tube PU 60 GV-GW"},"content":{"rendered":"<p>Manguera de poliuretano formulado disipador est\u00e1tico de peso muy pesado muy flexible reforzada con una h\u00e9lice de PVC externa r\u00edgida y un alambre de tierra de cobre incrustado.<\/p>\n","protected":false},"excerpt":{"rendered":"<p>Manguera de poliuretano formulado disipador est\u00e1tico de peso muy pesado muy flexible reforzada con una h\u00e9lice de PVC externa r\u00edgida y un alambre de tierra de cobre incrustado.<\/p>\n","protected":false},"author":0,"featured_media":80984,"menu_order":175,"template":"","meta":{"_acf_changed":false,"content-type":"","inline_featured_image":false,"footnotes":"","_links_to":"","_links_to_target":""},"coupling-type":[],"cuff-type":[],"fits-connection":[],"fits-hose-id":[],"high-temperature":[3520],"hose-type":[],"industrial-icon":[3671,3674],"inside-diameter":[3589,3593,3594,3595,3587,3597,3599,3600,3601],"low-temperature":[3519],"max-inside-diameter":[],"min-inside-diameter":[],"neck-size":[],"product-feature":[3336],"product-length":[3584],"product-rating":[3173,3174],"product-temperature-range":[3261],"class_list":["post-69654","product","type-product","status-publish","has-post-thumbnail","hentry","high-temperature-3520","industrial-icon-all-plastic","industrial-icon-vacuum","inside-diameter-3589","inside-diameter-2-5","inside-diameter-3594","inside-diameter-3-5","inside-diameter-3587","inside-diameter-3597","inside-diameter-3599","inside-diameter-3600","inside-diameter-3601","low-temperature-3519","product-feature-anti-static","product-length-25-2","product-rating-d","product-rating-m","product-temperature-range-low-20-high-160","product-line-flex-tube-es","ind-hose-market-agricultura","ind-hose-market-control-de-estatica","ind-hose-market-grain-vac","ind-hose-market-grano-vac","ind-hose-market-pulverizados-y-a-granel","product_material-poliuretano","group-hoses-and-accessories","group-mangueras-y-accesorios","group-mangueras-industriales"],"acf":[],"_links":{"self":[{"href":"https:\/\/www.flexaust.com\/es\/wp-json\/wp\/v2\/product\/69654","targetHints":{"allow":["GET"]}}],"collection":[{"href":"https:\/\/www.flexaust.com\/es\/wp-json\/wp\/v2\/product"}],"about":[{"href":"https:\/\/www.flexaust.com\/es\/wp-json\/wp\/v2\/types\/product"}],"version-history":[{"count":1,"href":"https:\/\/www.flexaust.com\/es\/wp-json\/wp\/v2\/product\/69654\/revisions"}],"predecessor-version":[{"id":72651,"href":"https:\/\/www.flexaust.com\/es\/wp-json\/wp\/v2\/product\/69654\/revisions\/72651"}],"wp:featuredmedia":[{"embeddable":true,"href":"https:\/\/www.flexaust.com\/es\/wp-json\/wp\/v2\/media\/80984"}],"wp:attachment":[{"href":"https:\/\/www.flexaust.com\/es\/wp-json\/wp\/v2\/media?parent=69654"}],"wp:term":[{"taxonomy":"coupling-type","embeddable":true,"href":"https:\/\/www.flexaust.com\/es\/wp-json\/wp\/v2\/coupling-type?post=69654"},{"taxonomy":"cuff-type","embeddable":true,"href":"https:\/\/www.flexaust.com\/es\/wp-json\/wp\/v2\/cuff-type?post=69654"},{"taxonomy":"fits-connection","embeddable":true,"href":"https:\/\/www.flexaust.com\/es\/wp-json\/wp\/v2\/fits-connection?post=69654"},{"taxonomy":"fits-hose-id","embeddable":true,"href":"https:\/\/www.flexaust.com\/es\/wp-json\/wp\/v2\/fits-hose-id?post=69654"},{"taxonomy":"high-temperature","embeddable":true,"href":"https:\/\/www.flexaust.com\/es\/wp-json\/wp\/v2\/high-temperature?post=69654"},{"taxonomy":"hose-type","embeddable":true,"href":"https:\/\/www.flexaust.com\/es\/wp-json\/wp\/v2\/hose-type?post=69654"},{"taxonomy":"industrial-icon","embeddable":true,"href":"https:\/\/www.flexaust.com\/es\/wp-json\/wp\/v2\/industrial-icon?post=69654"},{"taxonomy":"inside-diameter","embeddable":true,"href":"https:\/\/www.flexaust.com\/es\/wp-json\/wp\/v2\/inside-diameter?post=69654"},{"taxonomy":"low-temperature","embeddable":true,"href":"https:\/\/www.flexaust.com\/es\/wp-json\/wp\/v2\/low-temperature?post=69654"},{"taxonomy":"max-inside-diameter","embeddable":true,"href":"https:\/\/www.flexaust.com\/es\/wp-json\/wp\/v2\/max-inside-diameter?post=69654"},{"taxonomy":"min-inside-diameter","embeddable":true,"href":"https:\/\/www.flexaust.com\/es\/wp-json\/wp\/v2\/min-inside-diameter?post=69654"},{"taxonomy":"neck-size","embeddable":true,"href":"https:\/\/www.flexaust.com\/es\/wp-json\/wp\/v2\/neck-size?post=69654"},{"taxonomy":"product-feature","embeddable":true,"href":"https:\/\/www.flexaust.com\/es\/wp-json\/wp\/v2\/product-feature?post=69654"},{"taxonomy":"product-length","embeddable":true,"href":"https:\/\/www.flexaust.com\/es\/wp-json\/wp\/v2\/product-length?post=69654"},{"taxonomy":"product-rating","embeddable":true,"href":"https:\/\/www.flexaust.com\/es\/wp-json\/wp\/v2\/product-rating?post=69654"},{"taxonomy":"product-temperature-range","embeddable":true,"href":"https:\/\/www.flexaust.com\/es\/wp-json\/wp\/v2\/product-temperature-range?post=69654"}],"curies":[{"name":"wp","href":"https:\/\/api.w.org\/{rel}","templated":true}]}}