 {"id":69648,"date":"2026-04-09T09:48:08","date_gmt":"2026-04-09T13:48:08","guid":{"rendered":"https:\/\/www.flexaust.com\/product\/ceiling-tile-kit-2\/"},"modified":"2026-05-11T07:53:04","modified_gmt":"2026-05-11T11:53:04","slug":"ceiling-tile-kit-2","status":"publish","type":"product","link":"https:\/\/www.flexaust.com\/es\/producto\/ceiling-tile-kit-2\/","title":{"rendered":"Ceiling Tile Kit"},"content":{"rendered":"<p>Ideal para aire acondicionado port\u00e1til industrial a trav\u00e9s de un espacio de techo de ca\u00edda. Proporciona una excelente ventilaci\u00f3n de los gases de escape y ofrece una gran fuente de enfriamiento.<\/p>\n","protected":false},"excerpt":{"rendered":"<p>Ideal para aire acondicionado port\u00e1til industrial a trav\u00e9s de un espacio de techo de ca\u00edda. Proporciona una excelente ventilaci\u00f3n de los gases de escape y ofrece una gran fuente de enfriamiento.<\/p>\n","protected":false},"author":0,"featured_media":80230,"menu_order":176,"template":"","meta":{"_acf_changed":false,"content-type":"","inline_featured_image":false,"footnotes":"","_links_to":"","_links_to_target":""},"coupling-type":[],"cuff-type":[],"fits-connection":[],"fits-hose-id":[],"high-temperature":[],"hose-type":[],"industrial-icon":[3675],"inside-diameter":[],"low-temperature":[],"max-inside-diameter":[],"min-inside-diameter":[],"neck-size":[],"product-feature":[],"product-length":[],"product-rating":[],"product-temperature-range":[],"class_list":["post-69648","product","type-product","status-publish","has-post-thumbnail","hentry","industrial-icon-accessories","product_material-coated-fabric","group-hoses-and-accessories","group-mangueras-y-accesorios","group-accesorios-industriales-de-mangueras"],"acf":[],"yoast_head":"<!-- This site is optimized with the Yoast SEO plugin v27.6 - https:\/\/yoast.com\/product\/yoast-seo-wordpress\/ -->\n<title>Ceiling Tile Kit - Flexaust<\/title>\n<meta name=\"description\" content=\"Check out the Ceiling Tile Kit product from Flexaust - A leading hose manufacturer offering flexible hose, ducting, and accessories\" \/>\n<meta name=\"robots\" content=\"noindex, follow, max-snippet:-1, max-image-preview:large, max-video-preview:-1\" \/>\n<script type=\"application\/ld+json\" class=\"yoast-schema-graph\">{\"@context\":\"https:\\\/\\\/schema.org\",\"@graph\":[{\"@type\":\"WebPage\",\"@id\":\"https:\\\/\\\/www.flexaust.com\\\/product\\\/ceiling-tile-kit\\\/\",\"url\":\"https:\\\/\\\/www.flexaust.com\\\/product\\\/ceiling-tile-kit\\\/\",\"name\":\"Ceiling Tile Kit - Flexaust\",\"isPartOf\":{\"@id\":\"https:\\\/\\\/www.flexaust.com\\\/#website\"},\"primaryImageOfPage\":{\"@id\":\"https:\\\/\\\/www.flexaust.com\\\/product\\\/ceiling-tile-kit\\\/#primaryimage\"},\"image\":{\"@id\":\"https:\\\/\\\/www.flexaust.com\\\/product\\\/ceiling-tile-kit\\\/#primaryimage\"},\"thumbnailUrl\":\"https:\\\/\\\/www.flexaust.com\\\/wp-content\\\/uploads\\\/2026\\\/05\\\/1744812430_ceilingtilekitwhite_Angle2_3000x3000-1-scaled.jpg\",\"datePublished\":\"2026-04-09T13:48:08+00:00\",\"dateModified\":\"2026-05-11T11:53:04+00:00\",\"description\":\"Check out the Ceiling Tile Kit product from Flexaust - A leading hose manufacturer offering flexible hose, ducting, and accessories\",\"breadcrumb\":{\"@id\":\"https:\\\/\\\/www.flexaust.com\\\/product\\\/ceiling-tile-kit\\\/#breadcrumb\"},\"inLanguage\":\"es-ES\",\"potentialAction\":[{\"@type\":\"ReadAction\",\"target\":[\"https:\\\/\\\/www.flexaust.com\\\/product\\\/ceiling-tile-kit\\\/\"]}]},{\"@type\":\"ImageObject\",\"inLanguage\":\"es-ES\",\"@id\":\"https:\\\/\\\/www.flexaust.com\\\/product\\\/ceiling-tile-kit\\\/#primaryimage\",\"url\":\"https:\\\/\\\/www.flexaust.com\\\/wp-content\\\/uploads\\\/2026\\\/05\\\/1744812430_ceilingtilekitwhite_Angle2_3000x3000-1-scaled.jpg\",\"contentUrl\":\"https:\\\/\\\/www.flexaust.com\\\/wp-content\\\/uploads\\\/2026\\\/05\\\/1744812430_ceilingtilekitwhite_Angle2_3000x3000-1-scaled.jpg\",\"width\":2560,\"height\":2560},{\"@type\":\"BreadcrumbList\",\"@id\":\"https:\\\/\\\/www.flexaust.com\\\/product\\\/ceiling-tile-kit\\\/#breadcrumb\",\"itemListElement\":[{\"@type\":\"ListItem\",\"position\":1,\"name\":\"Products\",\"item\":\"https:\\\/\\\/www.flexaust.com\\\/product\\\/\"},{\"@type\":\"ListItem\",\"position\":2,\"name\":\"Ceiling Tile Kit\"}]},{\"@type\":\"WebSite\",\"@id\":\"https:\\\/\\\/www.flexaust.com\\\/#website\",\"url\":\"https:\\\/\\\/www.flexaust.com\\\/\",\"name\":\"Flexaust\",\"description\":\"Industrial Hose Manufacturer\",\"potentialAction\":[{\"@type\":\"SearchAction\",\"target\":{\"@type\":\"EntryPoint\",\"urlTemplate\":\"https:\\\/\\\/www.flexaust.com\\\/?s={search_term_string}\"},\"query-input\":{\"@type\":\"PropertyValueSpecification\",\"valueRequired\":true,\"valueName\":\"search_term_string\"}}],\"inLanguage\":\"es-ES\"}]}<\/script>\n<!-- \/ Yoast SEO plugin. -->","yoast_head_json":{"title":"Ceiling Tile Kit - Flexaust","description":"Check out the Ceiling Tile Kit product from Flexaust - A leading hose manufacturer offering flexible hose, ducting, and accessories","robots":{"index":"noindex","follow":"follow","max-snippet":"max-snippet:-1","max-image-preview":"max-image-preview:large","max-video-preview":"max-video-preview:-1"},"schema":{"@context":"https:\/\/schema.org","@graph":[{"@type":"WebPage","@id":"https:\/\/www.flexaust.com\/product\/ceiling-tile-kit\/","url":"https:\/\/www.flexaust.com\/product\/ceiling-tile-kit\/","name":"Ceiling Tile Kit - Flexaust","isPartOf":{"@id":"https:\/\/www.flexaust.com\/#website"},"primaryImageOfPage":{"@id":"https:\/\/www.flexaust.com\/product\/ceiling-tile-kit\/#primaryimage"},"image":{"@id":"https:\/\/www.flexaust.com\/product\/ceiling-tile-kit\/#primaryimage"},"thumbnailUrl":"https:\/\/www.flexaust.com\/wp-content\/uploads\/2026\/05\/1744812430_ceilingtilekitwhite_Angle2_3000x3000-1-scaled.jpg","datePublished":"2026-04-09T13:48:08+00:00","dateModified":"2026-05-11T11:53:04+00:00","description":"Check out the Ceiling Tile Kit product from Flexaust - A leading hose manufacturer offering flexible hose, ducting, and accessories","breadcrumb":{"@id":"https:\/\/www.flexaust.com\/product\/ceiling-tile-kit\/#breadcrumb"},"inLanguage":"es-ES","potentialAction":[{"@type":"ReadAction","target":["https:\/\/www.flexaust.com\/product\/ceiling-tile-kit\/"]}]},{"@type":"ImageObject","inLanguage":"es-ES","@id":"https:\/\/www.flexaust.com\/product\/ceiling-tile-kit\/#primaryimage","url":"https:\/\/www.flexaust.com\/wp-content\/uploads\/2026\/05\/1744812430_ceilingtilekitwhite_Angle2_3000x3000-1-scaled.jpg","contentUrl":"https:\/\/www.flexaust.com\/wp-content\/uploads\/2026\/05\/1744812430_ceilingtilekitwhite_Angle2_3000x3000-1-scaled.jpg","width":2560,"height":2560},{"@type":"BreadcrumbList","@id":"https:\/\/www.flexaust.com\/product\/ceiling-tile-kit\/#breadcrumb","itemListElement":[{"@type":"ListItem","position":1,"name":"Products","item":"https:\/\/www.flexaust.com\/product\/"},{"@type":"ListItem","position":2,"name":"Ceiling Tile Kit"}]},{"@type":"WebSite","@id":"https:\/\/www.flexaust.com\/#website","url":"https:\/\/www.flexaust.com\/","name":"Flexaust","description":"Industrial Hose Manufacturer","potentialAction":[{"@type":"SearchAction","target":{"@type":"EntryPoint","urlTemplate":"https:\/\/www.flexaust.com\/?s={search_term_string}"},"query-input":{"@type":"PropertyValueSpecification","valueRequired":true,"valueName":"search_term_string"}}],"inLanguage":"es-ES"}]}},"_links":{"self":[{"href":"https:\/\/www.flexaust.com\/es\/wp-json\/wp\/v2\/product\/69648","targetHints":{"allow":["GET"]}}],"collection":[{"href":"https:\/\/www.flexaust.com\/es\/wp-json\/wp\/v2\/product"}],"about":[{"href":"https:\/\/www.flexaust.com\/es\/wp-json\/wp\/v2\/types\/product"}],"version-history":[{"count":1,"href":"https:\/\/www.flexaust.com\/es\/wp-json\/wp\/v2\/product\/69648\/revisions"}],"predecessor-version":[{"id":70625,"href":"https:\/\/www.flexaust.com\/es\/wp-json\/wp\/v2\/product\/69648\/revisions\/70625"}],"wp:featuredmedia":[{"embeddable":true,"href":"https:\/\/www.flexaust.com\/es\/wp-json\/wp\/v2\/media\/80230"}],"wp:attachment":[{"href":"https:\/\/www.flexaust.com\/es\/wp-json\/wp\/v2\/media?parent=69648"}],"wp:term":[{"taxonomy":"coupling-type","embeddable":true,"href":"https:\/\/www.flexaust.com\/es\/wp-json\/wp\/v2\/coupling-type?post=69648"},{"taxonomy":"cuff-type","embeddable":true,"href":"https:\/\/www.flexaust.com\/es\/wp-json\/wp\/v2\/cuff-type?post=69648"},{"taxonomy":"fits-connection","embeddable":true,"href":"https:\/\/www.flexaust.com\/es\/wp-json\/wp\/v2\/fits-connection?post=69648"},{"taxonomy":"fits-hose-id","embeddable":true,"href":"https:\/\/www.flexaust.com\/es\/wp-json\/wp\/v2\/fits-hose-id?post=69648"},{"taxonomy":"high-temperature","embeddable":true,"href":"https:\/\/www.flexaust.com\/es\/wp-json\/wp\/v2\/high-temperature?post=69648"},{"taxonomy":"hose-type","embeddable":true,"href":"https:\/\/www.flexaust.com\/es\/wp-json\/wp\/v2\/hose-type?post=69648"},{"taxonomy":"industrial-icon","embeddable":true,"href":"https:\/\/www.flexaust.com\/es\/wp-json\/wp\/v2\/industrial-icon?post=69648"},{"taxonomy":"inside-diameter","embeddable":true,"href":"https:\/\/www.flexaust.com\/es\/wp-json\/wp\/v2\/inside-diameter?post=69648"},{"taxonomy":"low-temperature","embeddable":true,"href":"https:\/\/www.flexaust.com\/es\/wp-json\/wp\/v2\/low-temperature?post=69648"},{"taxonomy":"max-inside-diameter","embeddable":true,"href":"https:\/\/www.flexaust.com\/es\/wp-json\/wp\/v2\/max-inside-diameter?post=69648"},{"taxonomy":"min-inside-diameter","embeddable":true,"href":"https:\/\/www.flexaust.com\/es\/wp-json\/wp\/v2\/min-inside-diameter?post=69648"},{"taxonomy":"neck-size","embeddable":true,"href":"https:\/\/www.flexaust.com\/es\/wp-json\/wp\/v2\/neck-size?post=69648"},{"taxonomy":"product-feature","embeddable":true,"href":"https:\/\/www.flexaust.com\/es\/wp-json\/wp\/v2\/product-feature?post=69648"},{"taxonomy":"product-length","embeddable":true,"href":"https:\/\/www.flexaust.com\/es\/wp-json\/wp\/v2\/product-length?post=69648"},{"taxonomy":"product-rating","embeddable":true,"href":"https:\/\/www.flexaust.com\/es\/wp-json\/wp\/v2\/product-rating?post=69648"},{"taxonomy":"product-temperature-range","embeddable":true,"href":"https:\/\/www.flexaust.com\/es\/wp-json\/wp\/v2\/product-temperature-range?post=69648"}],"curies":[{"name":"wp","href":"https:\/\/api.w.org\/{rel}","templated":true}]}}