 {"id":69642,"date":"2026-04-09T09:46:07","date_gmt":"2026-04-09T13:46:07","guid":{"rendered":"https:\/\/www.flexaust.com\/product\/flex-tube-pe-ic-2\/"},"modified":"2026-05-11T10:02:17","modified_gmt":"2026-05-11T14:02:17","slug":"flex-tube-pe-ic-2","status":"publish","type":"product","link":"https:\/\/www.flexaust.com\/es\/producto\/flex-tube-pe-ic-2\/","title":{"rendered":"Flex-Tube PE-IC"},"content":{"rendered":"<p>Manguera de copol\u00edmero de polietileno blanco ligero con una h\u00e9lice de polietileno externa r\u00edgida aqua.<\/p>\n","protected":false},"excerpt":{"rendered":"<p>Manguera de copol\u00edmero de polietileno blanco ligero con una h\u00e9lice de polietileno externa r\u00edgida aqua.<\/p>\n","protected":false},"author":0,"featured_media":80972,"menu_order":178,"template":"","meta":{"_acf_changed":false,"content-type":"","inline_featured_image":false,"footnotes":"","_links_to":"","_links_to_target":""},"coupling-type":[],"cuff-type":[],"fits-connection":[],"fits-hose-id":[],"high-temperature":[3520],"hose-type":[],"industrial-icon":[3671],"inside-diameter":[3645,3588,3590,3625,3646],"low-temperature":[3524],"max-inside-diameter":[],"min-inside-diameter":[],"neck-size":[],"product-feature":[],"product-length":[],"product-rating":[3174],"product-temperature-range":[3328],"class_list":["post-69642","product","type-product","status-publish","has-post-thumbnail","hentry","high-temperature-3520","industrial-icon-all-plastic","inside-diameter-0-75","inside-diameter-3588","inside-diameter-1-5","inside-diameter-1-25","inside-diameter-1-375","low-temperature-3524","product-rating-m","product-temperature-range-low-40f-high-160f","product-line-flex-tube-all-plastic-lawn-and-leaf-vac-hose","product-line-flex-tube-es","ind-hose-market-fabricacion-de-vehiculos-recreativos","ind-hose-market-r-v-manufacturing","product_material-polietileno","group-hoses-and-accessories","group-mangueras-y-accesorios","group-mangueras-industriales"],"acf":[],"yoast_head":"<!-- This site is optimized with the Yoast SEO plugin v27.6 - https:\/\/yoast.com\/product\/yoast-seo-wordpress\/ -->\n<title>Flex-Tube PE-IC - Flexaust<\/title>\n<meta name=\"description\" content=\"Check out the Flex-Tube PE-IC product from Flexaust - A leading hose manufacturer offering flexible hose, ducting, and accessories\" \/>\n<meta name=\"robots\" content=\"noindex, follow, max-snippet:-1, max-image-preview:large, max-video-preview:-1\" \/>\n<script type=\"application\/ld+json\" class=\"yoast-schema-graph\">{\"@context\":\"https:\\\/\\\/schema.org\",\"@graph\":[{\"@type\":\"WebPage\",\"@id\":\"https:\\\/\\\/www.flexaust.com\\\/product\\\/flex-tube-pe-ic\\\/\",\"url\":\"https:\\\/\\\/www.flexaust.com\\\/product\\\/flex-tube-pe-ic\\\/\",\"name\":\"Flex-Tube PE-IC - Flexaust\",\"isPartOf\":{\"@id\":\"https:\\\/\\\/www.flexaust.com\\\/#website\"},\"primaryImageOfPage\":{\"@id\":\"https:\\\/\\\/www.flexaust.com\\\/product\\\/flex-tube-pe-ic\\\/#primaryimage\"},\"image\":{\"@id\":\"https:\\\/\\\/www.flexaust.com\\\/product\\\/flex-tube-pe-ic\\\/#primaryimage\"},\"thumbnailUrl\":\"https:\\\/\\\/www.flexaust.com\\\/wp-content\\\/uploads\\\/2026\\\/05\\\/1744812150_flex-tubePE-IC_Angle1_3000x3000-3-scaled.jpg\",\"datePublished\":\"2026-04-09T13:46:07+00:00\",\"dateModified\":\"2026-05-11T14:02:17+00:00\",\"description\":\"Check out the Flex-Tube PE-IC product from Flexaust - A leading hose manufacturer offering flexible hose, ducting, and accessories\",\"breadcrumb\":{\"@id\":\"https:\\\/\\\/www.flexaust.com\\\/product\\\/flex-tube-pe-ic\\\/#breadcrumb\"},\"inLanguage\":\"es-ES\",\"potentialAction\":[{\"@type\":\"ReadAction\",\"target\":[\"https:\\\/\\\/www.flexaust.com\\\/product\\\/flex-tube-pe-ic\\\/\"]}]},{\"@type\":\"ImageObject\",\"inLanguage\":\"es-ES\",\"@id\":\"https:\\\/\\\/www.flexaust.com\\\/product\\\/flex-tube-pe-ic\\\/#primaryimage\",\"url\":\"https:\\\/\\\/www.flexaust.com\\\/wp-content\\\/uploads\\\/2026\\\/05\\\/1744812150_flex-tubePE-IC_Angle1_3000x3000-3-scaled.jpg\",\"contentUrl\":\"https:\\\/\\\/www.flexaust.com\\\/wp-content\\\/uploads\\\/2026\\\/05\\\/1744812150_flex-tubePE-IC_Angle1_3000x3000-3-scaled.jpg\",\"width\":2560,\"height\":2560},{\"@type\":\"BreadcrumbList\",\"@id\":\"https:\\\/\\\/www.flexaust.com\\\/product\\\/flex-tube-pe-ic\\\/#breadcrumb\",\"itemListElement\":[{\"@type\":\"ListItem\",\"position\":1,\"name\":\"Products\",\"item\":\"https:\\\/\\\/www.flexaust.com\\\/product\\\/\"},{\"@type\":\"ListItem\",\"position\":2,\"name\":\"Flex-Tube PE-IC\"}]},{\"@type\":\"WebSite\",\"@id\":\"https:\\\/\\\/www.flexaust.com\\\/#website\",\"url\":\"https:\\\/\\\/www.flexaust.com\\\/\",\"name\":\"Flexaust\",\"description\":\"Industrial Hose Manufacturer\",\"potentialAction\":[{\"@type\":\"SearchAction\",\"target\":{\"@type\":\"EntryPoint\",\"urlTemplate\":\"https:\\\/\\\/www.flexaust.com\\\/?s={search_term_string}\"},\"query-input\":{\"@type\":\"PropertyValueSpecification\",\"valueRequired\":true,\"valueName\":\"search_term_string\"}}],\"inLanguage\":\"es-ES\"}]}<\/script>\n<!-- \/ Yoast SEO plugin. -->","yoast_head_json":{"title":"Flex-Tube PE-IC - Flexaust","description":"Check out the Flex-Tube PE-IC product from Flexaust - A leading hose manufacturer offering flexible hose, ducting, and accessories","robots":{"index":"noindex","follow":"follow","max-snippet":"max-snippet:-1","max-image-preview":"max-image-preview:large","max-video-preview":"max-video-preview:-1"},"schema":{"@context":"https:\/\/schema.org","@graph":[{"@type":"WebPage","@id":"https:\/\/www.flexaust.com\/product\/flex-tube-pe-ic\/","url":"https:\/\/www.flexaust.com\/product\/flex-tube-pe-ic\/","name":"Flex-Tube PE-IC - Flexaust","isPartOf":{"@id":"https:\/\/www.flexaust.com\/#website"},"primaryImageOfPage":{"@id":"https:\/\/www.flexaust.com\/product\/flex-tube-pe-ic\/#primaryimage"},"image":{"@id":"https:\/\/www.flexaust.com\/product\/flex-tube-pe-ic\/#primaryimage"},"thumbnailUrl":"https:\/\/www.flexaust.com\/wp-content\/uploads\/2026\/05\/1744812150_flex-tubePE-IC_Angle1_3000x3000-3-scaled.jpg","datePublished":"2026-04-09T13:46:07+00:00","dateModified":"2026-05-11T14:02:17+00:00","description":"Check out the Flex-Tube PE-IC product from Flexaust - A leading hose manufacturer offering flexible hose, ducting, and accessories","breadcrumb":{"@id":"https:\/\/www.flexaust.com\/product\/flex-tube-pe-ic\/#breadcrumb"},"inLanguage":"es-ES","potentialAction":[{"@type":"ReadAction","target":["https:\/\/www.flexaust.com\/product\/flex-tube-pe-ic\/"]}]},{"@type":"ImageObject","inLanguage":"es-ES","@id":"https:\/\/www.flexaust.com\/product\/flex-tube-pe-ic\/#primaryimage","url":"https:\/\/www.flexaust.com\/wp-content\/uploads\/2026\/05\/1744812150_flex-tubePE-IC_Angle1_3000x3000-3-scaled.jpg","contentUrl":"https:\/\/www.flexaust.com\/wp-content\/uploads\/2026\/05\/1744812150_flex-tubePE-IC_Angle1_3000x3000-3-scaled.jpg","width":2560,"height":2560},{"@type":"BreadcrumbList","@id":"https:\/\/www.flexaust.com\/product\/flex-tube-pe-ic\/#breadcrumb","itemListElement":[{"@type":"ListItem","position":1,"name":"Products","item":"https:\/\/www.flexaust.com\/product\/"},{"@type":"ListItem","position":2,"name":"Flex-Tube PE-IC"}]},{"@type":"WebSite","@id":"https:\/\/www.flexaust.com\/#website","url":"https:\/\/www.flexaust.com\/","name":"Flexaust","description":"Industrial Hose Manufacturer","potentialAction":[{"@type":"SearchAction","target":{"@type":"EntryPoint","urlTemplate":"https:\/\/www.flexaust.com\/?s={search_term_string}"},"query-input":{"@type":"PropertyValueSpecification","valueRequired":true,"valueName":"search_term_string"}}],"inLanguage":"es-ES"}]}},"_links":{"self":[{"href":"https:\/\/www.flexaust.com\/es\/wp-json\/wp\/v2\/product\/69642","targetHints":{"allow":["GET"]}}],"collection":[{"href":"https:\/\/www.flexaust.com\/es\/wp-json\/wp\/v2\/product"}],"about":[{"href":"https:\/\/www.flexaust.com\/es\/wp-json\/wp\/v2\/types\/product"}],"version-history":[{"count":1,"href":"https:\/\/www.flexaust.com\/es\/wp-json\/wp\/v2\/product\/69642\/revisions"}],"predecessor-version":[{"id":70982,"href":"https:\/\/www.flexaust.com\/es\/wp-json\/wp\/v2\/product\/69642\/revisions\/70982"}],"wp:featuredmedia":[{"embeddable":true,"href":"https:\/\/www.flexaust.com\/es\/wp-json\/wp\/v2\/media\/80972"}],"wp:attachment":[{"href":"https:\/\/www.flexaust.com\/es\/wp-json\/wp\/v2\/media?parent=69642"}],"wp:term":[{"taxonomy":"coupling-type","embeddable":true,"href":"https:\/\/www.flexaust.com\/es\/wp-json\/wp\/v2\/coupling-type?post=69642"},{"taxonomy":"cuff-type","embeddable":true,"href":"https:\/\/www.flexaust.com\/es\/wp-json\/wp\/v2\/cuff-type?post=69642"},{"taxonomy":"fits-connection","embeddable":true,"href":"https:\/\/www.flexaust.com\/es\/wp-json\/wp\/v2\/fits-connection?post=69642"},{"taxonomy":"fits-hose-id","embeddable":true,"href":"https:\/\/www.flexaust.com\/es\/wp-json\/wp\/v2\/fits-hose-id?post=69642"},{"taxonomy":"high-temperature","embeddable":true,"href":"https:\/\/www.flexaust.com\/es\/wp-json\/wp\/v2\/high-temperature?post=69642"},{"taxonomy":"hose-type","embeddable":true,"href":"https:\/\/www.flexaust.com\/es\/wp-json\/wp\/v2\/hose-type?post=69642"},{"taxonomy":"industrial-icon","embeddable":true,"href":"https:\/\/www.flexaust.com\/es\/wp-json\/wp\/v2\/industrial-icon?post=69642"},{"taxonomy":"inside-diameter","embeddable":true,"href":"https:\/\/www.flexaust.com\/es\/wp-json\/wp\/v2\/inside-diameter?post=69642"},{"taxonomy":"low-temperature","embeddable":true,"href":"https:\/\/www.flexaust.com\/es\/wp-json\/wp\/v2\/low-temperature?post=69642"},{"taxonomy":"max-inside-diameter","embeddable":true,"href":"https:\/\/www.flexaust.com\/es\/wp-json\/wp\/v2\/max-inside-diameter?post=69642"},{"taxonomy":"min-inside-diameter","embeddable":true,"href":"https:\/\/www.flexaust.com\/es\/wp-json\/wp\/v2\/min-inside-diameter?post=69642"},{"taxonomy":"neck-size","embeddable":true,"href":"https:\/\/www.flexaust.com\/es\/wp-json\/wp\/v2\/neck-size?post=69642"},{"taxonomy":"product-feature","embeddable":true,"href":"https:\/\/www.flexaust.com\/es\/wp-json\/wp\/v2\/product-feature?post=69642"},{"taxonomy":"product-length","embeddable":true,"href":"https:\/\/www.flexaust.com\/es\/wp-json\/wp\/v2\/product-length?post=69642"},{"taxonomy":"product-rating","embeddable":true,"href":"https:\/\/www.flexaust.com\/es\/wp-json\/wp\/v2\/product-rating?post=69642"},{"taxonomy":"product-temperature-range","embeddable":true,"href":"https:\/\/www.flexaust.com\/es\/wp-json\/wp\/v2\/product-temperature-range?post=69642"}],"curies":[{"name":"wp","href":"https:\/\/api.w.org\/{rel}","templated":true}]}}