 {"id":55468,"date":"2025-12-31T10:54:03","date_gmt":"2025-12-31T15:54:03","guid":{"rendered":"https:\/\/www.flexaust.com\/product\/flex-tube-vr-u-2\/"},"modified":"2026-05-11T10:07:01","modified_gmt":"2026-05-11T14:07:01","slug":"flex-tube-vr-u-2","status":"publish","type":"product","link":"https:\/\/www.flexaust.com\/es\/producto\/flex-tube-vr-u-2\/","title":{"rendered":"Flex-Tube VR-U"},"content":{"rendered":"<p>Manguera de poliuretano resistente a la radiaci\u00f3n ultravioleta disipadora de est\u00e1tica especialmente formulada, reforzada con una h\u00e9lice de PVC externa r\u00edgida resistente a los rayos UV y un cable de conexi\u00f3n a tierra trenzado de cobre incrustado.<\/p>\n","protected":false},"excerpt":{"rendered":"<p>Manguera de poliuretano resistente a la radiaci\u00f3n ultravioleta disipadora de est\u00e1tica especialmente formulada, reforzada con una h\u00e9lice de PVC externa r\u00edgida resistente a los rayos UV y un cable de conexi\u00f3n a tierra trenzado de cobre incrustado.<\/p>\n","protected":false},"author":0,"featured_media":81029,"menu_order":520,"template":"","meta":{"_acf_changed":false,"content-type":"","inline_featured_image":false,"footnotes":"","_links_to":"","_links_to_target":""},"coupling-type":[],"cuff-type":[],"fits-connection":[],"fits-hose-id":[],"high-temperature":[3520],"hose-type":[],"industrial-icon":[3671],"inside-diameter":[3589,3593,3594,3587],"low-temperature":[3524],"max-inside-diameter":[3543],"min-inside-diameter":[3532],"neck-size":[],"product-feature":[],"product-length":[3586],"product-rating":[3172],"product-temperature-range":[3328],"class_list":["post-55468","product","type-product","status-publish","has-post-thumbnail","hentry","high-temperature-3520","industrial-icon-all-plastic","inside-diameter-3589","inside-diameter-2-5","inside-diameter-3594","inside-diameter-3587","low-temperature-3524","max-inside-diameter-3543","min-inside-diameter-3532","product-length-100-2","product-rating-f","product-temperature-range-low-40f-high-160f","product-line-flex-tube-all-plastic-lawn-and-leaf-vac-hose","product-line-flex-tube-es","ind-hose-market-recuperacion-de-vapor","ind-hose-market-recuperacion-de-vapor-de-gasolina-es","product_material-poliuretano","group-hoses-and-accessories","group-mangueras-y-accesorios","group-mangueras-industriales"],"acf":[],"_links":{"self":[{"href":"https:\/\/www.flexaust.com\/es\/wp-json\/wp\/v2\/product\/55468","targetHints":{"allow":["GET"]}}],"collection":[{"href":"https:\/\/www.flexaust.com\/es\/wp-json\/wp\/v2\/product"}],"about":[{"href":"https:\/\/www.flexaust.com\/es\/wp-json\/wp\/v2\/types\/product"}],"version-history":[{"count":1,"href":"https:\/\/www.flexaust.com\/es\/wp-json\/wp\/v2\/product\/55468\/revisions"}],"predecessor-version":[{"id":70994,"href":"https:\/\/www.flexaust.com\/es\/wp-json\/wp\/v2\/product\/55468\/revisions\/70994"}],"wp:featuredmedia":[{"embeddable":true,"href":"https:\/\/www.flexaust.com\/es\/wp-json\/wp\/v2\/media\/81029"}],"wp:attachment":[{"href":"https:\/\/www.flexaust.com\/es\/wp-json\/wp\/v2\/media?parent=55468"}],"wp:term":[{"taxonomy":"coupling-type","embeddable":true,"href":"https:\/\/www.flexaust.com\/es\/wp-json\/wp\/v2\/coupling-type?post=55468"},{"taxonomy":"cuff-type","embeddable":true,"href":"https:\/\/www.flexaust.com\/es\/wp-json\/wp\/v2\/cuff-type?post=55468"},{"taxonomy":"fits-connection","embeddable":true,"href":"https:\/\/www.flexaust.com\/es\/wp-json\/wp\/v2\/fits-connection?post=55468"},{"taxonomy":"fits-hose-id","embeddable":true,"href":"https:\/\/www.flexaust.com\/es\/wp-json\/wp\/v2\/fits-hose-id?post=55468"},{"taxonomy":"high-temperature","embeddable":true,"href":"https:\/\/www.flexaust.com\/es\/wp-json\/wp\/v2\/high-temperature?post=55468"},{"taxonomy":"hose-type","embeddable":true,"href":"https:\/\/www.flexaust.com\/es\/wp-json\/wp\/v2\/hose-type?post=55468"},{"taxonomy":"industrial-icon","embeddable":true,"href":"https:\/\/www.flexaust.com\/es\/wp-json\/wp\/v2\/industrial-icon?post=55468"},{"taxonomy":"inside-diameter","embeddable":true,"href":"https:\/\/www.flexaust.com\/es\/wp-json\/wp\/v2\/inside-diameter?post=55468"},{"taxonomy":"low-temperature","embeddable":true,"href":"https:\/\/www.flexaust.com\/es\/wp-json\/wp\/v2\/low-temperature?post=55468"},{"taxonomy":"max-inside-diameter","embeddable":true,"href":"https:\/\/www.flexaust.com\/es\/wp-json\/wp\/v2\/max-inside-diameter?post=55468"},{"taxonomy":"min-inside-diameter","embeddable":true,"href":"https:\/\/www.flexaust.com\/es\/wp-json\/wp\/v2\/min-inside-diameter?post=55468"},{"taxonomy":"neck-size","embeddable":true,"href":"https:\/\/www.flexaust.com\/es\/wp-json\/wp\/v2\/neck-size?post=55468"},{"taxonomy":"product-feature","embeddable":true,"href":"https:\/\/www.flexaust.com\/es\/wp-json\/wp\/v2\/product-feature?post=55468"},{"taxonomy":"product-length","embeddable":true,"href":"https:\/\/www.flexaust.com\/es\/wp-json\/wp\/v2\/product-length?post=55468"},{"taxonomy":"product-rating","embeddable":true,"href":"https:\/\/www.flexaust.com\/es\/wp-json\/wp\/v2\/product-rating?post=55468"},{"taxonomy":"product-temperature-range","embeddable":true,"href":"https:\/\/www.flexaust.com\/es\/wp-json\/wp\/v2\/product-temperature-range?post=55468"}],"curies":[{"name":"wp","href":"https:\/\/api.w.org\/{rel}","templated":true}]}}