 {"id":55438,"date":"2025-12-31T10:39:06","date_gmt":"2025-12-31T15:39:06","guid":{"rendered":"https:\/\/www.flexaust.com\/product\/flex-tube-pu-60-hf-2\/"},"modified":"2026-05-11T10:04:17","modified_gmt":"2026-05-11T14:04:17","slug":"flex-tube-pu-60-hf-2","status":"publish","type":"product","link":"https:\/\/www.flexaust.com\/es\/producto\/flex-tube-pu-60-hf-2\/","title":{"rendered":"Flex-Tube PU 60 HF"},"content":{"rendered":"<p>Peso de la manguera muy flexible muy pesado clara poliuretano termopl\u00e1stico con un azul h\u00e9lice ABS externa r\u00edgida.<\/p>\n","protected":false},"excerpt":{"rendered":"<p>Peso de la manguera muy flexible muy pesado clara poliuretano termopl\u00e1stico con un azul h\u00e9lice ABS externa r\u00edgida.<\/p>\n","protected":false},"author":0,"featured_media":80988,"menu_order":531,"template":"","meta":{"_acf_changed":false,"content-type":"","inline_featured_image":false,"footnotes":"","_links_to":"","_links_to_target":""},"coupling-type":[],"cuff-type":[],"fits-connection":[],"fits-hose-id":[],"high-temperature":[3563],"hose-type":[],"industrial-icon":[3671,3674],"inside-diameter":[3589,3593,3594,3595,3587,3597,3599,3600,3601],"low-temperature":[3524],"max-inside-diameter":[3565],"min-inside-diameter":[3532],"neck-size":[],"product-feature":[3313],"product-length":[3584,3585],"product-rating":[3174],"product-temperature-range":[3321],"class_list":["post-55438","product","type-product","status-publish","has-post-thumbnail","hentry","high-temperature-3563","industrial-icon-all-plastic","industrial-icon-vacuum","inside-diameter-3589","inside-diameter-2-5","inside-diameter-3594","inside-diameter-3-5","inside-diameter-3587","inside-diameter-3597","inside-diameter-3599","inside-diameter-3600","inside-diameter-3601","low-temperature-3524","max-inside-diameter-3565","min-inside-diameter-3532","product-feature-smooth-interior","product-length-25-2","product-length-50-2","product-rating-m","product-temperature-range-low-40-high-200","product-line-flex-tube-all-plastic-lawn-and-leaf-vac-hose","product-line-flex-tube-es","ind-hose-market-enrutadores-cnc","ind-hose-market-grano-vac","ind-hose-market-industrias-de-carpinteria-y-muebles","ind-hose-market-pulido-con-chorro-de-arena","ind-hose-market-pulverizados-y-a-granel","product_material-poliuretano","group-hoses-and-accessories","group-mangueras-y-accesorios","group-mangueras-industriales"],"acf":[],"_links":{"self":[{"href":"https:\/\/www.flexaust.com\/es\/wp-json\/wp\/v2\/product\/55438","targetHints":{"allow":["GET"]}}],"collection":[{"href":"https:\/\/www.flexaust.com\/es\/wp-json\/wp\/v2\/product"}],"about":[{"href":"https:\/\/www.flexaust.com\/es\/wp-json\/wp\/v2\/types\/product"}],"version-history":[{"count":1,"href":"https:\/\/www.flexaust.com\/es\/wp-json\/wp\/v2\/product\/55438\/revisions"}],"predecessor-version":[{"id":72325,"href":"https:\/\/www.flexaust.com\/es\/wp-json\/wp\/v2\/product\/55438\/revisions\/72325"}],"wp:featuredmedia":[{"embeddable":true,"href":"https:\/\/www.flexaust.com\/es\/wp-json\/wp\/v2\/media\/80988"}],"wp:attachment":[{"href":"https:\/\/www.flexaust.com\/es\/wp-json\/wp\/v2\/media?parent=55438"}],"wp:term":[{"taxonomy":"coupling-type","embeddable":true,"href":"https:\/\/www.flexaust.com\/es\/wp-json\/wp\/v2\/coupling-type?post=55438"},{"taxonomy":"cuff-type","embeddable":true,"href":"https:\/\/www.flexaust.com\/es\/wp-json\/wp\/v2\/cuff-type?post=55438"},{"taxonomy":"fits-connection","embeddable":true,"href":"https:\/\/www.flexaust.com\/es\/wp-json\/wp\/v2\/fits-connection?post=55438"},{"taxonomy":"fits-hose-id","embeddable":true,"href":"https:\/\/www.flexaust.com\/es\/wp-json\/wp\/v2\/fits-hose-id?post=55438"},{"taxonomy":"high-temperature","embeddable":true,"href":"https:\/\/www.flexaust.com\/es\/wp-json\/wp\/v2\/high-temperature?post=55438"},{"taxonomy":"hose-type","embeddable":true,"href":"https:\/\/www.flexaust.com\/es\/wp-json\/wp\/v2\/hose-type?post=55438"},{"taxonomy":"industrial-icon","embeddable":true,"href":"https:\/\/www.flexaust.com\/es\/wp-json\/wp\/v2\/industrial-icon?post=55438"},{"taxonomy":"inside-diameter","embeddable":true,"href":"https:\/\/www.flexaust.com\/es\/wp-json\/wp\/v2\/inside-diameter?post=55438"},{"taxonomy":"low-temperature","embeddable":true,"href":"https:\/\/www.flexaust.com\/es\/wp-json\/wp\/v2\/low-temperature?post=55438"},{"taxonomy":"max-inside-diameter","embeddable":true,"href":"https:\/\/www.flexaust.com\/es\/wp-json\/wp\/v2\/max-inside-diameter?post=55438"},{"taxonomy":"min-inside-diameter","embeddable":true,"href":"https:\/\/www.flexaust.com\/es\/wp-json\/wp\/v2\/min-inside-diameter?post=55438"},{"taxonomy":"neck-size","embeddable":true,"href":"https:\/\/www.flexaust.com\/es\/wp-json\/wp\/v2\/neck-size?post=55438"},{"taxonomy":"product-feature","embeddable":true,"href":"https:\/\/www.flexaust.com\/es\/wp-json\/wp\/v2\/product-feature?post=55438"},{"taxonomy":"product-length","embeddable":true,"href":"https:\/\/www.flexaust.com\/es\/wp-json\/wp\/v2\/product-length?post=55438"},{"taxonomy":"product-rating","embeddable":true,"href":"https:\/\/www.flexaust.com\/es\/wp-json\/wp\/v2\/product-rating?post=55438"},{"taxonomy":"product-temperature-range","embeddable":true,"href":"https:\/\/www.flexaust.com\/es\/wp-json\/wp\/v2\/product-temperature-range?post=55438"}],"curies":[{"name":"wp","href":"https:\/\/api.w.org\/{rel}","templated":true}]}}