 {"id":55426,"date":"2025-12-31T10:33:04","date_gmt":"2025-12-31T15:33:04","guid":{"rendered":"https:\/\/www.flexaust.com\/product\/flex-tube-pu-2\/"},"modified":"2026-05-11T10:02:53","modified_gmt":"2026-05-11T14:02:53","slug":"flex-tube-pu-2","status":"publish","type":"product","link":"https:\/\/www.flexaust.com\/es\/producto\/flex-tube-pu-2\/","title":{"rendered":"Flex-Tube PU"},"content":{"rendered":"<p>Manguera de poliuretano termopl\u00e1stico coextruido de peso medio con una h\u00e9lice externa r\u00edgida ABS.<\/p>\n","protected":false},"excerpt":{"rendered":"<p>Manguera de poliuretano termopl\u00e1stico coextruido de peso medio con una h\u00e9lice externa r\u00edgida ABS.<\/p>\n","protected":false},"author":0,"featured_media":80976,"menu_order":534,"template":"","meta":{"_acf_changed":false,"content-type":"","inline_featured_image":false,"footnotes":"","_links_to":"","_links_to_target":""},"coupling-type":[],"cuff-type":[],"fits-connection":[],"fits-hose-id":[],"high-temperature":[3563],"hose-type":[],"industrial-icon":[3671,3674],"inside-diameter":[3645,3588,3590,3625,3591,3646,3589,3593,3592,3594,3595,3587,3597,3599,3600,3601,3602,3603,3604],"low-temperature":[3524],"max-inside-diameter":[3529],"min-inside-diameter":[3564],"neck-size":[],"product-feature":[3313],"product-length":[3586,3584],"product-rating":[3173,3174],"product-temperature-range":[3321],"class_list":["post-55426","product","type-product","status-publish","has-post-thumbnail","hentry","high-temperature-3563","industrial-icon-all-plastic","industrial-icon-vacuum","inside-diameter-0-75","inside-diameter-3588","inside-diameter-1-5","inside-diameter-1-25","inside-diameter-1-75","inside-diameter-1-375","inside-diameter-3589","inside-diameter-2-5","inside-diameter-2-25","inside-diameter-3594","inside-diameter-3-5","inside-diameter-3587","inside-diameter-3597","inside-diameter-3599","inside-diameter-3600","inside-diameter-3601","inside-diameter-3602","inside-diameter-3603","inside-diameter-3604","low-temperature-3524","max-inside-diameter-3529","min-inside-diameter-0-75","product-feature-smooth-interior","product-length-100-2","product-length-25-2","product-rating-d","product-rating-m","product-temperature-range-low-40-high-200","product-line-flex-tube-all-plastic-lawn-and-leaf-vac-hose","product-line-flex-tube-es","ind-hose-market-agricultura","ind-hose-market-aspiradoras-industriales","ind-hose-market-disposicion-de-desechos-de-lavabos","ind-hose-market-industrias-de-carpinteria-y-muebles","ind-hose-market-la-sembradora","ind-hose-market-limpieza-de-suelos-de-hormigon","ind-hose-market-mantillo-de-soplado","ind-hose-market-polvo-de-silica","ind-hose-market-preparacion-de-la-superficie-de-recogida-de-polvo","ind-hose-market-recogida-del-algodon","ind-hose-market-recoleccion-de-pasto-y-hojas","ind-hose-market-resistencia-a-la-abrasion","ind-hose-market-transporte-de-granulos","product_material-poliuretano","group-hoses-and-accessories","group-mangueras-y-accesorios","group-mangueras-industriales"],"acf":[],"_links":{"self":[{"href":"https:\/\/www.flexaust.com\/es\/wp-json\/wp\/v2\/product\/55426","targetHints":{"allow":["GET"]}}],"collection":[{"href":"https:\/\/www.flexaust.com\/es\/wp-json\/wp\/v2\/product"}],"about":[{"href":"https:\/\/www.flexaust.com\/es\/wp-json\/wp\/v2\/types\/product"}],"version-history":[{"count":1,"href":"https:\/\/www.flexaust.com\/es\/wp-json\/wp\/v2\/product\/55426\/revisions"}],"predecessor-version":[{"id":71712,"href":"https:\/\/www.flexaust.com\/es\/wp-json\/wp\/v2\/product\/55426\/revisions\/71712"}],"wp:featuredmedia":[{"embeddable":true,"href":"https:\/\/www.flexaust.com\/es\/wp-json\/wp\/v2\/media\/80976"}],"wp:attachment":[{"href":"https:\/\/www.flexaust.com\/es\/wp-json\/wp\/v2\/media?parent=55426"}],"wp:term":[{"taxonomy":"coupling-type","embeddable":true,"href":"https:\/\/www.flexaust.com\/es\/wp-json\/wp\/v2\/coupling-type?post=55426"},{"taxonomy":"cuff-type","embeddable":true,"href":"https:\/\/www.flexaust.com\/es\/wp-json\/wp\/v2\/cuff-type?post=55426"},{"taxonomy":"fits-connection","embeddable":true,"href":"https:\/\/www.flexaust.com\/es\/wp-json\/wp\/v2\/fits-connection?post=55426"},{"taxonomy":"fits-hose-id","embeddable":true,"href":"https:\/\/www.flexaust.com\/es\/wp-json\/wp\/v2\/fits-hose-id?post=55426"},{"taxonomy":"high-temperature","embeddable":true,"href":"https:\/\/www.flexaust.com\/es\/wp-json\/wp\/v2\/high-temperature?post=55426"},{"taxonomy":"hose-type","embeddable":true,"href":"https:\/\/www.flexaust.com\/es\/wp-json\/wp\/v2\/hose-type?post=55426"},{"taxonomy":"industrial-icon","embeddable":true,"href":"https:\/\/www.flexaust.com\/es\/wp-json\/wp\/v2\/industrial-icon?post=55426"},{"taxonomy":"inside-diameter","embeddable":true,"href":"https:\/\/www.flexaust.com\/es\/wp-json\/wp\/v2\/inside-diameter?post=55426"},{"taxonomy":"low-temperature","embeddable":true,"href":"https:\/\/www.flexaust.com\/es\/wp-json\/wp\/v2\/low-temperature?post=55426"},{"taxonomy":"max-inside-diameter","embeddable":true,"href":"https:\/\/www.flexaust.com\/es\/wp-json\/wp\/v2\/max-inside-diameter?post=55426"},{"taxonomy":"min-inside-diameter","embeddable":true,"href":"https:\/\/www.flexaust.com\/es\/wp-json\/wp\/v2\/min-inside-diameter?post=55426"},{"taxonomy":"neck-size","embeddable":true,"href":"https:\/\/www.flexaust.com\/es\/wp-json\/wp\/v2\/neck-size?post=55426"},{"taxonomy":"product-feature","embeddable":true,"href":"https:\/\/www.flexaust.com\/es\/wp-json\/wp\/v2\/product-feature?post=55426"},{"taxonomy":"product-length","embeddable":true,"href":"https:\/\/www.flexaust.com\/es\/wp-json\/wp\/v2\/product-length?post=55426"},{"taxonomy":"product-rating","embeddable":true,"href":"https:\/\/www.flexaust.com\/es\/wp-json\/wp\/v2\/product-rating?post=55426"},{"taxonomy":"product-temperature-range","embeddable":true,"href":"https:\/\/www.flexaust.com\/es\/wp-json\/wp\/v2\/product-temperature-range?post=55426"}],"curies":[{"name":"wp","href":"https:\/\/api.w.org\/{rel}","templated":true}]}}