{"id":52409,"date":"2025-12-11T16:15:44","date_gmt":"2025-12-11T21:15:44","guid":{"rendered":"http:\/\/www.flexaust.com\/?post_type=product&#038;p=52409"},"modified":"2025-12-16T14:17:47","modified_gmt":"2025-12-16T19:17:47","slug":"mgu-sd-fc","status":"publish","type":"product","link":"https:\/\/www.flexaust.com\/es\/producto\/mgu-sd-fc\/","title":{"rendered":"MGU-SD-FC"},"content":{"rendered":"<p>Manguera de poliuretano disipativo est\u00e1tico a base de \u00e9ter reforzada con una h\u00e9lice de alambre de acero con resorte recubierta de \u00e9ter TPU.<\/p>\n","protected":false},"excerpt":{"rendered":"<p>Manguera de poliuretano disipativo est\u00e1tico a base de \u00e9ter reforzada con una h\u00e9lice de alambre de acero con resorte recubierta de \u00e9ter TPU.<\/p>\n","protected":false},"author":4,"featured_media":52484,"menu_order":0,"template":"","meta":{"_acf_changed":false,"content-type":"","inline_featured_image":false,"footnotes":"","_links_to":"","_links_to_target":""},"class_list":["post-52409","product","type-product","status-publish","has-post-thumbnail","hentry","product-line-dayflex-es","ind-hose-market-control-de-estatica","ind-hose-market-extraccion-de-pintura-atomizada","ind-hose-market-fundidoras","ind-hose-market-grado-alimenticio","ind-hose-market-limpieza-de-suelos-de-hormigon","ind-hose-market-polvo-de-silica","ind-hose-market-preparacion-de-la-superficie-de-recogida-de-polvo","ind-hose-market-recintos-limpios","product_material-poliuretano","group-mangueras-y-accesorios","group-mangueras-industriales"],"acf":[],"yoast_head":"<!-- This site is optimized with the Yoast SEO plugin v27.5 - https:\/\/yoast.com\/product\/yoast-seo-wordpress\/ -->\n<title>MGU-SD-FC - Flexaust<\/title>\n<meta name=\"description\" content=\"Check out the MGU-SD-FC product from Flexaust - A leading hose manufacturer offering flexible hose, ducting, and accessories\" \/>\n<meta name=\"robots\" content=\"index, follow, max-snippet:-1, max-image-preview:large, max-video-preview:-1\" \/>\n<link rel=\"canonical\" href=\"https:\/\/www.flexaust.com\/es\/producto\/mgu-sd-fc\/\" \/>\n<meta name=\"twitter:label1\" content=\"Tiempo de lectura\" \/>\n\t<meta name=\"twitter:data1\" content=\"1 minute\" \/>\n<script type=\"application\/ld+json\" class=\"yoast-schema-graph\">{\"@context\":\"https:\\\/\\\/schema.org\",\"@graph\":[{\"@type\":\"WebPage\",\"@id\":\"https:\\\/\\\/www.flexaust.com\\\/es\\\/producto\\\/mgu-sd-fc\\\/\",\"url\":\"https:\\\/\\\/www.flexaust.com\\\/es\\\/producto\\\/mgu-sd-fc\\\/\",\"name\":\"MGU-SD-FC - Flexaust\",\"isPartOf\":{\"@id\":\"https:\\\/\\\/www.flexaust.com\\\/#website\"},\"primaryImageOfPage\":{\"@id\":\"https:\\\/\\\/www.flexaust.com\\\/es\\\/producto\\\/mgu-sd-fc\\\/#primaryimage\"},\"image\":{\"@id\":\"https:\\\/\\\/www.flexaust.com\\\/es\\\/producto\\\/mgu-sd-fc\\\/#primaryimage\"},\"thumbnailUrl\":\"https:\\\/\\\/www.flexaust.com\\\/wp-content\\\/uploads\\\/2025\\\/12\\\/MG-U-SD-FC-800.png\",\"datePublished\":\"2025-12-11T21:15:44+00:00\",\"dateModified\":\"2025-12-16T19:17:47+00:00\",\"description\":\"Check out the MGU-SD-FC product from Flexaust - A leading hose manufacturer offering flexible hose, ducting, and accessories\",\"breadcrumb\":{\"@id\":\"https:\\\/\\\/www.flexaust.com\\\/es\\\/producto\\\/mgu-sd-fc\\\/#breadcrumb\"},\"inLanguage\":\"es-ES\",\"potentialAction\":[{\"@type\":\"ReadAction\",\"target\":[\"https:\\\/\\\/www.flexaust.com\\\/es\\\/producto\\\/mgu-sd-fc\\\/\"]}]},{\"@type\":\"ImageObject\",\"inLanguage\":\"es-ES\",\"@id\":\"https:\\\/\\\/www.flexaust.com\\\/es\\\/producto\\\/mgu-sd-fc\\\/#primaryimage\",\"url\":\"https:\\\/\\\/www.flexaust.com\\\/wp-content\\\/uploads\\\/2025\\\/12\\\/MG-U-SD-FC-800.png\",\"contentUrl\":\"https:\\\/\\\/www.flexaust.com\\\/wp-content\\\/uploads\\\/2025\\\/12\\\/MG-U-SD-FC-800.png\",\"width\":800,\"height\":802},{\"@type\":\"BreadcrumbList\",\"@id\":\"https:\\\/\\\/www.flexaust.com\\\/es\\\/producto\\\/mgu-sd-fc\\\/#breadcrumb\",\"itemListElement\":[{\"@type\":\"ListItem\",\"position\":1,\"name\":\"Products\",\"item\":\"https:\\\/\\\/www.flexaust.com\\\/product\\\/\"},{\"@type\":\"ListItem\",\"position\":2,\"name\":\"MGU-SD-FC\"}]},{\"@type\":\"WebSite\",\"@id\":\"https:\\\/\\\/www.flexaust.com\\\/#website\",\"url\":\"https:\\\/\\\/www.flexaust.com\\\/\",\"name\":\"Flexaust\",\"description\":\"Industrial Hose Manufacturer\",\"potentialAction\":[{\"@type\":\"SearchAction\",\"target\":{\"@type\":\"EntryPoint\",\"urlTemplate\":\"https:\\\/\\\/www.flexaust.com\\\/?s={search_term_string}\"},\"query-input\":{\"@type\":\"PropertyValueSpecification\",\"valueRequired\":true,\"valueName\":\"search_term_string\"}}],\"inLanguage\":\"es-ES\"}]}<\/script>\n<!-- \/ Yoast SEO plugin. -->","yoast_head_json":{"title":"MGU-SD-FC - Flexaust","description":"Check out the MGU-SD-FC product from Flexaust - A leading hose manufacturer offering flexible hose, ducting, and accessories","robots":{"index":"index","follow":"follow","max-snippet":"max-snippet:-1","max-image-preview":"max-image-preview:large","max-video-preview":"max-video-preview:-1"},"canonical":"https:\/\/www.flexaust.com\/es\/producto\/mgu-sd-fc\/","twitter_misc":{"Tiempo de lectura":"1 minute"},"schema":{"@context":"https:\/\/schema.org","@graph":[{"@type":"WebPage","@id":"https:\/\/www.flexaust.com\/es\/producto\/mgu-sd-fc\/","url":"https:\/\/www.flexaust.com\/es\/producto\/mgu-sd-fc\/","name":"MGU-SD-FC - Flexaust","isPartOf":{"@id":"https:\/\/www.flexaust.com\/#website"},"primaryImageOfPage":{"@id":"https:\/\/www.flexaust.com\/es\/producto\/mgu-sd-fc\/#primaryimage"},"image":{"@id":"https:\/\/www.flexaust.com\/es\/producto\/mgu-sd-fc\/#primaryimage"},"thumbnailUrl":"https:\/\/www.flexaust.com\/wp-content\/uploads\/2025\/12\/MG-U-SD-FC-800.png","datePublished":"2025-12-11T21:15:44+00:00","dateModified":"2025-12-16T19:17:47+00:00","description":"Check out the MGU-SD-FC product from Flexaust - A leading hose manufacturer offering flexible hose, ducting, and accessories","breadcrumb":{"@id":"https:\/\/www.flexaust.com\/es\/producto\/mgu-sd-fc\/#breadcrumb"},"inLanguage":"es-ES","potentialAction":[{"@type":"ReadAction","target":["https:\/\/www.flexaust.com\/es\/producto\/mgu-sd-fc\/"]}]},{"@type":"ImageObject","inLanguage":"es-ES","@id":"https:\/\/www.flexaust.com\/es\/producto\/mgu-sd-fc\/#primaryimage","url":"https:\/\/www.flexaust.com\/wp-content\/uploads\/2025\/12\/MG-U-SD-FC-800.png","contentUrl":"https:\/\/www.flexaust.com\/wp-content\/uploads\/2025\/12\/MG-U-SD-FC-800.png","width":800,"height":802},{"@type":"BreadcrumbList","@id":"https:\/\/www.flexaust.com\/es\/producto\/mgu-sd-fc\/#breadcrumb","itemListElement":[{"@type":"ListItem","position":1,"name":"Products","item":"https:\/\/www.flexaust.com\/product\/"},{"@type":"ListItem","position":2,"name":"MGU-SD-FC"}]},{"@type":"WebSite","@id":"https:\/\/www.flexaust.com\/#website","url":"https:\/\/www.flexaust.com\/","name":"Flexaust","description":"Industrial Hose Manufacturer","potentialAction":[{"@type":"SearchAction","target":{"@type":"EntryPoint","urlTemplate":"https:\/\/www.flexaust.com\/?s={search_term_string}"},"query-input":{"@type":"PropertyValueSpecification","valueRequired":true,"valueName":"search_term_string"}}],"inLanguage":"es-ES"}]}},"_links":{"self":[{"href":"https:\/\/www.flexaust.com\/es\/wp-json\/wp\/v2\/product\/52409","targetHints":{"allow":["GET"]}}],"collection":[{"href":"https:\/\/www.flexaust.com\/es\/wp-json\/wp\/v2\/product"}],"about":[{"href":"https:\/\/www.flexaust.com\/es\/wp-json\/wp\/v2\/types\/product"}],"author":[{"embeddable":true,"href":"https:\/\/www.flexaust.com\/es\/wp-json\/wp\/v2\/users\/4"}],"version-history":[{"count":8,"href":"https:\/\/www.flexaust.com\/es\/wp-json\/wp\/v2\/product\/52409\/revisions"}],"predecessor-version":[{"id":52429,"href":"https:\/\/www.flexaust.com\/es\/wp-json\/wp\/v2\/product\/52409\/revisions\/52429"}],"wp:featuredmedia":[{"embeddable":true,"href":"https:\/\/www.flexaust.com\/es\/wp-json\/wp\/v2\/media\/52484"}],"wp:attachment":[{"href":"https:\/\/www.flexaust.com\/es\/wp-json\/wp\/v2\/media?parent=52409"}],"curies":[{"name":"wp","href":"https:\/\/api.w.org\/{rel}","templated":true}]}}