{"id":48223,"date":"2023-03-24T15:56:49","date_gmt":"2023-03-24T19:56:49","guid":{"rendered":"http:\/\/www.flexaust.com\/product\/fabric-90-connectors\/"},"modified":"2023-04-28T14:54:35","modified_gmt":"2023-04-28T18:54:35","slug":"fabric-90-connectors","status":"publish","type":"product","link":"https:\/\/www.flexaust.com\/es\/producto\/fabric-90-connectors\/","title":{"rendered":"Conectores de Tela de 90\u00b0"},"content":{"rendered":"<ul>\n<li>Disponibles para las mangueras Springflex\u00ae FX<\/li>\n<li>Disponible en tejido de poli\u00e9ster blanco recubierto de vinilo de PVC de una sola capa de alta resistencia para la l\u00ednea de mangueras FX-180<\/li>\n<li>Disponible en tejido de poli\u00e9ster negro recubierto de poliuretano de una sola capa de alta resistencia para la l\u00ednea de mangueras FX-400<\/li>\n<\/ul>\n<p>&nbsp;<\/p>\n<p>&nbsp;<\/p>\n","protected":false},"excerpt":{"rendered":"<p>Disponibles para las mangueras Springflex\u00ae FX Disponible en tejido de poli\u00e9ster blanco recubierto de vinilo de PVC de una sola capa de alta resistencia para la l\u00ednea de mangueras FX-180 Disponible en tejido de poli\u00e9ster negro recubierto de poliuretano de una sola capa de alta resistencia para la l\u00ednea de mangueras FX-400 &nbsp; &nbsp;<\/p>\n","protected":false},"author":4,"featured_media":47917,"menu_order":0,"template":"","meta":{"_acf_changed":false,"content-type":"","inline_featured_image":false,"footnotes":"","_links_to":"","_links_to_target":""},"class_list":["post-48223","product","type-product","status-publish","has-post-thumbnail","hentry","product_material-tela-recubierta","group-mangueras-y-accesorios","group-accesorios-industriales-de-mangueras"],"acf":[],"yoast_head":"<!-- This site is optimized with the Yoast SEO plugin v27.4 - https:\/\/yoast.com\/product\/yoast-seo-wordpress\/ -->\n<title>Conectores de Tela de 90\u00b0 - Flexaust<\/title>\n<meta name=\"description\" content=\"Check out the Conectores de Tela de 90\u00b0 product from Flexaust - A leading hose manufacturer offering flexible hose, ducting, and accessories\" \/>\n<meta name=\"robots\" content=\"index, follow, max-snippet:-1, max-image-preview:large, max-video-preview:-1\" \/>\n<link rel=\"canonical\" href=\"https:\/\/www.flexaust.com\/es\/producto\/fabric-90-connectors\/\" \/>\n<script type=\"application\/ld+json\" class=\"yoast-schema-graph\">{\"@context\":\"https:\\\/\\\/schema.org\",\"@graph\":[{\"@type\":\"WebPage\",\"@id\":\"https:\\\/\\\/www.flexaust.com\\\/es\\\/producto\\\/fabric-90-connectors\\\/\",\"url\":\"https:\\\/\\\/www.flexaust.com\\\/es\\\/producto\\\/fabric-90-connectors\\\/\",\"name\":\"Conectores de Tela de 90\u00b0 - Flexaust\",\"isPartOf\":{\"@id\":\"https:\\\/\\\/www.flexaust.com\\\/#website\"},\"primaryImageOfPage\":{\"@id\":\"https:\\\/\\\/www.flexaust.com\\\/es\\\/producto\\\/fabric-90-connectors\\\/#primaryimage\"},\"image\":{\"@id\":\"https:\\\/\\\/www.flexaust.com\\\/es\\\/producto\\\/fabric-90-connectors\\\/#primaryimage\"},\"thumbnailUrl\":\"https:\\\/\\\/www.flexaust.com\\\/wp-content\\\/uploads\\\/2023\\\/03\\\/Fabric-90-Connector.png\",\"datePublished\":\"2023-03-24T19:56:49+00:00\",\"dateModified\":\"2023-04-28T18:54:35+00:00\",\"description\":\"Check out the Conectores de Tela de 90\u00b0 product from Flexaust - A leading hose manufacturer offering flexible hose, ducting, and accessories\",\"breadcrumb\":{\"@id\":\"https:\\\/\\\/www.flexaust.com\\\/es\\\/producto\\\/fabric-90-connectors\\\/#breadcrumb\"},\"inLanguage\":\"es-ES\",\"potentialAction\":[{\"@type\":\"ReadAction\",\"target\":[\"https:\\\/\\\/www.flexaust.com\\\/es\\\/producto\\\/fabric-90-connectors\\\/\"]}]},{\"@type\":\"ImageObject\",\"inLanguage\":\"es-ES\",\"@id\":\"https:\\\/\\\/www.flexaust.com\\\/es\\\/producto\\\/fabric-90-connectors\\\/#primaryimage\",\"url\":\"https:\\\/\\\/www.flexaust.com\\\/wp-content\\\/uploads\\\/2023\\\/03\\\/Fabric-90-Connector.png\",\"contentUrl\":\"https:\\\/\\\/www.flexaust.com\\\/wp-content\\\/uploads\\\/2023\\\/03\\\/Fabric-90-Connector.png\",\"width\":800,\"height\":756},{\"@type\":\"BreadcrumbList\",\"@id\":\"https:\\\/\\\/www.flexaust.com\\\/es\\\/producto\\\/fabric-90-connectors\\\/#breadcrumb\",\"itemListElement\":[{\"@type\":\"ListItem\",\"position\":1,\"name\":\"Products\",\"item\":\"https:\\\/\\\/www.flexaust.com\\\/product\\\/\"},{\"@type\":\"ListItem\",\"position\":2,\"name\":\"Conectores de Tela de 90\u00b0\"}]},{\"@type\":\"WebSite\",\"@id\":\"https:\\\/\\\/www.flexaust.com\\\/#website\",\"url\":\"https:\\\/\\\/www.flexaust.com\\\/\",\"name\":\"Flexaust\",\"description\":\"Industrial Hose Manufacturer\",\"potentialAction\":[{\"@type\":\"SearchAction\",\"target\":{\"@type\":\"EntryPoint\",\"urlTemplate\":\"https:\\\/\\\/www.flexaust.com\\\/?s={search_term_string}\"},\"query-input\":{\"@type\":\"PropertyValueSpecification\",\"valueRequired\":true,\"valueName\":\"search_term_string\"}}],\"inLanguage\":\"es-ES\"}]}<\/script>\n<!-- \/ Yoast SEO plugin. -->","yoast_head_json":{"title":"Conectores de Tela de 90\u00b0 - Flexaust","description":"Check out the Conectores de Tela de 90\u00b0 product from Flexaust - A leading hose manufacturer offering flexible hose, ducting, and accessories","robots":{"index":"index","follow":"follow","max-snippet":"max-snippet:-1","max-image-preview":"max-image-preview:large","max-video-preview":"max-video-preview:-1"},"canonical":"https:\/\/www.flexaust.com\/es\/producto\/fabric-90-connectors\/","schema":{"@context":"https:\/\/schema.org","@graph":[{"@type":"WebPage","@id":"https:\/\/www.flexaust.com\/es\/producto\/fabric-90-connectors\/","url":"https:\/\/www.flexaust.com\/es\/producto\/fabric-90-connectors\/","name":"Conectores de Tela de 90\u00b0 - Flexaust","isPartOf":{"@id":"https:\/\/www.flexaust.com\/#website"},"primaryImageOfPage":{"@id":"https:\/\/www.flexaust.com\/es\/producto\/fabric-90-connectors\/#primaryimage"},"image":{"@id":"https:\/\/www.flexaust.com\/es\/producto\/fabric-90-connectors\/#primaryimage"},"thumbnailUrl":"https:\/\/www.flexaust.com\/wp-content\/uploads\/2023\/03\/Fabric-90-Connector.png","datePublished":"2023-03-24T19:56:49+00:00","dateModified":"2023-04-28T18:54:35+00:00","description":"Check out the Conectores de Tela de 90\u00b0 product from Flexaust - A leading hose manufacturer offering flexible hose, ducting, and accessories","breadcrumb":{"@id":"https:\/\/www.flexaust.com\/es\/producto\/fabric-90-connectors\/#breadcrumb"},"inLanguage":"es-ES","potentialAction":[{"@type":"ReadAction","target":["https:\/\/www.flexaust.com\/es\/producto\/fabric-90-connectors\/"]}]},{"@type":"ImageObject","inLanguage":"es-ES","@id":"https:\/\/www.flexaust.com\/es\/producto\/fabric-90-connectors\/#primaryimage","url":"https:\/\/www.flexaust.com\/wp-content\/uploads\/2023\/03\/Fabric-90-Connector.png","contentUrl":"https:\/\/www.flexaust.com\/wp-content\/uploads\/2023\/03\/Fabric-90-Connector.png","width":800,"height":756},{"@type":"BreadcrumbList","@id":"https:\/\/www.flexaust.com\/es\/producto\/fabric-90-connectors\/#breadcrumb","itemListElement":[{"@type":"ListItem","position":1,"name":"Products","item":"https:\/\/www.flexaust.com\/product\/"},{"@type":"ListItem","position":2,"name":"Conectores de Tela de 90\u00b0"}]},{"@type":"WebSite","@id":"https:\/\/www.flexaust.com\/#website","url":"https:\/\/www.flexaust.com\/","name":"Flexaust","description":"Industrial Hose Manufacturer","potentialAction":[{"@type":"SearchAction","target":{"@type":"EntryPoint","urlTemplate":"https:\/\/www.flexaust.com\/?s={search_term_string}"},"query-input":{"@type":"PropertyValueSpecification","valueRequired":true,"valueName":"search_term_string"}}],"inLanguage":"es-ES"}]}},"_links":{"self":[{"href":"https:\/\/www.flexaust.com\/es\/wp-json\/wp\/v2\/product\/48223","targetHints":{"allow":["GET"]}}],"collection":[{"href":"https:\/\/www.flexaust.com\/es\/wp-json\/wp\/v2\/product"}],"about":[{"href":"https:\/\/www.flexaust.com\/es\/wp-json\/wp\/v2\/types\/product"}],"author":[{"embeddable":true,"href":"https:\/\/www.flexaust.com\/es\/wp-json\/wp\/v2\/users\/4"}],"version-history":[{"count":0,"href":"https:\/\/www.flexaust.com\/es\/wp-json\/wp\/v2\/product\/48223\/revisions"}],"wp:featuredmedia":[{"embeddable":true,"href":"https:\/\/www.flexaust.com\/es\/wp-json\/wp\/v2\/media\/47917"}],"wp:attachment":[{"href":"https:\/\/www.flexaust.com\/es\/wp-json\/wp\/v2\/media?parent=48223"}],"curies":[{"name":"wp","href":"https:\/\/api.w.org\/{rel}","templated":true}]}}