{"id":48210,"date":"2023-03-31T13:47:57","date_gmt":"2023-03-31T17:47:57","guid":{"rendered":"http:\/\/www.flexaust.com\/product\/fx-standard-enclosed-belted-cuff\/"},"modified":"2025-09-10T06:43:25","modified_gmt":"2025-09-10T10:43:25","slug":"fx-standard-enclosed-belted-cuff","status":"publish","type":"product","link":"https:\/\/www.flexaust.com\/es\/producto\/fx-standard-enclosed-belted-cuff\/","title":{"rendered":"FX Terminal de Conexi\u00f3n Ce\u00f1ida Est\u00e1ndar o Cerrada"},"content":{"rendered":"<p>\u2022 Disponible para las mangueras Springflex\u00ae FX<br \/>\n\u2022 Para la sujeci\u00f3n r\u00e1pida en sopladores port\u00e1tiles<br \/>\n\u2022 La cincha se ci\u00f1e alrededor de la cubierta para crear un agarre fijo<\/p>\n","protected":false},"excerpt":{"rendered":"<p>\u2022 Disponible para las mangueras Springflex\u00ae FX \u2022 Para la sujeci\u00f3n r\u00e1pida en sopladores port\u00e1tiles \u2022 La cincha se ci\u00f1e alrededor de la cubierta para crear un agarre fijo<\/p>\n","protected":false},"author":4,"featured_media":47997,"menu_order":0,"template":"","meta":{"_acf_changed":false,"content-type":"","inline_featured_image":false,"footnotes":"","_links_to":"","_links_to_target":""},"class_list":["post-48210","product","type-product","status-publish","has-post-thumbnail","hentry","product_material-tela-recubierta","group-mangueras-y-accesorios","group-accesorios-industriales-de-mangueras"],"acf":[],"yoast_head":"<!-- This site is optimized with the Yoast SEO plugin v27.5 - https:\/\/yoast.com\/product\/yoast-seo-wordpress\/ -->\n<title>FX Terminal de Conexi\u00f3n Ce\u00f1ida Est\u00e1ndar o Cerrada - Flexaust<\/title>\n<meta name=\"description\" content=\"Check out the FX Terminal de Conexi\u00f3n Ce\u00f1ida Est\u00e1ndar o Cerrada product from Flexaust - A leading hose manufacturer offering flexible hose, ducting, and ac\" \/>\n<meta name=\"robots\" content=\"index, follow, max-snippet:-1, max-image-preview:large, max-video-preview:-1\" \/>\n<link rel=\"canonical\" href=\"https:\/\/www.flexaust.com\/es\/producto\/fx-standard-enclosed-belted-cuff\/\" \/>\n<meta name=\"twitter:label1\" content=\"Tiempo de lectura\" \/>\n\t<meta name=\"twitter:data1\" content=\"1 minute\" \/>\n<script type=\"application\/ld+json\" class=\"yoast-schema-graph\">{\"@context\":\"https:\\\/\\\/schema.org\",\"@graph\":[{\"@type\":\"WebPage\",\"@id\":\"https:\\\/\\\/www.flexaust.com\\\/es\\\/producto\\\/fx-standard-enclosed-belted-cuff\\\/\",\"url\":\"https:\\\/\\\/www.flexaust.com\\\/es\\\/producto\\\/fx-standard-enclosed-belted-cuff\\\/\",\"name\":\"FX Terminal de Conexi\u00f3n Ce\u00f1ida Est\u00e1ndar o Cerrada - Flexaust\",\"isPartOf\":{\"@id\":\"https:\\\/\\\/www.flexaust.com\\\/#website\"},\"primaryImageOfPage\":{\"@id\":\"https:\\\/\\\/www.flexaust.com\\\/es\\\/producto\\\/fx-standard-enclosed-belted-cuff\\\/#primaryimage\"},\"image\":{\"@id\":\"https:\\\/\\\/www.flexaust.com\\\/es\\\/producto\\\/fx-standard-enclosed-belted-cuff\\\/#primaryimage\"},\"thumbnailUrl\":\"https:\\\/\\\/www.flexaust.com\\\/wp-content\\\/uploads\\\/2023\\\/03\\\/FX-Standard-enclosed-belted-cuffs.png\",\"datePublished\":\"2023-03-31T17:47:57+00:00\",\"dateModified\":\"2025-09-10T10:43:25+00:00\",\"description\":\"Check out the FX Terminal de Conexi\u00f3n Ce\u00f1ida Est\u00e1ndar o Cerrada product from Flexaust - A leading hose manufacturer offering flexible hose, ducting, and ac\",\"breadcrumb\":{\"@id\":\"https:\\\/\\\/www.flexaust.com\\\/es\\\/producto\\\/fx-standard-enclosed-belted-cuff\\\/#breadcrumb\"},\"inLanguage\":\"es-ES\",\"potentialAction\":[{\"@type\":\"ReadAction\",\"target\":[\"https:\\\/\\\/www.flexaust.com\\\/es\\\/producto\\\/fx-standard-enclosed-belted-cuff\\\/\"]}]},{\"@type\":\"ImageObject\",\"inLanguage\":\"es-ES\",\"@id\":\"https:\\\/\\\/www.flexaust.com\\\/es\\\/producto\\\/fx-standard-enclosed-belted-cuff\\\/#primaryimage\",\"url\":\"https:\\\/\\\/www.flexaust.com\\\/wp-content\\\/uploads\\\/2023\\\/03\\\/FX-Standard-enclosed-belted-cuffs.png\",\"contentUrl\":\"https:\\\/\\\/www.flexaust.com\\\/wp-content\\\/uploads\\\/2023\\\/03\\\/FX-Standard-enclosed-belted-cuffs.png\",\"width\":800,\"height\":800},{\"@type\":\"BreadcrumbList\",\"@id\":\"https:\\\/\\\/www.flexaust.com\\\/es\\\/producto\\\/fx-standard-enclosed-belted-cuff\\\/#breadcrumb\",\"itemListElement\":[{\"@type\":\"ListItem\",\"position\":1,\"name\":\"Products\",\"item\":\"https:\\\/\\\/www.flexaust.com\\\/product\\\/\"},{\"@type\":\"ListItem\",\"position\":2,\"name\":\"FX Terminal de Conexi\u00f3n Ce\u00f1ida Est\u00e1ndar o Cerrada\"}]},{\"@type\":\"WebSite\",\"@id\":\"https:\\\/\\\/www.flexaust.com\\\/#website\",\"url\":\"https:\\\/\\\/www.flexaust.com\\\/\",\"name\":\"Flexaust\",\"description\":\"Industrial Hose Manufacturer\",\"potentialAction\":[{\"@type\":\"SearchAction\",\"target\":{\"@type\":\"EntryPoint\",\"urlTemplate\":\"https:\\\/\\\/www.flexaust.com\\\/?s={search_term_string}\"},\"query-input\":{\"@type\":\"PropertyValueSpecification\",\"valueRequired\":true,\"valueName\":\"search_term_string\"}}],\"inLanguage\":\"es-ES\"}]}<\/script>\n<!-- \/ Yoast SEO plugin. -->","yoast_head_json":{"title":"FX Terminal de Conexi\u00f3n Ce\u00f1ida Est\u00e1ndar o Cerrada - Flexaust","description":"Check out the FX Terminal de Conexi\u00f3n Ce\u00f1ida Est\u00e1ndar o Cerrada product from Flexaust - A leading hose manufacturer offering flexible hose, ducting, and ac","robots":{"index":"index","follow":"follow","max-snippet":"max-snippet:-1","max-image-preview":"max-image-preview:large","max-video-preview":"max-video-preview:-1"},"canonical":"https:\/\/www.flexaust.com\/es\/producto\/fx-standard-enclosed-belted-cuff\/","twitter_misc":{"Tiempo de lectura":"1 minute"},"schema":{"@context":"https:\/\/schema.org","@graph":[{"@type":"WebPage","@id":"https:\/\/www.flexaust.com\/es\/producto\/fx-standard-enclosed-belted-cuff\/","url":"https:\/\/www.flexaust.com\/es\/producto\/fx-standard-enclosed-belted-cuff\/","name":"FX Terminal de Conexi\u00f3n Ce\u00f1ida Est\u00e1ndar o Cerrada - Flexaust","isPartOf":{"@id":"https:\/\/www.flexaust.com\/#website"},"primaryImageOfPage":{"@id":"https:\/\/www.flexaust.com\/es\/producto\/fx-standard-enclosed-belted-cuff\/#primaryimage"},"image":{"@id":"https:\/\/www.flexaust.com\/es\/producto\/fx-standard-enclosed-belted-cuff\/#primaryimage"},"thumbnailUrl":"https:\/\/www.flexaust.com\/wp-content\/uploads\/2023\/03\/FX-Standard-enclosed-belted-cuffs.png","datePublished":"2023-03-31T17:47:57+00:00","dateModified":"2025-09-10T10:43:25+00:00","description":"Check out the FX Terminal de Conexi\u00f3n Ce\u00f1ida Est\u00e1ndar o Cerrada product from Flexaust - A leading hose manufacturer offering flexible hose, ducting, and ac","breadcrumb":{"@id":"https:\/\/www.flexaust.com\/es\/producto\/fx-standard-enclosed-belted-cuff\/#breadcrumb"},"inLanguage":"es-ES","potentialAction":[{"@type":"ReadAction","target":["https:\/\/www.flexaust.com\/es\/producto\/fx-standard-enclosed-belted-cuff\/"]}]},{"@type":"ImageObject","inLanguage":"es-ES","@id":"https:\/\/www.flexaust.com\/es\/producto\/fx-standard-enclosed-belted-cuff\/#primaryimage","url":"https:\/\/www.flexaust.com\/wp-content\/uploads\/2023\/03\/FX-Standard-enclosed-belted-cuffs.png","contentUrl":"https:\/\/www.flexaust.com\/wp-content\/uploads\/2023\/03\/FX-Standard-enclosed-belted-cuffs.png","width":800,"height":800},{"@type":"BreadcrumbList","@id":"https:\/\/www.flexaust.com\/es\/producto\/fx-standard-enclosed-belted-cuff\/#breadcrumb","itemListElement":[{"@type":"ListItem","position":1,"name":"Products","item":"https:\/\/www.flexaust.com\/product\/"},{"@type":"ListItem","position":2,"name":"FX Terminal de Conexi\u00f3n Ce\u00f1ida Est\u00e1ndar o Cerrada"}]},{"@type":"WebSite","@id":"https:\/\/www.flexaust.com\/#website","url":"https:\/\/www.flexaust.com\/","name":"Flexaust","description":"Industrial Hose Manufacturer","potentialAction":[{"@type":"SearchAction","target":{"@type":"EntryPoint","urlTemplate":"https:\/\/www.flexaust.com\/?s={search_term_string}"},"query-input":{"@type":"PropertyValueSpecification","valueRequired":true,"valueName":"search_term_string"}}],"inLanguage":"es-ES"}]}},"_links":{"self":[{"href":"https:\/\/www.flexaust.com\/es\/wp-json\/wp\/v2\/product\/48210","targetHints":{"allow":["GET"]}}],"collection":[{"href":"https:\/\/www.flexaust.com\/es\/wp-json\/wp\/v2\/product"}],"about":[{"href":"https:\/\/www.flexaust.com\/es\/wp-json\/wp\/v2\/types\/product"}],"author":[{"embeddable":true,"href":"https:\/\/www.flexaust.com\/es\/wp-json\/wp\/v2\/users\/4"}],"version-history":[{"count":1,"href":"https:\/\/www.flexaust.com\/es\/wp-json\/wp\/v2\/product\/48210\/revisions"}],"predecessor-version":[{"id":52032,"href":"https:\/\/www.flexaust.com\/es\/wp-json\/wp\/v2\/product\/48210\/revisions\/52032"}],"wp:featuredmedia":[{"embeddable":true,"href":"https:\/\/www.flexaust.com\/es\/wp-json\/wp\/v2\/media\/47997"}],"wp:attachment":[{"href":"https:\/\/www.flexaust.com\/es\/wp-json\/wp\/v2\/media?parent=48210"}],"curies":[{"name":"wp","href":"https:\/\/api.w.org\/{rel}","templated":true}]}}