{"id":46151,"date":"2022-05-20T13:55:18","date_gmt":"2022-05-20T17:55:18","guid":{"rendered":"http:\/\/www.flexaust.com\/product\/flex-tube-aluminum-male-camlock\/"},"modified":"2025-02-20T14:51:28","modified_gmt":"2025-02-20T19:51:28","slug":"flex-tube-aluminum-male-camlock","status":"publish","type":"product","link":"https:\/\/www.flexaust.com\/es\/producto\/flex-tube-aluminum-male-camlock\/","title":{"rendered":"Camlock Macho de Aluminio de Flex-Tube"},"content":{"rendered":"<ul>\n<li>Roscas en el extremo de las mangueras Flex-Tube<sup>\u00ae<\/sup> PU y Flex-Tube<sup>\u00ae<\/sup> PV<\/li>\n<li>Fabricado con aluminio ligero con una construcci\u00f3n de junta t\u00f3rica y bola<\/li>\n<li>Se enrosca directamente en la manguera, no es necesario engarzar ni encintar<\/li>\n<li>Disponible en tama\u00f1os de 4\u2033 y 5\u2033<\/li>\n<\/ul>\n","protected":false},"excerpt":{"rendered":"<p>Roscas en el extremo de las mangueras Flex-Tube\u00ae PU y Flex-Tube\u00ae PV Fabricado con aluminio ligero con una construcci\u00f3n de junta t\u00f3rica y bola Se enrosca directamente en la manguera, no es necesario engarzar ni encintar Disponible en tama\u00f1os de 4\u2033 y 5\u2033<\/p>\n","protected":false},"author":4,"featured_media":46116,"menu_order":0,"template":"","meta":{"_acf_changed":false,"content-type":"","inline_featured_image":false,"footnotes":"","_links_to":"","_links_to_target":""},"class_list":["post-46151","product","type-product","status-publish","has-post-thumbnail","hentry","product-line-flex-tube-es","ind-hose-market-mantillo-de-soplado","product_material-aluminio","group-mangueras-y-accesorios","group-accesorios-industriales-de-mangueras"],"acf":[],"yoast_head":"<!-- This site is optimized with the Yoast SEO plugin v27.4 - https:\/\/yoast.com\/product\/yoast-seo-wordpress\/ -->\n<title>Camlock Macho de Aluminio de Flex-Tube - Flexaust<\/title>\n<meta name=\"description\" content=\"Check out the Camlock Macho de Aluminio de Flex-Tube product from Flexaust - A leading hose manufacturer offering flexible hose, ducting, and accessories\" \/>\n<meta name=\"robots\" content=\"index, follow, max-snippet:-1, max-image-preview:large, max-video-preview:-1\" \/>\n<link rel=\"canonical\" href=\"https:\/\/www.flexaust.com\/es\/producto\/flex-tube-aluminum-male-camlock\/\" \/>\n<meta name=\"twitter:label1\" content=\"Tiempo de lectura\" \/>\n\t<meta name=\"twitter:data1\" content=\"1 minute\" \/>\n<script type=\"application\/ld+json\" class=\"yoast-schema-graph\">{\"@context\":\"https:\\\/\\\/schema.org\",\"@graph\":[{\"@type\":\"WebPage\",\"@id\":\"https:\\\/\\\/www.flexaust.com\\\/es\\\/producto\\\/flex-tube-aluminum-male-camlock\\\/\",\"url\":\"https:\\\/\\\/www.flexaust.com\\\/es\\\/producto\\\/flex-tube-aluminum-male-camlock\\\/\",\"name\":\"Camlock Macho de Aluminio de Flex-Tube - Flexaust\",\"isPartOf\":{\"@id\":\"https:\\\/\\\/www.flexaust.com\\\/#website\"},\"primaryImageOfPage\":{\"@id\":\"https:\\\/\\\/www.flexaust.com\\\/es\\\/producto\\\/flex-tube-aluminum-male-camlock\\\/#primaryimage\"},\"image\":{\"@id\":\"https:\\\/\\\/www.flexaust.com\\\/es\\\/producto\\\/flex-tube-aluminum-male-camlock\\\/#primaryimage\"},\"thumbnailUrl\":\"https:\\\/\\\/www.flexaust.com\\\/wp-content\\\/uploads\\\/2022\\\/05\\\/male-camlock.png\",\"datePublished\":\"2022-05-20T17:55:18+00:00\",\"dateModified\":\"2025-02-20T19:51:28+00:00\",\"description\":\"Check out the Camlock Macho de Aluminio de Flex-Tube product from Flexaust - A leading hose manufacturer offering flexible hose, ducting, and accessories\",\"breadcrumb\":{\"@id\":\"https:\\\/\\\/www.flexaust.com\\\/es\\\/producto\\\/flex-tube-aluminum-male-camlock\\\/#breadcrumb\"},\"inLanguage\":\"es-ES\",\"potentialAction\":[{\"@type\":\"ReadAction\",\"target\":[\"https:\\\/\\\/www.flexaust.com\\\/es\\\/producto\\\/flex-tube-aluminum-male-camlock\\\/\"]}]},{\"@type\":\"ImageObject\",\"inLanguage\":\"es-ES\",\"@id\":\"https:\\\/\\\/www.flexaust.com\\\/es\\\/producto\\\/flex-tube-aluminum-male-camlock\\\/#primaryimage\",\"url\":\"https:\\\/\\\/www.flexaust.com\\\/wp-content\\\/uploads\\\/2022\\\/05\\\/male-camlock.png\",\"contentUrl\":\"https:\\\/\\\/www.flexaust.com\\\/wp-content\\\/uploads\\\/2022\\\/05\\\/male-camlock.png\",\"width\":793,\"height\":800},{\"@type\":\"BreadcrumbList\",\"@id\":\"https:\\\/\\\/www.flexaust.com\\\/es\\\/producto\\\/flex-tube-aluminum-male-camlock\\\/#breadcrumb\",\"itemListElement\":[{\"@type\":\"ListItem\",\"position\":1,\"name\":\"Products\",\"item\":\"https:\\\/\\\/www.flexaust.com\\\/product\\\/\"},{\"@type\":\"ListItem\",\"position\":2,\"name\":\"Camlock Macho de Aluminio de Flex-Tube\"}]},{\"@type\":\"WebSite\",\"@id\":\"https:\\\/\\\/www.flexaust.com\\\/#website\",\"url\":\"https:\\\/\\\/www.flexaust.com\\\/\",\"name\":\"Flexaust\",\"description\":\"Industrial Hose Manufacturer\",\"potentialAction\":[{\"@type\":\"SearchAction\",\"target\":{\"@type\":\"EntryPoint\",\"urlTemplate\":\"https:\\\/\\\/www.flexaust.com\\\/?s={search_term_string}\"},\"query-input\":{\"@type\":\"PropertyValueSpecification\",\"valueRequired\":true,\"valueName\":\"search_term_string\"}}],\"inLanguage\":\"es-ES\"}]}<\/script>\n<!-- \/ Yoast SEO plugin. -->","yoast_head_json":{"title":"Camlock Macho de Aluminio de Flex-Tube - Flexaust","description":"Check out the Camlock Macho de Aluminio de Flex-Tube product from Flexaust - A leading hose manufacturer offering flexible hose, ducting, and accessories","robots":{"index":"index","follow":"follow","max-snippet":"max-snippet:-1","max-image-preview":"max-image-preview:large","max-video-preview":"max-video-preview:-1"},"canonical":"https:\/\/www.flexaust.com\/es\/producto\/flex-tube-aluminum-male-camlock\/","twitter_misc":{"Tiempo de lectura":"1 minute"},"schema":{"@context":"https:\/\/schema.org","@graph":[{"@type":"WebPage","@id":"https:\/\/www.flexaust.com\/es\/producto\/flex-tube-aluminum-male-camlock\/","url":"https:\/\/www.flexaust.com\/es\/producto\/flex-tube-aluminum-male-camlock\/","name":"Camlock Macho de Aluminio de Flex-Tube - Flexaust","isPartOf":{"@id":"https:\/\/www.flexaust.com\/#website"},"primaryImageOfPage":{"@id":"https:\/\/www.flexaust.com\/es\/producto\/flex-tube-aluminum-male-camlock\/#primaryimage"},"image":{"@id":"https:\/\/www.flexaust.com\/es\/producto\/flex-tube-aluminum-male-camlock\/#primaryimage"},"thumbnailUrl":"https:\/\/www.flexaust.com\/wp-content\/uploads\/2022\/05\/male-camlock.png","datePublished":"2022-05-20T17:55:18+00:00","dateModified":"2025-02-20T19:51:28+00:00","description":"Check out the Camlock Macho de Aluminio de Flex-Tube product from Flexaust - A leading hose manufacturer offering flexible hose, ducting, and accessories","breadcrumb":{"@id":"https:\/\/www.flexaust.com\/es\/producto\/flex-tube-aluminum-male-camlock\/#breadcrumb"},"inLanguage":"es-ES","potentialAction":[{"@type":"ReadAction","target":["https:\/\/www.flexaust.com\/es\/producto\/flex-tube-aluminum-male-camlock\/"]}]},{"@type":"ImageObject","inLanguage":"es-ES","@id":"https:\/\/www.flexaust.com\/es\/producto\/flex-tube-aluminum-male-camlock\/#primaryimage","url":"https:\/\/www.flexaust.com\/wp-content\/uploads\/2022\/05\/male-camlock.png","contentUrl":"https:\/\/www.flexaust.com\/wp-content\/uploads\/2022\/05\/male-camlock.png","width":793,"height":800},{"@type":"BreadcrumbList","@id":"https:\/\/www.flexaust.com\/es\/producto\/flex-tube-aluminum-male-camlock\/#breadcrumb","itemListElement":[{"@type":"ListItem","position":1,"name":"Products","item":"https:\/\/www.flexaust.com\/product\/"},{"@type":"ListItem","position":2,"name":"Camlock Macho de Aluminio de Flex-Tube"}]},{"@type":"WebSite","@id":"https:\/\/www.flexaust.com\/#website","url":"https:\/\/www.flexaust.com\/","name":"Flexaust","description":"Industrial Hose Manufacturer","potentialAction":[{"@type":"SearchAction","target":{"@type":"EntryPoint","urlTemplate":"https:\/\/www.flexaust.com\/?s={search_term_string}"},"query-input":{"@type":"PropertyValueSpecification","valueRequired":true,"valueName":"search_term_string"}}],"inLanguage":"es-ES"}]}},"_links":{"self":[{"href":"https:\/\/www.flexaust.com\/es\/wp-json\/wp\/v2\/product\/46151","targetHints":{"allow":["GET"]}}],"collection":[{"href":"https:\/\/www.flexaust.com\/es\/wp-json\/wp\/v2\/product"}],"about":[{"href":"https:\/\/www.flexaust.com\/es\/wp-json\/wp\/v2\/types\/product"}],"author":[{"embeddable":true,"href":"https:\/\/www.flexaust.com\/es\/wp-json\/wp\/v2\/users\/4"}],"version-history":[{"count":1,"href":"https:\/\/www.flexaust.com\/es\/wp-json\/wp\/v2\/product\/46151\/revisions"}],"predecessor-version":[{"id":51669,"href":"https:\/\/www.flexaust.com\/es\/wp-json\/wp\/v2\/product\/46151\/revisions\/51669"}],"wp:featuredmedia":[{"embeddable":true,"href":"https:\/\/www.flexaust.com\/es\/wp-json\/wp\/v2\/media\/46116"}],"wp:attachment":[{"href":"https:\/\/www.flexaust.com\/es\/wp-json\/wp\/v2\/media?parent=46151"}],"curies":[{"name":"wp","href":"https:\/\/api.w.org\/{rel}","templated":true}]}}