{"id":46145,"date":"2022-05-20T12:55:24","date_gmt":"2022-05-20T16:55:24","guid":{"rendered":"http:\/\/www.flexaust.com\/product\/flex-tube-aluminum-swivel-connector\/"},"modified":"2025-09-10T05:44:29","modified_gmt":"2025-09-10T09:44:29","slug":"flex-tube-aluminum-swivel-connector","status":"publish","type":"product","link":"https:\/\/www.flexaust.com\/es\/producto\/flex-tube-aluminum-swivel-connector\/","title":{"rendered":"Conector Giratorio de Aluminio de Flex-Tube"},"content":{"rendered":"<ul>\n<li><span class=\"Y2IQFc\" lang=\"es\">Roscas en el extremo de las mangueras Flex-Tube<sup>\u00ae<\/sup> PU y Flex-Tube<sup>\u00ae<\/sup> PV que facilitan la maniobra de tramos de manguera m\u00e1s largos (conectados)<\/span><\/li>\n<li>Fabricado con aluminio ligero con una construcci\u00f3n de junta t\u00f3rica y bola<\/li>\n<li>Se enrosca directamente en la manguera, no es necesario engarzar ni encintar<\/li>\n<li>Proporciona al usuario libertad para moverse sin enredos o estrangulamientos del tubo<\/li>\n<li>Aumenta la productividad y la eficiencia en el trabajo<\/li>\n<li>Menos fatiga de la manguera por flexi\u00f3n<\/li>\n<li>Ideal para soplado de mantillo<\/li>\n<li>Disponible en tama\u00f1os de 4&#8243; y 5&#8243;<\/li>\n<\/ul>\n","protected":false},"excerpt":{"rendered":"<p>Roscas en el extremo de las mangueras Flex-Tube\u00ae PU y Flex-Tube\u00ae PV que facilitan la maniobra de tramos de manguera m\u00e1s largos (conectados) Fabricado con aluminio ligero con una construcci\u00f3n de junta t\u00f3rica y bola Se enrosca directamente en la manguera, no es necesario engarzar ni encintar Proporciona al usuario libertad para moverse sin enredos o estrangulamientos del tubo Aumenta la productividad y la eficiencia en el trabajo Menos fatiga de la manguera por flexi\u00f3n Ideal para soplado de mantillo &hellip; <a href=\"https:\/\/www.flexaust.com\/es\/producto\/flex-tube-aluminum-swivel-connector\/\">Seguir leyendo <span class=\"meta-nav\">\u00bb<\/span><\/a><\/p>\n","protected":false},"author":4,"featured_media":46118,"menu_order":0,"template":"","meta":{"_acf_changed":false,"content-type":"","inline_featured_image":false,"footnotes":"","_links_to":"","_links_to_target":""},"class_list":["post-46145","product","type-product","status-publish","has-post-thumbnail","hentry","product-line-flex-tube-es","ind-hose-market-mantillo-de-soplado","product_material-aluminio","group-mangueras-y-accesorios","group-accesorios-industriales-de-mangueras"],"acf":[],"yoast_head":"<!-- This site is optimized with the Yoast SEO plugin v27.4 - https:\/\/yoast.com\/product\/yoast-seo-wordpress\/ -->\n<title>Conector Giratorio de Aluminio de Flex-Tube - Flexaust<\/title>\n<meta name=\"description\" content=\"Check out the Conector Giratorio de Aluminio de Flex-Tube product from Flexaust - A leading hose manufacturer offering flexible hose, ducting, and accessor\" \/>\n<meta name=\"robots\" content=\"index, follow, max-snippet:-1, max-image-preview:large, max-video-preview:-1\" \/>\n<link rel=\"canonical\" href=\"https:\/\/www.flexaust.com\/es\/producto\/flex-tube-aluminum-swivel-connector\/\" \/>\n<meta name=\"twitter:label1\" content=\"Tiempo de lectura\" \/>\n\t<meta name=\"twitter:data1\" content=\"1 minute\" \/>\n<script type=\"application\/ld+json\" class=\"yoast-schema-graph\">{\"@context\":\"https:\\\/\\\/schema.org\",\"@graph\":[{\"@type\":\"WebPage\",\"@id\":\"https:\\\/\\\/www.flexaust.com\\\/es\\\/producto\\\/flex-tube-aluminum-swivel-connector\\\/\",\"url\":\"https:\\\/\\\/www.flexaust.com\\\/es\\\/producto\\\/flex-tube-aluminum-swivel-connector\\\/\",\"name\":\"Conector Giratorio de Aluminio de Flex-Tube - Flexaust\",\"isPartOf\":{\"@id\":\"https:\\\/\\\/www.flexaust.com\\\/#website\"},\"primaryImageOfPage\":{\"@id\":\"https:\\\/\\\/www.flexaust.com\\\/es\\\/producto\\\/flex-tube-aluminum-swivel-connector\\\/#primaryimage\"},\"image\":{\"@id\":\"https:\\\/\\\/www.flexaust.com\\\/es\\\/producto\\\/flex-tube-aluminum-swivel-connector\\\/#primaryimage\"},\"thumbnailUrl\":\"https:\\\/\\\/www.flexaust.com\\\/wp-content\\\/uploads\\\/2022\\\/05\\\/Aluminum-Swivel-Connector.png\",\"datePublished\":\"2022-05-20T16:55:24+00:00\",\"dateModified\":\"2025-09-10T09:44:29+00:00\",\"description\":\"Check out the Conector Giratorio de Aluminio de Flex-Tube product from Flexaust - A leading hose manufacturer offering flexible hose, ducting, and accessor\",\"breadcrumb\":{\"@id\":\"https:\\\/\\\/www.flexaust.com\\\/es\\\/producto\\\/flex-tube-aluminum-swivel-connector\\\/#breadcrumb\"},\"inLanguage\":\"es-ES\",\"potentialAction\":[{\"@type\":\"ReadAction\",\"target\":[\"https:\\\/\\\/www.flexaust.com\\\/es\\\/producto\\\/flex-tube-aluminum-swivel-connector\\\/\"]}]},{\"@type\":\"ImageObject\",\"inLanguage\":\"es-ES\",\"@id\":\"https:\\\/\\\/www.flexaust.com\\\/es\\\/producto\\\/flex-tube-aluminum-swivel-connector\\\/#primaryimage\",\"url\":\"https:\\\/\\\/www.flexaust.com\\\/wp-content\\\/uploads\\\/2022\\\/05\\\/Aluminum-Swivel-Connector.png\",\"contentUrl\":\"https:\\\/\\\/www.flexaust.com\\\/wp-content\\\/uploads\\\/2022\\\/05\\\/Aluminum-Swivel-Connector.png\",\"width\":670,\"height\":677},{\"@type\":\"BreadcrumbList\",\"@id\":\"https:\\\/\\\/www.flexaust.com\\\/es\\\/producto\\\/flex-tube-aluminum-swivel-connector\\\/#breadcrumb\",\"itemListElement\":[{\"@type\":\"ListItem\",\"position\":1,\"name\":\"Products\",\"item\":\"https:\\\/\\\/www.flexaust.com\\\/product\\\/\"},{\"@type\":\"ListItem\",\"position\":2,\"name\":\"Conector Giratorio de Aluminio de Flex-Tube\"}]},{\"@type\":\"WebSite\",\"@id\":\"https:\\\/\\\/www.flexaust.com\\\/#website\",\"url\":\"https:\\\/\\\/www.flexaust.com\\\/\",\"name\":\"Flexaust\",\"description\":\"Industrial Hose Manufacturer\",\"potentialAction\":[{\"@type\":\"SearchAction\",\"target\":{\"@type\":\"EntryPoint\",\"urlTemplate\":\"https:\\\/\\\/www.flexaust.com\\\/?s={search_term_string}\"},\"query-input\":{\"@type\":\"PropertyValueSpecification\",\"valueRequired\":true,\"valueName\":\"search_term_string\"}}],\"inLanguage\":\"es-ES\"}]}<\/script>\n<!-- \/ Yoast SEO plugin. -->","yoast_head_json":{"title":"Conector Giratorio de Aluminio de Flex-Tube - Flexaust","description":"Check out the Conector Giratorio de Aluminio de Flex-Tube product from Flexaust - A leading hose manufacturer offering flexible hose, ducting, and accessor","robots":{"index":"index","follow":"follow","max-snippet":"max-snippet:-1","max-image-preview":"max-image-preview:large","max-video-preview":"max-video-preview:-1"},"canonical":"https:\/\/www.flexaust.com\/es\/producto\/flex-tube-aluminum-swivel-connector\/","twitter_misc":{"Tiempo de lectura":"1 minute"},"schema":{"@context":"https:\/\/schema.org","@graph":[{"@type":"WebPage","@id":"https:\/\/www.flexaust.com\/es\/producto\/flex-tube-aluminum-swivel-connector\/","url":"https:\/\/www.flexaust.com\/es\/producto\/flex-tube-aluminum-swivel-connector\/","name":"Conector Giratorio de Aluminio de Flex-Tube - Flexaust","isPartOf":{"@id":"https:\/\/www.flexaust.com\/#website"},"primaryImageOfPage":{"@id":"https:\/\/www.flexaust.com\/es\/producto\/flex-tube-aluminum-swivel-connector\/#primaryimage"},"image":{"@id":"https:\/\/www.flexaust.com\/es\/producto\/flex-tube-aluminum-swivel-connector\/#primaryimage"},"thumbnailUrl":"https:\/\/www.flexaust.com\/wp-content\/uploads\/2022\/05\/Aluminum-Swivel-Connector.png","datePublished":"2022-05-20T16:55:24+00:00","dateModified":"2025-09-10T09:44:29+00:00","description":"Check out the Conector Giratorio de Aluminio de Flex-Tube product from Flexaust - A leading hose manufacturer offering flexible hose, ducting, and accessor","breadcrumb":{"@id":"https:\/\/www.flexaust.com\/es\/producto\/flex-tube-aluminum-swivel-connector\/#breadcrumb"},"inLanguage":"es-ES","potentialAction":[{"@type":"ReadAction","target":["https:\/\/www.flexaust.com\/es\/producto\/flex-tube-aluminum-swivel-connector\/"]}]},{"@type":"ImageObject","inLanguage":"es-ES","@id":"https:\/\/www.flexaust.com\/es\/producto\/flex-tube-aluminum-swivel-connector\/#primaryimage","url":"https:\/\/www.flexaust.com\/wp-content\/uploads\/2022\/05\/Aluminum-Swivel-Connector.png","contentUrl":"https:\/\/www.flexaust.com\/wp-content\/uploads\/2022\/05\/Aluminum-Swivel-Connector.png","width":670,"height":677},{"@type":"BreadcrumbList","@id":"https:\/\/www.flexaust.com\/es\/producto\/flex-tube-aluminum-swivel-connector\/#breadcrumb","itemListElement":[{"@type":"ListItem","position":1,"name":"Products","item":"https:\/\/www.flexaust.com\/product\/"},{"@type":"ListItem","position":2,"name":"Conector Giratorio de Aluminio de Flex-Tube"}]},{"@type":"WebSite","@id":"https:\/\/www.flexaust.com\/#website","url":"https:\/\/www.flexaust.com\/","name":"Flexaust","description":"Industrial Hose Manufacturer","potentialAction":[{"@type":"SearchAction","target":{"@type":"EntryPoint","urlTemplate":"https:\/\/www.flexaust.com\/?s={search_term_string}"},"query-input":{"@type":"PropertyValueSpecification","valueRequired":true,"valueName":"search_term_string"}}],"inLanguage":"es-ES"}]}},"_links":{"self":[{"href":"https:\/\/www.flexaust.com\/es\/wp-json\/wp\/v2\/product\/46145","targetHints":{"allow":["GET"]}}],"collection":[{"href":"https:\/\/www.flexaust.com\/es\/wp-json\/wp\/v2\/product"}],"about":[{"href":"https:\/\/www.flexaust.com\/es\/wp-json\/wp\/v2\/types\/product"}],"author":[{"embeddable":true,"href":"https:\/\/www.flexaust.com\/es\/wp-json\/wp\/v2\/users\/4"}],"version-history":[{"count":2,"href":"https:\/\/www.flexaust.com\/es\/wp-json\/wp\/v2\/product\/46145\/revisions"}],"predecessor-version":[{"id":51925,"href":"https:\/\/www.flexaust.com\/es\/wp-json\/wp\/v2\/product\/46145\/revisions\/51925"}],"wp:featuredmedia":[{"embeddable":true,"href":"https:\/\/www.flexaust.com\/es\/wp-json\/wp\/v2\/media\/46118"}],"wp:attachment":[{"href":"https:\/\/www.flexaust.com\/es\/wp-json\/wp\/v2\/media?parent=46145"}],"curies":[{"name":"wp","href":"https:\/\/api.w.org\/{rel}","templated":true}]}}