{"id":14900,"date":"2018-06-13T17:14:48","date_gmt":"2018-06-13T21:14:48","guid":{"rendered":"http:\/\/www.flexaust.com\/product\/flex-tube-pe-ic\/"},"modified":"2025-09-11T01:45:54","modified_gmt":"2025-09-11T05:45:54","slug":"flex-tube-pe-ic","status":"publish","type":"product","link":"https:\/\/www.flexaust.com\/es\/producto\/flex-tube-pe-ic\/","title":{"rendered":"Flex-Tube PE-IC"},"content":{"rendered":"<p>Manguera de copol\u00edmero de polietileno blanco ligero con una h\u00e9lice de polietileno externa r\u00edgida aqua.<\/p>\n","protected":false},"excerpt":{"rendered":"<p>Manguera de copol\u00edmero de polietileno blanco ligero con una h\u00e9lice de polietileno externa r\u00edgida aqua.<\/p>\n","protected":false},"author":3,"featured_media":14889,"menu_order":0,"template":"","meta":{"_acf_changed":false,"content-type":"","inline_featured_image":false,"footnotes":"","_links_to":"","_links_to_target":""},"class_list":["post-14900","product","type-product","status-publish","has-post-thumbnail","hentry","product-line-flex-tube-es","ind-hose-market-fabricacion-de-vehiculos-recreativos","product_material-polietileno","group-mangueras-y-accesorios","group-mangueras-industriales"],"acf":[],"yoast_head":"<!-- This site is optimized with the Yoast SEO plugin v27.3 - https:\/\/yoast.com\/product\/yoast-seo-wordpress\/ -->\n<title>Flex-Tube PE-IC - Flexaust \u2013 Flex Tube Pe Ic - 1<\/title>\n<meta name=\"description\" content=\"Check out the Flex-Tube PE-IC product from Flexaust - A leading hose manufacturer offering flexible hose, ducting, and accessories\" \/>\n<meta name=\"robots\" content=\"index, follow, max-snippet:-1, max-image-preview:large, max-video-preview:-1\" \/>\n<link rel=\"canonical\" href=\"https:\/\/www.flexaust.com\/es\/producto\/flex-tube-pe-ic\/\" \/>\n<meta name=\"twitter:label1\" content=\"Tiempo de lectura\" \/>\n\t<meta name=\"twitter:data1\" content=\"1 minute\" \/>\n<script type=\"application\/ld+json\" class=\"yoast-schema-graph\">{\"@context\":\"https:\\\/\\\/schema.org\",\"@graph\":[{\"@type\":\"WebPage\",\"@id\":\"https:\\\/\\\/www.flexaust.com\\\/es\\\/producto\\\/flex-tube-pe-ic\\\/\",\"url\":\"https:\\\/\\\/www.flexaust.com\\\/es\\\/producto\\\/flex-tube-pe-ic\\\/\",\"name\":\"Flex-Tube PE-IC - Flexaust \u2013 Flex Tube Pe Ic - 1\",\"isPartOf\":{\"@id\":\"https:\\\/\\\/www.flexaust.com\\\/#website\"},\"primaryImageOfPage\":{\"@id\":\"https:\\\/\\\/www.flexaust.com\\\/es\\\/producto\\\/flex-tube-pe-ic\\\/#primaryimage\"},\"image\":{\"@id\":\"https:\\\/\\\/www.flexaust.com\\\/es\\\/producto\\\/flex-tube-pe-ic\\\/#primaryimage\"},\"thumbnailUrl\":\"https:\\\/\\\/www.flexaust.com\\\/wp-content\\\/uploads\\\/2018\\\/06\\\/PE-IC-for-website.png\",\"datePublished\":\"2018-06-13T21:14:48+00:00\",\"dateModified\":\"2025-09-11T05:45:54+00:00\",\"description\":\"Check out the Flex-Tube PE-IC product from Flexaust - A leading hose manufacturer offering flexible hose, ducting, and accessories\",\"breadcrumb\":{\"@id\":\"https:\\\/\\\/www.flexaust.com\\\/es\\\/producto\\\/flex-tube-pe-ic\\\/#breadcrumb\"},\"inLanguage\":\"es-ES\",\"potentialAction\":[{\"@type\":\"ReadAction\",\"target\":[\"https:\\\/\\\/www.flexaust.com\\\/es\\\/producto\\\/flex-tube-pe-ic\\\/\"]}]},{\"@type\":\"ImageObject\",\"inLanguage\":\"es-ES\",\"@id\":\"https:\\\/\\\/www.flexaust.com\\\/es\\\/producto\\\/flex-tube-pe-ic\\\/#primaryimage\",\"url\":\"https:\\\/\\\/www.flexaust.com\\\/wp-content\\\/uploads\\\/2018\\\/06\\\/PE-IC-for-website.png\",\"contentUrl\":\"https:\\\/\\\/www.flexaust.com\\\/wp-content\\\/uploads\\\/2018\\\/06\\\/PE-IC-for-website.png\",\"width\":800,\"height\":800},{\"@type\":\"BreadcrumbList\",\"@id\":\"https:\\\/\\\/www.flexaust.com\\\/es\\\/producto\\\/flex-tube-pe-ic\\\/#breadcrumb\",\"itemListElement\":[{\"@type\":\"ListItem\",\"position\":1,\"name\":\"Products\",\"item\":\"https:\\\/\\\/www.flexaust.com\\\/product\\\/\"},{\"@type\":\"ListItem\",\"position\":2,\"name\":\"Flex-Tube PE-IC\"}]},{\"@type\":\"WebSite\",\"@id\":\"https:\\\/\\\/www.flexaust.com\\\/#website\",\"url\":\"https:\\\/\\\/www.flexaust.com\\\/\",\"name\":\"Flexaust\",\"description\":\"Industrial Hose Manufacturer\",\"potentialAction\":[{\"@type\":\"SearchAction\",\"target\":{\"@type\":\"EntryPoint\",\"urlTemplate\":\"https:\\\/\\\/www.flexaust.com\\\/?s={search_term_string}\"},\"query-input\":{\"@type\":\"PropertyValueSpecification\",\"valueRequired\":true,\"valueName\":\"search_term_string\"}}],\"inLanguage\":\"es-ES\"}]}<\/script>\n<!-- \/ Yoast SEO plugin. -->","yoast_head_json":{"title":"Flex-Tube PE-IC - Flexaust \u2013 Flex Tube Pe Ic - 1","description":"Check out the Flex-Tube PE-IC product from Flexaust - A leading hose manufacturer offering flexible hose, ducting, and accessories","robots":{"index":"index","follow":"follow","max-snippet":"max-snippet:-1","max-image-preview":"max-image-preview:large","max-video-preview":"max-video-preview:-1"},"canonical":"https:\/\/www.flexaust.com\/es\/producto\/flex-tube-pe-ic\/","twitter_misc":{"Tiempo de lectura":"1 minute"},"schema":{"@context":"https:\/\/schema.org","@graph":[{"@type":"WebPage","@id":"https:\/\/www.flexaust.com\/es\/producto\/flex-tube-pe-ic\/","url":"https:\/\/www.flexaust.com\/es\/producto\/flex-tube-pe-ic\/","name":"Flex-Tube PE-IC - Flexaust \u2013 Flex Tube Pe Ic - 1","isPartOf":{"@id":"https:\/\/www.flexaust.com\/#website"},"primaryImageOfPage":{"@id":"https:\/\/www.flexaust.com\/es\/producto\/flex-tube-pe-ic\/#primaryimage"},"image":{"@id":"https:\/\/www.flexaust.com\/es\/producto\/flex-tube-pe-ic\/#primaryimage"},"thumbnailUrl":"https:\/\/www.flexaust.com\/wp-content\/uploads\/2018\/06\/PE-IC-for-website.png","datePublished":"2018-06-13T21:14:48+00:00","dateModified":"2025-09-11T05:45:54+00:00","description":"Check out the Flex-Tube PE-IC product from Flexaust - A leading hose manufacturer offering flexible hose, ducting, and accessories","breadcrumb":{"@id":"https:\/\/www.flexaust.com\/es\/producto\/flex-tube-pe-ic\/#breadcrumb"},"inLanguage":"es-ES","potentialAction":[{"@type":"ReadAction","target":["https:\/\/www.flexaust.com\/es\/producto\/flex-tube-pe-ic\/"]}]},{"@type":"ImageObject","inLanguage":"es-ES","@id":"https:\/\/www.flexaust.com\/es\/producto\/flex-tube-pe-ic\/#primaryimage","url":"https:\/\/www.flexaust.com\/wp-content\/uploads\/2018\/06\/PE-IC-for-website.png","contentUrl":"https:\/\/www.flexaust.com\/wp-content\/uploads\/2018\/06\/PE-IC-for-website.png","width":800,"height":800},{"@type":"BreadcrumbList","@id":"https:\/\/www.flexaust.com\/es\/producto\/flex-tube-pe-ic\/#breadcrumb","itemListElement":[{"@type":"ListItem","position":1,"name":"Products","item":"https:\/\/www.flexaust.com\/product\/"},{"@type":"ListItem","position":2,"name":"Flex-Tube PE-IC"}]},{"@type":"WebSite","@id":"https:\/\/www.flexaust.com\/#website","url":"https:\/\/www.flexaust.com\/","name":"Flexaust","description":"Industrial Hose Manufacturer","potentialAction":[{"@type":"SearchAction","target":{"@type":"EntryPoint","urlTemplate":"https:\/\/www.flexaust.com\/?s={search_term_string}"},"query-input":{"@type":"PropertyValueSpecification","valueRequired":true,"valueName":"search_term_string"}}],"inLanguage":"es-ES"}]}},"_links":{"self":[{"href":"https:\/\/www.flexaust.com\/es\/wp-json\/wp\/v2\/product\/14900","targetHints":{"allow":["GET"]}}],"collection":[{"href":"https:\/\/www.flexaust.com\/es\/wp-json\/wp\/v2\/product"}],"about":[{"href":"https:\/\/www.flexaust.com\/es\/wp-json\/wp\/v2\/types\/product"}],"author":[{"embeddable":true,"href":"https:\/\/www.flexaust.com\/es\/wp-json\/wp\/v2\/users\/3"}],"version-history":[{"count":1,"href":"https:\/\/www.flexaust.com\/es\/wp-json\/wp\/v2\/product\/14900\/revisions"}],"predecessor-version":[{"id":52151,"href":"https:\/\/www.flexaust.com\/es\/wp-json\/wp\/v2\/product\/14900\/revisions\/52151"}],"wp:featuredmedia":[{"embeddable":true,"href":"https:\/\/www.flexaust.com\/es\/wp-json\/wp\/v2\/media\/14889"}],"wp:attachment":[{"href":"https:\/\/www.flexaust.com\/es\/wp-json\/wp\/v2\/media?parent=14900"}],"curies":[{"name":"wp","href":"https:\/\/api.w.org\/{rel}","templated":true}]}}