{"id":13964,"date":"2017-07-06T16:29:13","date_gmt":"2017-07-06T20:29:13","guid":{"rendered":"http:\/\/www.flexaust.com\/product\/ceiling-tile-kit\/"},"modified":"2024-06-20T10:11:48","modified_gmt":"2024-06-20T14:11:48","slug":"juego-de-azulejos-de-techo","status":"publish","type":"product","link":"https:\/\/www.flexaust.com\/es\/producto\/juego-de-azulejos-de-techo\/","title":{"rendered":"Juego de Azulejos de Techo"},"content":{"rendered":"<p>Ideal para aire acondicionado port\u00e1til industrial a trav\u00e9s de un espacio de techo de ca\u00edda. Proporciona una excelente ventilaci\u00f3n de los gases de escape y ofrece una gran fuente de enfriamiento.<\/p>\n<p>El kit incluye:<\/p>\n<ul>\n<li>Conducto de tela de poli\u00e9ster recubierta de vinilo de PVC blanco, sin tira de desgaste con pu\u00f1o cerrado con cintur\u00f3n cada extremo<\/li>\n<li>Manguera disponible en tama\u00f1os ID 12&#8243;, 16&#8243; y 20&#8243;<\/li>\n<li>Manguera disponible en longitudes de 8&#8242;<\/li>\n<li>Incluye azulejo cuadrado de reemplazo de techo de 2&#8242;<\/li>\n<li>Manguera y de reemplazo de teja disponibles en negro<\/li>\n<\/ul>\n","protected":false},"excerpt":{"rendered":"<p>Ideal para aire acondicionado port\u00e1til industrial a trav\u00e9s de un espacio de techo de ca\u00edda. Proporciona una excelente ventilaci\u00f3n de los gases de escape y ofrece una gran fuente de enfriamiento. El kit incluye: Conducto de tela de poli\u00e9ster recubierta de vinilo de PVC blanco, sin tira de desgaste con pu\u00f1o cerrado con cintur\u00f3n cada extremo Manguera disponible en tama\u00f1os ID 12&#8243;, 16&#8243; y 20&#8243; Manguera disponible en longitudes de 8&#8242; Incluye azulejo cuadrado de reemplazo de techo de 2&#8242; &hellip; <a href=\"https:\/\/www.flexaust.com\/es\/producto\/juego-de-azulejos-de-techo\/\">Seguir leyendo <span class=\"meta-nav\">\u00bb<\/span><\/a><\/p>\n","protected":false},"author":4,"featured_media":47913,"menu_order":0,"template":"","meta":{"_acf_changed":false,"content-type":"","inline_featured_image":false,"footnotes":"","_links_to":"","_links_to_target":""},"class_list":["post-13964","product","type-product","status-publish","has-post-thumbnail","hentry","product_material-tela-recubierta","group-mangueras-y-accesorios","group-accesorios-industriales-de-mangueras"],"acf":[],"yoast_head":"<!-- This site is optimized with the Yoast SEO plugin v27.4 - https:\/\/yoast.com\/product\/yoast-seo-wordpress\/ -->\n<title>Juego de Azulejos de Techo - Flexaust<\/title>\n<meta name=\"description\" content=\"Check out the Juego de Azulejos de Techo product from Flexaust - A leading hose manufacturer offering flexible hose, ducting, and accessories\" \/>\n<meta name=\"robots\" content=\"index, follow, max-snippet:-1, max-image-preview:large, max-video-preview:-1\" \/>\n<link rel=\"canonical\" href=\"https:\/\/www.flexaust.com\/es\/producto\/juego-de-azulejos-de-techo\/\" \/>\n<meta name=\"twitter:label1\" content=\"Tiempo de lectura\" \/>\n\t<meta name=\"twitter:data1\" content=\"1 minute\" \/>\n<script type=\"application\/ld+json\" class=\"yoast-schema-graph\">{\"@context\":\"https:\\\/\\\/schema.org\",\"@graph\":[{\"@type\":\"WebPage\",\"@id\":\"https:\\\/\\\/www.flexaust.com\\\/es\\\/producto\\\/juego-de-azulejos-de-techo\\\/\",\"url\":\"https:\\\/\\\/www.flexaust.com\\\/es\\\/producto\\\/juego-de-azulejos-de-techo\\\/\",\"name\":\"Juego de Azulejos de Techo - Flexaust\",\"isPartOf\":{\"@id\":\"https:\\\/\\\/www.flexaust.com\\\/#website\"},\"primaryImageOfPage\":{\"@id\":\"https:\\\/\\\/www.flexaust.com\\\/es\\\/producto\\\/juego-de-azulejos-de-techo\\\/#primaryimage\"},\"image\":{\"@id\":\"https:\\\/\\\/www.flexaust.com\\\/es\\\/producto\\\/juego-de-azulejos-de-techo\\\/#primaryimage\"},\"thumbnailUrl\":\"https:\\\/\\\/www.flexaust.com\\\/wp-content\\\/uploads\\\/2023\\\/03\\\/Ceiling-Tile-Kit.png\",\"datePublished\":\"2017-07-06T20:29:13+00:00\",\"dateModified\":\"2024-06-20T14:11:48+00:00\",\"description\":\"Check out the Juego de Azulejos de Techo product from Flexaust - A leading hose manufacturer offering flexible hose, ducting, and accessories\",\"breadcrumb\":{\"@id\":\"https:\\\/\\\/www.flexaust.com\\\/es\\\/producto\\\/juego-de-azulejos-de-techo\\\/#breadcrumb\"},\"inLanguage\":\"es-ES\",\"potentialAction\":[{\"@type\":\"ReadAction\",\"target\":[\"https:\\\/\\\/www.flexaust.com\\\/es\\\/producto\\\/juego-de-azulejos-de-techo\\\/\"]}]},{\"@type\":\"ImageObject\",\"inLanguage\":\"es-ES\",\"@id\":\"https:\\\/\\\/www.flexaust.com\\\/es\\\/producto\\\/juego-de-azulejos-de-techo\\\/#primaryimage\",\"url\":\"https:\\\/\\\/www.flexaust.com\\\/wp-content\\\/uploads\\\/2023\\\/03\\\/Ceiling-Tile-Kit.png\",\"contentUrl\":\"https:\\\/\\\/www.flexaust.com\\\/wp-content\\\/uploads\\\/2023\\\/03\\\/Ceiling-Tile-Kit.png\",\"width\":800,\"height\":800},{\"@type\":\"BreadcrumbList\",\"@id\":\"https:\\\/\\\/www.flexaust.com\\\/es\\\/producto\\\/juego-de-azulejos-de-techo\\\/#breadcrumb\",\"itemListElement\":[{\"@type\":\"ListItem\",\"position\":1,\"name\":\"Products\",\"item\":\"https:\\\/\\\/www.flexaust.com\\\/product\\\/\"},{\"@type\":\"ListItem\",\"position\":2,\"name\":\"Juego de Azulejos de Techo\"}]},{\"@type\":\"WebSite\",\"@id\":\"https:\\\/\\\/www.flexaust.com\\\/#website\",\"url\":\"https:\\\/\\\/www.flexaust.com\\\/\",\"name\":\"Flexaust\",\"description\":\"Industrial Hose Manufacturer\",\"potentialAction\":[{\"@type\":\"SearchAction\",\"target\":{\"@type\":\"EntryPoint\",\"urlTemplate\":\"https:\\\/\\\/www.flexaust.com\\\/?s={search_term_string}\"},\"query-input\":{\"@type\":\"PropertyValueSpecification\",\"valueRequired\":true,\"valueName\":\"search_term_string\"}}],\"inLanguage\":\"es-ES\"}]}<\/script>\n<!-- \/ Yoast SEO plugin. -->","yoast_head_json":{"title":"Juego de Azulejos de Techo - Flexaust","description":"Check out the Juego de Azulejos de Techo product from Flexaust - A leading hose manufacturer offering flexible hose, ducting, and accessories","robots":{"index":"index","follow":"follow","max-snippet":"max-snippet:-1","max-image-preview":"max-image-preview:large","max-video-preview":"max-video-preview:-1"},"canonical":"https:\/\/www.flexaust.com\/es\/producto\/juego-de-azulejos-de-techo\/","twitter_misc":{"Tiempo de lectura":"1 minute"},"schema":{"@context":"https:\/\/schema.org","@graph":[{"@type":"WebPage","@id":"https:\/\/www.flexaust.com\/es\/producto\/juego-de-azulejos-de-techo\/","url":"https:\/\/www.flexaust.com\/es\/producto\/juego-de-azulejos-de-techo\/","name":"Juego de Azulejos de Techo - Flexaust","isPartOf":{"@id":"https:\/\/www.flexaust.com\/#website"},"primaryImageOfPage":{"@id":"https:\/\/www.flexaust.com\/es\/producto\/juego-de-azulejos-de-techo\/#primaryimage"},"image":{"@id":"https:\/\/www.flexaust.com\/es\/producto\/juego-de-azulejos-de-techo\/#primaryimage"},"thumbnailUrl":"https:\/\/www.flexaust.com\/wp-content\/uploads\/2023\/03\/Ceiling-Tile-Kit.png","datePublished":"2017-07-06T20:29:13+00:00","dateModified":"2024-06-20T14:11:48+00:00","description":"Check out the Juego de Azulejos de Techo product from Flexaust - A leading hose manufacturer offering flexible hose, ducting, and accessories","breadcrumb":{"@id":"https:\/\/www.flexaust.com\/es\/producto\/juego-de-azulejos-de-techo\/#breadcrumb"},"inLanguage":"es-ES","potentialAction":[{"@type":"ReadAction","target":["https:\/\/www.flexaust.com\/es\/producto\/juego-de-azulejos-de-techo\/"]}]},{"@type":"ImageObject","inLanguage":"es-ES","@id":"https:\/\/www.flexaust.com\/es\/producto\/juego-de-azulejos-de-techo\/#primaryimage","url":"https:\/\/www.flexaust.com\/wp-content\/uploads\/2023\/03\/Ceiling-Tile-Kit.png","contentUrl":"https:\/\/www.flexaust.com\/wp-content\/uploads\/2023\/03\/Ceiling-Tile-Kit.png","width":800,"height":800},{"@type":"BreadcrumbList","@id":"https:\/\/www.flexaust.com\/es\/producto\/juego-de-azulejos-de-techo\/#breadcrumb","itemListElement":[{"@type":"ListItem","position":1,"name":"Products","item":"https:\/\/www.flexaust.com\/product\/"},{"@type":"ListItem","position":2,"name":"Juego de Azulejos de Techo"}]},{"@type":"WebSite","@id":"https:\/\/www.flexaust.com\/#website","url":"https:\/\/www.flexaust.com\/","name":"Flexaust","description":"Industrial Hose Manufacturer","potentialAction":[{"@type":"SearchAction","target":{"@type":"EntryPoint","urlTemplate":"https:\/\/www.flexaust.com\/?s={search_term_string}"},"query-input":{"@type":"PropertyValueSpecification","valueRequired":true,"valueName":"search_term_string"}}],"inLanguage":"es-ES"}]}},"_links":{"self":[{"href":"https:\/\/www.flexaust.com\/es\/wp-json\/wp\/v2\/product\/13964","targetHints":{"allow":["GET"]}}],"collection":[{"href":"https:\/\/www.flexaust.com\/es\/wp-json\/wp\/v2\/product"}],"about":[{"href":"https:\/\/www.flexaust.com\/es\/wp-json\/wp\/v2\/types\/product"}],"author":[{"embeddable":true,"href":"https:\/\/www.flexaust.com\/es\/wp-json\/wp\/v2\/users\/4"}],"version-history":[{"count":0,"href":"https:\/\/www.flexaust.com\/es\/wp-json\/wp\/v2\/product\/13964\/revisions"}],"wp:featuredmedia":[{"embeddable":true,"href":"https:\/\/www.flexaust.com\/es\/wp-json\/wp\/v2\/media\/47913"}],"wp:attachment":[{"href":"https:\/\/www.flexaust.com\/es\/wp-json\/wp\/v2\/media?parent=13964"}],"curies":[{"name":"wp","href":"https:\/\/api.w.org\/{rel}","templated":true}]}}