{"id":13855,"date":"2017-04-05T11:14:21","date_gmt":"2017-04-05T15:14:21","guid":{"rendered":"http:\/\/www.flexaust.com\/es\/product\/flex-tube-pe\/"},"modified":"2025-09-11T01:46:10","modified_gmt":"2025-09-11T05:46:10","slug":"flex-tube-pe","status":"publish","type":"product","link":"https:\/\/www.flexaust.com\/es\/producto\/flex-tube-pe\/","title":{"rendered":"Flex-Tube PE"},"content":{"rendered":"<p>Manguera de copol\u00edmero de polietileno negro estabilizado con UV ligero con una h\u00e9lice de polietileno externa r\u00edgida negra.<\/p>\n","protected":false},"excerpt":{"rendered":"<p>Manguera de copol\u00edmero de polietileno negro estabilizado con UV ligero con una h\u00e9lice de polietileno externa r\u00edgida negra.<\/p>\n","protected":false},"author":4,"featured_media":13674,"menu_order":0,"template":"","meta":{"_acf_changed":false,"content-type":"","inline_featured_image":false,"footnotes":"","_links_to":"","_links_to_target":""},"class_list":["post-13855","product","type-product","status-publish","has-post-thumbnail","hentry","product-line-flex-tube-es","ind-hose-market-conductos-de-aire-acondicionado-en-limosinas","ind-hose-market-conductos-portacables","ind-hose-market-ventilacion","product_material-polietileno","group-mangueras-y-accesorios","group-mangueras-industriales"],"acf":[],"yoast_head":"<!-- This site is optimized with the Yoast SEO plugin v27.5 - https:\/\/yoast.com\/product\/yoast-seo-wordpress\/ -->\n<title>Flex-Tube PE - Flexaust \u2013 Flex Tube Pe - 1<\/title>\n<meta name=\"description\" content=\"Check out the Flex-Tube PE product from Flexaust - A leading hose manufacturer offering flexible hose, ducting, and accessories\" \/>\n<meta name=\"robots\" content=\"index, follow, max-snippet:-1, max-image-preview:large, max-video-preview:-1\" \/>\n<link rel=\"canonical\" href=\"https:\/\/www.flexaust.com\/es\/producto\/flex-tube-pe\/\" \/>\n<meta name=\"twitter:label1\" content=\"Tiempo de lectura\" \/>\n\t<meta name=\"twitter:data1\" content=\"1 minute\" \/>\n<script type=\"application\/ld+json\" class=\"yoast-schema-graph\">{\"@context\":\"https:\\\/\\\/schema.org\",\"@graph\":[{\"@type\":\"WebPage\",\"@id\":\"https:\\\/\\\/www.flexaust.com\\\/es\\\/producto\\\/flex-tube-pe\\\/\",\"url\":\"https:\\\/\\\/www.flexaust.com\\\/es\\\/producto\\\/flex-tube-pe\\\/\",\"name\":\"Flex-Tube PE - Flexaust \u2013 Flex Tube Pe - 1\",\"isPartOf\":{\"@id\":\"https:\\\/\\\/www.flexaust.com\\\/#website\"},\"primaryImageOfPage\":{\"@id\":\"https:\\\/\\\/www.flexaust.com\\\/es\\\/producto\\\/flex-tube-pe\\\/#primaryimage\"},\"image\":{\"@id\":\"https:\\\/\\\/www.flexaust.com\\\/es\\\/producto\\\/flex-tube-pe\\\/#primaryimage\"},\"thumbnailUrl\":\"https:\\\/\\\/www.flexaust.com\\\/wp-content\\\/uploads\\\/2017\\\/02\\\/Flex-Tube-PE.png\",\"datePublished\":\"2017-04-05T15:14:21+00:00\",\"dateModified\":\"2025-09-11T05:46:10+00:00\",\"description\":\"Check out the Flex-Tube PE product from Flexaust - A leading hose manufacturer offering flexible hose, ducting, and accessories\",\"breadcrumb\":{\"@id\":\"https:\\\/\\\/www.flexaust.com\\\/es\\\/producto\\\/flex-tube-pe\\\/#breadcrumb\"},\"inLanguage\":\"es-ES\",\"potentialAction\":[{\"@type\":\"ReadAction\",\"target\":[\"https:\\\/\\\/www.flexaust.com\\\/es\\\/producto\\\/flex-tube-pe\\\/\"]}]},{\"@type\":\"ImageObject\",\"inLanguage\":\"es-ES\",\"@id\":\"https:\\\/\\\/www.flexaust.com\\\/es\\\/producto\\\/flex-tube-pe\\\/#primaryimage\",\"url\":\"https:\\\/\\\/www.flexaust.com\\\/wp-content\\\/uploads\\\/2017\\\/02\\\/Flex-Tube-PE.png\",\"contentUrl\":\"https:\\\/\\\/www.flexaust.com\\\/wp-content\\\/uploads\\\/2017\\\/02\\\/Flex-Tube-PE.png\",\"width\":800,\"height\":808},{\"@type\":\"BreadcrumbList\",\"@id\":\"https:\\\/\\\/www.flexaust.com\\\/es\\\/producto\\\/flex-tube-pe\\\/#breadcrumb\",\"itemListElement\":[{\"@type\":\"ListItem\",\"position\":1,\"name\":\"Products\",\"item\":\"https:\\\/\\\/www.flexaust.com\\\/product\\\/\"},{\"@type\":\"ListItem\",\"position\":2,\"name\":\"Flex-Tube PE\"}]},{\"@type\":\"WebSite\",\"@id\":\"https:\\\/\\\/www.flexaust.com\\\/#website\",\"url\":\"https:\\\/\\\/www.flexaust.com\\\/\",\"name\":\"Flexaust\",\"description\":\"Industrial Hose Manufacturer\",\"potentialAction\":[{\"@type\":\"SearchAction\",\"target\":{\"@type\":\"EntryPoint\",\"urlTemplate\":\"https:\\\/\\\/www.flexaust.com\\\/?s={search_term_string}\"},\"query-input\":{\"@type\":\"PropertyValueSpecification\",\"valueRequired\":true,\"valueName\":\"search_term_string\"}}],\"inLanguage\":\"es-ES\"}]}<\/script>\n<!-- \/ Yoast SEO plugin. -->","yoast_head_json":{"title":"Flex-Tube PE - Flexaust \u2013 Flex Tube Pe - 1","description":"Check out the Flex-Tube PE product from Flexaust - A leading hose manufacturer offering flexible hose, ducting, and accessories","robots":{"index":"index","follow":"follow","max-snippet":"max-snippet:-1","max-image-preview":"max-image-preview:large","max-video-preview":"max-video-preview:-1"},"canonical":"https:\/\/www.flexaust.com\/es\/producto\/flex-tube-pe\/","twitter_misc":{"Tiempo de lectura":"1 minute"},"schema":{"@context":"https:\/\/schema.org","@graph":[{"@type":"WebPage","@id":"https:\/\/www.flexaust.com\/es\/producto\/flex-tube-pe\/","url":"https:\/\/www.flexaust.com\/es\/producto\/flex-tube-pe\/","name":"Flex-Tube PE - Flexaust \u2013 Flex Tube Pe - 1","isPartOf":{"@id":"https:\/\/www.flexaust.com\/#website"},"primaryImageOfPage":{"@id":"https:\/\/www.flexaust.com\/es\/producto\/flex-tube-pe\/#primaryimage"},"image":{"@id":"https:\/\/www.flexaust.com\/es\/producto\/flex-tube-pe\/#primaryimage"},"thumbnailUrl":"https:\/\/www.flexaust.com\/wp-content\/uploads\/2017\/02\/Flex-Tube-PE.png","datePublished":"2017-04-05T15:14:21+00:00","dateModified":"2025-09-11T05:46:10+00:00","description":"Check out the Flex-Tube PE product from Flexaust - A leading hose manufacturer offering flexible hose, ducting, and accessories","breadcrumb":{"@id":"https:\/\/www.flexaust.com\/es\/producto\/flex-tube-pe\/#breadcrumb"},"inLanguage":"es-ES","potentialAction":[{"@type":"ReadAction","target":["https:\/\/www.flexaust.com\/es\/producto\/flex-tube-pe\/"]}]},{"@type":"ImageObject","inLanguage":"es-ES","@id":"https:\/\/www.flexaust.com\/es\/producto\/flex-tube-pe\/#primaryimage","url":"https:\/\/www.flexaust.com\/wp-content\/uploads\/2017\/02\/Flex-Tube-PE.png","contentUrl":"https:\/\/www.flexaust.com\/wp-content\/uploads\/2017\/02\/Flex-Tube-PE.png","width":800,"height":808},{"@type":"BreadcrumbList","@id":"https:\/\/www.flexaust.com\/es\/producto\/flex-tube-pe\/#breadcrumb","itemListElement":[{"@type":"ListItem","position":1,"name":"Products","item":"https:\/\/www.flexaust.com\/product\/"},{"@type":"ListItem","position":2,"name":"Flex-Tube PE"}]},{"@type":"WebSite","@id":"https:\/\/www.flexaust.com\/#website","url":"https:\/\/www.flexaust.com\/","name":"Flexaust","description":"Industrial Hose Manufacturer","potentialAction":[{"@type":"SearchAction","target":{"@type":"EntryPoint","urlTemplate":"https:\/\/www.flexaust.com\/?s={search_term_string}"},"query-input":{"@type":"PropertyValueSpecification","valueRequired":true,"valueName":"search_term_string"}}],"inLanguage":"es-ES"}]}},"_links":{"self":[{"href":"https:\/\/www.flexaust.com\/es\/wp-json\/wp\/v2\/product\/13855","targetHints":{"allow":["GET"]}}],"collection":[{"href":"https:\/\/www.flexaust.com\/es\/wp-json\/wp\/v2\/product"}],"about":[{"href":"https:\/\/www.flexaust.com\/es\/wp-json\/wp\/v2\/types\/product"}],"author":[{"embeddable":true,"href":"https:\/\/www.flexaust.com\/es\/wp-json\/wp\/v2\/users\/4"}],"version-history":[{"count":1,"href":"https:\/\/www.flexaust.com\/es\/wp-json\/wp\/v2\/product\/13855\/revisions"}],"predecessor-version":[{"id":52153,"href":"https:\/\/www.flexaust.com\/es\/wp-json\/wp\/v2\/product\/13855\/revisions\/52153"}],"wp:featuredmedia":[{"embeddable":true,"href":"https:\/\/www.flexaust.com\/es\/wp-json\/wp\/v2\/media\/13674"}],"wp:attachment":[{"href":"https:\/\/www.flexaust.com\/es\/wp-json\/wp\/v2\/media?parent=13855"}],"curies":[{"name":"wp","href":"https:\/\/api.w.org\/{rel}","templated":true}]}}