{"id":10122,"date":"2014-06-19T13:09:32","date_gmt":"2014-06-19T17:09:32","guid":{"rendered":"http:\/\/www.flexaust.com\/product\/401ue4b-2-pipe-cleaning-tool-2\/"},"modified":"2025-09-10T06:35:34","modified_gmt":"2025-09-10T10:35:34","slug":"401ue4b-2-herramienta-de-limpieza-de-tuberias","status":"publish","type":"product","link":"https:\/\/www.flexaust.com\/es\/producto\/401ue4b-2-herramienta-de-limpieza-de-tuberias\/","title":{"rendered":"401UE4B-2 Herramienta de Limpieza de Tuber\u00edas"},"content":{"rendered":"<p>De cerdas de nylon herramienta de limpieza de tuber\u00edas para ser utilizado con una extensi\u00f3n recta. Para la limpieza de tuber\u00edas a\u00e9reas, armaduras, etc.<\/p>\n","protected":false},"excerpt":{"rendered":"<p>De cerdas de nylon herramienta de limpieza de tuber\u00edas para ser utilizado con una extensi\u00f3n recta. Para la limpieza de tuber\u00edas a\u00e9reas, armaduras, etc.<\/p>\n","protected":false},"author":4,"featured_media":10038,"menu_order":0,"template":"","meta":{"_acf_changed":false,"content-type":"","inline_featured_image":false,"footnotes":"","_links_to":"","_links_to_target":""},"class_list":["post-10122","product","type-product","status-publish","has-post-thumbnail","hentry","equipment-types-aspiradora-de-polvo","product-line-tuec-es","ind-hose-market-limpieza-de-tuberias-por-encima","bristle_material-nylon-es","product_material-polipropileno-es","group-herramientas-de-limpieza-comerciales","group-limpieza-por-encima-de-arriba","group-herramientas-especiales-herramientas-de-limpieza-comerciales"],"acf":[],"yoast_head":"<!-- This site is optimized with the Yoast SEO plugin v27.4 - https:\/\/yoast.com\/product\/yoast-seo-wordpress\/ -->\n<title>401UE4B-2 Herramienta de Limpieza de Tuber\u00edas - Flexaust<\/title>\n<meta name=\"description\" content=\"Check out the 401UE4B-2 Herramienta de Limpieza de Tuber\u00edas product from Flexaust - A leading hose manufacturer offering flexible hose, ducting, and access\" \/>\n<meta name=\"robots\" content=\"index, follow, max-snippet:-1, max-image-preview:large, max-video-preview:-1\" \/>\n<link rel=\"canonical\" href=\"https:\/\/www.flexaust.com\/product\/401ue4b-2-pipe-cleaning-tool\/\" \/>\n<meta name=\"twitter:label1\" content=\"Tiempo de lectura\" \/>\n\t<meta name=\"twitter:data1\" content=\"1 minute\" \/>\n<script type=\"application\/ld+json\" class=\"yoast-schema-graph\">{\"@context\":\"https:\\\/\\\/schema.org\",\"@graph\":[{\"@type\":\"WebPage\",\"@id\":\"https:\\\/\\\/www.flexaust.com\\\/product\\\/401ue4b-2-pipe-cleaning-tool\\\/\",\"url\":\"https:\\\/\\\/www.flexaust.com\\\/product\\\/401ue4b-2-pipe-cleaning-tool\\\/\",\"name\":\"401UE4B-2 Herramienta de Limpieza de Tuber\u00edas - Flexaust\",\"isPartOf\":{\"@id\":\"https:\\\/\\\/www.flexaust.com\\\/#website\"},\"primaryImageOfPage\":{\"@id\":\"https:\\\/\\\/www.flexaust.com\\\/product\\\/401ue4b-2-pipe-cleaning-tool\\\/#primaryimage\"},\"image\":{\"@id\":\"https:\\\/\\\/www.flexaust.com\\\/product\\\/401ue4b-2-pipe-cleaning-tool\\\/#primaryimage\"},\"thumbnailUrl\":\"https:\\\/\\\/www.flexaust.com\\\/wp-content\\\/uploads\\\/2014\\\/08\\\/401UE4B-2-Pipe-Cleaning-Tool.png\",\"datePublished\":\"2014-06-19T17:09:32+00:00\",\"dateModified\":\"2025-09-10T10:35:34+00:00\",\"description\":\"Check out the 401UE4B-2 Herramienta de Limpieza de Tuber\u00edas product from Flexaust - A leading hose manufacturer offering flexible hose, ducting, and access\",\"breadcrumb\":{\"@id\":\"https:\\\/\\\/www.flexaust.com\\\/product\\\/401ue4b-2-pipe-cleaning-tool\\\/#breadcrumb\"},\"inLanguage\":\"es-ES\",\"potentialAction\":[{\"@type\":\"ReadAction\",\"target\":[\"https:\\\/\\\/www.flexaust.com\\\/product\\\/401ue4b-2-pipe-cleaning-tool\\\/\"]}]},{\"@type\":\"ImageObject\",\"inLanguage\":\"es-ES\",\"@id\":\"https:\\\/\\\/www.flexaust.com\\\/product\\\/401ue4b-2-pipe-cleaning-tool\\\/#primaryimage\",\"url\":\"https:\\\/\\\/www.flexaust.com\\\/wp-content\\\/uploads\\\/2014\\\/08\\\/401UE4B-2-Pipe-Cleaning-Tool.png\",\"contentUrl\":\"https:\\\/\\\/www.flexaust.com\\\/wp-content\\\/uploads\\\/2014\\\/08\\\/401UE4B-2-Pipe-Cleaning-Tool.png\",\"width\":800,\"height\":800},{\"@type\":\"BreadcrumbList\",\"@id\":\"https:\\\/\\\/www.flexaust.com\\\/product\\\/401ue4b-2-pipe-cleaning-tool\\\/#breadcrumb\",\"itemListElement\":[{\"@type\":\"ListItem\",\"position\":1,\"name\":\"Products\",\"item\":\"https:\\\/\\\/www.flexaust.com\\\/product\\\/\"},{\"@type\":\"ListItem\",\"position\":2,\"name\":\"401UE4B-2 Herramienta de Limpieza de Tuber\u00edas\"}]},{\"@type\":\"WebSite\",\"@id\":\"https:\\\/\\\/www.flexaust.com\\\/#website\",\"url\":\"https:\\\/\\\/www.flexaust.com\\\/\",\"name\":\"Flexaust\",\"description\":\"Industrial Hose Manufacturer\",\"potentialAction\":[{\"@type\":\"SearchAction\",\"target\":{\"@type\":\"EntryPoint\",\"urlTemplate\":\"https:\\\/\\\/www.flexaust.com\\\/?s={search_term_string}\"},\"query-input\":{\"@type\":\"PropertyValueSpecification\",\"valueRequired\":true,\"valueName\":\"search_term_string\"}}],\"inLanguage\":\"es-ES\"}]}<\/script>\n<!-- \/ Yoast SEO plugin. -->","yoast_head_json":{"title":"401UE4B-2 Herramienta de Limpieza de Tuber\u00edas - Flexaust","description":"Check out the 401UE4B-2 Herramienta de Limpieza de Tuber\u00edas product from Flexaust - A leading hose manufacturer offering flexible hose, ducting, and access","robots":{"index":"index","follow":"follow","max-snippet":"max-snippet:-1","max-image-preview":"max-image-preview:large","max-video-preview":"max-video-preview:-1"},"canonical":"https:\/\/www.flexaust.com\/product\/401ue4b-2-pipe-cleaning-tool\/","twitter_misc":{"Tiempo de lectura":"1 minute"},"schema":{"@context":"https:\/\/schema.org","@graph":[{"@type":"WebPage","@id":"https:\/\/www.flexaust.com\/product\/401ue4b-2-pipe-cleaning-tool\/","url":"https:\/\/www.flexaust.com\/product\/401ue4b-2-pipe-cleaning-tool\/","name":"401UE4B-2 Herramienta de Limpieza de Tuber\u00edas - Flexaust","isPartOf":{"@id":"https:\/\/www.flexaust.com\/#website"},"primaryImageOfPage":{"@id":"https:\/\/www.flexaust.com\/product\/401ue4b-2-pipe-cleaning-tool\/#primaryimage"},"image":{"@id":"https:\/\/www.flexaust.com\/product\/401ue4b-2-pipe-cleaning-tool\/#primaryimage"},"thumbnailUrl":"https:\/\/www.flexaust.com\/wp-content\/uploads\/2014\/08\/401UE4B-2-Pipe-Cleaning-Tool.png","datePublished":"2014-06-19T17:09:32+00:00","dateModified":"2025-09-10T10:35:34+00:00","description":"Check out the 401UE4B-2 Herramienta de Limpieza de Tuber\u00edas product from Flexaust - A leading hose manufacturer offering flexible hose, ducting, and access","breadcrumb":{"@id":"https:\/\/www.flexaust.com\/product\/401ue4b-2-pipe-cleaning-tool\/#breadcrumb"},"inLanguage":"es-ES","potentialAction":[{"@type":"ReadAction","target":["https:\/\/www.flexaust.com\/product\/401ue4b-2-pipe-cleaning-tool\/"]}]},{"@type":"ImageObject","inLanguage":"es-ES","@id":"https:\/\/www.flexaust.com\/product\/401ue4b-2-pipe-cleaning-tool\/#primaryimage","url":"https:\/\/www.flexaust.com\/wp-content\/uploads\/2014\/08\/401UE4B-2-Pipe-Cleaning-Tool.png","contentUrl":"https:\/\/www.flexaust.com\/wp-content\/uploads\/2014\/08\/401UE4B-2-Pipe-Cleaning-Tool.png","width":800,"height":800},{"@type":"BreadcrumbList","@id":"https:\/\/www.flexaust.com\/product\/401ue4b-2-pipe-cleaning-tool\/#breadcrumb","itemListElement":[{"@type":"ListItem","position":1,"name":"Products","item":"https:\/\/www.flexaust.com\/product\/"},{"@type":"ListItem","position":2,"name":"401UE4B-2 Herramienta de Limpieza de Tuber\u00edas"}]},{"@type":"WebSite","@id":"https:\/\/www.flexaust.com\/#website","url":"https:\/\/www.flexaust.com\/","name":"Flexaust","description":"Industrial Hose Manufacturer","potentialAction":[{"@type":"SearchAction","target":{"@type":"EntryPoint","urlTemplate":"https:\/\/www.flexaust.com\/?s={search_term_string}"},"query-input":{"@type":"PropertyValueSpecification","valueRequired":true,"valueName":"search_term_string"}}],"inLanguage":"es-ES"}]}},"_links":{"self":[{"href":"https:\/\/www.flexaust.com\/es\/wp-json\/wp\/v2\/product\/10122","targetHints":{"allow":["GET"]}}],"collection":[{"href":"https:\/\/www.flexaust.com\/es\/wp-json\/wp\/v2\/product"}],"about":[{"href":"https:\/\/www.flexaust.com\/es\/wp-json\/wp\/v2\/types\/product"}],"author":[{"embeddable":true,"href":"https:\/\/www.flexaust.com\/es\/wp-json\/wp\/v2\/users\/4"}],"version-history":[{"count":1,"href":"https:\/\/www.flexaust.com\/es\/wp-json\/wp\/v2\/product\/10122\/revisions"}],"predecessor-version":[{"id":52015,"href":"https:\/\/www.flexaust.com\/es\/wp-json\/wp\/v2\/product\/10122\/revisions\/52015"}],"wp:featuredmedia":[{"embeddable":true,"href":"https:\/\/www.flexaust.com\/es\/wp-json\/wp\/v2\/media\/10038"}],"wp:attachment":[{"href":"https:\/\/www.flexaust.com\/es\/wp-json\/wp\/v2\/media?parent=10122"}],"curies":[{"name":"wp","href":"https:\/\/api.w.org\/{rel}","templated":true}]}}