 {"id":9849,"date":"2012-01-30T02:55:05","date_gmt":"2012-01-30T07:55:05","guid":{"rendered":"https:\/\/www.flexaust.com\/market-applications-2\/"},"modified":"2024-11-27T08:30:50","modified_gmt":"2024-11-27T13:30:50","slug":"aplicaciones-de-mercado","status":"publish","type":"page","link":"https:\/\/www.flexaust.com\/es\/aplicaciones-de-mercado\/","title":{"rendered":"Aplicaciones de Mercado"},"content":{"rendered":"<p>A trav\u00e9s de la innovaci\u00f3n y un enfoque de resoluci\u00f3n de problemas en el mercado, Flexaust puede ayudar con casi cualquier aplicaci\u00f3n que involucre aplicaciones de manejo de aire, polvo de humo y materiales livianos. La l\u00ednea de productos de conductos y mangueras flexibles resuelve una multitud de problemas de aplicaciones industriales y comerciales.<\/p>\n","protected":false},"excerpt":{"rendered":"<p>A trav\u00e9s de la innovaci\u00f3n y un enfoque de resoluci\u00f3n de problemas en el mercado, Flexaust puede ayudar con casi cualquier aplicaci\u00f3n que involucre aplicaciones de manejo de aire, polvo de humo y materiales livianos. La l\u00ednea de productos de conductos y mangueras flexibles resuelve una multitud de problemas de aplicaciones industriales y comerciales.<\/p>\n","protected":false},"author":4,"featured_media":0,"parent":0,"menu_order":0,"comment_status":"closed","ping_status":"closed","template":"page-market-apps.php","meta":{"_acf_changed":false,"content-type":"","inline_featured_image":false,"footnotes":"","_links_to":"","_links_to_target":""},"class_list":["post-9849","page","type-page","status-publish","hentry"],"acf":[],"yoast_head":"<!-- This site is optimized with the Yoast SEO plugin v27.6 - https:\/\/yoast.com\/product\/yoast-seo-wordpress\/ -->\n<title>Aplicaciones de Mercado | Flexaust Inc.<\/title>\n<meta name=\"description\" content=\"Soluciones de mangueras y conductos flexibles para ventilaci\u00f3n, manejo de materiales, control de polvo y m\u00e1s. Descubre aplicaciones industriales espec\u00edficas.\" \/>\n<meta name=\"robots\" content=\"noindex, follow, max-snippet:-1, max-image-preview:large, max-video-preview:-1\" \/>\n<meta name=\"twitter:label1\" content=\"Tiempo de lectura\" \/>\n\t<meta name=\"twitter:data1\" content=\"1 minute\" \/>\n<script type=\"application\/ld+json\" class=\"yoast-schema-graph\">{\"@context\":\"https:\\\/\\\/schema.org\",\"@graph\":[{\"@type\":\"WebPage\",\"@id\":\"https:\\\/\\\/www.flexaust.com\\\/es\\\/aplicaciones-de-mercado\\\/\",\"url\":\"https:\\\/\\\/www.flexaust.com\\\/es\\\/aplicaciones-de-mercado\\\/\",\"name\":\"Aplicaciones de Mercado | Flexaust Inc.\",\"isPartOf\":{\"@id\":\"https:\\\/\\\/www.flexaust.com\\\/#website\"},\"datePublished\":\"2012-01-30T07:55:05+00:00\",\"dateModified\":\"2024-11-27T13:30:50+00:00\",\"description\":\"Soluciones de mangueras y conductos flexibles para ventilaci\u00f3n, manejo de materiales, control de polvo y m\u00e1s. Descubre aplicaciones industriales espec\u00edficas.\",\"inLanguage\":\"es-ES\",\"potentialAction\":[{\"@type\":\"ReadAction\",\"target\":[\"https:\\\/\\\/www.flexaust.com\\\/es\\\/aplicaciones-de-mercado\\\/\"]}]},{\"@type\":\"WebSite\",\"@id\":\"https:\\\/\\\/www.flexaust.com\\\/#website\",\"url\":\"https:\\\/\\\/www.flexaust.com\\\/\",\"name\":\"Flexaust\",\"description\":\"Industrial Hose Manufacturer\",\"potentialAction\":[{\"@type\":\"SearchAction\",\"target\":{\"@type\":\"EntryPoint\",\"urlTemplate\":\"https:\\\/\\\/www.flexaust.com\\\/?s={search_term_string}\"},\"query-input\":{\"@type\":\"PropertyValueSpecification\",\"valueRequired\":true,\"valueName\":\"search_term_string\"}}],\"inLanguage\":\"es-ES\"}]}<\/script>\n<!-- \/ Yoast SEO plugin. -->","yoast_head_json":{"title":"Aplicaciones de Mercado | Flexaust Inc.","description":"Soluciones de mangueras y conductos flexibles para ventilaci\u00f3n, manejo de materiales, control de polvo y m\u00e1s. Descubre aplicaciones industriales espec\u00edficas.","robots":{"index":"noindex","follow":"follow","max-snippet":"max-snippet:-1","max-image-preview":"max-image-preview:large","max-video-preview":"max-video-preview:-1"},"twitter_misc":{"Tiempo de lectura":"1 minute"},"schema":{"@context":"https:\/\/schema.org","@graph":[{"@type":"WebPage","@id":"https:\/\/www.flexaust.com\/es\/aplicaciones-de-mercado\/","url":"https:\/\/www.flexaust.com\/es\/aplicaciones-de-mercado\/","name":"Aplicaciones de Mercado | Flexaust Inc.","isPartOf":{"@id":"https:\/\/www.flexaust.com\/#website"},"datePublished":"2012-01-30T07:55:05+00:00","dateModified":"2024-11-27T13:30:50+00:00","description":"Soluciones de mangueras y conductos flexibles para ventilaci\u00f3n, manejo de materiales, control de polvo y m\u00e1s. Descubre aplicaciones industriales espec\u00edficas.","inLanguage":"es-ES","potentialAction":[{"@type":"ReadAction","target":["https:\/\/www.flexaust.com\/es\/aplicaciones-de-mercado\/"]}]},{"@type":"WebSite","@id":"https:\/\/www.flexaust.com\/#website","url":"https:\/\/www.flexaust.com\/","name":"Flexaust","description":"Industrial Hose Manufacturer","potentialAction":[{"@type":"SearchAction","target":{"@type":"EntryPoint","urlTemplate":"https:\/\/www.flexaust.com\/?s={search_term_string}"},"query-input":{"@type":"PropertyValueSpecification","valueRequired":true,"valueName":"search_term_string"}}],"inLanguage":"es-ES"}]}},"_links":{"self":[{"href":"https:\/\/www.flexaust.com\/es\/wp-json\/wp\/v2\/pages\/9849","targetHints":{"allow":["GET"]}}],"collection":[{"href":"https:\/\/www.flexaust.com\/es\/wp-json\/wp\/v2\/pages"}],"about":[{"href":"https:\/\/www.flexaust.com\/es\/wp-json\/wp\/v2\/types\/page"}],"author":[{"embeddable":true,"href":"https:\/\/www.flexaust.com\/es\/wp-json\/wp\/v2\/users\/4"}],"replies":[{"embeddable":true,"href":"https:\/\/www.flexaust.com\/es\/wp-json\/wp\/v2\/comments?post=9849"}],"version-history":[{"count":2,"href":"https:\/\/www.flexaust.com\/es\/wp-json\/wp\/v2\/pages\/9849\/revisions"}],"predecessor-version":[{"id":51585,"href":"https:\/\/www.flexaust.com\/es\/wp-json\/wp\/v2\/pages\/9849\/revisions\/51585"}],"wp:attachment":[{"href":"https:\/\/www.flexaust.com\/es\/wp-json\/wp\/v2\/media?parent=9849"}],"curies":[{"name":"wp","href":"https:\/\/api.w.org\/{rel}","templated":true}]}}