{"id":8567,"date":"2014-07-16T12:15:05","date_gmt":"2014-07-16T16:15:05","guid":{"rendered":"http:\/\/www.flexaust.com\/?page_id=8567"},"modified":"2024-11-27T09:22:34","modified_gmt":"2024-11-27T14:22:34","slug":"encuestas","status":"publish","type":"page","link":"https:\/\/www.flexaust.com\/es\/recursos\/encuestas\/","title":{"rendered":"Encuestas"},"content":{"rendered":"<p>Bienvenido a nuestra p\u00e1gina de encuesta a los clientes. Por favor tome un momento y h\u00e1ganos saber sus pensamientos acerca de nuestra nueva p\u00e1gina web para que podamos continuar mejor\u00e1ndola para usted.<\/p>\n<p>Si desea enviarnos sus comentarios y sugerencias espec\u00edficas, le invitamos a usar nuestro <a href=\"http:\/\/www.flexaust.com\/es\/contacto-y-soporte\/contactenos\/\">formulario de contacto<\/a> y elaborados.<\/p>\n<p>Si usted tiene problemas para ver la siguiente encuesta tambi\u00e9n <strong><a href=\"http:\/\/www.surveymonkey.com\/s\/3WG8WQF\" target=\"_blank\" rel=\"noopener\">se puede utilizar este enlace<\/a>.<\/strong><\/p>\n<div id=\"surveyMonkeyInfo\"><\/div>\n<div id=\"surveyMonkeyInfo\" style=\"width: 550px; font-size: 10px; color: #666666;\">\n<div><script src=\"http:\/\/www.surveymonkey.com\/jsEmbed.aspx?sm=FEzDtrw49Yf8NuPV_2fqwY6g_3d_3d\">\/\/ <![CDATA[\n \n\/\/ ]]><\/script><iframe loading=\"lazy\" id=\"sm_e_s\" style=\"border: 0px; padding-bottom: 4px;\" src=\"http:\/\/www.surveymonkey.com\/s.aspx?sm=FEzDtrw49Yf8NuPV%2fqwY6g%3d%3d\" width=\"550\" height=\"600\" frameborder=\"0\">&lt;a href=&#8221;http:\/\/www.surveymonkey.com\/s.aspx?sm=FEzDtrw49Yf8NuPV%2fqwY6g%3d%3d&#8221;&gt;Please take our survey&lt;\/a&gt;<\/iframe><\/div>\n<\/div>\n","protected":false},"excerpt":{"rendered":"<p>Bienvenido a nuestra p\u00e1gina de encuesta a los clientes. Por favor tome un momento y h\u00e1ganos saber sus pensamientos acerca de nuestra nueva p\u00e1gina web para que podamos continuar mejor\u00e1ndola para usted. Si desea enviarnos sus comentarios y sugerencias espec\u00edficas, le invitamos a usar nuestro formulario de contacto y elaborados. Si usted tiene problemas para ver la siguiente encuesta tambi\u00e9n se puede utilizar este enlace. &lt;a href=&#8221;http:\/\/www.surveymonkey.com\/s.aspx?sm=FEzDtrw49Yf8NuPV%2fqwY6g%3d%3d&#8221;&gt;Please take our survey&lt;\/a&gt;<\/p>\n","protected":false},"author":6,"featured_media":0,"parent":8421,"menu_order":0,"comment_status":"closed","ping_status":"closed","template":"","meta":{"_acf_changed":false,"content-type":"","inline_featured_image":false,"footnotes":"","_links_to":"","_links_to_target":""},"class_list":["post-8567","page","type-page","status-publish","hentry"],"acf":[],"yoast_head":"<!-- This site is optimized with the Yoast SEO plugin v27.3 - https:\/\/yoast.com\/product\/yoast-seo-wordpress\/ -->\n<title>Encuestas | Flexaust Inc.<\/title>\n<meta name=\"description\" content=\"Encuestas: Encuestas y estudios de Flexaust para mejorar los servicios.\" \/>\n<meta name=\"robots\" content=\"index, follow, max-snippet:-1, max-image-preview:large, max-video-preview:-1\" \/>\n<link rel=\"canonical\" href=\"https:\/\/www.flexaust.com\/es\/recursos\/encuestas\/\" \/>\n<meta name=\"twitter:label1\" content=\"Tiempo de lectura\" \/>\n\t<meta name=\"twitter:data1\" content=\"1 minute\" \/>\n<script type=\"application\/ld+json\" class=\"yoast-schema-graph\">{\"@context\":\"https:\\\/\\\/schema.org\",\"@graph\":[{\"@type\":\"WebPage\",\"@id\":\"https:\\\/\\\/www.flexaust.com\\\/es\\\/recursos\\\/encuestas\\\/\",\"url\":\"https:\\\/\\\/www.flexaust.com\\\/es\\\/recursos\\\/encuestas\\\/\",\"name\":\"Encuestas | Flexaust Inc.\",\"isPartOf\":{\"@id\":\"https:\\\/\\\/www.flexaust.com\\\/#website\"},\"datePublished\":\"2014-07-16T16:15:05+00:00\",\"dateModified\":\"2024-11-27T14:22:34+00:00\",\"description\":\"Encuestas: Encuestas y estudios de Flexaust para mejorar los servicios.\",\"breadcrumb\":{\"@id\":\"https:\\\/\\\/www.flexaust.com\\\/es\\\/recursos\\\/encuestas\\\/#breadcrumb\"},\"inLanguage\":\"es-ES\",\"potentialAction\":[{\"@type\":\"ReadAction\",\"target\":[\"https:\\\/\\\/www.flexaust.com\\\/es\\\/recursos\\\/encuestas\\\/\"]}]},{\"@type\":\"BreadcrumbList\",\"@id\":\"https:\\\/\\\/www.flexaust.com\\\/es\\\/recursos\\\/encuestas\\\/#breadcrumb\",\"itemListElement\":[{\"@type\":\"ListItem\",\"position\":1,\"name\":\"Recursos\",\"item\":\"http:\\\/\\\/www.flexaust.com\\\/es\\\/recursos\\\/guias-de-productos\\\/\"},{\"@type\":\"ListItem\",\"position\":2,\"name\":\"Encuestas\"}]},{\"@type\":\"WebSite\",\"@id\":\"https:\\\/\\\/www.flexaust.com\\\/#website\",\"url\":\"https:\\\/\\\/www.flexaust.com\\\/\",\"name\":\"Flexaust\",\"description\":\"Industrial Hose Manufacturer\",\"potentialAction\":[{\"@type\":\"SearchAction\",\"target\":{\"@type\":\"EntryPoint\",\"urlTemplate\":\"https:\\\/\\\/www.flexaust.com\\\/?s={search_term_string}\"},\"query-input\":{\"@type\":\"PropertyValueSpecification\",\"valueRequired\":true,\"valueName\":\"search_term_string\"}}],\"inLanguage\":\"es-ES\"}]}<\/script>\n<!-- \/ Yoast SEO plugin. -->","yoast_head_json":{"title":"Encuestas | Flexaust Inc.","description":"Encuestas: Encuestas y estudios de Flexaust para mejorar los servicios.","robots":{"index":"index","follow":"follow","max-snippet":"max-snippet:-1","max-image-preview":"max-image-preview:large","max-video-preview":"max-video-preview:-1"},"canonical":"https:\/\/www.flexaust.com\/es\/recursos\/encuestas\/","twitter_misc":{"Tiempo de lectura":"1 minute"},"schema":{"@context":"https:\/\/schema.org","@graph":[{"@type":"WebPage","@id":"https:\/\/www.flexaust.com\/es\/recursos\/encuestas\/","url":"https:\/\/www.flexaust.com\/es\/recursos\/encuestas\/","name":"Encuestas | Flexaust Inc.","isPartOf":{"@id":"https:\/\/www.flexaust.com\/#website"},"datePublished":"2014-07-16T16:15:05+00:00","dateModified":"2024-11-27T14:22:34+00:00","description":"Encuestas: Encuestas y estudios de Flexaust para mejorar los servicios.","breadcrumb":{"@id":"https:\/\/www.flexaust.com\/es\/recursos\/encuestas\/#breadcrumb"},"inLanguage":"es-ES","potentialAction":[{"@type":"ReadAction","target":["https:\/\/www.flexaust.com\/es\/recursos\/encuestas\/"]}]},{"@type":"BreadcrumbList","@id":"https:\/\/www.flexaust.com\/es\/recursos\/encuestas\/#breadcrumb","itemListElement":[{"@type":"ListItem","position":1,"name":"Recursos","item":"http:\/\/www.flexaust.com\/es\/recursos\/guias-de-productos\/"},{"@type":"ListItem","position":2,"name":"Encuestas"}]},{"@type":"WebSite","@id":"https:\/\/www.flexaust.com\/#website","url":"https:\/\/www.flexaust.com\/","name":"Flexaust","description":"Industrial Hose Manufacturer","potentialAction":[{"@type":"SearchAction","target":{"@type":"EntryPoint","urlTemplate":"https:\/\/www.flexaust.com\/?s={search_term_string}"},"query-input":{"@type":"PropertyValueSpecification","valueRequired":true,"valueName":"search_term_string"}}],"inLanguage":"es-ES"}]}},"_links":{"self":[{"href":"https:\/\/www.flexaust.com\/es\/wp-json\/wp\/v2\/pages\/8567","targetHints":{"allow":["GET"]}}],"collection":[{"href":"https:\/\/www.flexaust.com\/es\/wp-json\/wp\/v2\/pages"}],"about":[{"href":"https:\/\/www.flexaust.com\/es\/wp-json\/wp\/v2\/types\/page"}],"author":[{"embeddable":true,"href":"https:\/\/www.flexaust.com\/es\/wp-json\/wp\/v2\/users\/6"}],"replies":[{"embeddable":true,"href":"https:\/\/www.flexaust.com\/es\/wp-json\/wp\/v2\/comments?post=8567"}],"version-history":[{"count":1,"href":"https:\/\/www.flexaust.com\/es\/wp-json\/wp\/v2\/pages\/8567\/revisions"}],"predecessor-version":[{"id":51611,"href":"https:\/\/www.flexaust.com\/es\/wp-json\/wp\/v2\/pages\/8567\/revisions\/51611"}],"up":[{"embeddable":true,"href":"https:\/\/www.flexaust.com\/es\/wp-json\/wp\/v2\/pages\/8421"}],"wp:attachment":[{"href":"https:\/\/www.flexaust.com\/es\/wp-json\/wp\/v2\/media?parent=8567"}],"curies":[{"name":"wp","href":"https:\/\/api.w.org\/{rel}","templated":true}]}}