{"id":8452,"date":"2012-01-27T01:55:59","date_gmt":"2012-01-27T06:55:59","guid":{"rendered":"http:\/\/www.flexaust.com\/privacy-2\/"},"modified":"2024-11-27T08:38:57","modified_gmt":"2024-11-27T13:38:57","slug":"privacidad-seguridad","status":"publish","type":"page","link":"https:\/\/www.flexaust.com\/es\/privacidad-seguridad\/","title":{"rendered":"Privacidad y Seguridad"},"content":{"rendered":"<p>En Flexaust reconocemos que la privacidad es importante. Esta pol\u00edtica de privacidad se aplica a todos los productos, servicios y sitios web ofrecidos por Flexaust o sus subsidiarias o compa\u00f1\u00edas afiliadas, en conjunto, Flexaust &#8220;servicios&#8221;. Adem\u00e1s, cuando una informaci\u00f3n m\u00e1s detallada es necesaria para explicar nuestras pr\u00e1cticas de privacidad, publicamos avisos de privacidad adicional para describir la informaci\u00f3n de lo particular proceso de prestaci\u00f3n de servicios personales.<\/p>\n<div id=\"gt-res-content\">\n<div dir=\"ltr\">Se adhiere a los Flexaust de US Safe principios de privacidad de Notoriedad, Elecci\u00f3n de Transferencia Progresiva, seguridad, integridad de datos, acceso y aplicaci\u00f3n, y est\u00e1 registrada en los EE.UU. Departamento de Programa Safe Harbor del Departamento de Comercio.<\/div>\n<\/div>\n<p>Si usted tiene alguna pregunta sobre esta Pol\u00edtica de Privacidad, por favor no dude en contactar con nosotros a trav\u00e9s de nuestro sitio web en http:\/\/www.flexaust.com o escr\u00edbanos a:<\/p>\n<p><strong>Flexaust Internet Team<\/strong><br \/>\n1510 Armstrong Rd.<br \/>\nWarsaw, IN 46580<\/p>\n<p><strong>Informaci\u00f3n de Identificaci\u00f3n Personal<\/strong><br \/>\nPara los prop\u00f3sitos de esta Pol\u00edtica de Privacidad, &#8220;informaci\u00f3n de identificaci\u00f3n personal&#8221; significa informaci\u00f3n que identifica a un individuo en particular, tales como nombre, direcci\u00f3n postal, direcci\u00f3n de correo electr\u00f3nico y n\u00famero de tel\u00e9fono. Otra informaci\u00f3n, como su direcci\u00f3n IP, informaci\u00f3n de cookies, datos de navegaci\u00f3n, y los atributos de software y hardware, no es &#8220;informaci\u00f3n de identificaci\u00f3n personal,&#8221; a menos que se asocia directamente con otra informaci\u00f3n de identificaci\u00f3n personal.<\/p>\n<p><strong>No Informaci\u00f3n de Identificaci\u00f3n Personal<\/strong><br \/>\nAdem\u00e1s de la informaci\u00f3n que usted elija proporcionarnos a nosotros, tambi\u00e9n recopilar informaci\u00f3n no personal identificable a trav\u00e9s de la tecnolog\u00eda para hacer que nuestro sitio sea m\u00e1s interesante y \u00fatil para usted. Flexaust puede utilizar esta informaci\u00f3n para cualquier prop\u00f3sito que estime conveniente, a su sola discreci\u00f3n. Tambi\u00e9n podemos combinar esta informaci\u00f3n con informaci\u00f3n de identificaci\u00f3n personal que usted nos ha proporcionado y \/ o con otra informaci\u00f3n que est\u00e9 disponible al p\u00fablico o que recibimos de otras fuentes confiables para hacer que nuestro sitio web y la comunicaci\u00f3n m\u00e1s espec\u00edfica a sus intereses.<\/p>\n<p><strong>La informaci\u00f3n que recogemos y c\u00f3mo la usamos<\/strong><br \/>\nOfrecemos una serie de servicios que no requieren registrarse para una cuenta o proporcionar ninguna informaci\u00f3n personal a nosotros, como nuestro almac\u00e9n de productos, blog, foro y galer\u00edas de fotos. Con el fin de proveer a nuestra gama completa de servicios, podemos recoger los siguientes tipos de informaci\u00f3n:<\/p>\n<ul>\n<li><strong>La informaci\u00f3n que usted facilita<\/strong> &#8211; Cuando usted se registra para una cuenta o servicio Flexaust.com Flexaust.com o promoci\u00f3n que requiera registrarse, le solicitamos informaci\u00f3n personal (como su nombre, direcci\u00f3n de correo electr\u00f3nico y una contrase\u00f1a de la cuenta). Para ciertos servicios, tales como compras en l\u00ednea, tambi\u00e9n solicitamos la tarjeta de cr\u00e9dito u otra informaci\u00f3n de cuenta de pago que mantenemos de forma encriptada en servidores seguros. Podemos combinar la informaci\u00f3n que usted indica en su cuenta con la informaci\u00f3n de los servicios de Flexaust o de terceras personas con el fin de ofrecerle una mejor experiencia y mejorar la calidad de nuestros servicios. Para ciertos servicios, es posible que le dar\u00e1 la oportunidad de optar por la combinaci\u00f3n de dicha informaci\u00f3n.<\/li>\n<\/ul>\n<p>&nbsp;<\/p>\n<ul>\n<li><strong>Las cookies<\/strong> &#8211; Cuando usted visita Flexaust.com, enviamos una o m\u00e1s cookies-un peque\u00f1o fichero que contiene una cadena de caracteres-a su ordenador que identifica de forma exclusiva su navegador. Nosotros utilizamos cookies para mejorar la calidad de nuestro servicio almacenando las preferencias del usuario y rastreando las tendencias del usuario, por ejemplo, c\u00f3mo la gente busca. Flexaust.com puede tambi\u00e9n utiliza cookies en sus servicios de publicidad para ayudar a los anunciantes y editores a proporcionar ya gestionar anuncios en la web. Podemos poner una cookie en su navegador cuando usted visita un sitio web y ver o hacer clic en un anuncio con el apoyo de los servicios de publicidad de los Stoddards.<\/li>\n<\/ul>\n<ul>\n<li><strong>Informaci\u00f3n de registro<\/strong> &#8211; Al acceder a los servicios Flexaust.com, nuestros servidores registran autom\u00e1ticamente la informaci\u00f3n que su buscador env\u00eda cada vez que visita un sitio web. Estos registros del servidor pueden incluir informaci\u00f3n como su petici\u00f3n de web, direcci\u00f3n de Protocolo de Internet, tipo de navegador, idioma del navegador, la fecha y hora de su solicitud y una o m\u00e1s cookies que puedan identificar exclusivamente su navegador.<\/li>\n<\/ul>\n<ul>\n<li><strong>Comunicaciones de usuario <\/strong>\u2013 Cuando usted env\u00eda comunicaciones por correo electr\u00f3nico o de otro tipo de Flexaust, podemos conservar las comunicaciones para procesar sus preguntas, responder a sus peticiones y mejorar nuestros servicios.<\/li>\n<\/ul>\n<ul>\n<li><strong>Sitios web asociados<\/strong> &#8211; Ofrecemos algunos de nuestros servicios en conexi\u00f3n con otros sitios web. La informaci\u00f3n personal que usted facilite a estos sitios pueden ser enviados a Flexaust con el fin de prestar el servicio. Procesamos dicha informaci\u00f3n de acuerdo con esta Pol\u00edtica de Privacidad. Los sitios afiliados pueden tener diferentes pr\u00e1cticas de privacidad y le animamos a leer sus pol\u00edticas de privacidad.<\/li>\n<\/ul>\n<ul>\n<li><strong>Enlaces<\/strong> &#8211; Flexaust.com puede presentar enlaces en un formato que nos permite mantener un seguimiento de si estos v\u00ednculos se han seguido. Utilizamos esta informaci\u00f3n para mejorar la calidad de nuestra tecnolog\u00eda de b\u00fasqueda, contenido personalizado y publicitario.<\/li>\n<\/ul>\n<ul>\n<li><strong>Otros sitios<\/strong> &#8211; Esta pol\u00edtica de privacidad se aplica a los servicios s\u00f3lo Flexaust.com. Nosotros no tenemos control sobre los sitios mostrados como resultados de b\u00fasqueda o enlaces desde nuestros varios servicios. Estos otros sitios pueden colocar sus propias cookies u otros archivos en su computadora, recoger datos o solicitar informaci\u00f3n personal de usted.<\/li>\n<\/ul>\n<p>Flexaust s\u00f3lo procesa informaci\u00f3n personal para los fines descritos en esta Pol\u00edtica de Privacidad y \/ o los avisos de privacidad aplicable para servicios espec\u00edficos. Adem\u00e1s de lo anterior, tales prop\u00f3sitos incluyen:<\/p>\n<ul>\n<li>Proveer a nuestros servicios a los usuarios, incluyendo la visualizaci\u00f3n personalizada de contenidos y publicidad;<\/li>\n<li>Revisi\u00f3n, investigaci\u00f3n y an\u00e1lisis para mantener, proteger y mejorar nuestros servicios;<\/li>\n<li>Asegurar el funcionamiento t\u00e9cnico de nuestra red, y<\/li>\n<li>El desarrollo de nuevos servicios.<\/li>\n<\/ul>\n<p>Puede encontrar m\u00e1s informaci\u00f3n acerca de c\u00f3mo procesamos la informaci\u00f3n personal accediendo a los avisos de privacidad adicionales para servicios particulares.<\/p>\n<p>Flexaust procesa informaci\u00f3n personal en nuestros servidores en los Estados Unidos de Am\u00e9rica.<\/p>\n<p>Cuando usted se registra para un servicio concreto que requiere registro, le pedimos que nos proporcione informaci\u00f3n personal. Si utilizamos esta informaci\u00f3n de una manera diferente a la finalidad para la que fue recogida, entonces le pediremos su consentimiento previo a tal uso.<\/p>\n<p>Si nos proponemos utilizar la informaci\u00f3n personal para fines distintos de los descritos en esta Pol\u00edtica de Privacidad y \/ o en los avisos de privacidad espec\u00edficos de servicios, le ofreceremos una manera efectiva de poder optar por el uso de la informaci\u00f3n personal para estos otros prop\u00f3sitos. No vamos a recoger o utilizar informaci\u00f3n confidencial para fines distintos de los descritos en esta Pol\u00edtica de Privacidad y \/ o en los avisos de privacidad adicionales de servicio, a menos que hayamos obtenido su consentimiento previo.<\/p>\n<p>La mayor\u00eda de los navegadores est\u00e1n configurados para aceptar cookies, pero usted puede configurar su navegador para rechazar todas las cookies o para indicar cuando un cookie est\u00e1 siendo enviado. Sin embargo, algunas de las caracter\u00edsticas Flexaust.com y servicios pueden no funcionar correctamente si las cookies est\u00e1n desactivadas.<\/p>\n<p>Usted puede optar por no participar de los servicios de anuncios Flexaust.com en cualquier momento mediante el env\u00edo de un correo electr\u00f3nico a home@meridameridian.com~~V o escr\u00edbanos a:<\/p>\n<p><strong>Flexaust Internet Team<\/strong><br \/>\n1510 Armstrong Rd.<br \/>\nWarsaw, IN 46580<\/p>\n<p>Usted puede declinar someter la informaci\u00f3n personal a cualquiera de nuestros servicios, en el que Flexaust.com caso puede no ser capaz de proporcionar dichos servicios.<\/p>\n<p><strong>El intercambio de informaci\u00f3n<\/strong><br \/>\nFlexaust s\u00f3lo comparte informaci\u00f3n personal con otras compa\u00f1\u00edas o individuos fuera de Flexaust en las siguientes circunstancias:<\/p>\n<ul>\n<li>Tenemos su consentimiento. Requerimos que opte por consentir el compartir cualquier tipo de informaci\u00f3n personal sensible.<\/li>\n<li>Cuando facilitamos dicha informaci\u00f3n a nuestras filiales, compa\u00f1\u00edas afiliadas u otras empresas o personas de confianza con el prop\u00f3sito de procesar informaci\u00f3n personal en nuestro nombre. Requerimos que estas partes est\u00e1n de acuerdo en procesar dicha informaci\u00f3n bas\u00e1ndose en nuestras instrucciones y de conformidad con esta pol\u00edtica de privacidad y la confidencialidad apropiada y medidas de seguridad.<\/li>\n<li>Tenemos una creencia de buena fe que el acceso, uso, conservaci\u00f3n o revelaci\u00f3n de dicha informaci\u00f3n es razonablemente necesaria para (a) cumplir con leyes, regulaciones, procesos legales o peticiones gubernamentales aplicables, (b) hacer cumplir las Condiciones de Servicio, incluyendo la investigaci\u00f3n de violaci\u00f3nes potenciales del mismo, (c) detectar, prevenir o gestionar el fraude, los temas de seguridad o t\u00e9cnicos, o (d) proteger contra da\u00f1os inminentes los derechos, propiedad o seguridad de Flexaust [] y sus usuarios o el p\u00fablico seg\u00fan requiera o permita por la ley.<\/li>\n<\/ul>\n<p>Si Flexaust se ve envuelto en una fusi\u00f3n, adquisici\u00f3n o cualquier otra forma de venta de todos o algunos de sus bienes, se le informar\u00e1 antes de la informaci\u00f3n personal se transfiere y se convierte en objeto de una pol\u00edtica de privacidad diferente.<\/p>\n<p>Podemos compartir con terceros ciertos pedazos de agregado, la informaci\u00f3n no personal, como por ejemplo el n\u00famero de usuarios que han buscado un t\u00e9rmino en particular, por ejemplo, o cu\u00e1ntos usuarios hicieron clic en un anuncio en particular. Dicha informaci\u00f3n no le identifica de forma individual.<\/p>\n<p>Por favor, p\u00f3ngase en contacto con nosotros en la direcci\u00f3n abajo indicada para cualquier cuesti\u00f3n adicional sobre la gesti\u00f3n o utilizaci\u00f3n de datos personales.<\/p>\n<p><strong>Flexaust Internet Team<\/strong><br \/>\n1510 Armstrong Rd.<br \/>\nWarsaw, IN 46580<\/p>\n<p><strong>seguridad de la informaci\u00f3n<\/strong><br \/>\nTomamos las oportunas medidas de seguridad para proteger contra el acceso no autorizado o la alteraci\u00f3n, divulgaci\u00f3n o destrucci\u00f3n de datos. Esto incluye revisiones internas de nuestras pr\u00e1cticas de recopilaci\u00f3n de datos, almacenamiento y tratamiento y las medidas de seguridad, as\u00ed como las medidas de seguridad f\u00edsicas para protegerla del acceso no autorizado a sistemas en los que almacenamos datos personales.<\/p>\n<p>Nosotros restringimos el acceso a la informaci\u00f3n personal a los empleados Flexaust, contratistas y agentes que necesitan conocer dicha informaci\u00f3n para operar, desarrollar o mejorar nuestros servicios. Estas personas est\u00e1n sujetas a obligaciones de confidencialidad y pueden estar sujetos a medidas disciplinarias, incluyendo despido y enjuiciamiento penal, si \u00e9stas no cumplen con estas obligaciones.<\/p>\n<p><strong>integridad de los datos<\/strong><br \/>\nFlexaust procesa informaci\u00f3n personal \u00fanicamente para los fines para los que fue recopilada y de acuerdo con esta Pol\u00edtica de Privacidad oa cualquier otra aplicaci\u00f3n espec\u00edfica del servicio aviso de privacidad. Revisamos nuestras pr\u00e1cticas de datos recogida, almacenamiento y procesamiento para asegurar que s\u00f3lo recogemos, almacenamos y procesamos la informaci\u00f3n personal necesaria para proporcionar o mejorar nuestros servicios. Tomamos las medidas razonables para asegurar que la informaci\u00f3n personal que procesamos es precisa, completa y actual, pero dependemos de los usuarios para actualizar o corregir su informaci\u00f3n personal cuando sea necesario.<\/p>\n<p><strong>Acceso y actualizaci\u00f3n de informaci\u00f3n personal<\/strong><br \/>\nCuando utilizas los servicios Flexaust.com, realizamos esfuerzos de buena fe para facilitarle acceso a su informaci\u00f3n personal y para corregir la informaci\u00f3n si \u00e9sta es incorrecta o para borrar dicha informaci\u00f3n en su solicitud si no se lo requerido para ser retenidos por la ley o para fines comerciales leg\u00edtimos. Solicitamos a los usuarios individuales que se identifiquen y la informaci\u00f3n solicitada sea accedida, corregida o quitada antes de procesar dichas peticiones, y podemos declinar el procesamiento de las peticiones que son irrazonablemente repetitivas o sistem\u00e1ticas, que requieran un esfuerzo t\u00e9cnico desproporcionado, comprometan la privacidad de terceros o sean extremadamente no practicas (por ejemplo, las solicitudes relativas a la informaci\u00f3n en cintas de seguridad), o para los que no se requiere lo contrario. En cualquier caso, cuando facilitamos acceso a la informaci\u00f3n y correcci\u00f3n, llevamos a cabo este servicio de forma gratuita, excepto si hacerlo requiriese un esfuerzo desproporcionado. Algunos de nuestros servicios tienen procedimientos diferentes para acceder, corregir o borrar la informaci\u00f3n personal de los usuarios. Nosotros proveemos los detalles de estos procedimientos en los avisos de privacidad espec\u00edficos o FAQs para estos servicios.<\/p>\n<p><strong>ejecuci\u00f3n<\/strong><br \/>\nFlexaust revisa con regularidad el cumplimiento de esta Pol\u00edtica de Privacidad. Por favor, no dude en dirigir cualquier pregunta o duda sobre esta Pol\u00edtica de Privacidad o el tratamiento Flexaust de la informaci\u00f3n personal poni\u00e9ndose en contacto con nosotros en support@Flexaust.com o escribiendo a:<\/p>\n<p><strong>Flexaust Internet Team<\/strong><br \/>\n1510 Armstrong Rd.<br \/>\nWarsaw, IN 46580<\/p>\n<p>Cuando recibamos quejas formales por escrito en esta direcci\u00f3n, la pol\u00edtica de Stoddards &#8216;ponerse en contacto con el usuario en cuesti\u00f3n en relaci\u00f3n con su o sus preocupaciones. Vamos a cooperar con las autoridades correspondientes, incluyendo las autoridades locales de protecci\u00f3n de datos, para resolver cualquier queja en relaci\u00f3n con la transferencia de datos personales que no puedan resolverse entre Flexaust y un individuo.<\/p>\n<p><strong>Cambios en esta Pol\u00edtica de Privacidad<\/strong><br \/>\nTenga en cuenta que esta Pol\u00edtica de Privacidad puede cambiar de vez en cuando. No reduciremos sus derechos bajo esta Pol\u00edtica sin su consentimiento expl\u00edcito, y esperamos que la mayor\u00eda de estos cambios ser\u00e1n menores. De todos modos, vamos a publicar los cambios en las pol\u00edticas de privacidad en esta p\u00e1gina y, si los cambios son significativos, le daremos un aviso m\u00e1s destacado (incluyendo, para algunos servicios, la notificaci\u00f3n de correo electr\u00f3nico de cambios en las pol\u00edticas de privacidad). Cada versi\u00f3n de esta Pol\u00edtica de Privacidad ser\u00e1 identificada en la parte superior de la p\u00e1gina por su fecha de vigencia, y tambi\u00e9n mantendremos las versiones anteriores de esta Pol\u00edtica de Privacidad en un archivo para su revisi\u00f3n.<\/p>\n<div id=\"gt-res-content\">\n<div dir=\"ltr\">Si usted tiene alguna pregunta o inquietud sobre esta Pol\u00edtica de Privacidad, por favor no dude en contactarnos en cualquier momento a trav\u00e9s de este sitio web o en:<\/div>\n<\/div>\n<p><strong>Flexaust Internet Team<\/strong><br \/>\n1510 Armstrong Rd.<br \/>\nWarsaw, IN 46580<\/p>\n","protected":false},"excerpt":{"rendered":"<p>En Flexaust reconocemos que la privacidad es importante. Esta pol\u00edtica de privacidad se aplica a todos los productos, servicios y sitios web ofrecidos por Flexaust o sus subsidiarias o compa\u00f1\u00edas afiliadas, en conjunto, Flexaust &#8220;servicios&#8221;. Adem\u00e1s, cuando una informaci\u00f3n m\u00e1s detallada es necesaria para explicar nuestras pr\u00e1cticas de privacidad, publicamos avisos de privacidad adicional para describir la informaci\u00f3n de lo particular proceso de prestaci\u00f3n de servicios personales. Se adhiere a los Flexaust de US Safe principios de privacidad de Notoriedad, &hellip; <a href=\"https:\/\/www.flexaust.com\/es\/privacidad-seguridad\/\">Seguir leyendo <span class=\"meta-nav\">\u00bb<\/span><\/a><\/p>\n","protected":false},"author":6,"featured_media":0,"parent":0,"menu_order":6,"comment_status":"closed","ping_status":"closed","template":"","meta":{"_acf_changed":false,"content-type":"","inline_featured_image":false,"footnotes":"","_links_to":"","_links_to_target":""},"class_list":["post-8452","page","type-page","status-publish","hentry"],"acf":[],"yoast_head":"<!-- This site is optimized with the Yoast SEO plugin v27.4 - https:\/\/yoast.com\/product\/yoast-seo-wordpress\/ -->\n<title>Privacy &amp; Security | Flexaust Inc.<\/title>\n<meta name=\"description\" content=\"Privacidad y Seguridad: Pol\u00edtica de privacidad y seguridad de Flexaust.\" \/>\n<meta name=\"robots\" content=\"index, follow, max-snippet:-1, max-image-preview:large, max-video-preview:-1\" \/>\n<link rel=\"canonical\" href=\"https:\/\/www.flexaust.com\/es\/privacidad-seguridad\/\" \/>\n<meta name=\"twitter:label1\" content=\"Tiempo de lectura\" \/>\n\t<meta name=\"twitter:data1\" content=\"10 minutes\" \/>\n<script type=\"application\/ld+json\" class=\"yoast-schema-graph\">{\"@context\":\"https:\\\/\\\/schema.org\",\"@graph\":[{\"@type\":\"WebPage\",\"@id\":\"https:\\\/\\\/www.flexaust.com\\\/es\\\/privacidad-seguridad\\\/\",\"url\":\"https:\\\/\\\/www.flexaust.com\\\/es\\\/privacidad-seguridad\\\/\",\"name\":\"Privacy & Security | Flexaust Inc.\",\"isPartOf\":{\"@id\":\"https:\\\/\\\/www.flexaust.com\\\/#website\"},\"datePublished\":\"2012-01-27T06:55:59+00:00\",\"dateModified\":\"2024-11-27T13:38:57+00:00\",\"description\":\"Privacidad y Seguridad: Pol\u00edtica de privacidad y seguridad de Flexaust.\",\"inLanguage\":\"es-ES\",\"potentialAction\":[{\"@type\":\"ReadAction\",\"target\":[\"https:\\\/\\\/www.flexaust.com\\\/es\\\/privacidad-seguridad\\\/\"]}]},{\"@type\":\"WebSite\",\"@id\":\"https:\\\/\\\/www.flexaust.com\\\/#website\",\"url\":\"https:\\\/\\\/www.flexaust.com\\\/\",\"name\":\"Flexaust\",\"description\":\"Industrial Hose Manufacturer\",\"potentialAction\":[{\"@type\":\"SearchAction\",\"target\":{\"@type\":\"EntryPoint\",\"urlTemplate\":\"https:\\\/\\\/www.flexaust.com\\\/?s={search_term_string}\"},\"query-input\":{\"@type\":\"PropertyValueSpecification\",\"valueRequired\":true,\"valueName\":\"search_term_string\"}}],\"inLanguage\":\"es-ES\"}]}<\/script>\n<!-- \/ Yoast SEO plugin. -->","yoast_head_json":{"title":"Privacy & Security | Flexaust Inc.","description":"Privacidad y Seguridad: Pol\u00edtica de privacidad y seguridad de Flexaust.","robots":{"index":"index","follow":"follow","max-snippet":"max-snippet:-1","max-image-preview":"max-image-preview:large","max-video-preview":"max-video-preview:-1"},"canonical":"https:\/\/www.flexaust.com\/es\/privacidad-seguridad\/","twitter_misc":{"Tiempo de lectura":"10 minutes"},"schema":{"@context":"https:\/\/schema.org","@graph":[{"@type":"WebPage","@id":"https:\/\/www.flexaust.com\/es\/privacidad-seguridad\/","url":"https:\/\/www.flexaust.com\/es\/privacidad-seguridad\/","name":"Privacy & Security | Flexaust Inc.","isPartOf":{"@id":"https:\/\/www.flexaust.com\/#website"},"datePublished":"2012-01-27T06:55:59+00:00","dateModified":"2024-11-27T13:38:57+00:00","description":"Privacidad y Seguridad: Pol\u00edtica de privacidad y seguridad de Flexaust.","inLanguage":"es-ES","potentialAction":[{"@type":"ReadAction","target":["https:\/\/www.flexaust.com\/es\/privacidad-seguridad\/"]}]},{"@type":"WebSite","@id":"https:\/\/www.flexaust.com\/#website","url":"https:\/\/www.flexaust.com\/","name":"Flexaust","description":"Industrial Hose Manufacturer","potentialAction":[{"@type":"SearchAction","target":{"@type":"EntryPoint","urlTemplate":"https:\/\/www.flexaust.com\/?s={search_term_string}"},"query-input":{"@type":"PropertyValueSpecification","valueRequired":true,"valueName":"search_term_string"}}],"inLanguage":"es-ES"}]}},"_links":{"self":[{"href":"https:\/\/www.flexaust.com\/es\/wp-json\/wp\/v2\/pages\/8452","targetHints":{"allow":["GET"]}}],"collection":[{"href":"https:\/\/www.flexaust.com\/es\/wp-json\/wp\/v2\/pages"}],"about":[{"href":"https:\/\/www.flexaust.com\/es\/wp-json\/wp\/v2\/types\/page"}],"author":[{"embeddable":true,"href":"https:\/\/www.flexaust.com\/es\/wp-json\/wp\/v2\/users\/6"}],"replies":[{"embeddable":true,"href":"https:\/\/www.flexaust.com\/es\/wp-json\/wp\/v2\/comments?post=8452"}],"version-history":[{"count":1,"href":"https:\/\/www.flexaust.com\/es\/wp-json\/wp\/v2\/pages\/8452\/revisions"}],"predecessor-version":[{"id":51591,"href":"https:\/\/www.flexaust.com\/es\/wp-json\/wp\/v2\/pages\/8452\/revisions\/51591"}],"wp:attachment":[{"href":"https:\/\/www.flexaust.com\/es\/wp-json\/wp\/v2\/media?parent=8452"}],"curies":[{"name":"wp","href":"https:\/\/api.w.org\/{rel}","templated":true}]}}