{"id":8440,"date":"2012-01-24T04:05:11","date_gmt":"2012-01-24T09:05:11","guid":{"rendered":"http:\/\/www.flexaust.com\/contact\/flexaust-corporate\/"},"modified":"2024-11-27T05:36:44","modified_gmt":"2024-11-27T10:36:44","slug":"ventas-y-equipo-de-apoyo","status":"publish","type":"page","link":"https:\/\/www.flexaust.com\/es\/contacto-y-soporte\/ventas-y-equipo-de-apoyo\/","title":{"rendered":"Ventas y Equipo de Apoyo"},"content":{"rendered":"<div id=\"gt-res-content\">\n<div dir=\"ltr\">Flexaust ventas corporativas, marketing y equipo de apoyo est\u00e1 dedicado a garantizar que nuestros productos siguen para cumplir y exceder las necesidades de nuestros clientes. Tambi\u00e9n nos aseguramos de productos Flexaust siguen siendo los productos de la manguera industrial m\u00e1s confiable, el conducto y el cuidado de pisos en la industria.<\/div>\n<\/div>\n<p>Para el mejor soporte, utilice nuestra p\u00e1gina de <a href=\"http:\/\/flexaust2.us\/es\/contact\/product-support\/\">soporte de producto<\/a>.<\/p>\n<div style=\"width: 250px; float: right; margin-right: 150px;\"><strong>Mike O&#8217;Brien<\/strong><br \/>\n<strong>Vice Presidente de Ventas y Marketing<\/strong><br \/>\nNewburyport, MA<br \/>\nPhone: (888) 465-0445<br \/>\nFax: (978) 465-0441<br \/>\nE-Mail: <a href=\"mailto:mikeobrien@flexaust.com\">mikeobrien@flexaust.com<\/a><\/p>\n<hr \/>\n<p><strong>Susanna Vandenberg<\/strong><br \/>\n<strong>Gerente de Marketing<\/strong><br \/>\nNewburyport, MA 01950<br \/>\nPhone: (888) 465-0445<br \/>\nFax: (978) 465-0441<br \/>\nE-Mail: <a href=\"mailto:susannav@flexaust.com\">susannav@flexaust.com<\/a><\/p>\n<p>&nbsp;<\/p>\n<\/div>\n<div style=\"width: 250px;\"><strong>Mike Harvey<\/strong><br \/>\n<strong>Vice Presidente, Director General<\/strong><br \/>\n1510 Armstrong Road<br \/>\nP.O. Box 4275<br \/>\nWarsaw, IN 46581-4275<br \/>\nPhone: (574) 267-7909<br \/>\nFax: (574) 267-4665<br \/>\nE-Mail: <a href=\"mailto:mikeharvey@flexaust.com\">mikeharvey@flexaust.com<\/a><\/p>\n<hr \/>\n<p><strong>Morgan Garza<\/strong><br \/>\n<strong>Gerente de Ventas Internas<\/strong><br \/>\n1510 Armstrong Road<br \/>\nP.O. Box 4275<br \/>\nWarsaw, IN 46581-4275<br \/>\nPhone: (800) 343-0428 or (574) 267-7909<br \/>\nFax: (800) 382-8464 or (574) 269-7491<br \/>\nE-Mail: <a href=\"mailto:sabrina@flexaust.com\">morgan.garza@flexaust.com<\/a><\/p>\n<hr \/>\n<p><strong>Sabrina France<\/strong><br \/>\n<strong>Gerente de Operaciones de Ventas<\/strong><br \/>\n1510 Armstrong Road<br \/>\nP.O. Box 4275<br \/>\nWarsaw, IN 46581-4275<br \/>\nPhone: (800) 343-0428 or (574) 267-7909<br \/>\nFax: (800) 382-8464 or (574) 269-7491<br \/>\nE-Mail: <a href=\"mailto:sabrina@flexaust.com\">sabrina@flexaust.com<\/a><\/p>\n<hr \/>\n<p><strong>Darren Scott<\/strong><br \/>\n<strong><em>Gerente de Ventas Industriales<\/em><\/strong><br \/>\n1510 Armstrong Road<br \/>\nP.O. Box 4275<br \/>\nWarsaw, IN 46581-4275<br \/>\nPhone: (574) 267-7909<br \/>\nFax: (574) 267-6045<br \/>\nE-Mail: <a href=\"mailto:darrenscott@flexaust.com\">darrenscott@flexaust.com<\/a><\/p>\n<hr \/>\n<p><strong>Scott Whitley<\/strong><br \/>\n<strong><em>Gerente de Ventas Comerciales<\/em><\/strong><br \/>\nBurlington, NC 27215<br \/>\nPhone: (800) 334-6878<br \/>\nFax: (336) 222-0567<br \/>\nE-Mail: <a href=\"mailto:scott.whitley@flexaust.com\">scott.whitley@flexaust.com<\/a><\/p>\n<\/div>\n","protected":false},"excerpt":{"rendered":"<p>Flexaust ventas corporativas, marketing y equipo de apoyo est\u00e1 dedicado a garantizar que nuestros productos siguen para cumplir y exceder las necesidades de nuestros clientes. Tambi\u00e9n nos aseguramos de productos Flexaust siguen siendo los productos de la manguera industrial m\u00e1s confiable, el conducto y el cuidado de pisos en la industria. Para el mejor soporte, utilice nuestra p\u00e1gina de soporte de producto. Mike O&#8217;Brien Vice Presidente de Ventas y Marketing Newburyport, MA Phone: (888) 465-0445 Fax: (978) 465-0441 E-Mail: mikeobrien@flexaust.com &hellip; <a href=\"https:\/\/www.flexaust.com\/es\/contacto-y-soporte\/ventas-y-equipo-de-apoyo\/\">Seguir leyendo <span class=\"meta-nav\">\u00bb<\/span><\/a><\/p>\n","protected":false},"author":4,"featured_media":0,"parent":7296,"menu_order":0,"comment_status":"closed","ping_status":"closed","template":"page-static-2-col.php","meta":{"_acf_changed":false,"content-type":"","inline_featured_image":false,"footnotes":"","_links_to":"","_links_to_target":""},"class_list":["post-8440","page","type-page","status-publish","hentry"],"acf":[],"yoast_head":"<!-- This site is optimized with the Yoast SEO plugin v27.5 - https:\/\/yoast.com\/product\/yoast-seo-wordpress\/ -->\n<title>Contact &amp; Support | Flexaust Inc.<\/title>\n<meta name=\"description\" content=\"Encuentra ventas y apoyo excepcionales en Flexaust. Nuestro equipo est\u00e1 aqu\u00ed para resolver tus consultas. \u00a1Cont\u00e1ctanos ahora!\" \/>\n<meta name=\"robots\" content=\"index, follow, max-snippet:-1, max-image-preview:large, max-video-preview:-1\" \/>\n<link rel=\"canonical\" href=\"https:\/\/www.flexaust.com\/es\/contacto-y-soporte\/ventas-y-equipo-de-apoyo\/\" \/>\n<meta name=\"twitter:label1\" content=\"Tiempo de lectura\" \/>\n\t<meta name=\"twitter:data1\" content=\"1 minute\" \/>\n<script type=\"application\/ld+json\" class=\"yoast-schema-graph\">{\"@context\":\"https:\\\/\\\/schema.org\",\"@graph\":[{\"@type\":\"WebPage\",\"@id\":\"https:\\\/\\\/www.flexaust.com\\\/es\\\/contacto-y-soporte\\\/ventas-y-equipo-de-apoyo\\\/\",\"url\":\"https:\\\/\\\/www.flexaust.com\\\/es\\\/contacto-y-soporte\\\/ventas-y-equipo-de-apoyo\\\/\",\"name\":\"Contact & Support | Flexaust Inc.\",\"isPartOf\":{\"@id\":\"https:\\\/\\\/www.flexaust.com\\\/#website\"},\"datePublished\":\"2012-01-24T09:05:11+00:00\",\"dateModified\":\"2024-11-27T10:36:44+00:00\",\"description\":\"Encuentra ventas y apoyo excepcionales en Flexaust. Nuestro equipo est\u00e1 aqu\u00ed para resolver tus consultas. \u00a1Cont\u00e1ctanos ahora!\",\"breadcrumb\":{\"@id\":\"https:\\\/\\\/www.flexaust.com\\\/es\\\/contacto-y-soporte\\\/ventas-y-equipo-de-apoyo\\\/#breadcrumb\"},\"inLanguage\":\"es-ES\",\"potentialAction\":[{\"@type\":\"ReadAction\",\"target\":[\"https:\\\/\\\/www.flexaust.com\\\/es\\\/contacto-y-soporte\\\/ventas-y-equipo-de-apoyo\\\/\"]}]},{\"@type\":\"BreadcrumbList\",\"@id\":\"https:\\\/\\\/www.flexaust.com\\\/es\\\/contacto-y-soporte\\\/ventas-y-equipo-de-apoyo\\\/#breadcrumb\",\"itemListElement\":[{\"@type\":\"ListItem\",\"position\":1,\"name\":\"Contacto y Soporte\",\"item\":\"http:\\\/\\\/www.flexaust.com\\\/es\\\/contacto-y-soporte\\\/contactenos\\\/\"},{\"@type\":\"ListItem\",\"position\":2,\"name\":\"Ventas y Equipo de Apoyo\"}]},{\"@type\":\"WebSite\",\"@id\":\"https:\\\/\\\/www.flexaust.com\\\/#website\",\"url\":\"https:\\\/\\\/www.flexaust.com\\\/\",\"name\":\"Flexaust\",\"description\":\"Industrial Hose Manufacturer\",\"potentialAction\":[{\"@type\":\"SearchAction\",\"target\":{\"@type\":\"EntryPoint\",\"urlTemplate\":\"https:\\\/\\\/www.flexaust.com\\\/?s={search_term_string}\"},\"query-input\":{\"@type\":\"PropertyValueSpecification\",\"valueRequired\":true,\"valueName\":\"search_term_string\"}}],\"inLanguage\":\"es-ES\"}]}<\/script>\n<!-- \/ Yoast SEO plugin. -->","yoast_head_json":{"title":"Contact & Support | Flexaust Inc.","description":"Encuentra ventas y apoyo excepcionales en Flexaust. Nuestro equipo est\u00e1 aqu\u00ed para resolver tus consultas. \u00a1Cont\u00e1ctanos ahora!","robots":{"index":"index","follow":"follow","max-snippet":"max-snippet:-1","max-image-preview":"max-image-preview:large","max-video-preview":"max-video-preview:-1"},"canonical":"https:\/\/www.flexaust.com\/es\/contacto-y-soporte\/ventas-y-equipo-de-apoyo\/","twitter_misc":{"Tiempo de lectura":"1 minute"},"schema":{"@context":"https:\/\/schema.org","@graph":[{"@type":"WebPage","@id":"https:\/\/www.flexaust.com\/es\/contacto-y-soporte\/ventas-y-equipo-de-apoyo\/","url":"https:\/\/www.flexaust.com\/es\/contacto-y-soporte\/ventas-y-equipo-de-apoyo\/","name":"Contact & Support | Flexaust Inc.","isPartOf":{"@id":"https:\/\/www.flexaust.com\/#website"},"datePublished":"2012-01-24T09:05:11+00:00","dateModified":"2024-11-27T10:36:44+00:00","description":"Encuentra ventas y apoyo excepcionales en Flexaust. Nuestro equipo est\u00e1 aqu\u00ed para resolver tus consultas. \u00a1Cont\u00e1ctanos ahora!","breadcrumb":{"@id":"https:\/\/www.flexaust.com\/es\/contacto-y-soporte\/ventas-y-equipo-de-apoyo\/#breadcrumb"},"inLanguage":"es-ES","potentialAction":[{"@type":"ReadAction","target":["https:\/\/www.flexaust.com\/es\/contacto-y-soporte\/ventas-y-equipo-de-apoyo\/"]}]},{"@type":"BreadcrumbList","@id":"https:\/\/www.flexaust.com\/es\/contacto-y-soporte\/ventas-y-equipo-de-apoyo\/#breadcrumb","itemListElement":[{"@type":"ListItem","position":1,"name":"Contacto y Soporte","item":"http:\/\/www.flexaust.com\/es\/contacto-y-soporte\/contactenos\/"},{"@type":"ListItem","position":2,"name":"Ventas y Equipo de Apoyo"}]},{"@type":"WebSite","@id":"https:\/\/www.flexaust.com\/#website","url":"https:\/\/www.flexaust.com\/","name":"Flexaust","description":"Industrial Hose Manufacturer","potentialAction":[{"@type":"SearchAction","target":{"@type":"EntryPoint","urlTemplate":"https:\/\/www.flexaust.com\/?s={search_term_string}"},"query-input":{"@type":"PropertyValueSpecification","valueRequired":true,"valueName":"search_term_string"}}],"inLanguage":"es-ES"}]}},"_links":{"self":[{"href":"https:\/\/www.flexaust.com\/es\/wp-json\/wp\/v2\/pages\/8440","targetHints":{"allow":["GET"]}}],"collection":[{"href":"https:\/\/www.flexaust.com\/es\/wp-json\/wp\/v2\/pages"}],"about":[{"href":"https:\/\/www.flexaust.com\/es\/wp-json\/wp\/v2\/types\/page"}],"author":[{"embeddable":true,"href":"https:\/\/www.flexaust.com\/es\/wp-json\/wp\/v2\/users\/4"}],"replies":[{"embeddable":true,"href":"https:\/\/www.flexaust.com\/es\/wp-json\/wp\/v2\/comments?post=8440"}],"version-history":[{"count":1,"href":"https:\/\/www.flexaust.com\/es\/wp-json\/wp\/v2\/pages\/8440\/revisions"}],"predecessor-version":[{"id":51532,"href":"https:\/\/www.flexaust.com\/es\/wp-json\/wp\/v2\/pages\/8440\/revisions\/51532"}],"up":[{"embeddable":true,"href":"https:\/\/www.flexaust.com\/es\/wp-json\/wp\/v2\/pages\/7296"}],"wp:attachment":[{"href":"https:\/\/www.flexaust.com\/es\/wp-json\/wp\/v2\/media?parent=8440"}],"curies":[{"name":"wp","href":"https:\/\/api.w.org\/{rel}","templated":true}]}}