{"id":8437,"date":"2012-01-24T04:04:18","date_gmt":"2012-01-24T09:04:18","guid":{"rendered":"http:\/\/www.flexaust.com\/contact\/product-support\/"},"modified":"2024-11-27T06:06:36","modified_gmt":"2024-11-27T11:06:36","slug":"soporte-de-producto","status":"publish","type":"page","link":"https:\/\/www.flexaust.com\/es\/contacto-y-soporte\/soporte-de-producto\/","title":{"rendered":"Soporte de Producto"},"content":{"rendered":"<p>Nos colocamos detr\u00e1s de nuestros productos al igual que nuestra red de partners y distribuidores. Si necesita ayuda o si tiene problemas o inquietudes acerca de un producto Flexaust, por favor enviar su solicitud utilizando el formulario a continuaci\u00f3n. Cuestiones se abordar\u00e1n en un d\u00eda laborable. Si usted requiere ayuda inmediata por favor llame al: (800) 343-0428.<\/p>\n<div id='hs_custom_form'><script charset=\"utf-8\" src=\"\/\/js.hsforms.net\/forms\/current.js\"><\/script>\r\n<script>\r\n  hbspt.forms.create({ \r\n    portalId: '11914',\r\n    formId: 'd001d8dc-e645-421c-89e9-9b4f9133753c'\r\n  });\r\n<\/script>\r\n<\/div>\n","protected":false},"excerpt":{"rendered":"<p>Nos colocamos detr\u00e1s de nuestros productos al igual que nuestra red de partners y distribuidores. Si necesita ayuda o si tiene problemas o inquietudes acerca de un producto Flexaust, por favor enviar su solicitud utilizando el formulario a continuaci\u00f3n. Cuestiones se abordar\u00e1n en un d\u00eda laborable. Si usted requiere ayuda inmediata por favor llame al: (800) 343-0428.<\/p>\n","protected":false},"author":4,"featured_media":0,"parent":7296,"menu_order":0,"comment_status":"closed","ping_status":"closed","template":"page-static-2-col.php","meta":{"_acf_changed":false,"content-type":"","inline_featured_image":false,"footnotes":"","_links_to":"","_links_to_target":""},"class_list":["post-8437","page","type-page","status-publish","hentry"],"acf":[],"yoast_head":"<!-- This site is optimized with the Yoast SEO plugin v27.4 - https:\/\/yoast.com\/product\/yoast-seo-wordpress\/ -->\n<title>Soporte de Producto | Flexaust Inc.<\/title>\n<meta name=\"description\" content=\"Obt\u00e9n soporte experto para tus productos en Flexaust. Nuestro equipo est\u00e1 listo para ayudarte. \u00a1Contacta a nuestro equipo de soporte hoy!\" \/>\n<meta name=\"robots\" content=\"index, follow, max-snippet:-1, max-image-preview:large, max-video-preview:-1\" \/>\n<link rel=\"canonical\" href=\"https:\/\/www.flexaust.com\/es\/contacto-y-soporte\/soporte-de-producto\/\" \/>\n<meta name=\"twitter:label1\" content=\"Tiempo de lectura\" \/>\n\t<meta name=\"twitter:data1\" content=\"1 minute\" \/>\n<script type=\"application\/ld+json\" class=\"yoast-schema-graph\">{\"@context\":\"https:\\\/\\\/schema.org\",\"@graph\":[{\"@type\":\"WebPage\",\"@id\":\"https:\\\/\\\/www.flexaust.com\\\/es\\\/contacto-y-soporte\\\/soporte-de-producto\\\/\",\"url\":\"https:\\\/\\\/www.flexaust.com\\\/es\\\/contacto-y-soporte\\\/soporte-de-producto\\\/\",\"name\":\"Soporte de Producto | Flexaust Inc.\",\"isPartOf\":{\"@id\":\"https:\\\/\\\/www.flexaust.com\\\/#website\"},\"datePublished\":\"2012-01-24T09:04:18+00:00\",\"dateModified\":\"2024-11-27T11:06:36+00:00\",\"description\":\"Obt\u00e9n soporte experto para tus productos en Flexaust. Nuestro equipo est\u00e1 listo para ayudarte. \u00a1Contacta a nuestro equipo de soporte hoy!\",\"breadcrumb\":{\"@id\":\"https:\\\/\\\/www.flexaust.com\\\/es\\\/contacto-y-soporte\\\/soporte-de-producto\\\/#breadcrumb\"},\"inLanguage\":\"es-ES\",\"potentialAction\":[{\"@type\":\"ReadAction\",\"target\":[\"https:\\\/\\\/www.flexaust.com\\\/es\\\/contacto-y-soporte\\\/soporte-de-producto\\\/\"]}]},{\"@type\":\"BreadcrumbList\",\"@id\":\"https:\\\/\\\/www.flexaust.com\\\/es\\\/contacto-y-soporte\\\/soporte-de-producto\\\/#breadcrumb\",\"itemListElement\":[{\"@type\":\"ListItem\",\"position\":1,\"name\":\"Contacto y Soporte\",\"item\":\"http:\\\/\\\/www.flexaust.com\\\/es\\\/contacto-y-soporte\\\/contactenos\\\/\"},{\"@type\":\"ListItem\",\"position\":2,\"name\":\"Soporte de Producto\"}]},{\"@type\":\"WebSite\",\"@id\":\"https:\\\/\\\/www.flexaust.com\\\/#website\",\"url\":\"https:\\\/\\\/www.flexaust.com\\\/\",\"name\":\"Flexaust\",\"description\":\"Industrial Hose Manufacturer\",\"potentialAction\":[{\"@type\":\"SearchAction\",\"target\":{\"@type\":\"EntryPoint\",\"urlTemplate\":\"https:\\\/\\\/www.flexaust.com\\\/?s={search_term_string}\"},\"query-input\":{\"@type\":\"PropertyValueSpecification\",\"valueRequired\":true,\"valueName\":\"search_term_string\"}}],\"inLanguage\":\"es-ES\"}]}<\/script>\n<!-- \/ Yoast SEO plugin. -->","yoast_head_json":{"title":"Soporte de Producto | Flexaust Inc.","description":"Obt\u00e9n soporte experto para tus productos en Flexaust. Nuestro equipo est\u00e1 listo para ayudarte. \u00a1Contacta a nuestro equipo de soporte hoy!","robots":{"index":"index","follow":"follow","max-snippet":"max-snippet:-1","max-image-preview":"max-image-preview:large","max-video-preview":"max-video-preview:-1"},"canonical":"https:\/\/www.flexaust.com\/es\/contacto-y-soporte\/soporte-de-producto\/","twitter_misc":{"Tiempo de lectura":"1 minute"},"schema":{"@context":"https:\/\/schema.org","@graph":[{"@type":"WebPage","@id":"https:\/\/www.flexaust.com\/es\/contacto-y-soporte\/soporte-de-producto\/","url":"https:\/\/www.flexaust.com\/es\/contacto-y-soporte\/soporte-de-producto\/","name":"Soporte de Producto | Flexaust Inc.","isPartOf":{"@id":"https:\/\/www.flexaust.com\/#website"},"datePublished":"2012-01-24T09:04:18+00:00","dateModified":"2024-11-27T11:06:36+00:00","description":"Obt\u00e9n soporte experto para tus productos en Flexaust. Nuestro equipo est\u00e1 listo para ayudarte. \u00a1Contacta a nuestro equipo de soporte hoy!","breadcrumb":{"@id":"https:\/\/www.flexaust.com\/es\/contacto-y-soporte\/soporte-de-producto\/#breadcrumb"},"inLanguage":"es-ES","potentialAction":[{"@type":"ReadAction","target":["https:\/\/www.flexaust.com\/es\/contacto-y-soporte\/soporte-de-producto\/"]}]},{"@type":"BreadcrumbList","@id":"https:\/\/www.flexaust.com\/es\/contacto-y-soporte\/soporte-de-producto\/#breadcrumb","itemListElement":[{"@type":"ListItem","position":1,"name":"Contacto y Soporte","item":"http:\/\/www.flexaust.com\/es\/contacto-y-soporte\/contactenos\/"},{"@type":"ListItem","position":2,"name":"Soporte de Producto"}]},{"@type":"WebSite","@id":"https:\/\/www.flexaust.com\/#website","url":"https:\/\/www.flexaust.com\/","name":"Flexaust","description":"Industrial Hose Manufacturer","potentialAction":[{"@type":"SearchAction","target":{"@type":"EntryPoint","urlTemplate":"https:\/\/www.flexaust.com\/?s={search_term_string}"},"query-input":{"@type":"PropertyValueSpecification","valueRequired":true,"valueName":"search_term_string"}}],"inLanguage":"es-ES"}]}},"_links":{"self":[{"href":"https:\/\/www.flexaust.com\/es\/wp-json\/wp\/v2\/pages\/8437","targetHints":{"allow":["GET"]}}],"collection":[{"href":"https:\/\/www.flexaust.com\/es\/wp-json\/wp\/v2\/pages"}],"about":[{"href":"https:\/\/www.flexaust.com\/es\/wp-json\/wp\/v2\/types\/page"}],"author":[{"embeddable":true,"href":"https:\/\/www.flexaust.com\/es\/wp-json\/wp\/v2\/users\/4"}],"replies":[{"embeddable":true,"href":"https:\/\/www.flexaust.com\/es\/wp-json\/wp\/v2\/comments?post=8437"}],"version-history":[{"count":1,"href":"https:\/\/www.flexaust.com\/es\/wp-json\/wp\/v2\/pages\/8437\/revisions"}],"predecessor-version":[{"id":51541,"href":"https:\/\/www.flexaust.com\/es\/wp-json\/wp\/v2\/pages\/8437\/revisions\/51541"}],"up":[{"embeddable":true,"href":"https:\/\/www.flexaust.com\/es\/wp-json\/wp\/v2\/pages\/7296"}],"wp:attachment":[{"href":"https:\/\/www.flexaust.com\/es\/wp-json\/wp\/v2\/media?parent=8437"}],"curies":[{"name":"wp","href":"https:\/\/api.w.org\/{rel}","templated":true}]}}