{"id":8423,"date":"2012-01-24T03:55:57","date_gmt":"2012-01-24T08:55:57","guid":{"rendered":"http:\/\/www.flexaust.com\/resources\/product-guides\/"},"modified":"2026-04-24T11:27:29","modified_gmt":"2026-04-24T15:27:29","slug":"guias-de-productos","status":"publish","type":"page","link":"https:\/\/www.flexaust.com\/es\/recursos\/guias-de-productos\/","title":{"rendered":"Gu\u00edas de Productos"},"content":{"rendered":"<div class=\"category-brochures\">\n<p><a href=\"http:\/\/www.flexaust.com\/wp-content\/uploads\/2026\/03\/Product-Catalog-2026.pdf\"><img loading=\"lazy\" decoding=\"async\" title=\"cat\u00e1logo_flexaust\" src=\"http:\/\/www.flexaust.com\/wp-content\/uploads\/2026\/03\/Product-Catalog-2026-1.png\" alt=\"cat\u00e1logo_flexaust\" width=\"112\" height=\"150\" \/><\/a><\/p>\n<h3><a href=\"http:\/\/www.flexaust.com\/wp-content\/uploads\/2026\/03\/Product-Catalog-2026.pdf\">Flexaust 2026 Cat\u00e1logo<\/a><\/h3>\n<\/div>\n<div class=\"category-brochures\">\n<p><a href=\"http:\/\/www.flexaust.com\/wp-content\/uploads\/2026\/01\/FloorCare-Catalog-2026.pdf\"><img loading=\"lazy\" decoding=\"async\" title=\"Cat\u00e1logo Flexaust-TUEC\" src=\"http:\/\/www.flexaust.com\/wp-content\/uploads\/2026\/01\/FloorCare-Catalog-2026-1.png\" alt=\"Cat\u00e1logo Flexaust-TUEC\" width=\"112\" height=\"150\" \/><\/a><\/p>\n<h3><a href=\"http:\/\/www.flexaust.com\/wp-content\/uploads\/2026\/01\/FloorCare-Catalog-2026.pdf\">Cat\u00e1logo productos para el cuidado de suelos de Flexaust <\/a><\/h3>\n<\/div>\n<div class=\"category-brochures\">\n<p><a href=\"http:\/\/www.flexaust.com\/wp-content\/uploads\/2026\/04\/FX-Series-Flyer-2026.pdf\"><img loading=\"lazy\" decoding=\"async\" title=\"FX-Series A\/C, Dehumidification &amp; Heater Ducting\" src=\"http:\/\/www.flexaust.com\/wp-content\/uploads\/2023\/04\/FX-Series-Brochure-2023-1.png\" alt=\"\" width=\"112\" height=\"150\" \/><\/a><\/p>\n<h3><a href=\"http:\/\/www.flexaust.com\/wp-content\/uploads\/2026\/04\/FX-Series-Flyer-2026.pdf\">Aire Acondicionado, Deshumidificaci\u00f3n y Conductos de Calefacci\u00f3n<\/a><\/h3>\n<\/div>\n<div class=\"category-brochures\">\n<p><a href=\"http:\/\/www.flexaust.com\/wp-content\/uploads\/2025\/12\/New-Product-Flyer-2025.pdf\"><img loading=\"lazy\" decoding=\"async\" title=\"New Products 2025\/2026\" src=\"http:\/\/www.flexaust.com\/wp-content\/uploads\/2025\/12\/New-Product-Flyer-2025.png\" alt=\"\" width=\"112\" height=\"150\" \/><\/a><\/p>\n<h3><a href=\"http:\/\/www.flexaust.com\/wp-content\/uploads\/2025\/12\/New-Product-Flyer-2025.pdf\">Nuevos productos-\u00daltimas innovaciones<\/a><\/h3>\n<\/div>\n<div class=\"category-brochures\">\n<p><a href=\"http:\/\/www.flexaust.com\/wp-content\/uploads\/2025\/03\/Leaf-Collection-Flyer-2025.pdf\"><img loading=\"lazy\" decoding=\"async\" title=\"flexaust_2010_leaf__lawn_collection_products\" src=\"http:\/\/www.flexaust.com\/wp-content\/uploads\/2025\/03\/Leaf-Collection-Flyer-2025.png\" alt=\"flexaust_2010_leaf__lawn_collection_products\" width=\"112\" height=\"150\" \/><\/a><\/p>\n<h3><a href=\"http:\/\/www.flexaust.com\/wp-content\/uploads\/2025\/03\/Leaf-Collection-Flyer-2025.pdf\">C\u00e9sped y Productos de la Hoja de Recogida de<\/a><\/h3>\n<\/div>\n<div class=\"category-brochures\">\n<p><a href=\"http:\/\/www.flexaust.com\/wp-content\/uploads\/2023\/09\/Safety-Measures-Flyer.pdf\"><img loading=\"lazy\" decoding=\"async\" title=\"Safety Measures Flyer\" src=\"http:\/\/www.flexaust.com\/wp-content\/uploads\/2023\/09\/Safety-Measures-Flyer.png\" alt=\"\" width=\"112\" height=\"150\" \/><\/a><\/p>\n<h3><a href=\"http:\/\/www.flexaust.com\/wp-content\/uploads\/2023\/09\/Safety-Measures_Flyer.pdf\">Productos Antiest\u00e1ticos<\/a><\/h3>\n<\/div>\n<div class=\"category-brochures\">\n<p><a href=\"http:\/\/www.flexaust.com\/wp-content\/uploads\/2020\/08\/VR-U-Flyer-2020.pdf\"><img loading=\"lazy\" decoding=\"async\" title=\"Manguera de recuperaci\u00f3n de vapor flexaust VR-U\" src=\"http:\/\/www.flexaust.com\/wp-content\/uploads\/2020\/08\/VR-U-Flyer-2020.png\" alt=\"Manguera de recuperaci\u00f3n de vapor flexaust VR-U\" width=\"112\" height=\"150\" \/><\/a><\/p>\n<h3><a href=\"http:\/\/www.flexaust.com\/wp-content\/uploads\/2020\/08\/VR-U-Flyer-2020.pdf\">Manguera de Recuperaci\u00f3n de Vapor VR-U<\/a><\/h3>\n<\/div>\n<div class=\"category-brochures\">\n<p><a href=\"http:\/\/www.flexaust.com\/wp-content\/uploads\/2025\/03\/Mulch-Flyer-2025.pdf\"><img loading=\"lazy\" decoding=\"async\" title=\"Manguera para la Sopladura de Mantillo\" src=\"http:\/\/www.flexaust.com\/wp-content\/uploads\/2025\/03\/Mulch-Flyer-2025.png\" alt=\"Manguera para la Sopladura de Mantillo\" width=\"112\" height=\"150\" \/><\/a><\/p>\n<h3><a title=\"Manguera para la Sopladura de Mantillo\" href=\"http:\/\/www.flexaust.com\/wp-content\/uploads\/2025\/03\/Mulch-Flyer-2025.pdf\">Manguera para la Sopladura de Mantillo<\/a><\/h3>\n<\/div>\n<div class=\"category-brochures\">\n<p><a href=\"http:\/\/www.flexaust.com\/wp-content\/uploads\/2020\/11\/MRO-VENTILATION.pdf\"><img loading=\"lazy\" decoding=\"async\" title=\"flexaust_2020_MRO_Ventilation_products\" src=\"http:\/\/www.flexaust.com\/wp-content\/uploads\/2020\/11\/MRO-Ventilation.png\" alt=\"flexaust_2020_MRO_Ventilation_products\" width=\"112\" height=\"150\" \/><\/a><\/p>\n<h3><a href=\"http:\/\/www.flexaust.com\/wp-content\/uploads\/2020\/11\/MRO-VENTILATION.pdf\">Productos de ventilaci\u00f3n MRO<\/a><\/h3>\n<\/div>\n<div class=\"category-brochures\">\n<p><a href=\"http:\/\/www.flexaust.com\/wp-content\/uploads\/2020\/11\/Clean-Room_F.pdf\"><img loading=\"lazy\" decoding=\"async\" title=\"flexaust_2020_Clean_Room_products\" src=\"http:\/\/www.flexaust.com\/wp-content\/uploads\/2020\/11\/Clean-Room-.png\" alt=\"flexaust_2020_Clean_Room_products\" width=\"112\" height=\"150\" \/><\/a><\/p>\n<h3><a href=\"http:\/\/www.flexaust.com\/wp-content\/uploads\/2020\/11\/Clean-Room_F.pdf\">Productos para cuartos limpios<\/a><\/h3>\n<\/div>\n<div class=\"category-brochures\">\n<p><a href=\"http:\/\/www.flexaust.com\/wp-content\/uploads\/2019\/03\/L-VAC-Flyer-6.pdf\"><img loading=\"lazy\" decoding=\"async\" title=\"L-VAC Tubo de elevaci\u00f3n\" src=\"http:\/\/www.flexaust.com\/wp-content\/uploads\/2019\/03\/L-VAC-Flyer-Image.png\" alt=\"L-VAC Tubo de elevaci\u00f3n\" width=\"112\" height=\"150\" \/><\/a><\/p>\n<h3><a title=\"L-VAC Tubo de elevaci\u00f3n\" href=\"http:\/\/www.flexaust.com\/wp-content\/uploads\/2019\/03\/L-VAC-Flyer-6.pdf\">L-VAC Tubo de elevaci\u00f3n<\/a><\/h3>\n<\/div>\n<div class=\"category-brochures\">\n<p><a href=\"http:\/\/www.flexaust.com\/wp-content\/uploads\/2019\/07\/Industrial-Vacuum-Hose-Kit-2019-2.pdf\"><img loading=\"lazy\" decoding=\"async\" title=\"Kit de manguera de vac\u00edo industrial\" src=\"http:\/\/www.flexaust.com\/wp-content\/uploads\/2019\/07\/Industrial-Vacuum-Hose-Kit-2019-1.png\" alt=\"Kit de manguera de vac\u00edo industrial\" width=\"112\" height=\"150\" \/><\/a><\/p>\n<h3><a href=\"http:\/\/www.flexaust.com\/wp-content\/uploads\/2020\/03\/Product-catalog-2020.pdf\">Kit de Manguera de Vac\u00edo Industrial<\/a><\/h3>\n<\/div>\n<div class=\"category-brochures\">\n<p><a href=\"http:\/\/www.flexaust.com\/wp-content\/uploads\/2018\/06\/New-Tiger-Tail-Flyers-2018.pdf\"><img loading=\"lazy\" decoding=\"async\" title=\"Manguera de vac\u00edo Para Recogida de residuos\" src=\"http:\/\/www.flexaust.com\/wp-content\/uploads\/2018\/06\/Waste-Collection-Flyer-Cover.png\" alt=\"Manguera de vac\u00edo Para Recogida de residuos\" width=\"112\" height=\"150\" \/><\/a><\/p>\n<h3><a title=\"Manguera de vac\u00edo Para Recogida de residuos\" href=\"http:\/\/www.flexaust.com\/wp-content\/uploads\/2018\/06\/New-Tiger-Tail-Flyers-2018.pdf\">Manguera de vac\u00edo Para Recogida de residuos<\/a><\/h3>\n<\/div>\n<div class=\"category-brochures\">\n<p><a href=\"http:\/\/www.flexaust.com\/wp-content\/uploads\/2016\/03\/Hi-Res-XLD-Flyer-in-spanish.pdf\"><img loading=\"lazy\" decoding=\"async\" title=\"XLD-Manguera de Recogida de Polvo\" src=\"http:\/\/www.flexaust.com\/wp-content\/uploads\/2016\/03\/Hi-Res-XLD-Flyer-in-spanish.png\" alt=\"XLD-Manguera de Recogida de Polvo\" width=\"112\" height=\"150\" \/><\/a><\/p>\n<h3><a title=\"XLD-Manguera de Recogida de Polvo\" href=\"http:\/\/www.flexaust.com\/wp-content\/uploads\/2016\/03\/Hi-Res-XLD-Flyer-in-spanish.pdf\">XLD-Manguera de Recogida de Polvo<\/a><\/h3>\n<\/div>\n<div class=\"category-brochures\">\n<p><a href=\"http:\/\/www.flexaust.com\/wp-content\/uploads\/2019\/06\/Duct-Collection-flyer-2019.pdf\"><img loading=\"lazy\" decoding=\"async\" class=\"alignnone size-full wp-image-1563\" title=\"volante_de_madera\" src=\"http:\/\/www.flexaust.com\/wp-content\/uploads\/2019\/06\/Woodworking-Dust-Collection-Flyer-updated-2019.png\" alt=\"volante_de_madera\" width=\"112\" height=\"150\" \/><\/a><\/p>\n<h3><a href=\"http:\/\/www.flexaust.com\/wp-content\/uploads\/2019\/06\/Duct-Collection-flyer-2019.pdf\">Para Trabajar la Madera y los Productos de Recolecci\u00f3n de Polvo<\/a><\/h3>\n<\/div>\n<div class=\"category-brochures\">\n<p><a href=\"http:\/\/www.flexaust.com\/wp-content\/uploads\/2017\/06\/Injection-Molding-Flyer-2017.pdf\"><img loading=\"lazy\" decoding=\"async\" class=\"alignnone size-full wp-image-1563\" title=\"Moldeo por inyecci\u00f3n\" src=\"http:\/\/www.flexaust.com\/wp-content\/uploads\/2017\/06\/Injection-molding.png\" alt=\"Moldeo por inyecci\u00f3n\" width=\"112\" height=\"150\" \/><\/a><\/p>\n<h3><a href=\"http:\/\/www.flexaust.com\/wp-content\/uploads\/2017\/06\/Injection-Molding-Flyer-2017.pdf\">Inyecci\u00f3n de moldeo<\/a><\/h3>\n<\/div>\n<div class=\"category-brochures\">\n<p><a href=\"http:\/\/www.flexaust.com\/wp-content\/uploads\/2015\/03\/SwivelConnect-Flyer_7.pdf\"><img loading=\"lazy\" decoding=\"async\" title=\"Conectores Giratorios de Flex-Tube\" src=\"http:\/\/www.flexaust.com\/wp-content\/uploads\/2015\/03\/cover-for-guide.png\" alt=\"Conectores Giratorios de Flex-Tube\" width=\"112\" height=\"150\" \/><\/a><\/p>\n<h3><a title=\"Conectores Giratorios de Flex-Tube\" href=\"http:\/\/www.flexaust.com\/wp-content\/uploads\/2015\/03\/SwivelConnect-Flyer_7.pdf\">Conectores Giratorios de Flex-Tube<\/a><\/h3>\n<\/div>\n<div class=\"category-brochures\">\n<p><a href=\"http:\/\/www.flexaust.com\/wp-content\/uploads\/2012\/02\/FlexStat-Flyer.pdf\"><img loading=\"lazy\" decoding=\"async\" title=\"folleto_flexstat\" src=\"http:\/\/www.flexaust.com\/wp-content\/uploads\/2012\/02\/FlexStat-Flyer-Image.png\" alt=\"folleto_flexstat\" width=\"112\" height=\"150\" \/><\/a><\/p>\n<h3><a title=\"FlexStat\u2122, Static Dissipative Hose with an Embedded Copper Grounding Wire\" href=\"http:\/\/www.flexaust.com\/wp-content\/uploads\/2012\/02\/FlexStat-Flyer.pdf\">FlexStat, Manguera Est\u00e1tico Disipativo con Embedded Alambre de Cobre de Puesta a Tierra<\/a><\/h3>\n<\/div>\n<div class=\"category-brochures\">\n<p><a href=\"http:\/\/www.flexaust.com\/wp-content\/uploads\/2024\/01\/Cuffs-and-Connectors-Flyer-2024.pdf\"><img loading=\"lazy\" decoding=\"async\" title=\"pu\u00f1os___conectores_folleto\" src=\"http:\/\/www.flexaust.com\/wp-content\/uploads\/2016\/06\/Cuffs-Connectors-2016-1.png\" alt=\"pu\u00f1os___conectores_folleto\" width=\"112\" height=\"150\" \/><\/a><\/p>\n<h3><a title=\"Genesis\u00ae &amp; Dayflex\u00ae Cuffs &amp; Connectors Flyer\" href=\"http:\/\/www.flexaust.com\/wp-content\/uploads\/2024\/01\/Cuffs-and-Connectors-Flyer-2024.pdf\">G\u00e9nesis y Dayflex Pu\u00f1os y Flyer Conectores<\/a><\/h3>\n<\/div>\n<div class=\"category-brochures\">\n<p><a href=\"http:\/\/www.flexaust.com\/wp-content\/uploads\/2012\/01\/flex_tube_flyer.pdf\"><img loading=\"lazy\" decoding=\"async\" title=\"folleto_de_tubo_flexible\" src=\"http:\/\/www.flexaust.com\/wp-content\/uploads\/2012\/02\/Flex-Tube-Flyer-Image1.png\" alt=\"folleto_de_tubo_flexible\" width=\"112\" height=\"150\" \/><\/a><\/p>\n<h3><a title=\"Flex-Tube\u2122, All-Plastic Ultra Smooth Interior Vacuum Hoses\" href=\"http:\/\/www.flexaust.com\/wp-content\/uploads\/2012\/01\/flex_tube_flyer.pdf\">Flex-Tube, All-Mangueras de Pl\u00e1stico Ultra Smooth Vac\u00edo Interior<\/a><\/h3>\n<\/div>\n<div class=\"category-brochures\">\n<p><a href=\"http:\/\/www.flexaust.com\/wp-content\/uploads\/2012\/01\/geh_flyer3.pdf\"><img loading=\"lazy\" decoding=\"async\" title=\"GEH_Flyer_Thumb\" src=\"http:\/\/www.flexaust.com\/wp-content\/uploads\/2012\/01\/GEH_Flyer_Thumb.png\" alt=\"GEH_Flyer_Thumb\" width=\"112\" height=\"150\" \/><\/a><\/p>\n<h3><a href=\"http:\/\/www.flexaust.com\/wp-content\/uploads\/2012\/01\/geh_flyer3.pdf\">Productos de Escape de Garaje<\/a><\/h3>\n<\/div>\n<div class=\"category-brochures\">\n<p><a href=\"http:\/\/www.flexaust.com\/wp-content\/uploads\/2024\/12\/Chemical-Resistance-Chart-2024.pdf\"><img loading=\"lazy\" decoding=\"async\" title=\"Flexaust_cat\u00e1logo\" src=\"http:\/\/www.flexaust.com\/wp-content\/uploads\/2013\/05\/Chemical-Resistance-Chart-20131.png\" alt=\"Flexaust_cat\u00e1logo\" width=\"112\" height=\"150\" \/><\/a><\/p>\n<h3><a href=\"http:\/\/www.flexaust.com\/wp-content\/uploads\/2024\/12\/Chemical-Resistance-Chart-2024.pdf\">Gu\u00eda de Resistencia Qu\u00edmica <\/a><\/h3>\n<div class=\"category-brochures\"><\/div>\n<\/div>\n","protected":false},"excerpt":{"rendered":"<p>Flexaust 2026 Cat\u00e1logo Cat\u00e1logo productos para el cuidado de suelos de Flexaust Aire Acondicionado, Deshumidificaci\u00f3n y Conductos de Calefacci\u00f3n Nuevos productos-\u00daltimas innovaciones C\u00e9sped y Productos de la Hoja de Recogida de Productos Antiest\u00e1ticos Manguera de Recuperaci\u00f3n de Vapor VR-U Manguera para la Sopladura de Mantillo Productos de ventilaci\u00f3n MRO Productos para cuartos limpios L-VAC Tubo de elevaci\u00f3n Kit de Manguera de Vac\u00edo Industrial Manguera de vac\u00edo Para Recogida de residuos XLD-Manguera de Recogida de Polvo Para Trabajar la Madera y &hellip; <a href=\"https:\/\/www.flexaust.com\/es\/recursos\/guias-de-productos\/\">Seguir leyendo <span class=\"meta-nav\">\u00bb<\/span><\/a><\/p>\n","protected":false},"author":4,"featured_media":0,"parent":8421,"menu_order":0,"comment_status":"closed","ping_status":"closed","template":"page-static-2-col.php","meta":{"_acf_changed":false,"content-type":"","inline_featured_image":false,"footnotes":"","_links_to":"","_links_to_target":""},"class_list":["post-8423","page","type-page","status-publish","hentry"],"acf":[],"yoast_head":"<!-- This site is optimized with the Yoast SEO plugin v27.5 - https:\/\/yoast.com\/product\/yoast-seo-wordpress\/ -->\n<title>Gu\u00edas de Productos | Flexaust Inc.<\/title>\n<meta name=\"description\" content=\"Gu\u00edas de Productos: Gu\u00edas de productos para ayudar en la selecci\u00f3n de mangueras.\" \/>\n<meta name=\"robots\" content=\"index, follow, max-snippet:-1, max-image-preview:large, max-video-preview:-1\" \/>\n<link rel=\"canonical\" href=\"https:\/\/www.flexaust.com\/es\/recursos\/guias-de-productos\/\" \/>\n<meta name=\"twitter:label1\" content=\"Tiempo de lectura\" \/>\n\t<meta name=\"twitter:data1\" content=\"5 minutes\" \/>\n<script type=\"application\/ld+json\" class=\"yoast-schema-graph\">{\"@context\":\"https:\\\/\\\/schema.org\",\"@graph\":[{\"@type\":\"WebPage\",\"@id\":\"https:\\\/\\\/www.flexaust.com\\\/es\\\/recursos\\\/guias-de-productos\\\/\",\"url\":\"https:\\\/\\\/www.flexaust.com\\\/es\\\/recursos\\\/guias-de-productos\\\/\",\"name\":\"Gu\u00edas de Productos | Flexaust Inc.\",\"isPartOf\":{\"@id\":\"https:\\\/\\\/www.flexaust.com\\\/#website\"},\"primaryImageOfPage\":{\"@id\":\"https:\\\/\\\/www.flexaust.com\\\/es\\\/recursos\\\/guias-de-productos\\\/#primaryimage\"},\"image\":{\"@id\":\"https:\\\/\\\/www.flexaust.com\\\/es\\\/recursos\\\/guias-de-productos\\\/#primaryimage\"},\"thumbnailUrl\":\"http:\\\/\\\/www.flexaust.com\\\/wp-content\\\/uploads\\\/2026\\\/03\\\/Product-Catalog-2026-1.png\",\"datePublished\":\"2012-01-24T08:55:57+00:00\",\"dateModified\":\"2026-04-24T15:27:29+00:00\",\"description\":\"Gu\u00edas de Productos: Gu\u00edas de productos para ayudar en la selecci\u00f3n de mangueras.\",\"breadcrumb\":{\"@id\":\"https:\\\/\\\/www.flexaust.com\\\/es\\\/recursos\\\/guias-de-productos\\\/#breadcrumb\"},\"inLanguage\":\"es-ES\",\"potentialAction\":[{\"@type\":\"ReadAction\",\"target\":[\"https:\\\/\\\/www.flexaust.com\\\/es\\\/recursos\\\/guias-de-productos\\\/\"]}]},{\"@type\":\"ImageObject\",\"inLanguage\":\"es-ES\",\"@id\":\"https:\\\/\\\/www.flexaust.com\\\/es\\\/recursos\\\/guias-de-productos\\\/#primaryimage\",\"url\":\"http:\\\/\\\/www.flexaust.com\\\/wp-content\\\/uploads\\\/2026\\\/03\\\/Product-Catalog-2026-1.png\",\"contentUrl\":\"http:\\\/\\\/www.flexaust.com\\\/wp-content\\\/uploads\\\/2026\\\/03\\\/Product-Catalog-2026-1.png\"},{\"@type\":\"BreadcrumbList\",\"@id\":\"https:\\\/\\\/www.flexaust.com\\\/es\\\/recursos\\\/guias-de-productos\\\/#breadcrumb\",\"itemListElement\":[{\"@type\":\"ListItem\",\"position\":1,\"name\":\"Recursos\",\"item\":\"http:\\\/\\\/www.flexaust.com\\\/es\\\/recursos\\\/guias-de-productos\\\/\"},{\"@type\":\"ListItem\",\"position\":2,\"name\":\"Gu\u00edas de Productos\"}]},{\"@type\":\"WebSite\",\"@id\":\"https:\\\/\\\/www.flexaust.com\\\/#website\",\"url\":\"https:\\\/\\\/www.flexaust.com\\\/\",\"name\":\"Flexaust\",\"description\":\"Industrial Hose Manufacturer\",\"potentialAction\":[{\"@type\":\"SearchAction\",\"target\":{\"@type\":\"EntryPoint\",\"urlTemplate\":\"https:\\\/\\\/www.flexaust.com\\\/?s={search_term_string}\"},\"query-input\":{\"@type\":\"PropertyValueSpecification\",\"valueRequired\":true,\"valueName\":\"search_term_string\"}}],\"inLanguage\":\"es-ES\"}]}<\/script>\n<!-- \/ Yoast SEO plugin. -->","yoast_head_json":{"title":"Gu\u00edas de Productos | Flexaust Inc.","description":"Gu\u00edas de Productos: Gu\u00edas de productos para ayudar en la selecci\u00f3n de mangueras.","robots":{"index":"index","follow":"follow","max-snippet":"max-snippet:-1","max-image-preview":"max-image-preview:large","max-video-preview":"max-video-preview:-1"},"canonical":"https:\/\/www.flexaust.com\/es\/recursos\/guias-de-productos\/","twitter_misc":{"Tiempo de lectura":"5 minutes"},"schema":{"@context":"https:\/\/schema.org","@graph":[{"@type":"WebPage","@id":"https:\/\/www.flexaust.com\/es\/recursos\/guias-de-productos\/","url":"https:\/\/www.flexaust.com\/es\/recursos\/guias-de-productos\/","name":"Gu\u00edas de Productos | Flexaust Inc.","isPartOf":{"@id":"https:\/\/www.flexaust.com\/#website"},"primaryImageOfPage":{"@id":"https:\/\/www.flexaust.com\/es\/recursos\/guias-de-productos\/#primaryimage"},"image":{"@id":"https:\/\/www.flexaust.com\/es\/recursos\/guias-de-productos\/#primaryimage"},"thumbnailUrl":"http:\/\/www.flexaust.com\/wp-content\/uploads\/2026\/03\/Product-Catalog-2026-1.png","datePublished":"2012-01-24T08:55:57+00:00","dateModified":"2026-04-24T15:27:29+00:00","description":"Gu\u00edas de Productos: Gu\u00edas de productos para ayudar en la selecci\u00f3n de mangueras.","breadcrumb":{"@id":"https:\/\/www.flexaust.com\/es\/recursos\/guias-de-productos\/#breadcrumb"},"inLanguage":"es-ES","potentialAction":[{"@type":"ReadAction","target":["https:\/\/www.flexaust.com\/es\/recursos\/guias-de-productos\/"]}]},{"@type":"ImageObject","inLanguage":"es-ES","@id":"https:\/\/www.flexaust.com\/es\/recursos\/guias-de-productos\/#primaryimage","url":"http:\/\/www.flexaust.com\/wp-content\/uploads\/2026\/03\/Product-Catalog-2026-1.png","contentUrl":"http:\/\/www.flexaust.com\/wp-content\/uploads\/2026\/03\/Product-Catalog-2026-1.png"},{"@type":"BreadcrumbList","@id":"https:\/\/www.flexaust.com\/es\/recursos\/guias-de-productos\/#breadcrumb","itemListElement":[{"@type":"ListItem","position":1,"name":"Recursos","item":"http:\/\/www.flexaust.com\/es\/recursos\/guias-de-productos\/"},{"@type":"ListItem","position":2,"name":"Gu\u00edas de Productos"}]},{"@type":"WebSite","@id":"https:\/\/www.flexaust.com\/#website","url":"https:\/\/www.flexaust.com\/","name":"Flexaust","description":"Industrial Hose Manufacturer","potentialAction":[{"@type":"SearchAction","target":{"@type":"EntryPoint","urlTemplate":"https:\/\/www.flexaust.com\/?s={search_term_string}"},"query-input":{"@type":"PropertyValueSpecification","valueRequired":true,"valueName":"search_term_string"}}],"inLanguage":"es-ES"}]}},"_links":{"self":[{"href":"https:\/\/www.flexaust.com\/es\/wp-json\/wp\/v2\/pages\/8423","targetHints":{"allow":["GET"]}}],"collection":[{"href":"https:\/\/www.flexaust.com\/es\/wp-json\/wp\/v2\/pages"}],"about":[{"href":"https:\/\/www.flexaust.com\/es\/wp-json\/wp\/v2\/types\/page"}],"author":[{"embeddable":true,"href":"https:\/\/www.flexaust.com\/es\/wp-json\/wp\/v2\/users\/4"}],"replies":[{"embeddable":true,"href":"https:\/\/www.flexaust.com\/es\/wp-json\/wp\/v2\/comments?post=8423"}],"version-history":[{"count":10,"href":"https:\/\/www.flexaust.com\/es\/wp-json\/wp\/v2\/pages\/8423\/revisions"}],"predecessor-version":[{"id":52577,"href":"https:\/\/www.flexaust.com\/es\/wp-json\/wp\/v2\/pages\/8423\/revisions\/52577"}],"up":[{"embeddable":true,"href":"https:\/\/www.flexaust.com\/es\/wp-json\/wp\/v2\/pages\/8421"}],"wp:attachment":[{"href":"https:\/\/www.flexaust.com\/es\/wp-json\/wp\/v2\/media?parent=8423"}],"curies":[{"name":"wp","href":"https:\/\/api.w.org\/{rel}","templated":true}]}}