{"id":8418,"date":"2012-01-10T19:31:03","date_gmt":"2012-01-11T00:31:03","guid":{"rendered":"http:\/\/www.flexaust.com\/about\/schauenburg-companies\/"},"modified":"2025-09-11T07:09:57","modified_gmt":"2025-09-11T11:09:57","slug":"empresas-del-grupo-schauenburg","status":"publish","type":"page","link":"https:\/\/www.flexaust.com\/es\/sobre\/empresas-del-grupo-schauenburg\/","title":{"rendered":"Empresas del Grupo Schauenburg"},"content":{"rendered":"<p style=\"text-align: left;\"><a href=\"http:\/\/www.flexaust.com\/wp-content\/uploads\/2012\/01\/schauenburg-group2.png\" target=\"_blank\" rel=\"noopener\"><img loading=\"lazy\" decoding=\"async\" class=\"size-full wp-image-1416\" title=\"schauenburg-group\" src=\"http:\/\/www.flexaust.com\/wp-content\/uploads\/2012\/01\/schauenburg-group2.png\" alt=\"\" width=\"390\" height=\"200\" srcset=\"https:\/\/www.flexaust.com\/wp-content\/uploads\/2012\/01\/schauenburg-group2.png 390w, https:\/\/www.flexaust.com\/wp-content\/uploads\/2012\/01\/schauenburg-group2-300x153.png 300w\" sizes=\"auto, (max-width: 390px) 100vw, 390px\" \/><\/a><\/p>\n<p style=\"text-align: left;\">Como parte del grupo internacional Schauenburg, nuestra red de soporte mundial le proporciona a Flexaust m\u00e1s recursos y mayores capacidades de fabricaci\u00f3n para brindar lo mejor en productos de mangueras y conductos. Flexaust empresas afiliadas tambi\u00e9n incluye el dispositivo m\u00e9dico, y los mercados de servicios de saneamiento..<\/p>\n<p>&nbsp;<\/p>\n<div class=\"affiliates_column_1\">\n<h3>aplicaciones industriales<\/h3>\n<p><a title=\"http:\/\/www.schauenburg-rk.com\/\" href=\"http:\/\/www.schauenburg-rk.com\/\" target=\"_blank\" rel=\"noopener\">Schauenburg Ruhrkunststoff GMBH<\/a><br \/>\nM\u00fclheim-Ruhr\/Germany<\/p>\n<p><a href=\"http:\/\/www.vacuflex.de\/\" target=\"_blank\" rel=\"noopener\">Vacuflex GMBH<\/a><br \/>\nM\u00f6rfelden\/Germany<\/p>\n<p><a href=\"http:\/\/www.apd-schlauchtechnik.de\/\" target=\"_blank rel=\" rel=\"noopener\">APD Schlauchtechnik<\/a><br \/>\nViersen\/Germany<\/p>\n<p><a href=\"http:\/\/www.gap-plastomere.com\/\" target=\"_blank\" rel=\"noopener\">Gap Plastom\u00e9re Sarl<\/a><br \/>\nMont\u00e9limar\/France<\/p>\n<p><a href=\"http:\/\/www.gap-plastomere.com\/\" target=\"_blank\" rel=\"noopener\">Flexadux International Sarl<\/a><br \/>\nMont\u00e9limar\/France<\/p>\n<p>&nbsp;<\/p>\n<p>&nbsp;<\/p>\n<\/div>\n<div class=\"affiliates_column_2\">\n<h3>aplicaciones sanitarias y de electrodomesticos<\/h3>\n<p><a title=\"Flexaust\" href=\"http:\/\/www.flexaust.com\/es\/\">Flexaust<\/a><br \/>\nWarsaw, IN\/USA<\/p>\n<p><a href=\"http:\/\/www.vacuflex.de\/\" target=\"_blank\" rel=\"noopener\">Vacuflex GMBH<\/a><br \/>\nM\u00f6rfelden\/Germany<\/p>\n<p><a href=\"http:\/\/www.gap-plastomere.com\/\" target=\"_blank\" rel=\"noopener\">Gap Plastom\u00e9re Sarl<\/a><br \/>\nMont\u00e9limar\/France<\/p>\n<p>&nbsp;<\/p>\n","protected":false},"excerpt":{"rendered":"<p>Como parte del grupo internacional Schauenburg, nuestra red de soporte mundial le proporciona a Flexaust m\u00e1s recursos y mayores capacidades de fabricaci\u00f3n para brindar lo mejor en productos de mangueras y conductos. Flexaust empresas afiliadas tambi\u00e9n incluye el dispositivo m\u00e9dico, y los mercados de servicios de saneamiento.. &nbsp; aplicaciones industriales Schauenburg Ruhrkunststoff GMBH M\u00fclheim-Ruhr\/Germany Vacuflex GMBH M\u00f6rfelden\/Germany APD Schlauchtechnik Viersen\/Germany Gap Plastom\u00e9re Sarl Mont\u00e9limar\/France Flexadux International Sarl Mont\u00e9limar\/France &nbsp; &nbsp; aplicaciones sanitarias y de electrodomesticos Flexaust Warsaw, IN\/USA Vacuflex GMBH &hellip; <a href=\"https:\/\/www.flexaust.com\/es\/sobre\/empresas-del-grupo-schauenburg\/\">Seguir leyendo <span class=\"meta-nav\">\u00bb<\/span><\/a><\/p>\n","protected":false},"author":4,"featured_media":0,"parent":7199,"menu_order":0,"comment_status":"closed","ping_status":"closed","template":"page-static-2-col.php","meta":{"_acf_changed":false,"content-type":"","inline_featured_image":false,"footnotes":"","_links_to":"","_links_to_target":""},"class_list":["post-8418","page","type-page","status-publish","hentry"],"acf":[],"yoast_head":"<!-- This site is optimized with the Yoast SEO plugin v27.5 - https:\/\/yoast.com\/product\/yoast-seo-wordpress\/ -->\n<title>Schauenburg Companies \u2013 Empresas Del Grupo Schauenburg | Flexaust Inc.<\/title>\n<meta name=\"description\" content=\"Empresas del Grupo Schauenburg: Informaci\u00f3n sobre las empresas del Grupo Schauenburg.\" \/>\n<meta name=\"robots\" content=\"index, follow, max-snippet:-1, max-image-preview:large, max-video-preview:-1\" \/>\n<link rel=\"canonical\" href=\"https:\/\/www.flexaust.com\/es\/sobre\/empresas-del-grupo-schauenburg\/\" \/>\n<meta name=\"twitter:label1\" content=\"Tiempo de lectura\" \/>\n\t<meta name=\"twitter:data1\" content=\"1 minute\" \/>\n<script type=\"application\/ld+json\" class=\"yoast-schema-graph\">{\"@context\":\"https:\\\/\\\/schema.org\",\"@graph\":[{\"@type\":\"WebPage\",\"@id\":\"https:\\\/\\\/www.flexaust.com\\\/es\\\/sobre\\\/empresas-del-grupo-schauenburg\\\/\",\"url\":\"https:\\\/\\\/www.flexaust.com\\\/es\\\/sobre\\\/empresas-del-grupo-schauenburg\\\/\",\"name\":\"Schauenburg Companies \u2013 Empresas Del Grupo Schauenburg | Flexaust Inc.\",\"isPartOf\":{\"@id\":\"https:\\\/\\\/www.flexaust.com\\\/#website\"},\"primaryImageOfPage\":{\"@id\":\"https:\\\/\\\/www.flexaust.com\\\/es\\\/sobre\\\/empresas-del-grupo-schauenburg\\\/#primaryimage\"},\"image\":{\"@id\":\"https:\\\/\\\/www.flexaust.com\\\/es\\\/sobre\\\/empresas-del-grupo-schauenburg\\\/#primaryimage\"},\"thumbnailUrl\":\"http:\\\/\\\/www.flexaust.com\\\/wp-content\\\/uploads\\\/2012\\\/01\\\/schauenburg-group2.png\",\"datePublished\":\"2012-01-11T00:31:03+00:00\",\"dateModified\":\"2025-09-11T11:09:57+00:00\",\"description\":\"Empresas del Grupo Schauenburg: Informaci\u00f3n sobre las empresas del Grupo Schauenburg.\",\"breadcrumb\":{\"@id\":\"https:\\\/\\\/www.flexaust.com\\\/es\\\/sobre\\\/empresas-del-grupo-schauenburg\\\/#breadcrumb\"},\"inLanguage\":\"es-ES\",\"potentialAction\":[{\"@type\":\"ReadAction\",\"target\":[\"https:\\\/\\\/www.flexaust.com\\\/es\\\/sobre\\\/empresas-del-grupo-schauenburg\\\/\"]}]},{\"@type\":\"ImageObject\",\"inLanguage\":\"es-ES\",\"@id\":\"https:\\\/\\\/www.flexaust.com\\\/es\\\/sobre\\\/empresas-del-grupo-schauenburg\\\/#primaryimage\",\"url\":\"http:\\\/\\\/www.flexaust.com\\\/wp-content\\\/uploads\\\/2012\\\/01\\\/schauenburg-group2.png\",\"contentUrl\":\"http:\\\/\\\/www.flexaust.com\\\/wp-content\\\/uploads\\\/2012\\\/01\\\/schauenburg-group2.png\"},{\"@type\":\"BreadcrumbList\",\"@id\":\"https:\\\/\\\/www.flexaust.com\\\/es\\\/sobre\\\/empresas-del-grupo-schauenburg\\\/#breadcrumb\",\"itemListElement\":[{\"@type\":\"ListItem\",\"position\":1,\"name\":\"Sobre\",\"item\":\"http:\\\/\\\/www.flexaust.com\\\/es\\\/sobre\\\/historia-mision-y-vision\\\/\"},{\"@type\":\"ListItem\",\"position\":2,\"name\":\"Empresas del Grupo Schauenburg\"}]},{\"@type\":\"WebSite\",\"@id\":\"https:\\\/\\\/www.flexaust.com\\\/#website\",\"url\":\"https:\\\/\\\/www.flexaust.com\\\/\",\"name\":\"Flexaust\",\"description\":\"Industrial Hose Manufacturer\",\"potentialAction\":[{\"@type\":\"SearchAction\",\"target\":{\"@type\":\"EntryPoint\",\"urlTemplate\":\"https:\\\/\\\/www.flexaust.com\\\/?s={search_term_string}\"},\"query-input\":{\"@type\":\"PropertyValueSpecification\",\"valueRequired\":true,\"valueName\":\"search_term_string\"}}],\"inLanguage\":\"es-ES\"}]}<\/script>\n<!-- \/ Yoast SEO plugin. -->","yoast_head_json":{"title":"Schauenburg Companies \u2013 Empresas Del Grupo Schauenburg | Flexaust Inc.","description":"Empresas del Grupo Schauenburg: Informaci\u00f3n sobre las empresas del Grupo Schauenburg.","robots":{"index":"index","follow":"follow","max-snippet":"max-snippet:-1","max-image-preview":"max-image-preview:large","max-video-preview":"max-video-preview:-1"},"canonical":"https:\/\/www.flexaust.com\/es\/sobre\/empresas-del-grupo-schauenburg\/","twitter_misc":{"Tiempo de lectura":"1 minute"},"schema":{"@context":"https:\/\/schema.org","@graph":[{"@type":"WebPage","@id":"https:\/\/www.flexaust.com\/es\/sobre\/empresas-del-grupo-schauenburg\/","url":"https:\/\/www.flexaust.com\/es\/sobre\/empresas-del-grupo-schauenburg\/","name":"Schauenburg Companies \u2013 Empresas Del Grupo Schauenburg | Flexaust Inc.","isPartOf":{"@id":"https:\/\/www.flexaust.com\/#website"},"primaryImageOfPage":{"@id":"https:\/\/www.flexaust.com\/es\/sobre\/empresas-del-grupo-schauenburg\/#primaryimage"},"image":{"@id":"https:\/\/www.flexaust.com\/es\/sobre\/empresas-del-grupo-schauenburg\/#primaryimage"},"thumbnailUrl":"http:\/\/www.flexaust.com\/wp-content\/uploads\/2012\/01\/schauenburg-group2.png","datePublished":"2012-01-11T00:31:03+00:00","dateModified":"2025-09-11T11:09:57+00:00","description":"Empresas del Grupo Schauenburg: Informaci\u00f3n sobre las empresas del Grupo Schauenburg.","breadcrumb":{"@id":"https:\/\/www.flexaust.com\/es\/sobre\/empresas-del-grupo-schauenburg\/#breadcrumb"},"inLanguage":"es-ES","potentialAction":[{"@type":"ReadAction","target":["https:\/\/www.flexaust.com\/es\/sobre\/empresas-del-grupo-schauenburg\/"]}]},{"@type":"ImageObject","inLanguage":"es-ES","@id":"https:\/\/www.flexaust.com\/es\/sobre\/empresas-del-grupo-schauenburg\/#primaryimage","url":"http:\/\/www.flexaust.com\/wp-content\/uploads\/2012\/01\/schauenburg-group2.png","contentUrl":"http:\/\/www.flexaust.com\/wp-content\/uploads\/2012\/01\/schauenburg-group2.png"},{"@type":"BreadcrumbList","@id":"https:\/\/www.flexaust.com\/es\/sobre\/empresas-del-grupo-schauenburg\/#breadcrumb","itemListElement":[{"@type":"ListItem","position":1,"name":"Sobre","item":"http:\/\/www.flexaust.com\/es\/sobre\/historia-mision-y-vision\/"},{"@type":"ListItem","position":2,"name":"Empresas del Grupo Schauenburg"}]},{"@type":"WebSite","@id":"https:\/\/www.flexaust.com\/#website","url":"https:\/\/www.flexaust.com\/","name":"Flexaust","description":"Industrial Hose Manufacturer","potentialAction":[{"@type":"SearchAction","target":{"@type":"EntryPoint","urlTemplate":"https:\/\/www.flexaust.com\/?s={search_term_string}"},"query-input":{"@type":"PropertyValueSpecification","valueRequired":true,"valueName":"search_term_string"}}],"inLanguage":"es-ES"}]}},"_links":{"self":[{"href":"https:\/\/www.flexaust.com\/es\/wp-json\/wp\/v2\/pages\/8418","targetHints":{"allow":["GET"]}}],"collection":[{"href":"https:\/\/www.flexaust.com\/es\/wp-json\/wp\/v2\/pages"}],"about":[{"href":"https:\/\/www.flexaust.com\/es\/wp-json\/wp\/v2\/types\/page"}],"author":[{"embeddable":true,"href":"https:\/\/www.flexaust.com\/es\/wp-json\/wp\/v2\/users\/4"}],"replies":[{"embeddable":true,"href":"https:\/\/www.flexaust.com\/es\/wp-json\/wp\/v2\/comments?post=8418"}],"version-history":[{"count":1,"href":"https:\/\/www.flexaust.com\/es\/wp-json\/wp\/v2\/pages\/8418\/revisions"}],"predecessor-version":[{"id":51604,"href":"https:\/\/www.flexaust.com\/es\/wp-json\/wp\/v2\/pages\/8418\/revisions\/51604"}],"up":[{"embeddable":true,"href":"https:\/\/www.flexaust.com\/es\/wp-json\/wp\/v2\/pages\/7199"}],"wp:attachment":[{"href":"https:\/\/www.flexaust.com\/es\/wp-json\/wp\/v2\/media?parent=8418"}],"curies":[{"name":"wp","href":"https:\/\/api.w.org\/{rel}","templated":true}]}}