{"id":7294,"date":"2012-01-30T04:08:00","date_gmt":"2012-01-30T09:08:00","guid":{"rendered":"http:\/\/www.flexaust.com\/?page_id=7294"},"modified":"2024-11-27T09:48:31","modified_gmt":"2024-11-27T14:48:31","slug":"herramientas-y-mangueras-de-vacio-industriales-equipos-para-el-cuidado-de-pisos","status":"publish","type":"page","link":"https:\/\/www.flexaust.com\/es\/herramientas-y-mangueras-de-vacio-industriales-equipos-para-el-cuidado-de-pisos\/","title":{"rendered":"Herramientas y mangueras de vac\u00edo industriales | Equipos para el cuidado de pisos"},"content":{"rendered":"<p>Los espacios industriales requieren soluciones de limpieza de grado industrial que puedan manejar los diversos desechos, productos qu\u00edmicos, fuerzas abrasivas y otros factores comunes en las operaciones industriales. Flexaust ofrece equipos para el cuidado de pisos y opciones de mangueras de vac\u00edo industriales para satisfacer las diversas necesidades de una amplia gama de aplicaciones industriales y tipos de instalaciones.<\/p>\n<h2>Mangueras y herramientas de vac\u00edo industrial<\/h2>\n<p>Nuestra completa l\u00ednea de productos de mangueras de vac\u00edo y herramientas contiene una soluci\u00f3n para casi cualquier entorno industrial.<\/p>\n<ul class=\"mid-list four-col\">\n<li><a title=\"Ver todas las publicaciones archivadas en Aspiradoras de mochila\" href=\"http:\/\/www.flexaust.com\/es\/equipment-types\/aspiradora-de-espalda\/\">Aspiradoras de mochila<\/a ><\/li>\n<li><a title=\"Ver todas las publicaciones archivadas en Aspiradoras de recipiente\" href=\"http:\/\/www.flexaust.com\/es\/equipment-types\/aspiradora-canister\/\">Aspiradoras de recipiente<\/a><\/li>\n<li><a title=\"Ver todas las publicaciones archivadas en Sistemas de vac\u00edo para lavado de autos\" href=\"http:\/\/www.flexaust.com\/es\/equipment-types\/aspiradoras-para-autolavados\/\">Sistemas de vac\u00edo para lavado de autos<\/a><\/li >\n<li><a title=\"Ver todas las publicaciones archivadas en Aspiradoras centrales\" href=\"http:\/\/www.flexaust.com\/es\/equipment-types\/aspiradora-central\/\">Aspiradoras centrales<\/a><\/li >\n<li><a title=\"Ver todas las publicaciones archivadas en Sistemas de vac\u00edo comerciales\" href=\"http:\/\/www.flexaust.com\/es\/equipment-types\/aspiradoras-comerciales\/\">Sistemas de vac\u00edo comerciales<\/a><\/li >\n<li><a title=\"Ver todas las publicaciones archivadas bajo Aspiradoras para recolecci\u00f3n de polvo\" href=\"http:\/\/www.flexaust.com\/es\/equipment-types\/aspiradora-de-polvo\/\">Aspiradoras para recolecci\u00f3n de polvo<\/a ><\/li>\n<li><a title=\"Ver todas las publicaciones archivadas bajo Aspiradoras extractoras\" href=\"http:\/\/www.flexaust.com\/es\/equipment-types\/aspiradora-extractor\/\">Aspiradoras extractoras<\/a><\/li>\n<li><a title=\"Ver todas las publicaciones archivadas en Aspiradoras de mano\" href=\"http:\/\/www.flexaust.com\/es\/equipment-types\/aspiradoras-de-mano\/\">Aspiradoras de mano<\/a><\/li >\n<li><a title=\"Ver todas las publicaciones archivadas en Sistemas industriales de limpieza de alfombras\" href=\"http:\/\/www.flexaust.com\/es\/equipment-types\/aspiradoras-para-alfombras\/\">Sistemas industriales de limpieza de alfombras<\/a ><\/li>\n<li><a title=\"Ver todas las publicaciones archivadas en Aspiradoras industriales en seco y h\u00famedo\" href=\"http:\/\/www.flexaust.com\/es\/equipment-types\/aspiradoras-industriales-seco-mojado\/\">Aspiradoras industriales en seco &amperio; Aspiradoras en seco<\/a><\/li>\n<li><a title=\"Ver todas las publicaciones archivadas bajo Aspiradoras extractoras port\u00e1tiles\" href=\"http:\/\/www.flexaust.com\/es\/equipment-types\/aspiradora-extractor-portible\/\">Aspiradoras extractoras port\u00e1tiles<\/a><\/li >\n<li><a title=\"Ver todas las publicaciones archivadas en Limpiadores para fregadoras\" href=\"http:\/\/www.flexaust.com\/es\/equipment-types\/fregadoras-de-piso\/\">Limpiadores para fregadoras<\/a><\/li>\n<li><a title=\"Ver todas las publicaciones archivadas en Aspiradoras con champ\u00fa\" href=\"http:\/\/www.flexaust.com\/es\/equipment-types\/aspiradoras-de-alfombras\/\">Aspiradoras con champ\u00fa<\/a><\/li>\n<li><a title=\"Ver todas las publicaciones archivadas en Aspiradoras verticales\" href=\"http:\/\/www.flexaust.com\/es\/equipment-types\/aspiradoras-verticales\/\">Aspiradoras verticales<\/a><\/li >\n<\/ul>\n<h3>Mangueras de vac\u00edo industriales para el cuidado de suelos<\/h3>\n<p>En una instalaci\u00f3n industrial, peque\u00f1os cambios en el equipo de cuidado de pisos pueden marcar una gran diferencia a escala. Nuestras mangueras para aspiradoras industriales vienen en una amplia variedad de formas, tama\u00f1os y materiales para adaptarse a todos los tipos de pisos y situaciones de limpieza. Seleccionar los accesorios y mangueras de vac\u00edo industrial \u00f3ptimos para necesidades espec\u00edficas ahorra tiempo, mano de obra y gastos en el mantenimiento y cuidado del piso con el tiempo.<\/p>\n<div alinear=\"centro\">\n<p><iframe loading=\"lazy\" title=\"Industrial Vacuum Hoses and Tools | Floor Care Equipment\" width=\"500\" height=\"281\" src=\"https:\/\/www.youtube.com\/embed\/iyMJP23viSo?feature=oembed\" frameborder=\"0\" allow=\"accelerometer; autoplay; clipboard-write; encrypted-media; gyroscope; picture-in-picture; web-share\" referrerpolicy=\"strict-origin-when-cross-origin\" allowfullscreen><\/iframe><\/p>\n<\/div>\n<h3>Materiales comunes de mangueras para el cuidado de pisos<\/h3>\n<p>Hay muchos tipos de <span style=\"text-decoration: underline;\"><a href=\"http:\/\/www.flexaust.com\/es\/group\/mangueras-cuidado-del-piso\/\">mangueras para el cuidado del suelo<\/a> <\/span> para adaptarse a una gama igualmente amplia de casos de uso. La mayor\u00eda de nuestras mangueras est\u00e1n hechas de uno de estos tres materiales:<\/p>\n<p style=\"padding-left: 40px;\"><strong>\u2022 Polietileno<\/strong>. Este material liviano y vers\u00e1til tiene una amplia gama de beneficios para las mangueras industriales. El polietileno es un material liso, por lo que es f\u00e1cil de mantener y limpiar. El peso ligero del material facilita el manejo y la portabilidad.<\/p>\n<p style=\"padding-left: 40px;\"><strong>\u2022 PVC<\/strong>. El PVC es notablemente m\u00e1s fuerte y m\u00e1s resistente a la abrasi\u00f3n que el <a href=\"https:\/\/www.britannica.com\/science\/polyetileno\" target=\"_blank\" rel=\"noopener noreferrer\">polietileno<\/a>. Esta dureza mec\u00e1nica lo hace ideal para configuraciones que son un poco m\u00e1s exigentes pero que a\u00fan requieren una facilidad de uso considerable.<\/p>\n<p style=\"padding-left: 40px;\"><strong>\u2022 Caucho termopl\u00e1stico<\/strong>. El caucho termopl\u00e1stico tiene una gran resistencia al desgarro, lo que lo hace excepcionalmente duradero para aplicaciones de aspiraci\u00f3n que implican movimiento sobre superficies rugosas.<\/p>\n<h3>Manguitos, conectores y adaptadores para el cuidado del suelo<\/h3>\n<p><img decoding=\"async\" class=\"alignright size-medium wp-image-34223\" src=\"\/wp-content\/uploads\/2020\/04\/Floor-Equipment-Types-200x167.jpg\" alt=\"Tipos de equipos de piso\" width=\"200 \"altura=\"167\" srcset=\"https:\/\/www.flexaust.com\/wp-content\/uploads\/2020\/04\/Floor-Equipment-Types-200x167.jpg 200w, https:\/\/www.flexaust.com\/wp-content\/uploads\/2020\/04\/Floor-Equipment-Types-60x50.jpg 60w, https:\/\/www.flexaust.com\/wp-content\/uploads\/2020\/04\/Floor-Equipment-Types-138x115.jpg 138w, https:\/\/www.flexaust.com\/wp-content\/uploads\/2020\/04\/Floor-Equipment-Types-98x83.jpg 98w, https:\/\/www.flexaust.com\/wp-content\/uploads\/2020\/04\/Floor-Equipment-Types.jpg 230w\" sizes=\"(max-width: 200px) 100vw, 200px\" \/><\/p>\n<p>Si bien la mayor\u00eda de las mangueras de vac\u00edo industriales son relativamente similares en dise\u00f1o y funci\u00f3n, el <span style=\"text-decoration: underline;\"><a href=\"http:\/\/www.flexaust.com\/es\/group\/copas-de-cuidado-de-piso-conectores-y-adaptadores\/\">manguitos, conectores y adaptadores<\/a><\/span> son altamente especializados para situaciones y necesidades particulares. Permiten mangueras de diferentes orientaciones y di\u00e1metros para encajar en redes m\u00e1s grandes utilizadas para optimizar y expandir los m\u00e9todos de cuidado de pisos disponibles Al invertir en los conectores y adaptadores correctos, puede dise\u00f1ar un sistema de cuidado de pisos que se\u00f1ale \u00e1reas importantes e incorpore funcionalidades esenciales.<\/p>\n<hr \/>\n<h2>Tipos de aspiradoras industriales: diferentes opciones de mangueras y herramientas<\/h2>\n<p>Aqu\u00ed en Flexaust, fabricamos mangueras para muchos tipos de aspiradoras industriales, cada una adaptada a una industria espec\u00edfica, caso de uso o especializaci\u00f3n.<\/p>\n<p style=\"padding-left: 40px;\"><strong>\u2022 <span style=\"text-decoration: underline;\"><a href=\"http:\/\/www.flexaust.com\/es\/equipment-types\/aspiradora-de-espalda\/\">Aspiradoras de mochila<\/a><\/span><\/strong>. Port\u00e1tiles y potentes a la vez, estos funcionan bien para espacios grandes donde unas pocas personas son responsables del mantenimiento de un \u00e1rea amplia.<\/p>\n<p style=\"padding-left: 40px;\"><strong>\u2022 <a href=\"http:\/\/www.flexaust.com\/es\/equipment-types\/aspiradora-canister\/\"><span style=\"text-decoration : subrayado;\">Aspiradoras de recipiente<\/span><\/a><\/strong>. Estas soluciones delgadas son ideales para limpiar esquinas estrechas y superficies dif\u00edciles de alcanzar. Dado que son intencionalmente livianos, la mayor\u00eda usa mangueras de PVC o polietileno.<\/p>\n<p style=\"padding-left: 40px;\"><strong>\u2022 <span style=\"text-decoration: underline;\"><a href=\"http:\/\/www.flexaust.com\/es\/equipment-types\/aspiradoras-para-autolavados\/\">Sistemas de vac\u00edo para lavado de autos<\/a><\/span><\/strong>. Construidos para una amplia potencia, estos sistemas a menudo incorporan mangueras de goma termopl\u00e1stica de alta resistencia que permiten una m\u00e1xima durabilidad.<\/p>\n<p style=\"padding-left: 40px;\"><strong>\u2022 <span style=\"text-decoration: underline;\"><a href=\"http:\/\/www.flexaust.com\/es\/equipment-types\/aspiradora-central\/\">Aspiradoras centrales<\/a><\/span><\/strong>. Estas aspiradoras constan de un cuerpo que se acopla a un gran n\u00famero de mangueras. Mantener la c\u00e1mara de aire de la aspiradora separada y central facilita la maniobra de las mangueras de la aspiradora en un espacio, pero tambi\u00e9n requiere manguitos y adaptadores para unir las piezas.<\/p>\n<p style=\"padding-left: 40px;\"><strong>\u2022 <span style=\"text-decoration: underline;\"><a href=\"http:\/\/www.flexaust.com\/es\/equipment-types\/aspiradoras-comerciales\/\">Sistemas de vac\u00edo comerciales<\/a><\/span><\/strong>. Con bases anchas y succi\u00f3n poderosa, los sistemas de vac\u00edo comerciales son ideales para organizaciones grandes con muchos pies cuadrados para administrar.<\/p>\n<p style=\"padding-left: 40px;\"><strong>\u2022 <span style=\"text-decoration: underline;\"><a href=\"http:\/\/www.flexaust.com\/es\/equipment-types\/aspiradora-de-polvo\/\">Aspiradoras de recogida de polvo<\/a><\/span><\/strong>. El polvo puede ser un peligro tanto para la salud de las m\u00e1quinas como para las personas, especialmente en las plantas y f\u00e1bricas de fabricaci\u00f3n. Estas aspiradoras enfocadas en el polvo se encargan de la acumulaci\u00f3n peligrosa.<\/p>\n<p style=\"padding-left: 40px;\"><strong>\u2022 <span style=\"text-decoration: underline;\"><a href=\"http:\/\/www.flexaust.com\/es\/equipment-types\/aspiradora-extractor\/\">Aspiradores extractores<\/a><\/span><\/strong>. Las aspiradoras extractoras usan agua caliente para desalojar los desechos y la suciedad del piso. Esto requiere varios tipos de mangueras que puedan soportar los cambios de temperatura.<\/p>\n<p style=\"padding-left: 40px;\"><strong>\u2022 <span style=\"text-decoration: underline;\"><a href=\"http:\/\/www.flexaust.com\/es\/equipment-types\/aspiradoras-de-mano\/\">Aspiradoras de mano<\/a><\/span><\/strong>. Las aspiradoras de mano son muy port\u00e1tiles, pero a\u00fan lo suficientemente resistentes para manejar la limpieza industrial.<\/p>\n<p style=\"padding-left: 40px;\"><strong>\u2022 <a href=\"http:\/\/www.flexaust.com\/es\/equipment-types\/aspiradoras-para-alfombras\/\"><span style= \"text-decoration: underline;\">Sistemas de limpieza de alfombras industriales<\/span><\/a><\/strong>. Los sistemas de limpieza de alfombras son potentes e incorporan las mangueras m\u00e1s duraderas para garantizar la m\u00e1xima succi\u00f3n necesaria para eliminar las manchas dif\u00edciles y los residuos de las alfombras.<\/p>\n<p style=\"padding-left: 40px;\"><strong>\u2022 <span style=\"text-decoration: underline;\"><a href=\"http:\/\/www.flexaust.com\/es\/equipment-types\/aspiradoras-industriales-seco-mojado\/\">Aspiradoras industriales en seco y h\u00famedo<\/a><\/span><\/strong>. Se pueden usar aspiradoras en seco y h\u00famedo para limpiar derrames h\u00famedos o polvo y escombros secos.<\/p>\n<p style=\"padding-left: 40px;\"><strong>\u2022 <span style=\"text-decoration: underline;\"><a href=\"http:\/\/www.flexaust.com\/es\/equipment-types\/aspiradora-extractor-portible\/\">Aspiradoras extractoras port\u00e1tiles<\/a><\/span><\/strong>. Al igual que las aspiradoras extractoras de tama\u00f1o completo, estas m\u00e1quinas usan agua caliente y mangueras port\u00e1tiles y livianas para limpiar a fondo las superficies.<\/p>\n<p style=\"padding-left: 40px;\"><strong>\u2022 <span style=\"text-decoration: underline;\"><a href=\"http:\/\/www.flexaust.com\/es\/equipment-types\/fregadoras-de-piso\/\">Limpiadores para fregadoras<\/a><\/span><\/strong>. Las cerdas extra fuertes y un movimiento de fregado circular separan a las fregadoras de otras opciones de aspiradoras.<\/p>\n<p style=\"relleno-izquierda: 40px;\"><fuerte>\u2022 <span style=\"text-decoration: underline;\"><a href=\"http:\/\/www.flexaust.com\/es\/equipment-types\/aspiradoras-de-alfombras\/\">Aspiradoras con champ\u00fa<\/a><\/span> <\/fuerte>. Adem\u00e1s de limpiar por succi\u00f3n, estas aspiradoras agregan limpiador al proceso de limpieza.<\/p>\n<p style=\"padding-left: 40px;\"><strong>\u2022 <span style=\"text-decoration: underline;\"><a href=\"http:\/\/www.flexaust.com\/es\/equipment-types\/aspiradoras-verticales\/\">Aspiradoras verticales<\/a><\/span><\/strong>. Con cuerpos anchos y gran poder de succi\u00f3n, estas aspiradoras cl\u00e1sicas son perfectas para alfombras y concreto por igual.<\/p>\n<hr \/>\n<h2>Mangueras de vac\u00edo industrial y amp; Herramientas de Flexaust<\/h2>\n<p>Los empleados expertos de <span style=\"text-decoration: underline;\"><a href=\"http:\/\/www.flexaust.com\/es\/\">Flexaust<\/a><\/span> tienen d\u00e9cadas de experiencia en la fabricaci\u00f3n industrial soluciones de mangueras de vac\u00edo. Nuestra amplia cartera de mangueras y herramientas de vac\u00edo contiene una soluci\u00f3n para cualquier tipo de equipo de vac\u00edo. Para obtener m\u00e1s informaci\u00f3n sobre nuestras capacidades o productos, <span style=\"text-decoration: underline;\"><a href=\"http:\/\/www.flexaust.com\/es\/contacto-y-soporte\/contactenos\/\">cont\u00e1ctenos<\/ a> <\/span>o <a href=\"http:\/\/www.flexaust.com\/es\/muestras-y-cotizaciones\/solicite-una-cotizacion\/\"><span style=\"text-decoration: underline;\">solicitar una cotizaci\u00f3n<\/ intervalo><\/a>.<\/p>\n<p>&nbsp;<\/p>\n<hr \/>\n<h2><a href=\"http:\/\/www.flexaust.com\/es\/group\/mangueras-cuidado-del-piso\/\">Use la b\u00fasqueda de productos de mangueras para el cuidado de pisos para encontrar el producto adecuado \u00bb<\/a><\/h2>\n<h2><a href=\"http:\/\/www.flexaust.com\/es\/group\/copas-de-cuidado-de-piso-conectores-y-adaptadores\/\">Revise todos los accesorios recomendados para mangueras para el cuidado de pisos \u00bb<\/a><\/h2>\n<hr \/>\n<div class=\"fportals_column_1\">\n<h3>Asistencia t\u00e9cnica para productos de mangueras para el cuidado de suelos<\/h3>\n<ul>\n<li><a href=\"\/wp-content\/uploads\/2012\/02\/Chemical-Resistance-Chart.pdf\">Tabla de resistencia qu\u00edmica<\/a><\/li>\n<li><a href=\"http:\/\/www.flexaust.com\/es\/recursos\/guias-de-productos\/\">Gu\u00edas de productos<\/a><\/li>\n<li><a href=\"http:\/\/www.flexaust.com\/es\/group\/copas-de-cuidado-de-piso-conectores-y-adaptadores\/\">Accesorios para el cuidado de suelos<\/a><\/li>\n<li><a href=\"http:\/\/www.flexaust.com\/es\/recursos\/faqs22\/\">Preguntas frecuentes<\/a><\/li>\n<\/ul>\n<\/div>\n<div class=\"fportals_column_2\">\n<h3>Enlaces y herramientas \u00fatiles<\/h3>\n<ul>\n<li><a href=\"http:\/\/www.flexaust.com\/es\/recursos\/guias-de-productos\/\">Publicaciones sobre mangueras para el cuidado de pisos<\/a><\/li>\n<li><a href=\"http:\/\/www.convert-me.com\/en\/convert\/temperature\" target=\"_blank\" rel=\"noopener noreferrer\">Conversiones de temperatura<\/a><\/li>\n<li><a href=\"http:\/\/www.convert-me.com\/en\/convert\/pression\" target=\"_blank\" rel=\"noopener noreferrer\">Conversi\u00f3n de presi\u00f3n<\/a><\/li>\n<li><a href=\"http:\/\/www.convert-me.com\/en\/convert\/length\" target=\"_blank\" rel=\"noopener noreferrer\">Conversi\u00f3n de longitud<\/a><\/li>\n<\/ul>\n<p>&nbsp;<\/p>\n<\/div>\n<div class=\"fportals_column_3\">\n<h3>Productos populares de mangueras para el cuidado de pisos<\/h3>\n<ul>\n<li><a href=\"http:\/\/www.flexaust.com\/es\/ind-hose-market\/recoleccion-de-pasto-y-hojas\/\">Manguera de aspiradora para hojas y c\u00e9sped<\/a><\/li>\n<li><a href=\"http:\/\/www.flexaust.com\/es\/ind-hose-market\/ventilacion-para-los-cascos-de-carreras\/\">Manguera para autos de carrera<\/a><\/li>\n<li><a href=\"http:\/\/www.flexaust.com\/es\/producto\/manguera-para-carpinteria-resistente-a-la-abrasion\/\">Manguera de tama\u00f1o m\u00e9trico<\/a><\/li>\n<li><a href=\"http:\/\/www.flexaust.com\/es\/ind-hose-market\/thermo-aislante-de-calofrio\/\">Productos de valor R<\/a><\/li>\n<li><a href=\"http:\/\/www.flexaust.com\/es\/ind-hose-market\/grado-alimenticio\/\">Mangueras aceptables por la FDA<\/a><\/li>\n<li><a href=\"http:\/\/www.flexaust.com\/es\/ind-hose-market\/control-de-estatica\/\">Mangueras que evitan la est\u00e1tica<\/a><\/li>\n<li><a href=\"http:\/\/www.flexaust.com\/es\/ind-hose-market\/resistencia-al-fuego\/\">Mangueras con clasificaci\u00f3n UL 94V-0<\/a><\/li>\n<li><a href=\"http:\/\/www.flexaust.com\/es\/ind-hose-market\/resistencia-al-fuego\/\">Mangueras retardantes de llama<\/a><\/li>\n<\/ul>\n<p>&nbsp;<\/p>\n<hr \/>\n<\/div>\n<p>&nbsp;<\/p>\n","protected":false},"excerpt":{"rendered":"<p>Los espacios industriales requieren soluciones de limpieza de grado industrial que puedan manejar los diversos desechos, productos qu\u00edmicos, fuerzas abrasivas y otros factores comunes en las operaciones industriales. Flexaust ofrece equipos para el cuidado de pisos y opciones de mangueras de vac\u00edo industriales para satisfacer las diversas necesidades de una amplia gama de aplicaciones industriales y tipos de instalaciones. Mangueras y herramientas de vac\u00edo industrial Nuestra completa l\u00ednea de productos de mangueras de vac\u00edo y herramientas contiene una soluci\u00f3n para &hellip; <a href=\"https:\/\/www.flexaust.com\/es\/herramientas-y-mangueras-de-vacio-industriales-equipos-para-el-cuidado-de-pisos\/\">Seguir leyendo <span class=\"meta-nav\">\u00bb<\/span><\/a><\/p>\n","protected":false},"author":6,"featured_media":0,"parent":0,"menu_order":0,"comment_status":"closed","ping_status":"closed","template":"page-equip-types.php","meta":{"_acf_changed":false,"content-type":"","inline_featured_image":false,"footnotes":"","_links_to":"","_links_to_target":""},"class_list":["post-7294","page","type-page","status-publish","hentry"],"acf":[],"yoast_head":"<!-- This site is optimized with the Yoast SEO plugin v27.4 - https:\/\/yoast.com\/product\/yoast-seo-wordpress\/ -->\n<title>Herramientas y Mangueras de Vac\u00edo | Flexaust Inc.<\/title>\n<meta name=\"description\" content=\"Heavy-duty vacuum hoses for industrial cleaning, ideal for large-scale applications and floor care equipment. Long-lasting, flexible, and strong.\" \/>\n<meta name=\"robots\" content=\"index, follow, max-snippet:-1, max-image-preview:large, max-video-preview:-1\" \/>\n<link rel=\"canonical\" href=\"https:\/\/www.flexaust.com\/es\/herramientas-y-mangueras-de-vacio-industriales-equipos-para-el-cuidado-de-pisos\/\" \/>\n<meta name=\"twitter:label1\" content=\"Tiempo de lectura\" \/>\n\t<meta name=\"twitter:data1\" content=\"6 minutes\" \/>\n<script type=\"application\/ld+json\" class=\"yoast-schema-graph\">{\"@context\":\"https:\\\/\\\/schema.org\",\"@graph\":[{\"@type\":\"WebPage\",\"@id\":\"https:\\\/\\\/www.flexaust.com\\\/es\\\/herramientas-y-mangueras-de-vacio-industriales-equipos-para-el-cuidado-de-pisos\\\/\",\"url\":\"https:\\\/\\\/www.flexaust.com\\\/es\\\/herramientas-y-mangueras-de-vacio-industriales-equipos-para-el-cuidado-de-pisos\\\/\",\"name\":\"Herramientas y Mangueras de Vac\u00edo | Flexaust Inc.\",\"isPartOf\":{\"@id\":\"https:\\\/\\\/www.flexaust.com\\\/#website\"},\"datePublished\":\"2012-01-30T09:08:00+00:00\",\"dateModified\":\"2024-11-27T14:48:31+00:00\",\"description\":\"Heavy-duty vacuum hoses for industrial cleaning, ideal for large-scale applications and floor care equipment. Long-lasting, flexible, and strong.\",\"inLanguage\":\"es-ES\",\"potentialAction\":[{\"@type\":\"ReadAction\",\"target\":[\"https:\\\/\\\/www.flexaust.com\\\/es\\\/herramientas-y-mangueras-de-vacio-industriales-equipos-para-el-cuidado-de-pisos\\\/\"]}]},{\"@type\":\"WebSite\",\"@id\":\"https:\\\/\\\/www.flexaust.com\\\/#website\",\"url\":\"https:\\\/\\\/www.flexaust.com\\\/\",\"name\":\"Flexaust\",\"description\":\"Industrial Hose Manufacturer\",\"potentialAction\":[{\"@type\":\"SearchAction\",\"target\":{\"@type\":\"EntryPoint\",\"urlTemplate\":\"https:\\\/\\\/www.flexaust.com\\\/?s={search_term_string}\"},\"query-input\":{\"@type\":\"PropertyValueSpecification\",\"valueRequired\":true,\"valueName\":\"search_term_string\"}}],\"inLanguage\":\"es-ES\"}]}<\/script>\n<!-- \/ Yoast SEO plugin. -->","yoast_head_json":{"title":"Herramientas y Mangueras de Vac\u00edo | Flexaust Inc.","description":"Heavy-duty vacuum hoses for industrial cleaning, ideal for large-scale applications and floor care equipment. Long-lasting, flexible, and strong.","robots":{"index":"index","follow":"follow","max-snippet":"max-snippet:-1","max-image-preview":"max-image-preview:large","max-video-preview":"max-video-preview:-1"},"canonical":"https:\/\/www.flexaust.com\/es\/herramientas-y-mangueras-de-vacio-industriales-equipos-para-el-cuidado-de-pisos\/","twitter_misc":{"Tiempo de lectura":"6 minutes"},"schema":{"@context":"https:\/\/schema.org","@graph":[{"@type":"WebPage","@id":"https:\/\/www.flexaust.com\/es\/herramientas-y-mangueras-de-vacio-industriales-equipos-para-el-cuidado-de-pisos\/","url":"https:\/\/www.flexaust.com\/es\/herramientas-y-mangueras-de-vacio-industriales-equipos-para-el-cuidado-de-pisos\/","name":"Herramientas y Mangueras de Vac\u00edo | Flexaust Inc.","isPartOf":{"@id":"https:\/\/www.flexaust.com\/#website"},"datePublished":"2012-01-30T09:08:00+00:00","dateModified":"2024-11-27T14:48:31+00:00","description":"Heavy-duty vacuum hoses for industrial cleaning, ideal for large-scale applications and floor care equipment. Long-lasting, flexible, and strong.","inLanguage":"es-ES","potentialAction":[{"@type":"ReadAction","target":["https:\/\/www.flexaust.com\/es\/herramientas-y-mangueras-de-vacio-industriales-equipos-para-el-cuidado-de-pisos\/"]}]},{"@type":"WebSite","@id":"https:\/\/www.flexaust.com\/#website","url":"https:\/\/www.flexaust.com\/","name":"Flexaust","description":"Industrial Hose Manufacturer","potentialAction":[{"@type":"SearchAction","target":{"@type":"EntryPoint","urlTemplate":"https:\/\/www.flexaust.com\/?s={search_term_string}"},"query-input":{"@type":"PropertyValueSpecification","valueRequired":true,"valueName":"search_term_string"}}],"inLanguage":"es-ES"}]}},"_links":{"self":[{"href":"https:\/\/www.flexaust.com\/es\/wp-json\/wp\/v2\/pages\/7294","targetHints":{"allow":["GET"]}}],"collection":[{"href":"https:\/\/www.flexaust.com\/es\/wp-json\/wp\/v2\/pages"}],"about":[{"href":"https:\/\/www.flexaust.com\/es\/wp-json\/wp\/v2\/types\/page"}],"author":[{"embeddable":true,"href":"https:\/\/www.flexaust.com\/es\/wp-json\/wp\/v2\/users\/6"}],"replies":[{"embeddable":true,"href":"https:\/\/www.flexaust.com\/es\/wp-json\/wp\/v2\/comments?post=7294"}],"version-history":[{"count":1,"href":"https:\/\/www.flexaust.com\/es\/wp-json\/wp\/v2\/pages\/7294\/revisions"}],"predecessor-version":[{"id":51582,"href":"https:\/\/www.flexaust.com\/es\/wp-json\/wp\/v2\/pages\/7294\/revisions\/51582"}],"wp:attachment":[{"href":"https:\/\/www.flexaust.com\/es\/wp-json\/wp\/v2\/media?parent=7294"}],"curies":[{"name":"wp","href":"https:\/\/api.w.org\/{rel}","templated":true}]}}