{"id":7292,"date":"2012-01-10T19:28:12","date_gmt":"2012-01-11T00:28:12","guid":{"rendered":"http:\/\/www.flexaust.com\/?page_id=7292"},"modified":"2024-11-27T06:07:35","modified_gmt":"2024-11-27T11:07:35","slug":"ubicaciones","status":"publish","type":"page","link":"https:\/\/www.flexaust.com\/es\/sobre\/ubicaciones\/","title":{"rendered":"Ubicaciones"},"content":{"rendered":"<p>Flexaust productos estan fabricados en los USA y que tienen ventas y lugares convenientes de apoyo disponibles en todo el pa\u00eds. Por favor, consulte la siguiente lista de localizaciones empresariales y de un servicio m\u00e1s r\u00e1pido, utilice nuestro contacto y \u00e1rea de soporte para las preguntas y consultas de soporte.<\/p>\n<div style=\"float: left;\">\n<h2>Jefaturas Corporativas de Flexaust<\/h2>\n<p>San Diego, CA<\/p>\n<hr \/>\n<h2>Oficinas de Ventas y Marketing<\/h2>\n<p>40R Merrimac Street<br \/>\nSuite 400<br \/>\nNewburyport, MA 01950<\/p>\n<p>Phone: (978) 465-0445<br \/>\nToll Free Phone: (888) 465-0445<br \/>\nFax: (978) 465-0441<br \/>\nE-Mail: <a href=\"mailto:sales@flexaust.com\">sales@flexaust.com<\/a><\/p>\n<p>&nbsp;<\/p>\n<p>1902 Tucker Street<br \/>\nBurlington, NC\u00a027215<\/p>\n<p>Toll Free Phone: (800) 334-6878<br \/>\nFax: (336) 222-0567<br \/>\nE-Mail: <a href=\"mailto:sales@flexaust.com\">sales@flexaust.com<\/a><\/p>\n<hr \/>\n<h2>Flexaust de Almac\u00e9n<\/h2>\n<p>5731 Harvey Wilson Drive<br \/>\nHouston, TX 77020<\/p>\n<p>Av. Nogalar No 35<br \/>\nCol. Futoro Nogaler<br \/>\nSan Nicholas de los Garza, N.L. C.P.<br \/>\n66484 Mexico<br \/>\nE-Mail: ventasmexico@flexaust.com<\/p>\n<\/div>\n<div style=\"float: right;\">\n<h2>Oficinas de Ventas y Planta de<\/h2>\n<h2>Fabricaci\u00f3n Principal<\/h2>\n<p>1510 Armstrong Road<br \/>\nWarsaw, IN 46580<br \/>\nMail<br \/>\nP.O. Box 4275<br \/>\nWarsaw, IN 46581<\/p>\n<p>Phone: (574) 267-7909<br \/>\nToll Free Phone: (800) 343-0428<br \/>\nFax: (574) 269-7491<br \/>\nToll Free Fax: (800) 382-8464<br \/>\nE-Mail: <a href=\"mailto:sales@flexaust.com\">sales@flexaust.com<\/a><\/p>\n<hr \/>\n<h2>Otras Instalaciones de Fabricaci\u00f3n Flexaust<\/h2>\n<p>3732 North Las Vegas Blvd<br \/>\nSuite 110<br \/>\nLas Vegas, NV 89115<\/p>\n<p>10 Industrial Way<br \/>\nAmesbury, MA 01913<\/p>\n<p>1902 Tucker Street<br \/>\nBurlington, NC\u00a027215<\/p>\n<\/div>\n","protected":false},"excerpt":{"rendered":"<p>Flexaust productos estan fabricados en los USA y que tienen ventas y lugares convenientes de apoyo disponibles en todo el pa\u00eds. Por favor, consulte la siguiente lista de localizaciones empresariales y de un servicio m\u00e1s r\u00e1pido, utilice nuestro contacto y \u00e1rea de soporte para las preguntas y consultas de soporte. Jefaturas Corporativas de Flexaust San Diego, CA Oficinas de Ventas y Marketing 40R Merrimac Street Suite 400 Newburyport, MA 01950 Phone: (978) 465-0445 Toll Free Phone: (888) 465-0445 Fax: (978) &hellip; <a href=\"https:\/\/www.flexaust.com\/es\/sobre\/ubicaciones\/\">Seguir leyendo <span class=\"meta-nav\">\u00bb<\/span><\/a><\/p>\n","protected":false},"author":6,"featured_media":0,"parent":7199,"menu_order":0,"comment_status":"closed","ping_status":"closed","template":"page-static-2-col.php","meta":{"_acf_changed":false,"content-type":"","inline_featured_image":false,"footnotes":"","_links_to":"","_links_to_target":""},"class_list":["post-7292","page","type-page","status-publish","hentry"],"acf":[],"yoast_head":"<!-- This site is optimized with the Yoast SEO plugin v27.4 - https:\/\/yoast.com\/product\/yoast-seo-wordpress\/ -->\n<title>Ubicaciones | Flexaust Inc.<\/title>\n<meta name=\"description\" content=\"Ubicaciones: Ubicaciones de Flexaust en todo el mundo.\" \/>\n<meta name=\"robots\" content=\"index, follow, max-snippet:-1, max-image-preview:large, max-video-preview:-1\" \/>\n<link rel=\"canonical\" href=\"https:\/\/www.flexaust.com\/es\/sobre\/ubicaciones\/\" \/>\n<meta name=\"twitter:label1\" content=\"Tiempo de lectura\" \/>\n\t<meta name=\"twitter:data1\" content=\"1 minute\" \/>\n<script type=\"application\/ld+json\" class=\"yoast-schema-graph\">{\"@context\":\"https:\\\/\\\/schema.org\",\"@graph\":[{\"@type\":\"WebPage\",\"@id\":\"https:\\\/\\\/www.flexaust.com\\\/es\\\/sobre\\\/ubicaciones\\\/\",\"url\":\"https:\\\/\\\/www.flexaust.com\\\/es\\\/sobre\\\/ubicaciones\\\/\",\"name\":\"Ubicaciones | Flexaust Inc.\",\"isPartOf\":{\"@id\":\"https:\\\/\\\/www.flexaust.com\\\/#website\"},\"datePublished\":\"2012-01-11T00:28:12+00:00\",\"dateModified\":\"2024-11-27T11:07:35+00:00\",\"description\":\"Ubicaciones: Ubicaciones de Flexaust en todo el mundo.\",\"breadcrumb\":{\"@id\":\"https:\\\/\\\/www.flexaust.com\\\/es\\\/sobre\\\/ubicaciones\\\/#breadcrumb\"},\"inLanguage\":\"es-ES\",\"potentialAction\":[{\"@type\":\"ReadAction\",\"target\":[\"https:\\\/\\\/www.flexaust.com\\\/es\\\/sobre\\\/ubicaciones\\\/\"]}]},{\"@type\":\"BreadcrumbList\",\"@id\":\"https:\\\/\\\/www.flexaust.com\\\/es\\\/sobre\\\/ubicaciones\\\/#breadcrumb\",\"itemListElement\":[{\"@type\":\"ListItem\",\"position\":1,\"name\":\"Sobre\",\"item\":\"http:\\\/\\\/www.flexaust.com\\\/es\\\/sobre\\\/historia-mision-y-vision\\\/\"},{\"@type\":\"ListItem\",\"position\":2,\"name\":\"Ubicaciones\"}]},{\"@type\":\"WebSite\",\"@id\":\"https:\\\/\\\/www.flexaust.com\\\/#website\",\"url\":\"https:\\\/\\\/www.flexaust.com\\\/\",\"name\":\"Flexaust\",\"description\":\"Industrial Hose Manufacturer\",\"potentialAction\":[{\"@type\":\"SearchAction\",\"target\":{\"@type\":\"EntryPoint\",\"urlTemplate\":\"https:\\\/\\\/www.flexaust.com\\\/?s={search_term_string}\"},\"query-input\":{\"@type\":\"PropertyValueSpecification\",\"valueRequired\":true,\"valueName\":\"search_term_string\"}}],\"inLanguage\":\"es-ES\"}]}<\/script>\n<!-- \/ Yoast SEO plugin. -->","yoast_head_json":{"title":"Ubicaciones | Flexaust Inc.","description":"Ubicaciones: Ubicaciones de Flexaust en todo el mundo.","robots":{"index":"index","follow":"follow","max-snippet":"max-snippet:-1","max-image-preview":"max-image-preview:large","max-video-preview":"max-video-preview:-1"},"canonical":"https:\/\/www.flexaust.com\/es\/sobre\/ubicaciones\/","twitter_misc":{"Tiempo de lectura":"1 minute"},"schema":{"@context":"https:\/\/schema.org","@graph":[{"@type":"WebPage","@id":"https:\/\/www.flexaust.com\/es\/sobre\/ubicaciones\/","url":"https:\/\/www.flexaust.com\/es\/sobre\/ubicaciones\/","name":"Ubicaciones | Flexaust Inc.","isPartOf":{"@id":"https:\/\/www.flexaust.com\/#website"},"datePublished":"2012-01-11T00:28:12+00:00","dateModified":"2024-11-27T11:07:35+00:00","description":"Ubicaciones: Ubicaciones de Flexaust en todo el mundo.","breadcrumb":{"@id":"https:\/\/www.flexaust.com\/es\/sobre\/ubicaciones\/#breadcrumb"},"inLanguage":"es-ES","potentialAction":[{"@type":"ReadAction","target":["https:\/\/www.flexaust.com\/es\/sobre\/ubicaciones\/"]}]},{"@type":"BreadcrumbList","@id":"https:\/\/www.flexaust.com\/es\/sobre\/ubicaciones\/#breadcrumb","itemListElement":[{"@type":"ListItem","position":1,"name":"Sobre","item":"http:\/\/www.flexaust.com\/es\/sobre\/historia-mision-y-vision\/"},{"@type":"ListItem","position":2,"name":"Ubicaciones"}]},{"@type":"WebSite","@id":"https:\/\/www.flexaust.com\/#website","url":"https:\/\/www.flexaust.com\/","name":"Flexaust","description":"Industrial Hose Manufacturer","potentialAction":[{"@type":"SearchAction","target":{"@type":"EntryPoint","urlTemplate":"https:\/\/www.flexaust.com\/?s={search_term_string}"},"query-input":{"@type":"PropertyValueSpecification","valueRequired":true,"valueName":"search_term_string"}}],"inLanguage":"es-ES"}]}},"_links":{"self":[{"href":"https:\/\/www.flexaust.com\/es\/wp-json\/wp\/v2\/pages\/7292","targetHints":{"allow":["GET"]}}],"collection":[{"href":"https:\/\/www.flexaust.com\/es\/wp-json\/wp\/v2\/pages"}],"about":[{"href":"https:\/\/www.flexaust.com\/es\/wp-json\/wp\/v2\/types\/page"}],"author":[{"embeddable":true,"href":"https:\/\/www.flexaust.com\/es\/wp-json\/wp\/v2\/users\/6"}],"replies":[{"embeddable":true,"href":"https:\/\/www.flexaust.com\/es\/wp-json\/wp\/v2\/comments?post=7292"}],"version-history":[{"count":1,"href":"https:\/\/www.flexaust.com\/es\/wp-json\/wp\/v2\/pages\/7292\/revisions"}],"predecessor-version":[{"id":51542,"href":"https:\/\/www.flexaust.com\/es\/wp-json\/wp\/v2\/pages\/7292\/revisions\/51542"}],"up":[{"embeddable":true,"href":"https:\/\/www.flexaust.com\/es\/wp-json\/wp\/v2\/pages\/7199"}],"wp:attachment":[{"href":"https:\/\/www.flexaust.com\/es\/wp-json\/wp\/v2\/media?parent=7292"}],"curies":[{"name":"wp","href":"https:\/\/api.w.org\/{rel}","templated":true}]}}