{"id":7183,"date":"2012-01-10T19:30:40","date_gmt":"2012-01-11T00:30:40","guid":{"rendered":"http:\/\/www.flexaust.com\/?page_id=7183"},"modified":"2025-09-11T01:01:24","modified_gmt":"2025-09-11T05:01:24","slug":"programa-de-embarque-en-24-horas","status":"publish","type":"page","link":"https:\/\/www.flexaust.com\/es\/sobre\/programa-de-embarque-en-24-horas\/","title":{"rendered":"Programa de Embarque en 24 Horas"},"content":{"rendered":"<p>Resuelva sus problemas de mangueras, conductos y accesorios en tan solo unas horas! La garant\u00eda de Flexaust es que embarcar\u00e1 su pedido (pedido m\u00e1ximo de 250 pies) al t\u00e9rmino del siguiente d\u00eda h\u00e1bil o nosotros pagamos el flete. Busque el \u00edcono de embarque en 24 horas en el sitio web. Donde vea el \u00edcono podemos embarcar en 24 horas.<\/p>\n<p><img loading=\"lazy\" decoding=\"async\" src=\"http:\/\/www.flexaust.com\/wp-content\/uploads\/2021\/02\/24hr-map-flexaust-1024x982.png\" alt=\"Mapa del barco las 24 horas\" title=\"Mapa del barco las 24 horas\" width=\"578\" height=\"555\" \/><\/p>\n<table border=\"0\" width=\"651\" cellspacing=\"0\" cellpadding=\"3\" align=\"center\">\n<tbody>\n<tr>\n<td colspan=\"3\" bgcolor=\"#CCCCCC\">\n<h3><strong> Flexadux<sup>\u00ae<\/sup> TR<\/strong><\/h3>\n<\/td>\n<\/tr>\n<tr>\n<td colspan=\"3\"><\/td>\n<\/tr>\n<tr>\n<td width=\"222\">T-7, T-7W, T-7SR<\/td>\n<td width=\"278\">2\u2033, 2.5\u2033, 3\u2033, 4\u2033, 5\u2033, 6\u2033, 8\u2033, 10\u2033, 12\u2033<\/td>\n<td width=\"26\">25\u2032<\/td>\n<\/tr>\n<tr>\n<td colspan=\"3\"><\/td>\n<\/tr>\n<tr>\n<td colspan=\"3\" bgcolor=\"#CCCCCC\">\n<h3><strong> Flexadux<sup>\u00ae<\/sup> PV<\/strong><\/h3>\n<\/td>\n<\/tr>\n<tr>\n<td colspan=\"3\"><\/td>\n<\/tr>\n<tr>\n<td>R-2 Azul\u00a0or\u00a0Transparente<\/td>\n<td>1.5\u2033, 2\u2033, 2.5\u2033, 3\u2033, 4\u2033, 5\u2033, 6\u2033, 8\u2033, 10\u2033, 12\u2033<\/td>\n<td>25\u2032<\/td>\n<\/tr>\n<tr>\n<td>R-3 Azul\u00a0or\u00a0Transparente<\/td>\n<td>2\u2033, 3\u2033, 4\u2033, 5\u2033, 6\u2033<\/td>\n<td>25\u2032<\/td>\n<\/tr>\n<tr>\n<td colspan=\"3\"><\/td>\n<\/tr>\n<tr>\n<td colspan=\"3\" bgcolor=\"#CCCCCC\">\n<h3><strong> Flexadux<sup>\u00ae<\/sup> PU<\/strong><\/h3>\n<\/td>\n<\/tr>\n<tr>\n<td colspan=\"3\"><\/td>\n<\/tr>\n<tr>\n<td>Flx-Thane<sup>\u00ae<\/sup> LD\u00a0Transparente<\/td>\n<td>4\u2033, 6\u2033, 8\u2033<\/td>\n<td>25\u2032<\/td>\n<\/tr>\n<tr>\n<td>Flx-Thane<sup>\u00ae<\/sup> MD Negro\u00a0or\u00a0Transparente<\/td>\n<td>2\u2033, 2.5\u2033, 3\u2033, 4\u2033, 5\u2033, 6\u2033, 7\u2033, 8\u2033, 10\u2033, 12\u2033<\/td>\n<td>25\u2032<\/td>\n<\/tr>\n<tr>\n<td colspan=\"3\"><\/td>\n<\/tr>\n<tr>\n<td colspan=\"3\" bgcolor=\"#CCCCCC\">\n<h3><strong> Flex-Tube<sup>\u00ae<\/sup><\/strong><\/h3>\n<\/td>\n<\/tr>\n<tr>\n<td colspan=\"3\"><\/td>\n<\/tr>\n<tr>\n<td>Flex-Tube<sup>\u00ae<\/sup> PV<\/td>\n<td>4\u2033, 6\u2033, 8\u2033<\/td>\n<td>25\u2032<\/td>\n<\/tr>\n<tr>\n<td>Flex-Tube<sup>\u00ae<\/sup> PU<\/td>\n<td>4\u2033, 6\u2033, 8\u2033<\/td>\n<td>25\u2032<\/td>\n<\/tr>\n<tr>\n<td>FlexStat<sup>\u00ae<\/sup><\/td>\n<td>1.25&#8243;, 1.5&#8243;, 2&#8243;, 3&#8243;, 4&#8243;, 6&#8243;<\/td>\n<td>50&#8242;<\/td>\n<\/tr>\n<tr>\n<td colspan=\"3\"><\/td>\n<\/tr>\n<tr>\n<td colspan=\"3\" bgcolor=\"#CCCCCC\">\n<h3><strong> Flexaust<sup>\u00ae<\/sup><\/strong><\/h3>\n<\/td>\n<\/tr>\n<tr>\n<td colspan=\"3\"><\/td>\n<\/tr>\n<tr>\n<td>CWGP<\/td>\n<td>2\u2033, 2.5\u2033, 3\u2033, 3.5\u2033, 4\u2033, 5\u2033, 6\u2033, 7\u2033, 8\u2033, 10\u2033, 12\u2033<\/td>\n<td>25\u2032<\/td>\n<\/tr>\n<tr>\n<td>FSP-2<\/td>\n<td>3\u2033, 4\u2033, 6\u2033<\/td>\n<td>25\u2032<\/td>\n<\/tr>\n<tr>\n<td colspan=\"3\"><\/td>\n<\/tr>\n<tr>\n<td colspan=\"3\" bgcolor=\"#CCCCCC\">\n<h3><strong> Heat-Flex<sup>\u00ae<\/sup><\/strong><\/h3>\n<\/td>\n<\/tr>\n<tr>\n<td colspan=\"3\"><\/td>\n<\/tr>\n<tr>\n<td>CW-325<\/td>\n<td>3\u2033, 4\u2033, 6\u2033<\/td>\n<td>25\u2032<\/td>\n<\/tr>\n<tr>\n<td>GS<\/td>\n<td>1.25\u2033, 1.5\u2033, 1.75\u2033, 2\u2033, 2.5\u2033, 3\u2033, 4\u2033<\/td>\n<td>12&#8242;<\/td>\n<\/tr>\n<tr>\n<td colspan=\"3\"><\/td>\n<\/tr>\n<tr>\n<td colspan=\"3\" bgcolor=\"#CCCCCC\">\n<h3><strong> Flex-Lok<sup>\u00ae<\/sup><\/strong><\/h3>\n<\/td>\n<\/tr>\n<tr>\n<td colspan=\"3\"><\/td>\n<\/tr>\n<tr>\n<td>Flex-Lok<sup>\u00ae<\/sup> 550<\/td>\n<td>4\u2033, 6\u2033, 8\u2033<\/td>\n<td>25\u2032<\/td>\n<\/tr>\n<tr>\n<td colspan=\"3\"><\/td>\n<\/tr>\n<tr>\n<td colspan=\"3\" bgcolor=\"#CCCCCC\">\n<h3><strong> Springflex<sup>\u00ae<\/sup><\/strong><\/h3>\n<\/td>\n<\/tr>\n<tr>\n<td colspan=\"3\"><\/td>\n<\/tr>\n<tr>\n<td>FSP-5, SD-W<\/td>\n<td>8\u2033, 12\u2033<\/td>\n<td>25\u2032<\/td>\n<\/tr>\n<tr>\n<td colspan=\"3\"><\/td>\n<\/tr>\n<tr>\n<td colspan=\"3\" bgcolor=\"#CCCCCC\">\n<h3><strong> Genesis<sup>\u00ae<\/sup><\/strong><\/h3>\n<\/td>\n<\/tr>\n<tr>\n<td colspan=\"3\"><\/td>\n<\/tr>\n<tr>\n<td>Commercial Gris\u00a0or\u00a0Negro<\/td>\n<td>1.25\u2033, 1.5\u2033, 2\u2033, 3\u2033, 4\u2033<\/td>\n<td>50\u2032<\/td>\n<\/tr>\n<\/tbody>\n<\/table>\n","protected":false},"excerpt":{"rendered":"<p>Resuelva sus problemas de mangueras, conductos y accesorios en tan solo unas horas! La garant\u00eda de Flexaust es que embarcar\u00e1 su pedido (pedido m\u00e1ximo de 250 pies) al t\u00e9rmino del siguiente d\u00eda h\u00e1bil o nosotros pagamos el flete. Busque el \u00edcono de embarque en 24 horas en el sitio web. Donde vea el \u00edcono podemos embarcar en 24 horas. Flexadux\u00ae TR T-7, T-7W, T-7SR 2\u2033, 2.5\u2033, 3\u2033, 4\u2033, 5\u2033, 6\u2033, 8\u2033, 10\u2033, 12\u2033 25\u2032 Flexadux\u00ae PV R-2 Azul\u00a0or\u00a0Transparente 1.5\u2033, 2\u2033, &hellip; <a href=\"https:\/\/www.flexaust.com\/es\/sobre\/programa-de-embarque-en-24-horas\/\">Seguir leyendo <span class=\"meta-nav\">\u00bb<\/span><\/a><\/p>\n","protected":false},"author":6,"featured_media":0,"parent":7199,"menu_order":0,"comment_status":"closed","ping_status":"closed","template":"page-static-2-col.php","meta":{"_acf_changed":false,"content-type":"","inline_featured_image":false,"footnotes":"","_links_to":"","_links_to_target":""},"class_list":["post-7183","page","type-page","status-publish","hentry"],"acf":[],"yoast_head":"<!-- This site is optimized with the Yoast SEO plugin v27.4 - https:\/\/yoast.com\/product\/yoast-seo-wordpress\/ -->\n<title>24-Hour Shipping Program \u2013 Programa De Embarque En 24 Horas | Flexaust Inc.<\/title>\n<meta name=\"description\" content=\"Programa de Embarque en 24 Horas: Detalles sobre el programa de env\u00edo r\u00e1pido de Flexaust.\" \/>\n<meta name=\"robots\" content=\"index, follow, max-snippet:-1, max-image-preview:large, max-video-preview:-1\" \/>\n<link rel=\"canonical\" href=\"https:\/\/www.flexaust.com\/es\/sobre\/programa-de-embarque-en-24-horas\/\" \/>\n<meta name=\"twitter:label1\" content=\"Tiempo de lectura\" \/>\n\t<meta name=\"twitter:data1\" content=\"2 minutes\" \/>\n<script type=\"application\/ld+json\" class=\"yoast-schema-graph\">{\"@context\":\"https:\\\/\\\/schema.org\",\"@graph\":[{\"@type\":\"WebPage\",\"@id\":\"https:\\\/\\\/www.flexaust.com\\\/es\\\/sobre\\\/programa-de-embarque-en-24-horas\\\/\",\"url\":\"https:\\\/\\\/www.flexaust.com\\\/es\\\/sobre\\\/programa-de-embarque-en-24-horas\\\/\",\"name\":\"24-Hour Shipping Program \u2013 Programa De Embarque En 24 Horas | Flexaust Inc.\",\"isPartOf\":{\"@id\":\"https:\\\/\\\/www.flexaust.com\\\/#website\"},\"primaryImageOfPage\":{\"@id\":\"https:\\\/\\\/www.flexaust.com\\\/es\\\/sobre\\\/programa-de-embarque-en-24-horas\\\/#primaryimage\"},\"image\":{\"@id\":\"https:\\\/\\\/www.flexaust.com\\\/es\\\/sobre\\\/programa-de-embarque-en-24-horas\\\/#primaryimage\"},\"thumbnailUrl\":\"http:\\\/\\\/www.flexaust.com\\\/wp-content\\\/uploads\\\/2021\\\/02\\\/24hr-map-flexaust-1024x982.png\",\"datePublished\":\"2012-01-11T00:30:40+00:00\",\"dateModified\":\"2025-09-11T05:01:24+00:00\",\"description\":\"Programa de Embarque en 24 Horas: Detalles sobre el programa de env\u00edo r\u00e1pido de Flexaust.\",\"breadcrumb\":{\"@id\":\"https:\\\/\\\/www.flexaust.com\\\/es\\\/sobre\\\/programa-de-embarque-en-24-horas\\\/#breadcrumb\"},\"inLanguage\":\"es-ES\",\"potentialAction\":[{\"@type\":\"ReadAction\",\"target\":[\"https:\\\/\\\/www.flexaust.com\\\/es\\\/sobre\\\/programa-de-embarque-en-24-horas\\\/\"]}]},{\"@type\":\"ImageObject\",\"inLanguage\":\"es-ES\",\"@id\":\"https:\\\/\\\/www.flexaust.com\\\/es\\\/sobre\\\/programa-de-embarque-en-24-horas\\\/#primaryimage\",\"url\":\"http:\\\/\\\/www.flexaust.com\\\/wp-content\\\/uploads\\\/2021\\\/02\\\/24hr-map-flexaust-1024x982.png\",\"contentUrl\":\"http:\\\/\\\/www.flexaust.com\\\/wp-content\\\/uploads\\\/2021\\\/02\\\/24hr-map-flexaust-1024x982.png\"},{\"@type\":\"BreadcrumbList\",\"@id\":\"https:\\\/\\\/www.flexaust.com\\\/es\\\/sobre\\\/programa-de-embarque-en-24-horas\\\/#breadcrumb\",\"itemListElement\":[{\"@type\":\"ListItem\",\"position\":1,\"name\":\"Sobre\",\"item\":\"http:\\\/\\\/www.flexaust.com\\\/es\\\/sobre\\\/historia-mision-y-vision\\\/\"},{\"@type\":\"ListItem\",\"position\":2,\"name\":\"Programa de Embarque en 24 Horas\"}]},{\"@type\":\"WebSite\",\"@id\":\"https:\\\/\\\/www.flexaust.com\\\/#website\",\"url\":\"https:\\\/\\\/www.flexaust.com\\\/\",\"name\":\"Flexaust\",\"description\":\"Industrial Hose Manufacturer\",\"potentialAction\":[{\"@type\":\"SearchAction\",\"target\":{\"@type\":\"EntryPoint\",\"urlTemplate\":\"https:\\\/\\\/www.flexaust.com\\\/?s={search_term_string}\"},\"query-input\":{\"@type\":\"PropertyValueSpecification\",\"valueRequired\":true,\"valueName\":\"search_term_string\"}}],\"inLanguage\":\"es-ES\"}]}<\/script>\n<!-- \/ Yoast SEO plugin. -->","yoast_head_json":{"title":"24-Hour Shipping Program \u2013 Programa De Embarque En 24 Horas | Flexaust Inc.","description":"Programa de Embarque en 24 Horas: Detalles sobre el programa de env\u00edo r\u00e1pido de Flexaust.","robots":{"index":"index","follow":"follow","max-snippet":"max-snippet:-1","max-image-preview":"max-image-preview:large","max-video-preview":"max-video-preview:-1"},"canonical":"https:\/\/www.flexaust.com\/es\/sobre\/programa-de-embarque-en-24-horas\/","twitter_misc":{"Tiempo de lectura":"2 minutes"},"schema":{"@context":"https:\/\/schema.org","@graph":[{"@type":"WebPage","@id":"https:\/\/www.flexaust.com\/es\/sobre\/programa-de-embarque-en-24-horas\/","url":"https:\/\/www.flexaust.com\/es\/sobre\/programa-de-embarque-en-24-horas\/","name":"24-Hour Shipping Program \u2013 Programa De Embarque En 24 Horas | Flexaust Inc.","isPartOf":{"@id":"https:\/\/www.flexaust.com\/#website"},"primaryImageOfPage":{"@id":"https:\/\/www.flexaust.com\/es\/sobre\/programa-de-embarque-en-24-horas\/#primaryimage"},"image":{"@id":"https:\/\/www.flexaust.com\/es\/sobre\/programa-de-embarque-en-24-horas\/#primaryimage"},"thumbnailUrl":"http:\/\/www.flexaust.com\/wp-content\/uploads\/2021\/02\/24hr-map-flexaust-1024x982.png","datePublished":"2012-01-11T00:30:40+00:00","dateModified":"2025-09-11T05:01:24+00:00","description":"Programa de Embarque en 24 Horas: Detalles sobre el programa de env\u00edo r\u00e1pido de Flexaust.","breadcrumb":{"@id":"https:\/\/www.flexaust.com\/es\/sobre\/programa-de-embarque-en-24-horas\/#breadcrumb"},"inLanguage":"es-ES","potentialAction":[{"@type":"ReadAction","target":["https:\/\/www.flexaust.com\/es\/sobre\/programa-de-embarque-en-24-horas\/"]}]},{"@type":"ImageObject","inLanguage":"es-ES","@id":"https:\/\/www.flexaust.com\/es\/sobre\/programa-de-embarque-en-24-horas\/#primaryimage","url":"http:\/\/www.flexaust.com\/wp-content\/uploads\/2021\/02\/24hr-map-flexaust-1024x982.png","contentUrl":"http:\/\/www.flexaust.com\/wp-content\/uploads\/2021\/02\/24hr-map-flexaust-1024x982.png"},{"@type":"BreadcrumbList","@id":"https:\/\/www.flexaust.com\/es\/sobre\/programa-de-embarque-en-24-horas\/#breadcrumb","itemListElement":[{"@type":"ListItem","position":1,"name":"Sobre","item":"http:\/\/www.flexaust.com\/es\/sobre\/historia-mision-y-vision\/"},{"@type":"ListItem","position":2,"name":"Programa de Embarque en 24 Horas"}]},{"@type":"WebSite","@id":"https:\/\/www.flexaust.com\/#website","url":"https:\/\/www.flexaust.com\/","name":"Flexaust","description":"Industrial Hose Manufacturer","potentialAction":[{"@type":"SearchAction","target":{"@type":"EntryPoint","urlTemplate":"https:\/\/www.flexaust.com\/?s={search_term_string}"},"query-input":{"@type":"PropertyValueSpecification","valueRequired":true,"valueName":"search_term_string"}}],"inLanguage":"es-ES"}]}},"_links":{"self":[{"href":"https:\/\/www.flexaust.com\/es\/wp-json\/wp\/v2\/pages\/7183","targetHints":{"allow":["GET"]}}],"collection":[{"href":"https:\/\/www.flexaust.com\/es\/wp-json\/wp\/v2\/pages"}],"about":[{"href":"https:\/\/www.flexaust.com\/es\/wp-json\/wp\/v2\/types\/page"}],"author":[{"embeddable":true,"href":"https:\/\/www.flexaust.com\/es\/wp-json\/wp\/v2\/users\/6"}],"replies":[{"embeddable":true,"href":"https:\/\/www.flexaust.com\/es\/wp-json\/wp\/v2\/comments?post=7183"}],"version-history":[{"count":1,"href":"https:\/\/www.flexaust.com\/es\/wp-json\/wp\/v2\/pages\/7183\/revisions"}],"predecessor-version":[{"id":51569,"href":"https:\/\/www.flexaust.com\/es\/wp-json\/wp\/v2\/pages\/7183\/revisions\/51569"}],"up":[{"embeddable":true,"href":"https:\/\/www.flexaust.com\/es\/wp-json\/wp\/v2\/pages\/7199"}],"wp:attachment":[{"href":"https:\/\/www.flexaust.com\/es\/wp-json\/wp\/v2\/media?parent=7183"}],"curies":[{"name":"wp","href":"https:\/\/api.w.org\/{rel}","templated":true}]}}