{"id":47326,"date":"2022-10-11T13:16:41","date_gmt":"2022-10-11T17:16:41","guid":{"rendered":"http:\/\/www.flexaust.com\/?page_id=47326"},"modified":"2024-11-27T06:28:56","modified_gmt":"2024-11-27T11:28:56","slug":"canalizacion-101-como-elegir-su-sistema-de-conductos","status":"publish","type":"page","link":"https:\/\/www.flexaust.com\/es\/canalizacion-101-como-elegir-su-sistema-de-conductos\/","title":{"rendered":"Canalizaci\u00f3n 101 | C\u00f3mo elegir su sistema de conductos"},"content":{"rendered":"<p><span style=\"font-weight: 400;\">La ventilaci\u00f3n es un proceso que mejora la calidad del aire a trav\u00e9s de una serie de intercambios de aire. La mejora de la calidad del aire depende de las necesidades del entorno o de las instalaciones, ya que el proceso puede incluir la reposici\u00f3n de ox\u00edgeno, la eliminaci\u00f3n de bacterias, la reducci\u00f3n del di\u00f3xido de carbono y\/o el control de la temperatura del aire. Los conductos de aire son esenciales para la ventilaci\u00f3n y son el factor principal para optimizar la calidad del aire.<\/span><\/p>\n<p><span style=\"font-weight: 400;\">Los conductos de aire flexibles vienen en varias composiciones, desde materiales econ\u00f3micos y livianos hasta soluciones resistentes a altas temperaturas y desgarros. En Flexaust, fabricamos mangueras y conductos flexibles para aplicaciones de ventilaci\u00f3n industrial de servicio liviano a pesado. Ofrecemos conductos flexibles fabricados en diversos materiales, desde conductos industriales ign\u00edfugos hasta mangueras de escape de alta durabilidad y resistencia qu\u00edmica para la ventilaci\u00f3n de humos. Los conductos flexibles de Flexaust satisfacen las demandas de numerosas aplicaciones de ventilaci\u00f3n, desde la recolecci\u00f3n de polvo en talleres mec\u00e1nicos hasta la mitigaci\u00f3n de humos en plantas qu\u00edmicas.<\/span><\/p>\n<p><span style=\"font-weight: 400;\">Todos los conductos de aire son de presi\u00f3n positiva o negativa. Mientras que los conductos de aire positivos generalmente tienen un paso m\u00e1s ancho, los conductos de aire negativos tienen un paso m\u00e1s angosto para manejar clasificaciones de vac\u00edo m\u00e1s altas. <\/span><\/p>\n<p><span style=\"font-weight: 400;\">Esta p\u00e1gina lo ayudar\u00e1 a navegar por los distintos tipos de conductos y sus aplicaciones para que pueda elegir el conducto flexible adecuado para sus necesidades.<\/span><\/p>\n<h2><span style=\"font-weight: 400;\">Tipos de conductos<\/span><\/h2>\n<p><span style=\"font-weight: 400;\">Hay cuatro tipos principales de conductos seg\u00fan la aplicaci\u00f3n: conductos de aire general, conductos de humos, conductos de polvo y conductos de manipulaci\u00f3n de materiales.<\/span><\/p>\n<h3><span style=\"font-weight: 400;\">Conductos de aire<\/span><\/h3>\n<p><span style=\"font-weight: 400;\">Los ductos de aire transportan el aire a trav\u00e9s de una instalaci\u00f3n, capaces de acomodar presi\u00f3n de aire positiva o negativa. Los conductos de aire planos se utilizan a menudo para aplicaciones de presi\u00f3n de aire positiva. Los conductos de aire generalmente se construyen con una h\u00e9lice y una tela livianas. No son adecuados para transportar part\u00edculas pesadas. Las aplicaciones comunes de los conductos de aire incluyen:<\/span><\/p>\n<ul>\n<li><span style=\"font-weight: 400;\">Secado al aire<\/span><\/li>\n<li><span style=\"font-weight: 400;\">Filtraci\u00f3n de aire<\/span><\/li>\n<li><span style=\"font-weight: 400;\">Refrigeraci\u00f3n y calefacci\u00f3n<\/span><\/li>\n<li><span style=\"font-weight: 400;\">Deshumidificaci\u00f3n<\/span><\/li>\n<li><span style=\"font-weight: 400;\">Prop\u00f3sito general<\/span><\/li>\n<\/ul>\n<h2><\/h2>\n<h3><span style=\"font-weight: 400;\">Conducci\u00f3n de humos<\/span><\/h3>\n<p><span style=\"font-weight: 400;\">Los conductos de humos son conductos livianos que transportan medios gaseosos y otros medios sin part\u00edculas. Al seleccionar el material ideal para un conducto de humos, tenga en cuenta el tipo de humo que se ventilar\u00e1 y la resistencia qu\u00edmica del material. Las industrias y aplicaciones t\u00edpicas de los sistemas de conductos de humos son:<\/span><\/p>\n<ul>\n<li><span style=\"font-weight: 400;\">Escape del motor<\/span><\/li>\n<li><span style=\"font-weight: 400;\">M\u00e9dico<\/span><\/li>\n<li><span style=\"font-weight: 400;\">Soldadura\u00a0<\/span><\/li>\n<li><span style=\"font-weight: 400;\">Pintura<\/span><\/li>\n<li><span style=\"font-weight: 400;\">Soldadura<\/span><\/li>\n<\/ul>\n<h2><\/h2>\n<h3><span style=\"font-weight: 400;\">Ductos de polvo<\/span><\/h3>\n<p><span style=\"font-weight: 400;\">Los conductos de polvo admiten presiones de aire negativas con un paso m\u00e1s estrecho. Dado que transportan part\u00edculas ligeras, los conductos de polvo generalmente se construyen con materiales de peso medio. El material espec\u00edfico seleccionado debe ser lo suficientemente resistente a la abrasi\u00f3n para manejar el tipo de part\u00edculas de polvo. Los ejemplos de materiales resistentes a la abrasi\u00f3n incluyen poli\u00e9ster recubierto de neopreno, nailon recubierto de neopreno, EPDM, polipropileno, polietileno y poliuretano.<\/span><\/p>\n<p><span style=\"font-weight: 400;\">Las aplicaciones comunes de los conductos de polvo son:<\/span><\/p>\n<ul>\n<li><span style=\"font-weight: 400;\">Limpieza de conductos<\/span><\/li>\n<li><span style=\"font-weight: 400;\">Molido<\/span><\/li>\n<li><span style=\"font-weight: 400;\">Filtraci\u00f3n<\/span><\/li>\n<li><span style=\"font-weight: 400;\">Colecci\u00f3n de pelusa<\/span><\/li>\n<li><span style=\"font-weight: 400;\">Aspirar\u00a0<\/span><\/li>\n<li><span style=\"font-weight: 400;\">polvo de carpinter\u00eda<\/span><\/li>\n<\/ul>\n<h2><\/h2>\n<h3><span style=\"font-weight: 400;\">Conductos para manejo de materiales<\/span><\/h3>\n<p><span style=\"font-weight: 400;\">Para manejar part\u00edculas m\u00e1s pesadas, los conductos de manejo de materiales est\u00e1n hechos de materiales pesados \u200b\u200by paredes m\u00e1s gruesas. El grosor de la pared, la selecci\u00f3n del material, el alambre y el paso dependen del tipo de material a manipular. Las industrias y aplicaciones comunes para los ductos de manejo de materiales incluyen:<\/span><\/p>\n<ul>\n<li><span style=\"font-weight: 400;\">Carpinter\u00eda<\/span><\/li>\n<li><span style=\"font-weight: 400;\">Agricultura\u00a0<\/span><\/li>\n<li><span style=\"font-weight: 400;\">Procesamiento de alimentos<\/span><\/li>\n<li><span style=\"font-weight: 400;\">Transporte de residuos<\/span><\/li>\n<\/ul>\n<h2><\/h2>\n<h2><span style=\"font-weight: 400;\">Materiales de los conductos<\/span><\/h2>\n<p><span style=\"font-weight: 400;\">FloridaLos conductos exibles son mangueras pl\u00e1sticas redondas de gran di\u00e1metro, reforzadas con alambre, con o sin tira de desgaste. La estructura no r\u00edgida de los conductos flexibles les permite doblarse en \u00e1ngulo para su instalaci\u00f3n en espacios reducidos. Tambi\u00e9n est\u00e1n hechos de h\u00e9lices y materiales livianos. Los conductos flexibles pueden simplificar la instalaci\u00f3n, lo que permite dar forma m\u00e1s conveniente a la red de conductos. Estos son los materiales m\u00e1s comunes utilizados para conductos de aire flexibles:<\/span><\/p>\n<ul>\n<li style=\"font-weight: 400;\" aria-level=\"1\"><b>Poli\u00e9ster recubierto de PVC:<\/b><span style=\"font-weight: 400;\"> Una soluci\u00f3n liviana y muy econ\u00f3mica, los conductos flexibles de poli\u00e9ster recubiertos de PVC son ideales para -aplicaciones de impuestos.<\/span><\/li>\n<li style=\"font-weight: 400;\" aria-level=\"1\"><b>Poli\u00e9ster recubierto de neopreno:<\/b><span style=\"font-weight: 400;\"> El poli\u00e9ster recubierto de neopreno es un conducto de aire flexible multiprop\u00f3sito que puede funcionar en un amplio rango de temperatura y presenta buena resistencia a la tracci\u00f3n y a la perforaci\u00f3n.<\/span><\/li>\n<li style=\"font-weight: 400;\" aria-level=\"1\"><b>Poliuretano &amp; Poli\u00e9ster recubierto de poliuretano:<\/b><span style=\"font-weight: 400;\"> Tanto los conductos de aire de poliuretano como los de poli\u00e9ster recubierto de poliuretano ofrecen un buen rango de temperaturas de funcionamiento y resistencia a la abrasi\u00f3n. Estos conductos flexibles est\u00e1n disponibles en varias proporciones para lograr una suavidad y flexibilidad espec\u00edficas de la pared interior.<\/span><\/li>\n<li style=\"font-weight: 400;\" aria-level=\"1\"><b>Nylon revestido de neopreno: <\/b><span style=\"font-weight: 400;\">El nailon revestido de neopreno es un conducto de aire flexible y resistente que ofrece una resistencia a la tracci\u00f3n excepcional y resistencia al desgarro.<\/span><\/li>\n<li style=\"font-weight: 400;\" aria-level=\"1\"><b>Fibra de vidrio recubierta de neopreno:<\/b><span style=\"font-weight: 400;\"> Este material es una soluci\u00f3n flexible para conductos de aire que ofrece una buena resistencia al calor para entornos de alta aplicaciones de temperatura.<\/span><\/li>\n<li style=\"font-weight: 400;\" aria-level=\"1\"><b>Poli\u00e9ster recubierto de acr\u00edlico:<\/b><span style=\"font-weight: 400;\"> Esta es una soluci\u00f3n de conducto flexible ideal para aplicaciones con rangos de temperatura m\u00e1s altos.<\/span ><\/li>\n<li style=\"font-weight: 400;\" aria-level=\"1\"><b>Fibra de vidrio recubierta de silicona:<\/b><span style=\"font-weight: 400;\"> Los conductos de fibra de vidrio recubiertos de silicona son ideales para manejar temperaturas continuas de hasta 550 \u00b0F y temperaturas intermitentes de hasta 600 \u00b0F.<\/span><\/li>\n<\/ul>\n<p>&nbsp;<\/p>\n<p><span style=\"font-weight: 400;\">Flexaust ofrece conductos retardadores de llama y conductos que est\u00e1n listados como retardantes de llama UL 94V-0. Nuestros conductos flexibles tambi\u00e9n son altamente comprimibles para una mayor flexibilidad y movilidad durante la instalaci\u00f3n. Muchos de nuestros productos est\u00e1n compuestos de poli\u00e9ster, que ofrece una mayor flexibilidad para satisfacer las demandas de instalaci\u00f3n de instalaciones con espacio limitado.<\/span><\/p>\n<p><span style=\"font-weight: 400;\">Nuestra l\u00ednea de mangueras para conductos ign\u00edfugas tiene la movilidad para maniobrar a trav\u00e9s de espacios reducidos para una instalaci\u00f3n conveniente mientras mueve de manera eficiente los humos, el polvo, el aire y los abrasivos. La capacidad de comprimir nuestras mangueras flexibles resistentes al fuego a lo largo y encogerlas ligeramente en di\u00e1metro ofrece una personalizaci\u00f3n adicional para tama\u00f1os de conductos en espacios reducidos.<\/span><\/p>\n<h2><span style=\"font-weight: 400;\">Aplicaciones e industrias<\/span><\/h2>\n<p><span style=\"font-weight: 400;\">Muchas aplicaciones industriales dependen de conductos y mangueras flexibles para la ventilaci\u00f3n. Pueden expulsar humos y suministrar aire limpio o con temperatura controlada. Flexaust ofrece conductos de aire y mangueras para transportar aire contaminado y limpio en aplicaciones de servicio liviano y pesado. Nuestros conductos flexibles tambi\u00e9n pueden mantener una presi\u00f3n de aire negativa o positiva para evitar la contaminaci\u00f3n de la calidad del aire interior.<\/span><\/p>\n<p><span style=\"font-weight: 400;\">Los conductos flexibles suelen estar compuestos de un material de pl\u00e1stico o tela estirado sobre una estructura de refuerzo. Los instaladores ensamblan los conductos flexibles usando abrazaderas, bridas, soldadura o accesorios deslizantes. Seg\u00fan la aplicaci\u00f3n, existen varios tama\u00f1os y configuraciones de conductos flexibles. Los sistemas de ventilaci\u00f3n consisten en secciones rectas, contracciones, ampliaciones, curvas, codos, transiciones, chimeneas de descarga, campanas, soportes y colgadores.<\/span><\/p>\n<p><span style=\"font-weight: 400;\">Al determinar el material de conducto flexible ideal para una aplicaci\u00f3n de escape, tenga en cuenta los productos qu\u00edmicos, los abrasivos o los humos que los conductos pueden manipular o exponer durante el funcionamiento. Los conductos de escape flexibles de Flexaust se utilizan con mayor frecuencia en las siguientes industrias y aplicaciones:<\/span><\/p>\n<ul>\n<li><span style=\"font-weight: 400;\">Soldadura<\/span><\/li>\n<li><span style=\"font-weight: 400;\">Industrial<\/span><\/li>\n<li><span style=\"font-weight: 400;\">M\u00e9dico<\/span><\/li>\n<li><span style=\"font-weight: 400;\">Pintura<\/span><\/li>\n<li><span style=\"font-weight: 400;\">Revestimiento<\/span><\/li>\n<li><span style=\"font-weight: 400;\">Laboratorio<\/span><\/li>\n<li><span style=\"font-weight: 400;\">Agotamiento automotriz en tiendas, dep\u00f3sitos y garajes<\/span><\/li>\n<li><span style=\"font-weight: 400;\">Agotamiento de soldadura en talleres de fabricaci\u00f3n de metal<\/span><\/li>\n<\/ul>\n<p>&nbsp;<\/p>\n<p><span style=\"font-weight: 400;\">Los conductos de vac\u00edo y polvo requieren presi\u00f3n de aire negativa para eliminar part\u00edculas o contaminantes de una instalaci\u00f3n o espacio. Este conducto debe tener un paso estrecho. Flexaust ofrece conductos flexibles de paso angosto para las siguientes aplicaciones de presi\u00f3n de aire negativa:<\/span><\/p>\n<ul>\n<li><span style=\"font-weight: 400;\">Captura de abrasivos y polvo de las instalaciones de corte y esmerilado<\/span><\/li>\n<li><span style=\"font-weight: 400;\">Escape industrial general<\/span><\/li>\n<li><span style=\"font-weight: 400;\">Conductos de limpieza<\/span><\/li>\n<li><span style=\"font-weight: 400;\">Recolecci\u00f3n de fibras textiles<\/span><\/li>\n<li><span style=\"font-weight: 400;\">Carga y contenci\u00f3n<\/span><\/li>\n<li><span style=\"font-weight: 400;\">Aspiraci\u00f3n industrial y comercial<\/span><\/li>\n<li><span style=\"font-weight: 400;\">Recolecci\u00f3n de pelusas de secadoras industriales<\/span><\/li>\n<li><span style=\"font-weight: 400;\">Filtraci\u00f3n de aire<\/span><\/li>\n<\/ul>\n<h2><\/h2>\n<h2><span style=\"font-weight: 400;\">Por qu\u00e9 Flexaust<\/span><\/h2>\n<p><span style=\"font-weight: 400;\">La ventilaci\u00f3n es esencial para controlar la calidad del aire, extraer el aire contaminado y suministrar aire limpio a una instalaci\u00f3n u otro espacio. Los conductos son un componente principal de cualquier sistema de ventilaci\u00f3n, pero no todos los entornos son adecuados para los conductos r\u00edgidos. Los conductos flexibles permiten la instalaci\u00f3n de conductos en espacios reducidos y de configuraci\u00f3n inusual. Pueden girar y doblarse sin torcerse y ofrecen rendimiento en condiciones industriales adversas.<\/span><\/p>\n<p><span style=\"font-weight: 400;\">Los conductos flexibles se pueden fabricar con diversos materiales para brindar propiedades resistentes al calor, a los productos qu\u00edmicos y a la abrasi\u00f3n, al mismo tiempo que cumplen con los requisitos espec\u00edficos de la aplicaci\u00f3n y el presupuesto. Los conductos flexibles pueden manejar aire, humos y materiales abrasivos en sistemas de escape, presi\u00f3n de aire negativa y positiva. Algunas de las aplicaciones m\u00e1s comunes para conductos flexibles incluyen dep\u00f3sitos de autom\u00f3viles, sistemas de escape de instalaciones m\u00e9dicas, recolecci\u00f3n de part\u00edculas, limpieza industrial con aspiradoras y filtraci\u00f3n de aire.<\/span><\/p>\n<p><span style=\"font-weight: 400;\">Flexaust comenz\u00f3 a ofrecer sistemas de mangueras flexibles en 1938, especializ\u00e1ndose en la industria minera. Ahora somos l\u00edderes en mangueras y conductos flexibles para una amplia gama de industrias. Nuestros ductos y mangueras flexibles para uso industrial y comercial est\u00e1n hechos para soportar condiciones de operaci\u00f3n severas, incluyendo abrasi\u00f3n, altas temperaturas y exposici\u00f3n qu\u00edmica. Hacemos que nuestros productos sean duraderos y confiables, ya sea que necesite una soluci\u00f3n de ventilaci\u00f3n o recolecci\u00f3n de polvo.<\/span><\/p>\n<p><span style=\"font-weight: 400;\">En Flexaust, el esp\u00edritu de &#8220;s\u00ed se puede&#8221; de nuestro equipo garantiza que podamos ofrecer soluciones innovadoras de conductos y mangueras flexibles que cumplan o superen sus expectativas. Nuestros productos contin\u00faan innovando y evolucionando, brindando m\u00e1s valor a nuestros clientes.<\/span><a href=\"http:\/\/www.flexaust.com\/es\/contacto-y-soporte\/contactenos\/\"> <span style=\"font-weight : 400;\">Cont\u00e1ctenos<\/span><\/a><span style=\"font-weight: 400;\"> para encontrar el conducto o manguera flexible ideal para su aplicaci\u00f3n.<\/span><\/p>\n","protected":false},"excerpt":{"rendered":"<p>La ventilaci\u00f3n es un proceso que mejora la calidad del aire a trav\u00e9s de una serie de intercambios de aire. La mejora de la calidad del aire depende de las necesidades del entorno o de las instalaciones, ya que el proceso puede incluir la reposici\u00f3n de ox\u00edgeno, la eliminaci\u00f3n de bacterias, la reducci\u00f3n del di\u00f3xido de carbono y\/o el control de la temperatura del aire. Los conductos de aire son esenciales para la ventilaci\u00f3n y son el factor principal para &hellip; <a href=\"https:\/\/www.flexaust.com\/es\/canalizacion-101-como-elegir-su-sistema-de-conductos\/\">Seguir leyendo <span class=\"meta-nav\">\u00bb<\/span><\/a><\/p>\n","protected":false},"author":3,"featured_media":0,"parent":0,"menu_order":0,"comment_status":"closed","ping_status":"closed","template":"","meta":{"_acf_changed":false,"content-type":"","inline_featured_image":false,"footnotes":"","_links_to":"","_links_to_target":""},"class_list":["post-47326","page","type-page","status-publish","hentry"],"acf":[],"yoast_head":"<!-- This site is optimized with the Yoast SEO plugin v27.5 - https:\/\/yoast.com\/product\/yoast-seo-wordpress\/ -->\n<title>Canalizaci\u00f3n 101 | Flexaust Inc.<\/title>\n<meta name=\"description\" content=\"Aprende a elegir el sistema de conductos adecuado para tus necesidades en Flexaust. \u00a1Consulta nuestra gu\u00eda de canalizaci\u00f3n 101 ahora!\" \/>\n<meta name=\"robots\" content=\"index, follow, max-snippet:-1, max-image-preview:large, max-video-preview:-1\" \/>\n<link rel=\"canonical\" href=\"https:\/\/www.flexaust.com\/es\/canalizacion-101-como-elegir-su-sistema-de-conductos\/\" \/>\n<meta name=\"twitter:label1\" content=\"Tiempo de lectura\" \/>\n\t<meta name=\"twitter:data1\" content=\"7 minutes\" \/>\n<script type=\"application\/ld+json\" class=\"yoast-schema-graph\">{\"@context\":\"https:\\\/\\\/schema.org\",\"@graph\":[{\"@type\":\"WebPage\",\"@id\":\"https:\\\/\\\/www.flexaust.com\\\/es\\\/canalizacion-101-como-elegir-su-sistema-de-conductos\\\/\",\"url\":\"https:\\\/\\\/www.flexaust.com\\\/es\\\/canalizacion-101-como-elegir-su-sistema-de-conductos\\\/\",\"name\":\"Canalizaci\u00f3n 101 | Flexaust Inc.\",\"isPartOf\":{\"@id\":\"https:\\\/\\\/www.flexaust.com\\\/#website\"},\"datePublished\":\"2022-10-11T17:16:41+00:00\",\"dateModified\":\"2024-11-27T11:28:56+00:00\",\"description\":\"Aprende a elegir el sistema de conductos adecuado para tus necesidades en Flexaust. \u00a1Consulta nuestra gu\u00eda de canalizaci\u00f3n 101 ahora!\",\"inLanguage\":\"es-ES\",\"potentialAction\":[{\"@type\":\"ReadAction\",\"target\":[\"https:\\\/\\\/www.flexaust.com\\\/es\\\/canalizacion-101-como-elegir-su-sistema-de-conductos\\\/\"]}]},{\"@type\":\"WebSite\",\"@id\":\"https:\\\/\\\/www.flexaust.com\\\/#website\",\"url\":\"https:\\\/\\\/www.flexaust.com\\\/\",\"name\":\"Flexaust\",\"description\":\"Industrial Hose Manufacturer\",\"potentialAction\":[{\"@type\":\"SearchAction\",\"target\":{\"@type\":\"EntryPoint\",\"urlTemplate\":\"https:\\\/\\\/www.flexaust.com\\\/?s={search_term_string}\"},\"query-input\":{\"@type\":\"PropertyValueSpecification\",\"valueRequired\":true,\"valueName\":\"search_term_string\"}}],\"inLanguage\":\"es-ES\"}]}<\/script>\n<!-- \/ Yoast SEO plugin. -->","yoast_head_json":{"title":"Canalizaci\u00f3n 101 | Flexaust Inc.","description":"Aprende a elegir el sistema de conductos adecuado para tus necesidades en Flexaust. \u00a1Consulta nuestra gu\u00eda de canalizaci\u00f3n 101 ahora!","robots":{"index":"index","follow":"follow","max-snippet":"max-snippet:-1","max-image-preview":"max-image-preview:large","max-video-preview":"max-video-preview:-1"},"canonical":"https:\/\/www.flexaust.com\/es\/canalizacion-101-como-elegir-su-sistema-de-conductos\/","twitter_misc":{"Tiempo de lectura":"7 minutes"},"schema":{"@context":"https:\/\/schema.org","@graph":[{"@type":"WebPage","@id":"https:\/\/www.flexaust.com\/es\/canalizacion-101-como-elegir-su-sistema-de-conductos\/","url":"https:\/\/www.flexaust.com\/es\/canalizacion-101-como-elegir-su-sistema-de-conductos\/","name":"Canalizaci\u00f3n 101 | Flexaust Inc.","isPartOf":{"@id":"https:\/\/www.flexaust.com\/#website"},"datePublished":"2022-10-11T17:16:41+00:00","dateModified":"2024-11-27T11:28:56+00:00","description":"Aprende a elegir el sistema de conductos adecuado para tus necesidades en Flexaust. \u00a1Consulta nuestra gu\u00eda de canalizaci\u00f3n 101 ahora!","inLanguage":"es-ES","potentialAction":[{"@type":"ReadAction","target":["https:\/\/www.flexaust.com\/es\/canalizacion-101-como-elegir-su-sistema-de-conductos\/"]}]},{"@type":"WebSite","@id":"https:\/\/www.flexaust.com\/#website","url":"https:\/\/www.flexaust.com\/","name":"Flexaust","description":"Industrial Hose Manufacturer","potentialAction":[{"@type":"SearchAction","target":{"@type":"EntryPoint","urlTemplate":"https:\/\/www.flexaust.com\/?s={search_term_string}"},"query-input":{"@type":"PropertyValueSpecification","valueRequired":true,"valueName":"search_term_string"}}],"inLanguage":"es-ES"}]}},"_links":{"self":[{"href":"https:\/\/www.flexaust.com\/es\/wp-json\/wp\/v2\/pages\/47326","targetHints":{"allow":["GET"]}}],"collection":[{"href":"https:\/\/www.flexaust.com\/es\/wp-json\/wp\/v2\/pages"}],"about":[{"href":"https:\/\/www.flexaust.com\/es\/wp-json\/wp\/v2\/types\/page"}],"author":[{"embeddable":true,"href":"https:\/\/www.flexaust.com\/es\/wp-json\/wp\/v2\/users\/3"}],"replies":[{"embeddable":true,"href":"https:\/\/www.flexaust.com\/es\/wp-json\/wp\/v2\/comments?post=47326"}],"version-history":[{"count":1,"href":"https:\/\/www.flexaust.com\/es\/wp-json\/wp\/v2\/pages\/47326\/revisions"}],"predecessor-version":[{"id":51559,"href":"https:\/\/www.flexaust.com\/es\/wp-json\/wp\/v2\/pages\/47326\/revisions\/51559"}],"wp:attachment":[{"href":"https:\/\/www.flexaust.com\/es\/wp-json\/wp\/v2\/media?parent=47326"}],"curies":[{"name":"wp","href":"https:\/\/api.w.org\/{rel}","templated":true}]}}