{"id":47124,"date":"2022-07-25T16:10:28","date_gmt":"2022-07-25T20:10:28","guid":{"rendered":"http:\/\/www.flexaust.com\/mangueras-automotrices\/"},"modified":"2024-11-27T08:14:11","modified_gmt":"2024-11-27T13:14:11","slug":"mangueras-automotrices","status":"publish","type":"page","link":"https:\/\/www.flexaust.com\/es\/mangueras-automotrices\/","title":{"rendered":"Mangueras Automotrices"},"content":{"rendered":"<p><span style=\"font-weight: 400;\">Flexaust es un fabricante l\u00edder de mangueras y conductos que atiende a una variedad de mercados industriales y comerciales. Nuestra selecci\u00f3n de mangueras automotrices para alta temperatura y otras diversas funcionan en climas muy fr\u00edos y c\u00e1lidos, garajes, estaciones de bomberos, sistemas de escape de trenes y aplicaciones de escape alrededor de veh\u00edculos. <\/span><\/p>\n<p><span style=\"font-weight: 400;\">Debido a que nuestras mangueras est\u00e1n dise\u00f1adas para soportar diferentes aplicaciones de tipo automotriz, generalmente se usan para:<\/span><\/p>\n<ul>\n<li style=\"font-weight: 400;\" aria-level=\"1\"><span style=\"font-weight: 400;\">Ventilaciones de escape de la estaci\u00f3n de camiones<\/span><\/li>\n<li style=\"font-weight: 400;\" aria-level=\"1\"><span style=\"font-weight: 400;\">Mangueras de ca\u00edda de carrete en estaciones de bomberos<\/span><\/li>\n<li style=\"font-weight: 400;\" aria-level=\"1\"><span style=\"font-weight: 400;\">Mangueras para veh\u00edculos recreativos (residuos, agua potable)<\/span><\/li>\n<li style=\"font-weight: 400;\" aria-level=\"1\"><span style=\"font-weight: 400;\">Ventilaci\u00f3n de carreras<\/span><\/li>\n<li style=\"font-weight: 400;\" aria-level=\"1\"><span style=\"font-weight: 400;\">Calentadores y descongeladores en autobuses y camiones de carga\/limusinas<\/span><\/li>\n<li style=\"font-weight: 400;\" aria-level=\"1\"><span style=\"font-weight: 400;\">Limpieza y mantenimiento<\/span><\/li>\n<\/ul>\n<p><span style=\"font-weight: 400;\">Si est\u00e1 buscando una manguera industrial para una de estas aplicaciones (o similares), siga leyendo para obtener una gu\u00eda para seleccionar la manguera y los accesorios adecuados.<\/span><\/p>\n<h2><span style=\"font-weight: 400;\">Propiedades y caracter\u00edsticas de las mangueras automotrices <\/span><\/h2>\n<p><span style=\"font-weight: 400;\"><img loading=\"lazy\" decoding=\"async\" class=\"wp-image-46978 alignright\" src=\"http:\/\/www.flexaust.com\/wp-content\/uploads\/2022\/07\/Vehicle-Exhaust-reels.jpg\" alt=\"\" width=\"338\" height=\"255\" data-headline=\"Vehicle Exhaust reels\">Adem\u00e1s de poder soportar ambientes con altas temperaturas y otras condiciones duras. Las mangueras Flexaust tambi\u00e9n tienen las siguientes caracter\u00edsticas:<\/span><\/p>\n<ul>\n<li style=\"font-weight: 400;\" aria-level=\"1\"><span style=\"font-weight: 400;\">Excelente resistencia a la abrasi\u00f3n <\/span><\/li>\n<li style=\"font-weight: 400;\" aria-level=\"1\"><span style=\"font-weight: 400;\">Extrema flexibilidad y compresibilidad. <\/span><\/li>\n<li style=\"font-weight: 400;\" aria-level=\"1\"><span style=\"font-weight: 400;\">retardancia de llama <\/span><\/li>\n<li style=\"font-weight: 400;\" aria-level=\"1\"><span style=\"font-weight: 400;\">La cubierta de clip de caucho termopl\u00e1stico protege el refuerzo de la h\u00e9lice y el equipo conectado<\/span><\/li>\n<li style=\"font-weight: 400;\" aria-level=\"1\"><span style=\"font-weight: 400;\">Adecuado para aplicaciones de baja temperatura y alta eliminaci\u00f3n de humos<\/span><\/li>\n<\/ul>\n<p><span style=\"font-weight: 400;\">En general, nuestro ID m\u00ednimo est\u00e1ndar es de 2\u201d y el ID m\u00e1ximo est\u00e1ndar es de 12\u201d, pero podemos fabricar a la medida tama\u00f1os m\u00e1s peque\u00f1os o m\u00e1s grandes que estos tama\u00f1os a pedido y seg\u00fan el producto espec\u00edfico. P\u00f3ngase en contacto con nuestro equipo para conocer los detalles de los precios.<\/span><\/p>\n<h2><span style=\"font-weight: 400;\">Selecci\u00f3n de la manguera adecuada para su aplicaci\u00f3n automotriz <\/span><\/h2>\n<h3><span style=\"font-weight: 400;\"><img loading=\"lazy\" decoding=\"async\" class=\"wp-image-46980 alignright\" src=\"http:\/\/www.flexaust.com\/wp-content\/uploads\/2022\/07\/Caterpillar-diesel-exhaust.jpg\" alt=\"\" width=\"256\" height=\"339\" data-headline=\"Caterpillar diesel exhaust\"><strong>Paso 1: Identificar la temperatura y las propiedades ambientales<\/strong><\/span><\/h3>\n<p><span style=\"font-weight: 400;\">Las mangueras industriales para aplicaciones automotrices espec\u00edficas deben soportar temperaturas extremas y entornos hostiles. Para comenzar a seleccionar una manguera para su aplicaci\u00f3n automotriz, aseg\u00farese de conocer la diferencia entre <\/span><a href=\"https:\/\/blog.flexaust.com\/blog\/what-is-ul94v-0\"><span style=\"font-weight: 400;\"><\/span>mangueras ign\u00edfugas frente a resistentes a las llamas frente a mangueras de alta temperatura, ya que cada una est\u00e1 dise\u00f1ada espec\u00edficamente para soportar un cierto nivel de exposici\u00f3n al calor y a las llamas.<span style=\"font-weight: 400;\"><\/span><\/a><\/p>\n<h3><strong>Paso 2: seleccione de nuestra familia de productos Flex-Lok\u00ae<\/strong><\/h3>\n<p><span style=\"font-weight: 400;\">Las mangueras Flex-Lok\u00ae de Flexaust est\u00e1n hechas de materiales formados sobre clips met\u00e1licos de acero inoxidable o galvanizado y est\u00e1n prensados \u200b\u200bmec\u00e1nicamente en toda la longitud de la manguera. Estas mangueras con clip presentan una excelente resistencia qu\u00edmica y a la abrasi\u00f3n y vienen en diferentes estilos clasificados para servicio entre -65 \u00b0F y 1,200 \u00b0F, seg\u00fan las especificaciones de nuestros clientes. Tambi\u00e9n est\u00e1n disponibles en tama\u00f1os de di\u00e1metro interno (ID) que van desde 3 &#8220;a 20&#8221;. Debido a estas propiedades, son los m\u00e1s adecuados para aplicaciones automotrices extremas.<\/span><\/p>\n<p><b>\u00bfQu\u00e9 es Flex-Lok\u00ae? \u2014<\/b><span style=\"font-weight: 400;\"> La l\u00ednea de productos de mangueras para altas temperaturas Flex-Lok\u00ae cuenta con una construcci\u00f3n reforzada. El material se riza mec\u00e1nicamente para formar un clip que funciona como una tira de desgaste externa. <\/span><a href=\"http:\/\/www.flexaust.com\/product-line\/flex-lok\/\"><span style=\"font-weight: 400;\">Mangueras Flex-Lok\u00ae<\/span><\/a><span style=\"font-weight: 400;\"> vienen en di\u00e1metros de 4\u201d a 20\u201d y tienen una longitud est\u00e1ndar de 25 pies. La manguera Flex-Lok\u00ae de temperatura m\u00e1s alta puede soportar hasta 1200 \u00b0F. Las aplicaciones comunes incluyen:<\/span><\/p>\n<ul>\n<li style=\"font-weight: 400;\" aria-level=\"1\"><span style=\"font-weight: 400;\">Sistemas de escape<\/span><\/li>\n<li style=\"font-weight: 400;\" aria-level=\"1\"><span style=\"font-weight: 400;\">Escape del motor\/di\u00e9sel<\/span><\/li>\n<li style=\"font-weight: 400;\" aria-level=\"1\"><span style=\"font-weight: 400;\">Prueba de dinam\u00f3metro<\/span><\/li>\n<li style=\"font-weight: 400;\" aria-level=\"1\"><span style=\"font-weight: 400;\">escape de garaje<\/span><\/li>\n<li style=\"font-weight: 400;\" aria-level=\"1\"><span style=\"font-weight: 400;\">Escape del veh\u00edculo<\/span><\/li>\n<li style=\"font-weight: 400;\" aria-level=\"1\"><span style=\"font-weight: 400;\">Sistemas de carrete y ca\u00edda<\/span><\/li>\n<\/ul>\n<p><span style=\"font-weight: 400;\">Las mangueras Flex-Lok\u00ae desempe\u00f1an un papel crucial en la industria automotriz al agotar de manera efectiva en entornos hostiles t\u00edpicos de esta industria. Todos los productos est\u00e1n dise\u00f1ados para un rendimiento y una durabilidad \u00f3ptimos.<\/span><\/p>\n<h3><span style=\"font-weight: 400;\"><img loading=\"lazy\" decoding=\"async\" class=\"wp-image-46982 alignright\" src=\"http:\/\/www.flexaust.com\/wp-content\/uploads\/2022\/07\/Brake-Duct.jpg\" alt=\"\" width=\"305\" height=\"230\" data-headline=\"Brake Duct\">Para aplicaciones de temperatura de rango medio, use CW-325 <\/span><\/h3>\n<p><span style=\"font-weight: 400;\">Esta manguera para autom\u00f3viles est\u00e1 hecha de una tela recubierta de acr\u00edlico de una sola capa con un refuerzo helicoidal de alambre de acero para resortes. La(feminine) <\/span><a href=\"http:\/\/www.flexaust.com\/product\/overhead-vehicle-exhaust-hose\/\"><span style=\"font-weight: 400;\">CW-325<\/span><\/a><span style=\"font-weight: 400;\"> est\u00e1 dise\u00f1ado para aplicaciones de temperatura moderada de hasta 325 \u00b0F y est\u00e1 listado como retardante de llama UL 94V-0. Son flexibles y livianos, disponibles en di\u00e1metros internos est\u00e1ndar de 2\u201d a 12\u201d y 25 pies de largo. <\/span><\/p>\n<p><span style=\"font-weight: 400;\">El CW-325 tiene extremos lisos, con opciones que incluyen una tira de desgaste y pu\u00f1os externos de PVC. Tambi\u00e9n hay disponible una opci\u00f3n de dos capas y paredes gruesas. <\/span><\/p>\n<h3><strong>Paso 3: Personaliza con accesorios<\/strong><\/h3>\n<h4><span style=\"font-weight: 400;\">Detallado autom\u00e1tico <\/span><\/h4>\n<p><span style=\"font-weight: 400;\">En Flexaust, ofrecemos una amplia gama de mangueras para aspiradoras automotrices y de detallado de autom\u00f3viles, que incluyen una varilla 21P para aspirar, una herramienta utilitaria 321 para aspirar en lavados de autos y herramientas para rincones y cepillos para polvo para aspirar \u00e1reas de dif\u00edcil acceso. Explorar la l\u00ednea completa <\/span><a href=\"http:\/\/www.flexaust.com\/ind-hose-market\/auto-detailing\/\"><span style=\"font-weight: 400;\"><\/span>aqu\u00ed.<span style=\"font-weight: 400;\"><\/span><\/a> <\/p>\n<h4><span style=\"font-weight: 400;\">Conducto de freno <\/span><\/h4>\n<p><span style=\"font-weight: 400;\">Los conductos de freno canalizan el aire desde una fuente de alta presi\u00f3n hasta el rotor del freno y permiten que los frenos liberen calor a un ritmo m\u00e1s r\u00e1pido. Flexaust ofrece cuatro productos de conductos de freno diferentes, clasificados para diferentes rangos de temperatura y construidos con varios materiales. Puede seleccionar una manguera para conductos de autom\u00f3vil de <\/span><a href=\"http:\/\/www.flexaust.com\/ind-hose-market\/brake-ducting\/\"><span style=\"font-weight: 400;\"><\/span>nuestra lista de productos.<span style=\"font-weight: 400;\"><\/span><\/a><\/p>\n<h4><span style=\"font-weight: 400;\">Ventilaci\u00f3n de la cabina<\/span><\/h4>\n<p><span style=\"font-weight: 400;\">Estos dispositivos mueven el aire caliente desde el interior de la cabina hacia el exterior del veh\u00edculo. Flexaust ofrece una gama de productos de ventilaci\u00f3n de cabina, todos los cuales est\u00e1n reforzados con un dise\u00f1o helicoidal para una m\u00e1xima durabilidad. Ver las especificaciones de cada producto <\/span><a href=\"http:\/\/www.flexaust.com\/ind-hose-market\/cab-ventilation\/\"><span style=\"font-weight: 400;\">here<\/span><\/a><span style=\"font-weight: 400;\">.<\/span><\/p>\n<h4><span style=\"font-weight: 400;\">Lavado de autos <\/span><\/h4>\n<p><span style=\"font-weight: 400;\">Estas mangueras de vac\u00edo para limpieza de autom\u00f3viles son excelentes para usar en aplicaciones industriales y comerciales h\u00famedas o secas. En Flexaust, tenemos un <\/span><a href=\"http:\/\/www.flexaust.com\/ind-hose-market\/car-wash\/\"><span style=\"font-weight: 400;\">variedad de mangueras adecuadas para el lavado de autos<\/span><\/a><span style=\"font-weight: 400;\"> <\/span>que son altamente resistentes a la abrasi\u00f3n y a los productos qu\u00edmicos.<\/p>\n<h3><span style=\"font-weight: 400;\">Descongelador\/Calentador<\/span><\/h3>\n<p><span style=\"font-weight: 400;\">Estas mangueras mueven el aire caliente hacia el interior de la cabina utilizando el sistema de calefacci\u00f3n y ventilaci\u00f3n. Flexaust ofrece una selecci\u00f3n de mangueras de calefacci\u00f3n o descongelador para autom\u00f3viles, que puede encontrar <\/span><a href=\"http:\/\/www.flexaust.com\/ind-hose-market\/defrosterheater\/\"><span style=\"font-weight: 400;\">here<\/span><\/a><span style=\"font-weight: 400;\">.<\/span><\/p>\n<h3><span style=\"font-weight: 400;\">Escape de garaje <\/span><\/h3>\n<p><span style=\"font-weight: 400;\">Los conductos de escape del garaje ayudan a proteger a los habitantes de la exposici\u00f3n a gases y humos potencialmente da\u00f1inos al canalizarlos fuera del garaje u otros espacios confinados. Contamos con una amplia gama de mangueras de escape de alta calidad; vea la l\u00ednea completa de productos <\/span><a href=\"http:\/\/www.flexaust.com\/ind-hose-market\/garage-exhaust\/\"><span style=\"font-weight: 400;\">here<\/span><\/a><span style=\"font-weight: 400;\">.<\/span><\/p>\n<h3><span style=\"font-weight: 400;\">Conducto de aire acondicionado de limusina <\/span><\/h3>\n<p><span style=\"font-weight: 400;\">Los conductos de aire acondicionado en las limusinas brindan un flujo de aire fresco y eficiente en toda la limusina. Flexaust ofrece una variedad de flexibles <\/span><a href=\"http:\/\/www.flexaust.com\/ind-hose-market\/limo-ac-duct\/\"><span style=\"font-weight: 400;\"><\/span>Mangueras para quitar el polvo del aire acondicionado de limusina.<span style=\"font-weight: 400;\"><\/span><\/a> <\/p>\n<h3><span style=\"font-weight: 400;\">Fuera del camino<\/span><\/h3>\n<p><span style=\"font-weight: 400;\">Tambi\u00e9n atendemos aplicaciones todoterreno con productos reforzados con un dise\u00f1o helicoidal para mayor durabilidad sin perder flexibilidad. Puede navegar por nuestros productos todoterreno <\/span><a href=\"http:\/\/www.flexaust.com\/ind-hose-market\/off-road\/\"><span style=\"font-weight: 400;\">here<\/span><\/a><span style=\"font-weight: 400;\">. <\/span> <\/p>\n<h3><span style=\"font-weight: 400;\">Fabricaci\u00f3n de veh\u00edculos recreativos <\/span><\/h3>\n<p><span style=\"font-weight: 400;\">Dise\u00f1adas para aplicaciones de fabricaci\u00f3n de veh\u00edculos recreativos, ofrecemos una gran cantidad de mangueras, como nuestra manguera certificada para llenado y drenaje de agua potable (IAPMO) para veh\u00edculos recreativos. Para ver la lista completa de productos de fabricaci\u00f3n de veh\u00edculos recreativos, <\/span><a href=\"http:\/\/www.flexaust.com\/ind-hose-market\/r-v-manufacturing\/\"><span style=\"font-weight: 400;\"><\/span>haga clic aqu\u00ed.<span style=\"font-weight: 400;\"><\/span><\/a><\/p>\n<h3><span style=\"font-weight: 400;\">Ventilaci\u00f3n de casco de auto de carreras <\/span><\/h3>\n<p><span style=\"font-weight: 400;\">Estos productos brindan un flujo de aire eficiente en todo el casco para enfriar al conductor en amplios rangos de temperatura. Flexaust ofrece cinco mangueras de ventilaci\u00f3n para cascos de autos de carrera, que puede ver <\/span><a href=\"http:\/\/www.flexaust.com\/ind-hose-market\/race-car-helmet-ventilation\/\"><span style=\"font-weight: 400;\">here<\/span><\/a><span style=\"font-weight: 400;\">.<\/span><\/p>\n<h3><span style=\"font-weight: 400;\">Refrigeraci\u00f3n de la transmisi\u00f3n <\/span><\/h3>\n<p><span style=\"font-weight: 400;\">Las mangueras de enfriamiento de la transmisi\u00f3n alejan el aire a alta temperatura de la transmisi\u00f3n para mantenerla fresca. Nuestras mangueras de enfriamiento de transmisi\u00f3n incluyen <\/span><a href=\"http:\/\/www.flexaust.com\/ind-hose-market\/transmission-cooling\/\"><span style=\"font-weight: 400;\"><\/span>Estos productos.<span style=\"font-weight: 400;\"><\/span><\/a> <\/p>\n<h2><span style=\"font-weight: 400;\">\u00bfPor qu\u00e9 Flexaust? <\/span><\/h2>\n<p><span style=\"font-weight: 400;\">Con m\u00e1s de 80 a\u00f1os de experiencia, Flexaust fabrica mangueras flexibles de larga duraci\u00f3n para uso industrial y comercial. Algunas de estas aplicaciones incluyen polvo, aire, humo, vac\u00edo, materiales livianos y manejo de servicios severos. Nuestros expertos fabrican mangueras a partir de una variedad de materiales, como PVC, caucho termopl\u00e1stico, polietileno, poliuretano y neopreno, y trabajamos en estrecha colaboraci\u00f3n con los clientes para cumplir o superar sus expectativas.<\/span><\/p>\n<p><a href=\"http:\/\/www.flexaust.com\/contact\/contact-us\/\"><span style=\"font-weight: 400;\">Contacta con nosotras<\/span><\/a><span style=\"font-weight: 400;\"> <\/span>hoy para obtener m\u00e1s informaci\u00f3n sobre nuestros productos o para iniciar su pedido. <\/p>\n","protected":false},"excerpt":{"rendered":"<p>Flexaust es un fabricante l\u00edder de mangueras y conductos que atiende a una variedad de mercados industriales y comerciales. Nuestra selecci\u00f3n de mangueras automotrices para alta temperatura y otras diversas funcionan en climas muy fr\u00edos y c\u00e1lidos, garajes, estaciones de bomberos, sistemas de escape de trenes y aplicaciones de escape alrededor de veh\u00edculos. Debido a que nuestras mangueras est\u00e1n dise\u00f1adas para soportar diferentes aplicaciones de tipo automotriz, generalmente se usan para: Ventilaciones de escape de la estaci\u00f3n de camiones Mangueras &hellip; <a href=\"https:\/\/www.flexaust.com\/es\/mangueras-automotrices\/\">Seguir leyendo <span class=\"meta-nav\">\u00bb<\/span><\/a><\/p>\n","protected":false},"author":3,"featured_media":0,"parent":0,"menu_order":0,"comment_status":"closed","ping_status":"closed","template":"","meta":{"_acf_changed":false,"content-type":"","inline_featured_image":false,"footnotes":"","_links_to":"","_links_to_target":""},"class_list":["post-47124","page","type-page","status-publish","hentry"],"acf":[],"yoast_head":"<!-- This site is optimized with the Yoast SEO plugin v27.3 - https:\/\/yoast.com\/product\/yoast-seo-wordpress\/ -->\n<title>Mangueras Automotrices | Flexaust Inc.<\/title>\n<meta name=\"description\" content=\"Mangueras Automotrices: Soluciones de mangueras para aplicaciones automotrices y de transporte.\" \/>\n<meta name=\"robots\" content=\"index, follow, max-snippet:-1, max-image-preview:large, max-video-preview:-1\" \/>\n<link rel=\"canonical\" href=\"https:\/\/www.flexaust.com\/es\/mangueras-automotrices\/\" \/>\n<meta name=\"twitter:label1\" content=\"Tiempo de lectura\" \/>\n\t<meta name=\"twitter:data1\" content=\"7 minutes\" \/>\n<script type=\"application\/ld+json\" class=\"yoast-schema-graph\">{\"@context\":\"https:\\\/\\\/schema.org\",\"@graph\":[{\"@type\":\"WebPage\",\"@id\":\"https:\\\/\\\/www.flexaust.com\\\/es\\\/mangueras-automotrices\\\/\",\"url\":\"https:\\\/\\\/www.flexaust.com\\\/es\\\/mangueras-automotrices\\\/\",\"name\":\"Mangueras Automotrices | Flexaust Inc.\",\"isPartOf\":{\"@id\":\"https:\\\/\\\/www.flexaust.com\\\/#website\"},\"primaryImageOfPage\":{\"@id\":\"https:\\\/\\\/www.flexaust.com\\\/es\\\/mangueras-automotrices\\\/#primaryimage\"},\"image\":{\"@id\":\"https:\\\/\\\/www.flexaust.com\\\/es\\\/mangueras-automotrices\\\/#primaryimage\"},\"thumbnailUrl\":\"http:\\\/\\\/www.flexaust.com\\\/wp-content\\\/uploads\\\/2022\\\/07\\\/Vehicle-Exhaust-reels.jpg\",\"datePublished\":\"2022-07-25T20:10:28+00:00\",\"dateModified\":\"2024-11-27T13:14:11+00:00\",\"description\":\"Mangueras Automotrices: Soluciones de mangueras para aplicaciones automotrices y de transporte.\",\"inLanguage\":\"es-ES\",\"potentialAction\":[{\"@type\":\"ReadAction\",\"target\":[\"https:\\\/\\\/www.flexaust.com\\\/es\\\/mangueras-automotrices\\\/\"]}]},{\"@type\":\"ImageObject\",\"inLanguage\":\"es-ES\",\"@id\":\"https:\\\/\\\/www.flexaust.com\\\/es\\\/mangueras-automotrices\\\/#primaryimage\",\"url\":\"http:\\\/\\\/www.flexaust.com\\\/wp-content\\\/uploads\\\/2022\\\/07\\\/Vehicle-Exhaust-reels.jpg\",\"contentUrl\":\"http:\\\/\\\/www.flexaust.com\\\/wp-content\\\/uploads\\\/2022\\\/07\\\/Vehicle-Exhaust-reels.jpg\"},{\"@type\":\"WebSite\",\"@id\":\"https:\\\/\\\/www.flexaust.com\\\/#website\",\"url\":\"https:\\\/\\\/www.flexaust.com\\\/\",\"name\":\"Flexaust\",\"description\":\"Industrial Hose Manufacturer\",\"potentialAction\":[{\"@type\":\"SearchAction\",\"target\":{\"@type\":\"EntryPoint\",\"urlTemplate\":\"https:\\\/\\\/www.flexaust.com\\\/?s={search_term_string}\"},\"query-input\":{\"@type\":\"PropertyValueSpecification\",\"valueRequired\":true,\"valueName\":\"search_term_string\"}}],\"inLanguage\":\"es-ES\"}]}<\/script>\n<!-- \/ Yoast SEO plugin. -->","yoast_head_json":{"title":"Mangueras Automotrices | Flexaust Inc.","description":"Mangueras Automotrices: Soluciones de mangueras para aplicaciones automotrices y de transporte.","robots":{"index":"index","follow":"follow","max-snippet":"max-snippet:-1","max-image-preview":"max-image-preview:large","max-video-preview":"max-video-preview:-1"},"canonical":"https:\/\/www.flexaust.com\/es\/mangueras-automotrices\/","twitter_misc":{"Tiempo de lectura":"7 minutes"},"schema":{"@context":"https:\/\/schema.org","@graph":[{"@type":"WebPage","@id":"https:\/\/www.flexaust.com\/es\/mangueras-automotrices\/","url":"https:\/\/www.flexaust.com\/es\/mangueras-automotrices\/","name":"Mangueras Automotrices | Flexaust Inc.","isPartOf":{"@id":"https:\/\/www.flexaust.com\/#website"},"primaryImageOfPage":{"@id":"https:\/\/www.flexaust.com\/es\/mangueras-automotrices\/#primaryimage"},"image":{"@id":"https:\/\/www.flexaust.com\/es\/mangueras-automotrices\/#primaryimage"},"thumbnailUrl":"http:\/\/www.flexaust.com\/wp-content\/uploads\/2022\/07\/Vehicle-Exhaust-reels.jpg","datePublished":"2022-07-25T20:10:28+00:00","dateModified":"2024-11-27T13:14:11+00:00","description":"Mangueras Automotrices: Soluciones de mangueras para aplicaciones automotrices y de transporte.","inLanguage":"es-ES","potentialAction":[{"@type":"ReadAction","target":["https:\/\/www.flexaust.com\/es\/mangueras-automotrices\/"]}]},{"@type":"ImageObject","inLanguage":"es-ES","@id":"https:\/\/www.flexaust.com\/es\/mangueras-automotrices\/#primaryimage","url":"http:\/\/www.flexaust.com\/wp-content\/uploads\/2022\/07\/Vehicle-Exhaust-reels.jpg","contentUrl":"http:\/\/www.flexaust.com\/wp-content\/uploads\/2022\/07\/Vehicle-Exhaust-reels.jpg"},{"@type":"WebSite","@id":"https:\/\/www.flexaust.com\/#website","url":"https:\/\/www.flexaust.com\/","name":"Flexaust","description":"Industrial Hose Manufacturer","potentialAction":[{"@type":"SearchAction","target":{"@type":"EntryPoint","urlTemplate":"https:\/\/www.flexaust.com\/?s={search_term_string}"},"query-input":{"@type":"PropertyValueSpecification","valueRequired":true,"valueName":"search_term_string"}}],"inLanguage":"es-ES"}]}},"_links":{"self":[{"href":"https:\/\/www.flexaust.com\/es\/wp-json\/wp\/v2\/pages\/47124","targetHints":{"allow":["GET"]}}],"collection":[{"href":"https:\/\/www.flexaust.com\/es\/wp-json\/wp\/v2\/pages"}],"about":[{"href":"https:\/\/www.flexaust.com\/es\/wp-json\/wp\/v2\/types\/page"}],"author":[{"embeddable":true,"href":"https:\/\/www.flexaust.com\/es\/wp-json\/wp\/v2\/users\/3"}],"replies":[{"embeddable":true,"href":"https:\/\/www.flexaust.com\/es\/wp-json\/wp\/v2\/comments?post=47124"}],"version-history":[{"count":1,"href":"https:\/\/www.flexaust.com\/es\/wp-json\/wp\/v2\/pages\/47124\/revisions"}],"predecessor-version":[{"id":51575,"href":"https:\/\/www.flexaust.com\/es\/wp-json\/wp\/v2\/pages\/47124\/revisions\/51575"}],"wp:attachment":[{"href":"https:\/\/www.flexaust.com\/es\/wp-json\/wp\/v2\/media?parent=47124"}],"curies":[{"name":"wp","href":"https:\/\/api.w.org\/{rel}","templated":true}]}}