{"id":46626,"date":"2020-03-02T07:14:04","date_gmt":"2020-03-02T12:14:04","guid":{"rendered":"http:\/\/www.flexaust.com\/?page_id=46626"},"modified":"2024-11-27T09:51:39","modified_gmt":"2024-11-27T14:51:39","slug":"herramientas-y-mangueras-de-vacio-industriales-equipos-para-el-cuidado-de-pisos-2","status":"publish","type":"page","link":"https:\/\/www.flexaust.com\/es\/herramientas-y-mangueras-de-vacio-industriales-equipos-para-el-cuidado-de-pisos-2\/","title":{"rendered":"Herramientas y mangueras de vac\u00edo industriales | Equipos para el cuidado de pisos"},"content":{"rendered":"<p>Flexaust ofrece m\u00faltiples construcciones y procesos de fabricaci\u00f3n para la industria del cuidado de pisos para dar servicio a muchas aplicaciones de mangueras de vac\u00edo. Con capacidades que van desde ensamblajes moldeados por soplado, acabados de extremos sobremoldeados hasta mangueras de vac\u00edo estirables, Flexaust cumplir\u00e1 con las especificaciones espec\u00edficas de su manguera de vac\u00edo y proporcionar\u00e1 una soluci\u00f3n de sistema de manguera personalizada \u00fanica.<\/p>\n<p>Como fabricante l\u00edder de mangueras de aspiradora para el cuidado de pisos y accesorios para el cuidado de pisos, Flexaust se especializa en mangueras para limpieza de alfombras, mangueras el\u00e1sticas livianas, mangueras para aspiradoras centrales, mangueras para lavado de autos comerciales, mangueras para fregadoras de pisos, mangueras para aspiradoras montadas en camiones, mangueras para aspiradoras para electrodom\u00e9sticos y manguitos, conectores y accesorios finales. Si bien Flexaust tiene una l\u00ednea establecida de mangueras y accesorios para el cuidado de pisos. accesorios, tenemos tantas opciones y soluciones. Perm\u00edtanos personalizar una soluci\u00f3n de sistema de manguera para usted.<\/p>\n<hr \/>\n<h2><a href=\"http:\/\/www.flexaust.com\/es\/group\/mangueras-cuidado-del-piso\/\">Use la b\u00fasqueda de productos de mangueras para el cuidado de pisos para encontrar el producto adecuado \u00bb<\/a><\/h2>\n<h2><a href=\"http:\/\/www.flexaust.com\/es\/productos\/floor-care-accessories\/\">Revise todos los accesorios recomendados para mangueras para el cuidado de pisos \u00bb<\/a><\/h2>\n<h2><a href=\"http:\/\/www.flexaust.com\/es\/herramientas-y-mangueras-de-vacio-industriales-equipos-para-el-cuidado-de-pisos\/\">Encuentre mangueras para el cuidado de pisos por tipo de equipo \u00bb<\/a><\/h2>\n<hr \/>\n<div class=\"fportals_column_1\">\n<h3>Asistencia t\u00e9cnica para productos de mangueras para el cuidado de suelos<\/h3>\n<ul>\n<li><a href=\"\/wp-content\/uploads\/2012\/02\/Chemical-Resistance-Chart.pdf\">Tabla de resistencia qu\u00edmica<\/a><\/li>\n<li><a href=\"http:\/\/www.flexaust.com\/es\/recursos\/guias-de-productos\/\">Gu\u00edas de productos<\/a><\/li>\n<li><a href=\"\/equipment-types\/\">Tipos de equipos para el cuidado de pisos<\/a><\/li>\n<li><a href=\"http:\/\/www.flexaust.com\/es\/productos\/floor-care-accessories\/\">Accesorios para el cuidado de suelos<\/a><\/li>\n<li><a href=\"http:\/\/www.flexaust.com\/es\/recursos\/faqs22\/\">Preguntas frecuentes<\/a><\/li>\n<\/ul>\n<\/div>\n<div class=\"fportals_column_2\">\n<h3>Enlaces y herramientas \u00fatiles<\/h3>\n<ul>\n<li><a href=\"http:\/\/www.flexaust.com\/es\/recursos\/guias-de-productos\/\">Publicaciones sobre mangueras para el cuidado de pisos<\/a><\/li>\n<li><a href=\"http:\/\/www.convert-me.com\/en\/convert\/temperature\" target=\"_blank\" rel=\"noopener noreferrer\">Conversiones de temperatura<\/a><\/li>\n<li><a href=\"http:\/\/www.convert-me.com\/en\/convert\/pression\" target=\"_blank\" rel=\"noopener noreferrer\">Conversi\u00f3n de presi\u00f3n<\/a><\/li>\n<li><a href=\"http:\/\/www.convert-me.com\/en\/convert\/length\" target=\"_blank\" rel=\"noopener noreferrer\">Conversi\u00f3n de longitud<\/a><\/li>\n<\/ul>\n<p>&nbsp;<\/p>\n<\/div>\n<div class=\"fportals_column_3\">\n<h3>Productos populares de mangueras para el cuidado de pisos<\/h3>\n<ul>\n<li><a href=\"http:\/\/www.flexaust.com\/es\/ind-hose-market\/recoleccion-de-pasto-y-hojas\/\">Manguera de aspiradora para hojas y c\u00e9sped<\/a><\/li>\n<li><a href=\"http:\/\/www.flexaust.com\/es\/ind-hose-market\/ventilacion-para-los-cascos-de-carreras\/\">Manguera para autos de carrera<\/a><\/li>\n<li><a href=\"\/mangueras-industriales\/manguera-para-trabajo-de-la-madera-resistente-a-la-abrasi\u00f3n\/\">Manguera de tama\u00f1o m\u00e9trico<\/a><\/li>\n<li><a href=\"http:\/\/www.flexaust.com\/es\/ind-hose-market\/thermo-aislante-de-calofrio\/\">Productos de valor R<\/a><\/li>\n<li><a href=\"http:\/\/www.flexaust.com\/es\/ind-hose-market\/grado-alimenticio\/\">Mangueras aceptables por la FDA<\/a><\/li>\n<li><a href=\"http:\/\/www.flexaust.com\/es\/ind-hose-market\/control-de-estatica\/\">Mangueras que evitan la est\u00e1tica<\/a><\/li>\n<li><a href=\"http:\/\/www.flexaust.com\/es\/ind-hose-market\/resistencia-al-fuego\/\">Mangueras con clasificaci\u00f3n UL 94V-0<\/a><\/li>\n<li><a href=\"http:\/\/www.flexaust.com\/es\/ind-hose-market\/resistencia-al-fuego\/\">Mangueras retardantes de llama<\/a><\/li>\n<\/ul>\n<\/div>\n<p>&nbsp;<\/p>\n","protected":false},"excerpt":{"rendered":"<p>Flexaust ofrece m\u00faltiples construcciones y procesos de fabricaci\u00f3n para la industria del cuidado de pisos para dar servicio a muchas aplicaciones de mangueras de vac\u00edo. Con capacidades que van desde ensamblajes moldeados por soplado, acabados de extremos sobremoldeados hasta mangueras de vac\u00edo estirables, Flexaust cumplir\u00e1 con las especificaciones espec\u00edficas de su manguera de vac\u00edo y proporcionar\u00e1 una soluci\u00f3n de sistema de manguera personalizada \u00fanica. Como fabricante l\u00edder de mangueras de aspiradora para el cuidado de pisos y accesorios para el &hellip; <a href=\"https:\/\/www.flexaust.com\/es\/herramientas-y-mangueras-de-vacio-industriales-equipos-para-el-cuidado-de-pisos-2\/\">Seguir leyendo <span class=\"meta-nav\">\u00bb<\/span><\/a><\/p>\n","protected":false},"author":3,"featured_media":0,"parent":0,"menu_order":0,"comment_status":"closed","ping_status":"closed","template":"","meta":{"_acf_changed":false,"content-type":"","inline_featured_image":false,"footnotes":"","_links_to":"","_links_to_target":""},"class_list":["post-46626","page","type-page","status-publish","hentry"],"acf":[],"yoast_head":"<!-- This site is optimized with the Yoast SEO plugin v27.4 - https:\/\/yoast.com\/product\/yoast-seo-wordpress\/ -->\n<title>Vac\u00edo Industrial &amp; Cuidado de Pisos | Flexaust Inc.<\/title>\n<meta name=\"description\" content=\"Industrial-grade hoses for effective vacuuming and cleaning in demanding environments. Built for efficiency and durability in floor care equipment.\" \/>\n<meta name=\"robots\" content=\"index, follow, max-snippet:-1, max-image-preview:large, max-video-preview:-1\" \/>\n<link rel=\"canonical\" href=\"https:\/\/www.flexaust.com\/es\/herramientas-y-mangueras-de-vacio-industriales-equipos-para-el-cuidado-de-pisos-2\/\" \/>\n<meta name=\"twitter:label1\" content=\"Tiempo de lectura\" \/>\n\t<meta name=\"twitter:data1\" content=\"2 minutes\" \/>\n<script type=\"application\/ld+json\" class=\"yoast-schema-graph\">{\"@context\":\"https:\\\/\\\/schema.org\",\"@graph\":[{\"@type\":\"WebPage\",\"@id\":\"https:\\\/\\\/www.flexaust.com\\\/es\\\/herramientas-y-mangueras-de-vacio-industriales-equipos-para-el-cuidado-de-pisos-2\\\/\",\"url\":\"https:\\\/\\\/www.flexaust.com\\\/es\\\/herramientas-y-mangueras-de-vacio-industriales-equipos-para-el-cuidado-de-pisos-2\\\/\",\"name\":\"Vac\u00edo Industrial & Cuidado de Pisos | Flexaust Inc.\",\"isPartOf\":{\"@id\":\"https:\\\/\\\/www.flexaust.com\\\/#website\"},\"datePublished\":\"2020-03-02T12:14:04+00:00\",\"dateModified\":\"2024-11-27T14:51:39+00:00\",\"description\":\"Industrial-grade hoses for effective vacuuming and cleaning in demanding environments. Built for efficiency and durability in floor care equipment.\",\"inLanguage\":\"es-ES\",\"potentialAction\":[{\"@type\":\"ReadAction\",\"target\":[\"https:\\\/\\\/www.flexaust.com\\\/es\\\/herramientas-y-mangueras-de-vacio-industriales-equipos-para-el-cuidado-de-pisos-2\\\/\"]}]},{\"@type\":\"WebSite\",\"@id\":\"https:\\\/\\\/www.flexaust.com\\\/#website\",\"url\":\"https:\\\/\\\/www.flexaust.com\\\/\",\"name\":\"Flexaust\",\"description\":\"Industrial Hose Manufacturer\",\"potentialAction\":[{\"@type\":\"SearchAction\",\"target\":{\"@type\":\"EntryPoint\",\"urlTemplate\":\"https:\\\/\\\/www.flexaust.com\\\/?s={search_term_string}\"},\"query-input\":{\"@type\":\"PropertyValueSpecification\",\"valueRequired\":true,\"valueName\":\"search_term_string\"}}],\"inLanguage\":\"es-ES\"}]}<\/script>\n<!-- \/ Yoast SEO plugin. -->","yoast_head_json":{"title":"Vac\u00edo Industrial & Cuidado de Pisos | Flexaust Inc.","description":"Industrial-grade hoses for effective vacuuming and cleaning in demanding environments. Built for efficiency and durability in floor care equipment.","robots":{"index":"index","follow":"follow","max-snippet":"max-snippet:-1","max-image-preview":"max-image-preview:large","max-video-preview":"max-video-preview:-1"},"canonical":"https:\/\/www.flexaust.com\/es\/herramientas-y-mangueras-de-vacio-industriales-equipos-para-el-cuidado-de-pisos-2\/","twitter_misc":{"Tiempo de lectura":"2 minutes"},"schema":{"@context":"https:\/\/schema.org","@graph":[{"@type":"WebPage","@id":"https:\/\/www.flexaust.com\/es\/herramientas-y-mangueras-de-vacio-industriales-equipos-para-el-cuidado-de-pisos-2\/","url":"https:\/\/www.flexaust.com\/es\/herramientas-y-mangueras-de-vacio-industriales-equipos-para-el-cuidado-de-pisos-2\/","name":"Vac\u00edo Industrial & Cuidado de Pisos | Flexaust Inc.","isPartOf":{"@id":"https:\/\/www.flexaust.com\/#website"},"datePublished":"2020-03-02T12:14:04+00:00","dateModified":"2024-11-27T14:51:39+00:00","description":"Industrial-grade hoses for effective vacuuming and cleaning in demanding environments. Built for efficiency and durability in floor care equipment.","inLanguage":"es-ES","potentialAction":[{"@type":"ReadAction","target":["https:\/\/www.flexaust.com\/es\/herramientas-y-mangueras-de-vacio-industriales-equipos-para-el-cuidado-de-pisos-2\/"]}]},{"@type":"WebSite","@id":"https:\/\/www.flexaust.com\/#website","url":"https:\/\/www.flexaust.com\/","name":"Flexaust","description":"Industrial Hose Manufacturer","potentialAction":[{"@type":"SearchAction","target":{"@type":"EntryPoint","urlTemplate":"https:\/\/www.flexaust.com\/?s={search_term_string}"},"query-input":{"@type":"PropertyValueSpecification","valueRequired":true,"valueName":"search_term_string"}}],"inLanguage":"es-ES"}]}},"_links":{"self":[{"href":"https:\/\/www.flexaust.com\/es\/wp-json\/wp\/v2\/pages\/46626","targetHints":{"allow":["GET"]}}],"collection":[{"href":"https:\/\/www.flexaust.com\/es\/wp-json\/wp\/v2\/pages"}],"about":[{"href":"https:\/\/www.flexaust.com\/es\/wp-json\/wp\/v2\/types\/page"}],"author":[{"embeddable":true,"href":"https:\/\/www.flexaust.com\/es\/wp-json\/wp\/v2\/users\/3"}],"replies":[{"embeddable":true,"href":"https:\/\/www.flexaust.com\/es\/wp-json\/wp\/v2\/comments?post=46626"}],"version-history":[{"count":1,"href":"https:\/\/www.flexaust.com\/es\/wp-json\/wp\/v2\/pages\/46626\/revisions"}],"predecessor-version":[{"id":51538,"href":"https:\/\/www.flexaust.com\/es\/wp-json\/wp\/v2\/pages\/46626\/revisions\/51538"}],"wp:attachment":[{"href":"https:\/\/www.flexaust.com\/es\/wp-json\/wp\/v2\/media?parent=46626"}],"curies":[{"name":"wp","href":"https:\/\/api.w.org\/{rel}","templated":true}]}}