{"id":46608,"date":"2012-02-14T18:00:52","date_gmt":"2012-02-14T23:00:52","guid":{"rendered":"http:\/\/www.flexaust.com\/?page_id=46608"},"modified":"2025-09-11T02:18:54","modified_gmt":"2025-09-11T06:18:54","slug":"encuestas-2","status":"publish","type":"page","link":"https:\/\/www.flexaust.com\/es\/recursos\/encuestas-2\/","title":{"rendered":"Encuestas"},"content":{"rendered":"<p>Bienvenido a nuestra p\u00e1gina de encuestas para clientes. T\u00f3mese un momento y h\u00e1ganos saber su opini\u00f3n sobre nuestro nuevo sitio web para que podamos seguir mejor\u00e1ndolo para usted.<\/p>\n<p>Si desea proporcionar comentarios y sugerencias espec\u00edficas, lo invitamos a utilizar nuestro <a href=\"http:\/\/www.flexaust.com\/es\/contacto-y-soporte\/contactenos\/\">formulario de contacto<\/a> y elaborar.<\/p>\n<p>Si tiene problemas para ver la encuesta a continuaci\u00f3n <a href=\"http:\/\/www.surveymonkey.com\/s\/ZVG9G2V\" target=\"_blank\" rel=\"noopener\"><strong>tambi\u00e9n puede usar este enlace<\/strong><\/a> .<\/p>\n<div id=\"surveyMonkeyInfo\">\n<div><script src=\"http:\/\/www.surveymonkey.com\/jsEmbed.aspx?sm=fl_2fXRT0VRcgP7LQ7q5GSZA_3d_3d\"> <\/script><\/div>\n<\/div>\n","protected":false},"excerpt":{"rendered":"<p>Bienvenido a nuestra p\u00e1gina de encuestas para clientes. T\u00f3mese un momento y h\u00e1ganos saber su opini\u00f3n sobre nuestro nuevo sitio web para que podamos seguir mejor\u00e1ndolo para usted. Si desea proporcionar comentarios y sugerencias espec\u00edficas, lo invitamos a utilizar nuestro formulario de contacto y elaborar. Si tiene problemas para ver la encuesta a continuaci\u00f3n tambi\u00e9n puede usar este enlace .<\/p>\n","protected":false},"author":3,"featured_media":0,"parent":8421,"menu_order":0,"comment_status":"closed","ping_status":"closed","template":"page-static-2-col.php","meta":{"_acf_changed":false,"content-type":"","inline_featured_image":false,"footnotes":"","_links_to":"","_links_to_target":""},"class_list":["post-46608","page","type-page","status-publish","hentry"],"acf":[],"yoast_head":"<!-- This site is optimized with the Yoast SEO plugin v27.3 - https:\/\/yoast.com\/product\/yoast-seo-wordpress\/ -->\n<title>Industrial Hose Manufacturer - Hoses &amp; Ducting - Flexaust Inc. \u2013 Encuestas 2<\/title>\n<meta name=\"description\" content=\"Encuestas Flexaust: participe en nuestras encuestas y comparta su opini\u00f3n sobre nuestros productos y servicios para ayudarnos a mejorar.\" \/>\n<meta name=\"robots\" content=\"index, follow, max-snippet:-1, max-image-preview:large, max-video-preview:-1\" \/>\n<link rel=\"canonical\" href=\"https:\/\/www.flexaust.com\/resources\/surveys\/\" \/>\n<meta name=\"twitter:label1\" content=\"Tiempo de lectura\" \/>\n\t<meta name=\"twitter:data1\" content=\"1 minute\" \/>\n<script type=\"application\/ld+json\" class=\"yoast-schema-graph\">{\"@context\":\"https:\\\/\\\/schema.org\",\"@graph\":[{\"@type\":\"WebPage\",\"@id\":\"https:\\\/\\\/www.flexaust.com\\\/resources\\\/surveys\\\/\",\"url\":\"https:\\\/\\\/www.flexaust.com\\\/resources\\\/surveys\\\/\",\"name\":\"Industrial Hose Manufacturer - Hoses & Ducting - Flexaust Inc. \u2013 Encuestas 2\",\"isPartOf\":{\"@id\":\"https:\\\/\\\/www.flexaust.com\\\/#website\"},\"datePublished\":\"2012-02-14T23:00:52+00:00\",\"dateModified\":\"2025-09-11T06:18:54+00:00\",\"description\":\"Encuestas Flexaust: participe en nuestras encuestas y comparta su opini\u00f3n sobre nuestros productos y servicios para ayudarnos a mejorar.\",\"breadcrumb\":{\"@id\":\"https:\\\/\\\/www.flexaust.com\\\/resources\\\/surveys\\\/#breadcrumb\"},\"inLanguage\":\"es-ES\",\"potentialAction\":[{\"@type\":\"ReadAction\",\"target\":[\"https:\\\/\\\/www.flexaust.com\\\/resources\\\/surveys\\\/\"]}]},{\"@type\":\"BreadcrumbList\",\"@id\":\"https:\\\/\\\/www.flexaust.com\\\/resources\\\/surveys\\\/#breadcrumb\",\"itemListElement\":[{\"@type\":\"ListItem\",\"position\":1,\"name\":\"Recursos\",\"item\":\"http:\\\/\\\/www.flexaust.com\\\/es\\\/recursos\\\/guias-de-productos\\\/\"},{\"@type\":\"ListItem\",\"position\":2,\"name\":\"Encuestas\"}]},{\"@type\":\"WebSite\",\"@id\":\"https:\\\/\\\/www.flexaust.com\\\/#website\",\"url\":\"https:\\\/\\\/www.flexaust.com\\\/\",\"name\":\"Flexaust\",\"description\":\"Industrial Hose Manufacturer\",\"potentialAction\":[{\"@type\":\"SearchAction\",\"target\":{\"@type\":\"EntryPoint\",\"urlTemplate\":\"https:\\\/\\\/www.flexaust.com\\\/?s={search_term_string}\"},\"query-input\":{\"@type\":\"PropertyValueSpecification\",\"valueRequired\":true,\"valueName\":\"search_term_string\"}}],\"inLanguage\":\"es-ES\"}]}<\/script>\n<!-- \/ Yoast SEO plugin. -->","yoast_head_json":{"title":"Industrial Hose Manufacturer - Hoses & Ducting - Flexaust Inc. \u2013 Encuestas 2","description":"Encuestas Flexaust: participe en nuestras encuestas y comparta su opini\u00f3n sobre nuestros productos y servicios para ayudarnos a mejorar.","robots":{"index":"index","follow":"follow","max-snippet":"max-snippet:-1","max-image-preview":"max-image-preview:large","max-video-preview":"max-video-preview:-1"},"canonical":"https:\/\/www.flexaust.com\/resources\/surveys\/","twitter_misc":{"Tiempo de lectura":"1 minute"},"schema":{"@context":"https:\/\/schema.org","@graph":[{"@type":"WebPage","@id":"https:\/\/www.flexaust.com\/resources\/surveys\/","url":"https:\/\/www.flexaust.com\/resources\/surveys\/","name":"Industrial Hose Manufacturer - Hoses & Ducting - Flexaust Inc. \u2013 Encuestas 2","isPartOf":{"@id":"https:\/\/www.flexaust.com\/#website"},"datePublished":"2012-02-14T23:00:52+00:00","dateModified":"2025-09-11T06:18:54+00:00","description":"Encuestas Flexaust: participe en nuestras encuestas y comparta su opini\u00f3n sobre nuestros productos y servicios para ayudarnos a mejorar.","breadcrumb":{"@id":"https:\/\/www.flexaust.com\/resources\/surveys\/#breadcrumb"},"inLanguage":"es-ES","potentialAction":[{"@type":"ReadAction","target":["https:\/\/www.flexaust.com\/resources\/surveys\/"]}]},{"@type":"BreadcrumbList","@id":"https:\/\/www.flexaust.com\/resources\/surveys\/#breadcrumb","itemListElement":[{"@type":"ListItem","position":1,"name":"Recursos","item":"http:\/\/www.flexaust.com\/es\/recursos\/guias-de-productos\/"},{"@type":"ListItem","position":2,"name":"Encuestas"}]},{"@type":"WebSite","@id":"https:\/\/www.flexaust.com\/#website","url":"https:\/\/www.flexaust.com\/","name":"Flexaust","description":"Industrial Hose Manufacturer","potentialAction":[{"@type":"SearchAction","target":{"@type":"EntryPoint","urlTemplate":"https:\/\/www.flexaust.com\/?s={search_term_string}"},"query-input":{"@type":"PropertyValueSpecification","valueRequired":true,"valueName":"search_term_string"}}],"inLanguage":"es-ES"}]}},"_links":{"self":[{"href":"https:\/\/www.flexaust.com\/es\/wp-json\/wp\/v2\/pages\/46608","targetHints":{"allow":["GET"]}}],"collection":[{"href":"https:\/\/www.flexaust.com\/es\/wp-json\/wp\/v2\/pages"}],"about":[{"href":"https:\/\/www.flexaust.com\/es\/wp-json\/wp\/v2\/types\/page"}],"author":[{"embeddable":true,"href":"https:\/\/www.flexaust.com\/es\/wp-json\/wp\/v2\/users\/3"}],"replies":[{"embeddable":true,"href":"https:\/\/www.flexaust.com\/es\/wp-json\/wp\/v2\/comments?post=46608"}],"version-history":[{"count":2,"href":"https:\/\/www.flexaust.com\/es\/wp-json\/wp\/v2\/pages\/46608\/revisions"}],"predecessor-version":[{"id":51522,"href":"https:\/\/www.flexaust.com\/es\/wp-json\/wp\/v2\/pages\/46608\/revisions\/51522"}],"up":[{"embeddable":true,"href":"https:\/\/www.flexaust.com\/es\/wp-json\/wp\/v2\/pages\/8421"}],"wp:attachment":[{"href":"https:\/\/www.flexaust.com\/es\/wp-json\/wp\/v2\/media?parent=46608"}],"curies":[{"name":"wp","href":"https:\/\/api.w.org\/{rel}","templated":true}]}}