{"id":46605,"date":"2020-04-27T09:19:50","date_gmt":"2020-04-27T13:19:50","guid":{"rendered":"http:\/\/www.flexaust.com\/?page_id=46605"},"modified":"2024-11-27T06:15:54","modified_gmt":"2024-11-27T11:15:54","slug":"boletines","status":"publish","type":"page","link":"https:\/\/www.flexaust.com\/es\/recursos\/boletines\/","title":{"rendered":"Boletines"},"content":{"rendered":"<h2>2022<\/h2>\n<div class=\"category-brochures\"><a href=\"https:\/\/messaging.flexaust.com\/kicking-off-2022-with-flexaust\"><img loading=\"lazy\" decoding=\"async\" title=\"Bolet\u00edn Flexaust Enero 2022\" src=\"http:\/\/www.flexaust.com\/wp-content\/uploads\/2022\/03\/january-2022-newsletter.png\" alt=\"Bolet\u00edn Flexaust Enero 2022\" width=\"112\" height=\"150\"><\/a><\/p>\n<h3><a href=\"https:\/\/messaging.flexaust.com\/bracing-the-cold-with-flexaust\">Bolet\u00edn Flexaust Enero 2022<\/a><\/h3>\n<\/div>\n<div class=\"category-brochures\"><a href=\"https:\/\/messaging.flexaust.com\/this-month-at-flexaust-checkout-our-mulch-blowing-hose-collection-and-more\"><img loading=\"lazy\" decoding=\"async\" title=\"Bolet\u00edn Flexaust Abril 2022\" src=\"http:\/\/www.flexaust.com\/wp-content\/uploads\/2022\/05\/flexaust-april-2022-img.jpg\" alt=\"Bolet\u00edn Flexaust Abril 2022\" width=\"112\" height=\"150\"><\/a><\/p>\n<h3><a href=\"https:\/\/messaging.flexaust.com\/bracing-the-cold-with-flexaust\">Bolet\u00edn Flexaust Abril 2022<\/a><\/h3>\n<\/div>\n<div class=\"category-brochures\"><a href=\"https:\/\/messaging.flexaust.com\/this-month-at-flexaust-checkout-our-mulch-blowing-hose-collection-and-more-1\"><img loading=\"lazy\" decoding=\"async\" title=\"Bolet\u00edn Flexaust Junio \u200b\u200b2022\" src=\"http:\/\/www.flexaust.com\/wp-content\/uploads\/2022\/06\/flexaust-june-2022-1.png\" alt=\"Bolet\u00edn Flexaust Junio \u200b\u200b2022\" width=\"112\" height=\"150\"><\/a><\/p>\n<h3><a href=\"https:\/\/messaging.flexaust.com\/this-month-at-flexaust-checkout-our-mulch-blowing-hose-collection-and-more-1\">Bolet\u00edn Flexaust Junio \u200b\u200b2022<\/a><\/h3>\n<\/div>\n<div class=\"category-brochures\"><a href=\"https:\/\/11914.hubspotpreview-na1.com\/_hcms\/preview\/content\/81634639387?portalId=11914&#038;_preview=true&#038;cacheBust=0&#038;preview_key=TNJoOKGd&#038;from_buffer=false&#038;\"><img loading=\"lazy\" decoding=\"async\" title=\"Flexaust August 2022\" src=\"http:\/\/www.flexaust.com\/wp-content\/uploads\/2022\/09\/Flexaust-August-2022-1.png\" alt=\"Bolet\u00edn Flexaust Agosto 2022\" width=\"112\" height=\"150\" \/><\/a><\/p>\n<h3><a href=\"https:\/\/11914.hubspotpreview-na1.com\/_hcms\/preview\/content\/81634639387?portalId=11914&#038;_preview=true&#038;cacheBust=0&#038;preview_key=TNJoOKGd&#038;from_buffer=false&#038;\">Bolet\u00edn Flexaust Agosto 2022<\/a><\/h3>\n<\/div>\n<h2>2021<\/h2>\n<div class=\"category-brochures\">\n<p><a href=\"https:\/\/messaging.flexaust.com\/new-year-new-updates-with-flexaust-1\"><img loading=\"lazy\" decoding=\"async\" src=\"http:\/\/www.flexaust.com\/wp-content\/uploads\/2021\/02\/New-Year-New-Updates-2021.png\" alt=\"A\u00f1o Nuevo Nuevas Actualizaciones 2021\" width=\"112\" height=\"150\"><\/a><\/p>\n<h3><a href=\"https:\/\/messaging.flexaust.com\/new-year-new-updates-with-flexaust-1\">A\u00f1o Nuevo, Nuevas Actualizaciones<\/a><\/h3>\n<\/div>\n<div class=\"category-brochures\">\n<p><a href=\"https:\/\/messaging.flexaust.com\/bracing-the-cold-with-flexaust\"><img loading=\"lazy\" decoding=\"async\" src=\"http:\/\/www.flexaust.com\/wp-content\/uploads\/2021\/03\/February-Newsletter-2021.png\" alt=\"Bolet\u00edn Flexaust Febrero 2021\" width=\"96\" height=\"150\"><\/a><\/p>\n<h3><a href=\"https:\/\/messaging.flexaust.com\/bracing-the-cold-with-flexaust\">Bolet\u00edn Flexaust Febrero 2021<\/a><\/h3>\n<\/div>\n<div class=\"category-brochures\">\n<p><a href=\"https:\/\/messaging.flexaust.com\/spring-has-sprung-with-flexaust\"><img loading=\"lazy\" decoding=\"async\" src=\"http:\/\/www.flexaust.com\/wp-content\/uploads\/2021\/05\/Flexaust-February-2020-Newsletter.png\" alt=\"Bolet\u00edn Flexaust Abril 2021\" width=\"96\" height=\"150\"><\/a><\/p>\n<h3><a href=\"https:\/\/messaging.flexaust.com\/spring-has-sprung-with-flexaust\">Bolet\u00edn Flexaust Abril 2021<\/a><\/h3>\n<\/div>\n<div class=\"category-brochures\">\n<p><a href=\"https:\/\/messaging.flexaust.com\/this-month-at-flexaust\"><img loading=\"lazy\" decoding=\"async\" class=\"alignnone wp-image-45425\" src=\"http:\/\/www.flexaust.com\/wp-content\/uploads\/2021\/07\/Screen-Shot-2021-07-13-at-2.16.44-PM.png\" alt=\"\" width=\"107\" height=\"150\" data-headline=\"Flexaust June 2021 Newsletter\"><\/a><\/p>\n<h3><a href=\"https:\/\/messaging.flexaust.com\/this-month-at-flexaust\">Bolet\u00edn Flexaust Junio \u200b\u200b2021<\/a><\/h3>\n<\/div>\n<div class=\"category-brochures\">\n<p><a href=\"https:\/\/11914.hubspotpreview-na1.com\/_hcms\/preview\/content\/50348715357?portalId=11914&amp;_preview=true&amp;cacheBust=0&amp;preview_key=AmJJIowO&amp;from_buffer=false\"><img loading=\"lazy\" decoding=\"async\" class=\"alignnone wp-image-45676\" src=\"http:\/\/www.flexaust.com\/wp-content\/uploads\/2021\/10\/Screen-Shot-2021-10-06-at-2.10.26-PM.png\" alt=\"\" width=\"112\" height=\"128\" data-headline=\"Screen Shot 2021-10-06 at 2.10.26 PM\"><\/a><\/p>\n<h3><a href=\"https:\/\/11914.hubspotpreview-na1.com\/_hcms\/preview\/content\/50348715357?portalId=11914&amp;_preview=true&amp;cacheBust=0&amp;preview_key=AmJJIowO&amp;from_buffer=false\">Bolet\u00edn Flexaust Agosto 2021<\/a><\/h3>\n<\/div>\n<div class=\"category-brochures\">\n<p><a href=\"https:\/\/11914.hubspotpreview-na1.com\/_hcms\/preview\/content\/54231660092?portalId=11914&amp;_preview=true&amp;cacheBust=0&amp;preview_key=NriPkreY&amp;from_buffer=false\"><img loading=\"lazy\" decoding=\"async\" class=\"alignnone wp-image-45678\" src=\"http:\/\/www.flexaust.com\/wp-content\/uploads\/2021\/10\/Screen-Shot-2021-10-06-at-2.30.52-PM.png\" alt=\"\" width=\"104\" height=\"123\" data-headline=\"Screen Shot 2021-10-06 at 2.30.52 PM\"><\/a><\/p>\n<h3><a href=\"https:\/\/11914.hubspotpreview-na1.com\/_hcms\/preview\/content\/54231660092?portalId=11914&amp;_preview=true&amp;cacheBust=0&amp;preview_key=NriPkreY&amp;from_buffer=false\">Bolet\u00edn Flexaust Septiembre 2021<\/a><\/h3>\n<\/div>\n<div class=\"category-brochures\">\n<p><a href=\"https:\/\/messaging.flexaust.com\/this-month-at-flexaust-hoses-for-cold-weather-applications\"><img loading=\"lazy\" decoding=\"async\" class=\"alignnone wp-image-45703\" src=\"http:\/\/www.flexaust.com\/wp-content\/uploads\/2021\/12\/Screen-Shot-2021-12-02-at-10.04.50-AM.png\" alt=\"Bolet\u00edn Flexaust Octubre 2021\" width=\"103\" height=\"135\" data-headline=\"Screen Shot 2021-10-06 at 2.30.52 PM\"><\/a><\/p>\n<h3><a href=\"https:\/\/messaging.flexaust.com\/this-month-at-flexaust-hoses-for-cold-weather-applications\">Bolet\u00edn Flexaust Octubre 2021<\/a><\/h3>\n<\/div>\n<div class=\"category-brochures\">\n<p><a href=\"https:\/\/messaging.flexaust.com\/nov21-remove-harmful-chemicals-from-air\"><img loading=\"lazy\" decoding=\"async\" class=\"alignnone wp-image-45706\" src=\"http:\/\/www.flexaust.com\/wp-content\/uploads\/2021\/12\/Screen-Shot-2021-12-02-at-10.09.17-AM.png\" alt=\"Bolet\u00edn Flexaust Noviembre 2021\" width=\"104\" height=\"140\" data-headline=\"Screen Shot 2021-10-06 at 2.30.52 PM\"><\/a><\/p>\n<h3><a href=\"https:\/\/messaging.flexaust.com\/nov21-remove-harmful-chemicals-from-air\">Bolet\u00edn Flexaust Noviembre 2021<\/a><\/h3>\n<\/div>\n<div class=\"category-brochures\">\n<p><a href=\"https:\/\/messaging.flexaust.com\/2021-highlights-looking-ahead\"><img loading=\"lazy\" decoding=\"async\" class=\"alignnone wp-image-45713\" title=\"Bolet\u00edn Flexaust Diciembre 2021\" src=\"http:\/\/www.flexaust.com\/wp-content\/uploads\/2021\/12\/december-2021.jpg\" alt=\"Bolet\u00edn Flexaust Diciembre 2021\" width=\"104\" height=\"140\" data-headline=\"december-2021.jpg\"><\/a><\/p>\n<h3><a href=\"https:\/\/messaging.flexaust.com\/2021-highlights-looking-ahead\">Bolet\u00edn Flexaust Diciembre 2021<\/a><\/h3>\n<\/div>\n<h2>2020<\/h2>\n<div class=\"category-brochures\">\n<p><a href=\"https:\/\/messaging.flexaust.com\/february-newsletter-2020\"><img loading=\"lazy\" decoding=\"async\" src=\"http:\/\/www.flexaust.com\/wp-content\/uploads\/2020\/04\/Flexaust-February-2020-Newsletter.png\" alt=\"Bolet\u00edn Flexaust Febrero 2020\" width=\"112\" height=\"150\"><\/a><\/p>\n<h3><a href=\"https:\/\/messaging.flexaust.com\/february-newsletter-2020\">Febrero 2020:<br \/>\nNueva Instalaci\u00f3n de Flexaust<\/a><\/h3>\n<\/div>\n<div class=\"category-brochures\">\n<p><a href=\"https:\/\/messaging.flexaust.com\/march-newsletter-2020\"><img decoding=\"async\" style=\"width: 115px;\" src=\"http:\/\/www.flexaust.com\/wp-content\/uploads\/2020\/04\/Flexaust-March-2020-Newsletter-152x200.png\" alt=\"Bolet\u00edn Flexaust Marzo 2020\"><\/a><\/p>\n<h3><a href=\"https:\/\/messaging.flexaust.com\/march-newsletter-2020\">Marzo 2020:<br \/>\nMangueras Antiest\u00e1ticas<\/a><\/h3>\n<\/div>\n<div class=\"category-brochures\">\n<p><a href=\"https:\/\/messaging.flexaust.com\/flexaust-april-newsletter-2020\"><img decoding=\"async\" style=\"width: 115px;\" src=\"http:\/\/www.flexaust.com\/wp-content\/uploads\/2020\/04\/Flexaust-April-2020-Newsletter.png\" alt=\"Bolet\u00edn Flexaust Abril 2020\"><\/a><\/p>\n<h3><a href=\"https:\/\/messaging.flexaust.com\/flexaust-april-newsletter-2020\">Abril 2020:<br \/>\nLimpieza de Primavera<\/a><\/h3>\n<\/div>\n<div class=\"category-brochures\">\n<p><a href=\"https:\/\/messaging.flexaust.com\/may-newsletter-2020\"><img decoding=\"async\" style=\"width: 115px;\" src=\"http:\/\/www.flexaust.com\/wp-content\/uploads\/2020\/05\/Flexaust-May-2020-Newsletter-e1590514212802.png\" alt=\"Bolet\u00edn Flexaust Mayo 2020\"><\/a><\/p>\n<h3><a href=\"https:\/\/messaging.flexaust.com\/may-newsletter-2020\">Mayo 2020:<br \/>\n\u00a1Nuevo Libro Electr\u00f3nico! <\/a><\/h3>\n<\/div>\n<div class=\"category-brochures\">\n<p><a href=\"https:\/\/messaging.flexaust.com\/new-commercial-and-industrial-hose-vacuum-attachment-product-catalog\"><img decoding=\"async\" style=\"width: 115px;\" src=\"http:\/\/www.flexaust.com\/wp-content\/uploads\/2020\/08\/Industrial-Hoses-Vacuum-Attachments.png\" alt=\"Mangueras Industriales y Accesorios de Vac\u00edo\"><\/a><\/p>\n<h3><a href=\"https:\/\/messaging.flexaust.com\/new-commercial-and-industrial-hose-vacuum-attachment-product-catalog\">Julio 2020:<br \/>\nMangueras industriales y accesorios de vac\u00edo<\/a><\/h3>\n<\/div>\n<div class=\"category-brochures\">\n<p><a href=\"https:\/\/messaging.flexaust.com\/new-vapor-recovery-hose-flex-tube-vr-u-1\"><img decoding=\"async\" style=\"width: 115px;\" src=\"http:\/\/www.flexaust.com\/wp-content\/uploads\/2020\/08\/Flexaust-August-Newsletter-2020.png\" alt=\"Bolet\u00edn Flexaust Agosto 2020\"><\/a><\/p>\n<h3><a href=\"https:\/\/messaging.flexaust.com\/new-vapor-recovery-hose-flex-tube-vr-u-1\">Agosto 2020:<br \/>\nRecuperaci\u00f3n de Vapor<\/a><\/h3>\n<\/div>\n<div class=\"category-brochures\"><\/div>\n","protected":false},"excerpt":{"rendered":"<p>2022 Bolet\u00edn Flexaust Enero 2022 Bolet\u00edn Flexaust Abril 2022 Bolet\u00edn Flexaust Junio \u200b\u200b2022 Bolet\u00edn Flexaust Agosto 2022 2021 A\u00f1o Nuevo, Nuevas Actualizaciones Bolet\u00edn Flexaust Febrero 2021 Bolet\u00edn Flexaust Abril 2021 Bolet\u00edn Flexaust Junio \u200b\u200b2021 Bolet\u00edn Flexaust Agosto 2021 Bolet\u00edn Flexaust Septiembre 2021 Bolet\u00edn Flexaust Octubre 2021 Bolet\u00edn Flexaust Noviembre 2021 Bolet\u00edn Flexaust Diciembre 2021 2020 Febrero 2020: Nueva Instalaci\u00f3n de Flexaust Marzo 2020: Mangueras Antiest\u00e1ticas Abril 2020: Limpieza de Primavera Mayo 2020: \u00a1Nuevo Libro Electr\u00f3nico! Julio 2020: Mangueras industriales y &hellip; <a href=\"https:\/\/www.flexaust.com\/es\/recursos\/boletines\/\">Seguir leyendo <span class=\"meta-nav\">\u00bb<\/span><\/a><\/p>\n","protected":false},"author":3,"featured_media":0,"parent":8421,"menu_order":0,"comment_status":"closed","ping_status":"closed","template":"","meta":{"_acf_changed":false,"content-type":"","inline_featured_image":false,"footnotes":"","_links_to":"","_links_to_target":""},"class_list":["post-46605","page","type-page","status-publish","hentry"],"acf":[],"yoast_head":"<!-- This site is optimized with the Yoast SEO plugin v27.4 - https:\/\/yoast.com\/product\/yoast-seo-wordpress\/ -->\n<title>Boletines | Flexaust Inc.<\/title>\n<meta name=\"description\" content=\"Boletines: Recursos y boletines informativos de Flexaust.\" \/>\n<meta name=\"robots\" content=\"index, follow, max-snippet:-1, max-image-preview:large, max-video-preview:-1\" \/>\n<link rel=\"canonical\" href=\"https:\/\/www.flexaust.com\/es\/recursos\/boletines\/\" \/>\n<meta name=\"twitter:label1\" content=\"Tiempo de lectura\" \/>\n\t<meta name=\"twitter:data1\" content=\"5 minutes\" \/>\n<script type=\"application\/ld+json\" class=\"yoast-schema-graph\">{\"@context\":\"https:\\\/\\\/schema.org\",\"@graph\":[{\"@type\":\"WebPage\",\"@id\":\"https:\\\/\\\/www.flexaust.com\\\/es\\\/recursos\\\/boletines\\\/\",\"url\":\"https:\\\/\\\/www.flexaust.com\\\/es\\\/recursos\\\/boletines\\\/\",\"name\":\"Boletines | Flexaust Inc.\",\"isPartOf\":{\"@id\":\"https:\\\/\\\/www.flexaust.com\\\/#website\"},\"primaryImageOfPage\":{\"@id\":\"https:\\\/\\\/www.flexaust.com\\\/es\\\/recursos\\\/boletines\\\/#primaryimage\"},\"image\":{\"@id\":\"https:\\\/\\\/www.flexaust.com\\\/es\\\/recursos\\\/boletines\\\/#primaryimage\"},\"thumbnailUrl\":\"http:\\\/\\\/www.flexaust.com\\\/wp-content\\\/uploads\\\/2022\\\/03\\\/january-2022-newsletter.png\",\"datePublished\":\"2020-04-27T13:19:50+00:00\",\"dateModified\":\"2024-11-27T11:15:54+00:00\",\"description\":\"Boletines: Recursos y boletines informativos de Flexaust.\",\"breadcrumb\":{\"@id\":\"https:\\\/\\\/www.flexaust.com\\\/es\\\/recursos\\\/boletines\\\/#breadcrumb\"},\"inLanguage\":\"es-ES\",\"potentialAction\":[{\"@type\":\"ReadAction\",\"target\":[\"https:\\\/\\\/www.flexaust.com\\\/es\\\/recursos\\\/boletines\\\/\"]}]},{\"@type\":\"ImageObject\",\"inLanguage\":\"es-ES\",\"@id\":\"https:\\\/\\\/www.flexaust.com\\\/es\\\/recursos\\\/boletines\\\/#primaryimage\",\"url\":\"http:\\\/\\\/www.flexaust.com\\\/wp-content\\\/uploads\\\/2022\\\/03\\\/january-2022-newsletter.png\",\"contentUrl\":\"http:\\\/\\\/www.flexaust.com\\\/wp-content\\\/uploads\\\/2022\\\/03\\\/january-2022-newsletter.png\"},{\"@type\":\"BreadcrumbList\",\"@id\":\"https:\\\/\\\/www.flexaust.com\\\/es\\\/recursos\\\/boletines\\\/#breadcrumb\",\"itemListElement\":[{\"@type\":\"ListItem\",\"position\":1,\"name\":\"Recursos\",\"item\":\"http:\\\/\\\/www.flexaust.com\\\/es\\\/recursos\\\/guias-de-productos\\\/\"},{\"@type\":\"ListItem\",\"position\":2,\"name\":\"Boletines\"}]},{\"@type\":\"WebSite\",\"@id\":\"https:\\\/\\\/www.flexaust.com\\\/#website\",\"url\":\"https:\\\/\\\/www.flexaust.com\\\/\",\"name\":\"Flexaust\",\"description\":\"Industrial Hose Manufacturer\",\"potentialAction\":[{\"@type\":\"SearchAction\",\"target\":{\"@type\":\"EntryPoint\",\"urlTemplate\":\"https:\\\/\\\/www.flexaust.com\\\/?s={search_term_string}\"},\"query-input\":{\"@type\":\"PropertyValueSpecification\",\"valueRequired\":true,\"valueName\":\"search_term_string\"}}],\"inLanguage\":\"es-ES\"}]}<\/script>\n<!-- \/ Yoast SEO plugin. -->","yoast_head_json":{"title":"Boletines | Flexaust Inc.","description":"Boletines: Recursos y boletines informativos de Flexaust.","robots":{"index":"index","follow":"follow","max-snippet":"max-snippet:-1","max-image-preview":"max-image-preview:large","max-video-preview":"max-video-preview:-1"},"canonical":"https:\/\/www.flexaust.com\/es\/recursos\/boletines\/","twitter_misc":{"Tiempo de lectura":"5 minutes"},"schema":{"@context":"https:\/\/schema.org","@graph":[{"@type":"WebPage","@id":"https:\/\/www.flexaust.com\/es\/recursos\/boletines\/","url":"https:\/\/www.flexaust.com\/es\/recursos\/boletines\/","name":"Boletines | Flexaust Inc.","isPartOf":{"@id":"https:\/\/www.flexaust.com\/#website"},"primaryImageOfPage":{"@id":"https:\/\/www.flexaust.com\/es\/recursos\/boletines\/#primaryimage"},"image":{"@id":"https:\/\/www.flexaust.com\/es\/recursos\/boletines\/#primaryimage"},"thumbnailUrl":"http:\/\/www.flexaust.com\/wp-content\/uploads\/2022\/03\/january-2022-newsletter.png","datePublished":"2020-04-27T13:19:50+00:00","dateModified":"2024-11-27T11:15:54+00:00","description":"Boletines: Recursos y boletines informativos de Flexaust.","breadcrumb":{"@id":"https:\/\/www.flexaust.com\/es\/recursos\/boletines\/#breadcrumb"},"inLanguage":"es-ES","potentialAction":[{"@type":"ReadAction","target":["https:\/\/www.flexaust.com\/es\/recursos\/boletines\/"]}]},{"@type":"ImageObject","inLanguage":"es-ES","@id":"https:\/\/www.flexaust.com\/es\/recursos\/boletines\/#primaryimage","url":"http:\/\/www.flexaust.com\/wp-content\/uploads\/2022\/03\/january-2022-newsletter.png","contentUrl":"http:\/\/www.flexaust.com\/wp-content\/uploads\/2022\/03\/january-2022-newsletter.png"},{"@type":"BreadcrumbList","@id":"https:\/\/www.flexaust.com\/es\/recursos\/boletines\/#breadcrumb","itemListElement":[{"@type":"ListItem","position":1,"name":"Recursos","item":"http:\/\/www.flexaust.com\/es\/recursos\/guias-de-productos\/"},{"@type":"ListItem","position":2,"name":"Boletines"}]},{"@type":"WebSite","@id":"https:\/\/www.flexaust.com\/#website","url":"https:\/\/www.flexaust.com\/","name":"Flexaust","description":"Industrial Hose Manufacturer","potentialAction":[{"@type":"SearchAction","target":{"@type":"EntryPoint","urlTemplate":"https:\/\/www.flexaust.com\/?s={search_term_string}"},"query-input":{"@type":"PropertyValueSpecification","valueRequired":true,"valueName":"search_term_string"}}],"inLanguage":"es-ES"}]}},"_links":{"self":[{"href":"https:\/\/www.flexaust.com\/es\/wp-json\/wp\/v2\/pages\/46605","targetHints":{"allow":["GET"]}}],"collection":[{"href":"https:\/\/www.flexaust.com\/es\/wp-json\/wp\/v2\/pages"}],"about":[{"href":"https:\/\/www.flexaust.com\/es\/wp-json\/wp\/v2\/types\/page"}],"author":[{"embeddable":true,"href":"https:\/\/www.flexaust.com\/es\/wp-json\/wp\/v2\/users\/3"}],"replies":[{"embeddable":true,"href":"https:\/\/www.flexaust.com\/es\/wp-json\/wp\/v2\/comments?post=46605"}],"version-history":[{"count":1,"href":"https:\/\/www.flexaust.com\/es\/wp-json\/wp\/v2\/pages\/46605\/revisions"}],"predecessor-version":[{"id":51549,"href":"https:\/\/www.flexaust.com\/es\/wp-json\/wp\/v2\/pages\/46605\/revisions\/51549"}],"up":[{"embeddable":true,"href":"https:\/\/www.flexaust.com\/es\/wp-json\/wp\/v2\/pages\/8421"}],"wp:attachment":[{"href":"https:\/\/www.flexaust.com\/es\/wp-json\/wp\/v2\/media?parent=46605"}],"curies":[{"name":"wp","href":"https:\/\/api.w.org\/{rel}","templated":true}]}}