{"id":46587,"date":"2022-05-10T11:50:33","date_gmt":"2022-05-10T15:50:33","guid":{"rendered":"http:\/\/www.flexaust.com\/?page_id=46587"},"modified":"2025-09-10T06:43:00","modified_gmt":"2025-09-10T10:43:00","slug":"aplicaciones-de-carpinteria-de-mangueras-industriales","status":"publish","type":"page","link":"https:\/\/www.flexaust.com\/es\/aplicaciones-de-carpinteria-de-mangueras-industriales\/","title":{"rendered":"Aplicaciones de carpinter\u00eda de mangueras industriales"},"content":{"rendered":"<p><span style=\"font-weight: 400;\">Las mangueras industriales son mangueras de alto rendimiento dise\u00f1adas para manejar las complejas demandas de la producci\u00f3n industrial. Las instalaciones de carpinter\u00eda pueden enfrentarse a contaminantes transportados por el aire, como productos qu\u00edmicos, COV, polvo, gases y residuos de humo. Sin tratamiento, representan un peligro grave para el equipo y los empleados. Una manguera industrial de Flexaust puede alejar los contaminantes del aire de los productos y las \u00e1reas de trabajo para mejorar la calidad general del aire y proteger a las personas y la maquinaria.<\/span><\/p>\n<h2><span style=\"font-weight: 400;\"><img loading=\"lazy\" decoding=\"async\" class=\"wp-image-46105 alignright\" src=\"http:\/\/www.flexaust.com\/wp-content\/uploads\/2022\/05\/IMG_3039.jpg\" alt=\"Usos y Aplicaciones\" title=\"Usos y Aplicaciones\" width=\"287\" height=\"217\" data-headline=\"IMG_3039\" \/>Usos y Aplicaciones<\/span><\/h2>\n<p><span style=\"font-weight: 400;\">Nuestras mangueras industriales pueden recolectar y eliminar los peligros del aire de las \u00e1reas de trabajo para minimizar la acumulaci\u00f3n y mejorar la seguridad. Las aplicaciones comunes incluyen:<\/span><\/p>\n<ul>\n<li style=\"font-weight: 400;\" aria-level=\"1\"><b>Recolecci\u00f3n de polvo.<\/b><span style=\"font-weight: 400;\"> Las mangueras de recolecci\u00f3n de polvo son esenciales para la seguridad y la salud de los trabajadores en cualquier instalaci\u00f3n. A medida que se acumula polvo, virutas de madera, pl\u00e1sticos, polvos y otros materiales de molienda, puede exacerbar las alergias y causar irritaci\u00f3n respiratoria en los trabajadores o restringir el flujo de aire cr\u00edtico a la maquinaria. El polvo expulsado por las salidas de aire tambi\u00e9n puede asentarse en las l\u00edneas de producci\u00f3n y afectar la calidad del producto.<\/span><\/li>\n<li style=\"font-weight: 400;\" aria-level=\"1\"><b>Control est\u00e1tico.<\/b><span style=\"font-weight: 400;\"> El riesgo de descargas est\u00e1ticas que generen polvo y provoquen un incendio en una tienda dom\u00e9stica o una peque\u00f1a instalaci\u00f3n comercial puede ser bajo. Sin embargo, los componentes de Flexaust est\u00e1n construidos con elementos protectores para minimizar a\u00fan m\u00e1s el riesgo de descarga est\u00e1tica.<\/span><\/li>\n<li style=\"font-weight: 400;\" aria-level=\"1\"><b>Enrutadores CNC. <\/b><span style=\"font-weight: 400;\">Nuestras mangueras industriales pueden dirigir directamente el polvo y los desechos de las operaciones CNC a un sistema de eliminaci\u00f3n. Las mangueras flexibles se pueden configurar para eliminar el polvo de sus m\u00e1quinas CNC y su espacio de trabajo, sin importar d\u00f3nde se encuentren en el taller.<\/span><\/li>\n<li style=\"font-weight: 400;\" aria-level=\"1\"><b>Ciclones. <\/b><span style=\"font-weight: 400;\">Nuestras soluciones pueden incorporar separadores cicl\u00f3nicos que separan astillas grandes y fragmentos de madera del polvo para facilitar su clasificaci\u00f3n y eliminaci\u00f3n.<\/span><\/li>\n<\/ul>\n<h2><\/h2>\n<h2><span style=\"font-weight: 400;\">Mangueras Flexaust para la industria de la madera<\/span><\/h2>\n<p><span style=\"font-weight: 400;\">En Flexaust, ofrecemos una amplia gama de mangueras industriales que controlan la calidad del aire y los desechos generados en las instalaciones de carpinter\u00eda. Nuestros productos incluyen:<\/span><\/p>\n<h3><span style=\"font-weight: 400;\">Manguera de recolecci\u00f3n de polvo<\/span><\/h3>\n<ul>\n<li style=\"font-weight: 400;\" aria-level=\"1\"><a href=\"http:\/\/www.flexaust.com\/es\/producto\/general-purpose-flex-hose\/\"><span style=\"font-weight: 400;\">T- 7<\/span><\/a><span style=\"font-weight: 400;\">. Manguera de goma termopl\u00e1stica negra de peso medio reforzada con espiral de alambre de acero para muelles.<\/span><\/li>\n<li style=\"font-weight: 400;\" aria-level=\"1\"><a href=\"http:\/\/www.flexaust.com\/es\/producto\/light-weight-dust-collection-hose\/\"><span style=\"font-weight: 400;\"> Flx-Thane LD<\/span><\/a><span style=\"font-weight: 400;\">. Esta manguera liviana viene en opciones transparentes y negras y cuenta con una espiral de alambre de acero con resorte recubierta de bronce.<\/span><\/li>\n<li style=\"font-weight: 400;\" aria-level=\"1\"><a href=\"http:\/\/www.flexaust.com\/es\/producto\/manguera-para-carpinteria-resistente-a-la-abrasion\/\"><span style=\"font-weight: 400;\">Flx- Thane MD<\/span><\/a><span style=\"font-weight: 400;\">. Esta manguera reforzada de peso medio viene en opciones transparente y negra y cuenta con una espiral de alambre de acero para resortes recubierta de bronce.<\/span><\/li>\n<\/ul>\n<h3><span style=\"font-weight: 400;\">Manguera de control est\u00e1tico<\/span><\/h3>\n<ul>\n<li style=\"font-weight: 400;\" aria-level=\"1\"><a href=\"http:\/\/www.flexaust.com\/es\/producto\/flx-thane-ld-sd\/\"><span style=\"font-weight: 400;\">Flx- Thane LD-SD<\/span><\/a><span style=\"font-weight: 400;\">. Esta manguera de poliuretano liviana tiene un resorte de alambre de acero revestido de bronce para mayor refuerzo.<\/span><\/li>\n<li style=\"font-weight: 400;\" aria-level=\"1\"><a href=\"http:\/\/www.flexaust.com\/es\/producto\/static-dissipative-woodworking-hose\/\"><span style=\"font-weight: 400;\">Flx- Thane SD<\/span><\/a><span style=\"font-weight: 400;\">. Esta manguera de poliuretano transparente tiene un refuerzo de alambre de acero con revestimiento de bronce.<\/span><\/li>\n<li estilo=\"fuente-peso: 400;\" aria-level=\"1\"><a href=\"http:\/\/www.flexaust.com\/es\/producto\/static-control-hose-grounding-wire\/\"><span style=\"font-weight: 400;\"> FlexStat<\/span><\/a><span style=\"font-weight: 400;\">. Esta manguera de poliuretano transparente tiene una h\u00e9lice de ABS y un cable de conexi\u00f3n a tierra de cobre.<\/span><\/li>\n<\/ul>\n<h3><span style=\"font-weight: 400;\">Manguera de vac\u00edo CNC &amp; Accesorios<\/span><\/h3>\n<ul>\n<li style=\"font-weight:400;\" aria-level=\"1\"><a href=\"http:\/\/www.flexaust.com\/es\/producto\/high-flex-severe-service-hose\/\"><span style=\"font-weight: 400 ;\">Flex-Tube PU 60 HF<\/span><\/a><span style=\"font-weight: 400;\">. Esta manguera de poliuretano resistente tiene una h\u00e9lice de ABS como soporte.<\/span><\/ li>\n<li style=\"font-weight: 400;\" aria-level=\"1\"><a href=\"http:\/\/www.flexaust.com\/es\/producto\/abrazaderas-puente\/\"><span style=\"font-weight: 400;\">Abrazaderas de puente de tubo flexible< \/span><\/a><span style=\"font-weight: 400;\">. Banda de acero inoxidable especialmente dise\u00f1ada y puente de acero inoxidable soldado con tornillo de acero inoxidable. Se ajusta sobre la h\u00e9lice creando un sello a prueba de fugas.<\/span><\/li>\n<li style=\"font-weight: 400;\" aria-level=\"1\"><a href=\"http:\/\/www.flexaust.com\/es\/producto\/conector-giratorio-de-flex-tube\/\"><span style=\"font-weight: 400;\">Flex- Conector giratorio de tubo<\/span><\/a><span style=\"font-weight: 400;\">. Las roscas en el extremo de las mangueras Flex-Tube facilitan la maniobra de tramos de manguera m\u00e1s largos (conectados).<\/span><\/li>\n<\/ul>\n<h3><span style=\"font-weight: 400;\">Comprar kits de limpieza con aspiradora<\/span><\/h3>\n<ul>\n<li style=\"font-weight: 400;\" aria-level=\"1\"><a href=\"http:\/\/www.flexaust.com\/es\/producto\/kit-de-accesorios-mro-general-industrial-para-pick-up-indmorokit\/\"><span style=\"font-weight: 400; \">Kit de recogida general MRO industrial<\/span><\/a><span style=\"font-weight: 400;\">. Manguera y amperio; kit de accesorios de herramientas para pick-up industrial en general.<\/span><\/li>\n<li style=\"font-weight: 400;\" aria-level=\"1\"><a href=\"http:\/\/www.flexaust.com\/es\/producto\/kit-de-accesorios-mro-general-comercial-de-pick-up-commrokit\/\"><span style=\"font-weight: 400;\">Kit de recogida general MRO comercial<\/span><\/a><span style=\"font-weight: 400;\">. <\/span><span style=\"font-weight: 400;\">Manguera &amp; kit de accesorios de herramientas para recogida general comercial.<\/span><\/li>\n<\/ul>\n<h2><\/h2>\n<h2><span style=\"font-weight: 400;\">Elija la manguera industrial adecuada de Flexaust<\/span><\/h2>\n<p><span style=\"font-weight: 400;\">Desde 1938, Flexaust ha proporcionado a instalaciones comerciales e industriales mangueras flexibles que mejoran la calidad del aire y la ventilaci\u00f3n. Dise\u00f1amos todos nuestros productos para manejar aire, polvo, humos y m\u00e1s para que pueda crear condiciones de trabajo seguras en todas sus instalaciones de carpinter\u00eda. <\/span><a href=\"http:\/\/www.flexaust.com\/es\/contacto-y-soporte\/contactenos\/\"><span style=\"font-weight: 400;\">Cont\u00e1ctenos hoy<\/span><\/a ><span style=\"font-weight: 400;\"> para obtener m\u00e1s informaci\u00f3n sobre las capacidades de nuestros productos o <\/span><a href=\"http:\/\/www.flexaust.com\/es\/muestras-y-cotizaciones\/solicite-una-cotizacion\/\" ><span style=\"font-weight: 400;\">solicite un presupuesto<\/span><\/a><span style=\"font-weight: 400;\"> para realizar su pedido.<\/span><\/p>\n","protected":false},"excerpt":{"rendered":"<p>Las mangueras industriales son mangueras de alto rendimiento dise\u00f1adas para manejar las complejas demandas de la producci\u00f3n industrial. Las instalaciones de carpinter\u00eda pueden enfrentarse a contaminantes transportados por el aire, como productos qu\u00edmicos, COV, polvo, gases y residuos de humo. Sin tratamiento, representan un peligro grave para el equipo y los empleados. Una manguera industrial de Flexaust puede alejar los contaminantes del aire de los productos y las \u00e1reas de trabajo para mejorar la calidad general del aire y proteger &hellip; <a href=\"https:\/\/www.flexaust.com\/es\/aplicaciones-de-carpinteria-de-mangueras-industriales\/\">Seguir leyendo <span class=\"meta-nav\">\u00bb<\/span><\/a><\/p>\n","protected":false},"author":3,"featured_media":0,"parent":0,"menu_order":0,"comment_status":"closed","ping_status":"closed","template":"agriculture-applications.php","meta":{"_acf_changed":false,"content-type":"","inline_featured_image":false,"footnotes":"","_links_to":"","_links_to_target":""},"class_list":["post-46587","page","type-page","status-publish","hentry"],"acf":[],"yoast_head":"<!-- This site is optimized with the Yoast SEO plugin v27.5 - https:\/\/yoast.com\/product\/yoast-seo-wordpress\/ -->\n<title>Carpinter\u00eda de Mangueras | Flexaust Inc.<\/title>\n<meta name=\"description\" content=\"Flexaust: Mangueras industriales para carpinter\u00eda que eliminan el polvo, los humos y los desechos para mejorar la seguridad y la calidad del aire en taller\" \/>\n<meta name=\"robots\" content=\"index, follow, max-snippet:-1, max-image-preview:large, max-video-preview:-1\" \/>\n<link rel=\"canonical\" href=\"https:\/\/www.flexaust.com\/es\/aplicaciones-de-carpinteria-de-mangueras-industriales\/\" \/>\n<meta name=\"twitter:label1\" content=\"Tiempo de lectura\" \/>\n\t<meta name=\"twitter:data1\" content=\"4 minutes\" \/>\n<script type=\"application\/ld+json\" class=\"yoast-schema-graph\">{\"@context\":\"https:\\\/\\\/schema.org\",\"@graph\":[{\"@type\":\"WebPage\",\"@id\":\"https:\\\/\\\/www.flexaust.com\\\/es\\\/aplicaciones-de-carpinteria-de-mangueras-industriales\\\/\",\"url\":\"https:\\\/\\\/www.flexaust.com\\\/es\\\/aplicaciones-de-carpinteria-de-mangueras-industriales\\\/\",\"name\":\"Carpinter\u00eda de Mangueras | Flexaust Inc.\",\"isPartOf\":{\"@id\":\"https:\\\/\\\/www.flexaust.com\\\/#website\"},\"primaryImageOfPage\":{\"@id\":\"https:\\\/\\\/www.flexaust.com\\\/es\\\/aplicaciones-de-carpinteria-de-mangueras-industriales\\\/#primaryimage\"},\"image\":{\"@id\":\"https:\\\/\\\/www.flexaust.com\\\/es\\\/aplicaciones-de-carpinteria-de-mangueras-industriales\\\/#primaryimage\"},\"thumbnailUrl\":\"http:\\\/\\\/www.flexaust.com\\\/wp-content\\\/uploads\\\/2022\\\/05\\\/IMG_3039.jpg\",\"datePublished\":\"2022-05-10T15:50:33+00:00\",\"dateModified\":\"2025-09-10T10:43:00+00:00\",\"description\":\"Flexaust: Mangueras industriales para carpinter\u00eda que eliminan el polvo, los humos y los desechos para mejorar la seguridad y la calidad del aire en taller\",\"inLanguage\":\"es-ES\",\"potentialAction\":[{\"@type\":\"ReadAction\",\"target\":[\"https:\\\/\\\/www.flexaust.com\\\/es\\\/aplicaciones-de-carpinteria-de-mangueras-industriales\\\/\"]}]},{\"@type\":\"ImageObject\",\"inLanguage\":\"es-ES\",\"@id\":\"https:\\\/\\\/www.flexaust.com\\\/es\\\/aplicaciones-de-carpinteria-de-mangueras-industriales\\\/#primaryimage\",\"url\":\"http:\\\/\\\/www.flexaust.com\\\/wp-content\\\/uploads\\\/2022\\\/05\\\/IMG_3039.jpg\",\"contentUrl\":\"http:\\\/\\\/www.flexaust.com\\\/wp-content\\\/uploads\\\/2022\\\/05\\\/IMG_3039.jpg\"},{\"@type\":\"WebSite\",\"@id\":\"https:\\\/\\\/www.flexaust.com\\\/#website\",\"url\":\"https:\\\/\\\/www.flexaust.com\\\/\",\"name\":\"Flexaust\",\"description\":\"Industrial Hose Manufacturer\",\"potentialAction\":[{\"@type\":\"SearchAction\",\"target\":{\"@type\":\"EntryPoint\",\"urlTemplate\":\"https:\\\/\\\/www.flexaust.com\\\/?s={search_term_string}\"},\"query-input\":{\"@type\":\"PropertyValueSpecification\",\"valueRequired\":true,\"valueName\":\"search_term_string\"}}],\"inLanguage\":\"es-ES\"}]}<\/script>\n<!-- \/ Yoast SEO plugin. -->","yoast_head_json":{"title":"Carpinter\u00eda de Mangueras | Flexaust Inc.","description":"Flexaust: Mangueras industriales para carpinter\u00eda que eliminan el polvo, los humos y los desechos para mejorar la seguridad y la calidad del aire en taller","robots":{"index":"index","follow":"follow","max-snippet":"max-snippet:-1","max-image-preview":"max-image-preview:large","max-video-preview":"max-video-preview:-1"},"canonical":"https:\/\/www.flexaust.com\/es\/aplicaciones-de-carpinteria-de-mangueras-industriales\/","twitter_misc":{"Tiempo de lectura":"4 minutes"},"schema":{"@context":"https:\/\/schema.org","@graph":[{"@type":"WebPage","@id":"https:\/\/www.flexaust.com\/es\/aplicaciones-de-carpinteria-de-mangueras-industriales\/","url":"https:\/\/www.flexaust.com\/es\/aplicaciones-de-carpinteria-de-mangueras-industriales\/","name":"Carpinter\u00eda de Mangueras | Flexaust Inc.","isPartOf":{"@id":"https:\/\/www.flexaust.com\/#website"},"primaryImageOfPage":{"@id":"https:\/\/www.flexaust.com\/es\/aplicaciones-de-carpinteria-de-mangueras-industriales\/#primaryimage"},"image":{"@id":"https:\/\/www.flexaust.com\/es\/aplicaciones-de-carpinteria-de-mangueras-industriales\/#primaryimage"},"thumbnailUrl":"http:\/\/www.flexaust.com\/wp-content\/uploads\/2022\/05\/IMG_3039.jpg","datePublished":"2022-05-10T15:50:33+00:00","dateModified":"2025-09-10T10:43:00+00:00","description":"Flexaust: Mangueras industriales para carpinter\u00eda que eliminan el polvo, los humos y los desechos para mejorar la seguridad y la calidad del aire en taller","inLanguage":"es-ES","potentialAction":[{"@type":"ReadAction","target":["https:\/\/www.flexaust.com\/es\/aplicaciones-de-carpinteria-de-mangueras-industriales\/"]}]},{"@type":"ImageObject","inLanguage":"es-ES","@id":"https:\/\/www.flexaust.com\/es\/aplicaciones-de-carpinteria-de-mangueras-industriales\/#primaryimage","url":"http:\/\/www.flexaust.com\/wp-content\/uploads\/2022\/05\/IMG_3039.jpg","contentUrl":"http:\/\/www.flexaust.com\/wp-content\/uploads\/2022\/05\/IMG_3039.jpg"},{"@type":"WebSite","@id":"https:\/\/www.flexaust.com\/#website","url":"https:\/\/www.flexaust.com\/","name":"Flexaust","description":"Industrial Hose Manufacturer","potentialAction":[{"@type":"SearchAction","target":{"@type":"EntryPoint","urlTemplate":"https:\/\/www.flexaust.com\/?s={search_term_string}"},"query-input":{"@type":"PropertyValueSpecification","valueRequired":true,"valueName":"search_term_string"}}],"inLanguage":"es-ES"}]}},"_links":{"self":[{"href":"https:\/\/www.flexaust.com\/es\/wp-json\/wp\/v2\/pages\/46587","targetHints":{"allow":["GET"]}}],"collection":[{"href":"https:\/\/www.flexaust.com\/es\/wp-json\/wp\/v2\/pages"}],"about":[{"href":"https:\/\/www.flexaust.com\/es\/wp-json\/wp\/v2\/types\/page"}],"author":[{"embeddable":true,"href":"https:\/\/www.flexaust.com\/es\/wp-json\/wp\/v2\/users\/3"}],"replies":[{"embeddable":true,"href":"https:\/\/www.flexaust.com\/es\/wp-json\/wp\/v2\/comments?post=46587"}],"version-history":[{"count":1,"href":"https:\/\/www.flexaust.com\/es\/wp-json\/wp\/v2\/pages\/46587\/revisions"}],"predecessor-version":[{"id":51467,"href":"https:\/\/www.flexaust.com\/es\/wp-json\/wp\/v2\/pages\/46587\/revisions\/51467"}],"wp:attachment":[{"href":"https:\/\/www.flexaust.com\/es\/wp-json\/wp\/v2\/media?parent=46587"}],"curies":[{"name":"wp","href":"https:\/\/api.w.org\/{rel}","templated":true}]}}