{"id":46585,"date":"2020-03-03T15:11:21","date_gmt":"2020-03-03T20:11:21","guid":{"rendered":"http:\/\/www.flexaust.com\/?page_id=46585"},"modified":"2024-11-27T05:39:30","modified_gmt":"2024-11-27T10:39:30","slug":"que-son-las-mangueras-antiestaticas","status":"publish","type":"page","link":"https:\/\/www.flexaust.com\/es\/que-son-las-mangueras-antiestaticas\/","title":{"rendered":"\u00bfQu\u00e9 son las mangueras antiest\u00e1ticas?"},"content":{"rendered":"<p>Las mangueras flexibles utilizadas en entornos industriales altamente vol\u00e1tiles tienen el potencial de producir chispas, que pueden encender part\u00edculas de polvo inflamables y provocar incendios o explosiones. Este potencial hace necesario que las instalaciones de alto riesgo utilicen mangueras antiest\u00e1ticas en sus instalaciones y operaciones.<\/p>\n<p><img decoding=\"async\" class=\"alignright wp-image-34050 size-medium\" style=\"color: #333333; estilo de fuente: normal; peso de fuente: 300;\" src=\"http:\/\/www.flexaust.com\/wp-content\/uploads\/2020\/02\/Flx-Thane-SD-160x200.jpg\" alt=\"Imagen publicitaria internacional de Venmark\" title=\"Imagen publicitaria internacional de Venmark\" width=\"160\" height=\"200 \" srcset=\"https:\/\/www.flexaust.com\/wp-content\/uploads\/2020\/02\/Flx-Thane-SD-160x200.jpg 160w, https:\/\/www.flexaust.com\/wp-content\/uploads\/2020\/02\/Flx-Thane-SD-819x1024.jpg 819w, https:\/\/www.flexaust.com\/wp-content\/uploads\/2020\/02\/Flx-Thane-SD-768x960.jpg 768w, https:\/\/www.flexaust.com\/wp-content\/uploads\/2020\/02\/Flx-Thane-SD-1229x1536.jpg 1229w, https:\/\/www.flexaust.com\/wp-content\/uploads\/2020\/02\/Flx-Thane-SD-1638x2048.jpg 1638w, https:\/\/www.flexaust.com\/wp-content\/uploads\/2020\/02\/Flx-Thane-SD-48x60.jpg 48w, https:\/\/www.flexaust.com\/wp-content\/uploads\/2020\/02\/Flx-Thane-SD-138x173.jpg 138w, https:\/\/www.flexaust.com\/wp-content\/uploads\/2020\/02\/Flx-Thane-SD-235x292.jpg 235w, https:\/\/www.flexaust.com\/wp-content\/uploads\/2020\/02\/Flx-Thane-SD-scaled.jpg 2048w\" sizes=\"(max-width: 160px) 100vw, 160px\" \/><\/p>\n<p>Una manguera antiest\u00e1tica puede ser de dos tipos: una manguera disipadora de est\u00e1tica o una manguera conductora de est\u00e1tica. Flexaust ofrece ambos tipos de mangueras antiest\u00e1ticas en una variedad de longitudes y materiales, con dise\u00f1os adecuados para una gran variedad de requisitos ambientales y de temperatura.<\/p>\n<p>Como proveedor l\u00edder de mangueras antiest\u00e1ticas, ofrecemos productos como:<\/p>\n<p>&#8211; Mangueras de vac\u00edo antiest\u00e1ticas<br \/>\n&#8211; Mangueras de ventilaci\u00f3n antiest\u00e1ticas<br \/>\n&#8211; Mangueras de recolecci\u00f3n de polvo antiest\u00e1ticas<br \/>\n&#8211; Mangueras de vac\u00edo a prueba de explosiones<\/p>\n<p>Una mirada m\u00e1s cercana a cada tipo de mangueras antiest\u00e1ticas y el importante papel que desempe\u00f1an ayudar\u00e1 a facilitar la selecci\u00f3n adecuada.<\/p>\n<div alinear=\"centro\">\n<iframe loading=\"lazy\" title=\"What are Anti-Static Hoses?\" width=\"500\" height=\"281\" src=\"https:\/\/www.youtube.com\/embed\/HsUk6WGoKmI?feature=oembed\" frameborder=\"0\" allow=\"accelerometer; autoplay; clipboard-write; encrypted-media; gyroscope; picture-in-picture; web-share\" referrerpolicy=\"strict-origin-when-cross-origin\" allowfullscreen><\/iframe>\n<\/div>\n<p>&nbsp;<\/p>\n<h2>Aplicaciones de una manguera disipadora de est\u00e1tica<\/h2>\n<p>A menudo denominada manguera antiest\u00e1tica, el dise\u00f1o de una manguera disipadora de est\u00e1tica es para mitigar o prevenir la electricidad est\u00e1tica disip\u00e1ndola a trav\u00e9s del material de caucho hasta los extremos de la manguera. Estas son algunas de nuestras <a href=\"https:\/\/blog.flexaust.com\/es\/blog\/est%C3%A1tica-conductora-y-est%C3%A1tica-disipadora\"><span style=\"text-decoration: underline;\">mangueras disipadoras de est\u00e1tica <\/span><\/a> y sus aplicaciones m\u00e1s comunes:<\/p>\n<p><img loading=\"lazy\" decoding=\"async\" width=\"160\" height=\"200\" class=\"wp-image-34053 tama\u00f1o-medio alignright\" src=\"http:\/\/www.flexaust.com\/wp-content\/uploads\/2020\/02\/FlexStat\u00ae-60-160x200.jpg\" alt=\"FlexStat\u00ae-60\" title=\"FlexStat\u00ae-60\" ancho=\"160\" alto=\"200\" srcset=\"https:\/\/www.flexaust.com\/wp-content\/uploads\/2020\/02\/FlexStat\u00ae-60-160x200.jpg 160w, https:\/\/www.flexaust.com\/wp-content\/uploads\/2020\/02\/FlexStat\u00ae-60-819x1024.jpg 819w, https:\/\/www.flexaust.com\/wp-content\/uploads\/2020\/02\/FlexStat\u00ae-60-768x960.jpg 768w, https:\/\/www.flexaust.com\/wp-content\/uploads\/2020\/02\/FlexStat\u00ae-60-1229x1536.jpg 1229w, https:\/\/www.flexaust.com\/wp-content\/uploads\/2020\/02\/FlexStat\u00ae-60-1638x2048.jpg 1638w, https:\/\/www.flexaust.com\/wp-content\/uploads\/2020\/02\/FlexStat\u00ae-60-48x60.jpg 48w, https:\/\/www.flexaust.com\/wp-content\/uploads\/2020\/02\/FlexStat\u00ae-60-138x173.jpg 138w, https:\/\/www.flexaust.com\/wp-content\/uploads\/2020\/02\/FlexStat\u00ae-60-235x292.jpg 235w, https:\/\/www.flexaust.com\/wp-content\/uploads\/2020\/02\/FlexStat\u00ae-60-scaled.jpg 2048w\" sizes=\"auto, (max-width: 160px) 100vw, 160px\" \/><\/p>\n<ul>\n<li><span style=\"text-decoration: underline;\"><a href=\"http:\/\/www.flexaust.com\/product\/flexstat-80\/\"><strong>FlexStat 80<\/strong><\/ a><\/span>: carga\/descarga de vagones<\/li>\n<li><span style=\"text-decoration: underline;\"><a href=\"http:\/\/www.flexaust.com\/es\/producto\/flex-tube-pv-sd-lw\/\"><strong>Flex- Tube PV-SD-LW<\/strong><\/a><\/span>: Aspiradores industriales, farmac\u00e9uticos, control de est\u00e1tica, carpinter\u00eda\/muebles<\/li>\n<li><a href=\"http:\/\/www.flexaust.com\/es\/producto\/flx-thane-ld-sd\/\"><span style=\"text-decoration: underline;\"><strong>Flx-Thane LD -SD<\/strong><\/span><\/a>: Aplicaciones que requieren resistencia a la abrasi\u00f3n, recolecci\u00f3n de polvo, grado alimenticio, control est\u00e1tico, recuperaci\u00f3n de vapor, carpinter\u00eda\/muebles<\/li>\n<li><span style=\"text-decoration: underline;\"><a href=\"http:\/\/www.flexaust.com\/es\/producto\/static-dissipative-woodworking-hose\/\"><strong>Flx-Thane SD <\/strong><\/a><\/span>: Salas limpias, recolecci\u00f3n de polvo, distribuci\u00f3n de fertilizantes, grado alimenticio, remachado de vidrio, transporte de gr\u00e1nulos<\/li>\n<li><span style=\"text-decoration: underline;\"><a href=\"http:\/\/www.flexaust.com\/es\/producto\/manguera-de-servicio-severo-disipador-de-estatica\/\"><strong>FlexStat 60 <\/strong><\/a><\/span>: aspiradora de granos, transferencia de gr\u00e1nulos de pl\u00e1stico, polvo y amp; recolecci\u00f3n de polvo a granel, control est\u00e1tico, preparaci\u00f3n de superficies<\/li>\n<li><span style=\"text-decoration: underline;\"><a href=\"http:\/\/www.flexaust.com\/product\/static-dissipative-clean-room-hose\/\"><strong>FlexStat CR <\/strong><\/a><\/span>: salas limpias, grado alimentario, farmac\u00e9utica, transferencia de gr\u00e1nulos de pl\u00e1stico, polvo y amp; a granel<\/li>\n<li><a href=\"http:\/\/www.flexaust.com\/es\/producto\/static-control-hose-grounding-wire\/\"><span style=\"text-decoration: underline;\"><strong>FlexStat< \/strong><\/span><\/a>: limpieza de pisos de concreto, grado alimenticio, transporte de gr\u00e1nulos, aspiradoras industriales, moldeo por inyecci\u00f3n, transferencia de gr\u00e1nulos de pl\u00e1stico<\/li>\n<\/ul>\n<p>&nbsp;<\/p>\n<h2>Aplicaciones de mangueras conductoras de est\u00e1tica<\/h2>\n<p>En <span style=\"text-decoration: underline;\"><a href=\"http:\/\/www.flexaust.com\/es\/\">Flexaust<\/a><\/span>, ofrecemos una variedad de <a href= \"https:\/\/blog.flexaust.com\/es\/blog\/est%C3%A1tica-conductora-y-est%C3%A1tica-disipadora\"><span style=\"text-decoration: underline;\">mangueras conductoras de est\u00e1tica<\/span><\/a>, cada una Adecuado para tipos de aplicaciones espec\u00edficas:<\/p>\n<p><img loading=\"lazy\" decoding=\"async\" class=\"wp-image-34093 size-medium alignright\" style=\"color: #333333; estilo de fuente: normal; peso de fuente: 300;\" src=\"http:\/\/www.flexaust.com\/wp-content\/uploads\/2020\/03\/StatPath-178x200.jpg\" alt=\"Manguera StatPath\" title=\"Manguera StatPath\" width=\"178\" height=\"200\" srcset=\"https:\/\/www.flexaust.com\/wp-content\/uploads\/2020\/03\/StatPath-178x200.jpg 178w, https:\/\/www.flexaust.com\/wp-content\/uploads\/2020\/03\/StatPath-912x1024.jpg 912w, https:\/\/www.flexaust.com\/wp-content\/uploads\/2020\/03\/StatPath-768x863.jpg 768w, https:\/\/www.flexaust.com\/wp-content\/uploads\/2020\/03\/StatPath-1367x1536.jpg 1367w, https:\/\/www.flexaust.com\/wp-content\/uploads\/2020\/03\/StatPath-1823x2048.jpg 1823w, https:\/\/www.flexaust.com\/wp-content\/uploads\/2020\/03\/StatPath-53x60.jpg 53w, https:\/\/www.flexaust.com\/wp-content\/uploads\/2020\/03\/StatPath-138x155.jpg 138w\" sizes=\"auto, (max-width: 178px) 100vw, 178px\" \/><\/p>\n<ul>\n<li><a href=\"http:\/\/www.flexaust.com\/es\/producto\/flex-tube-pu-60-gv-gw\/\"><span style=\"text-decoration: underline;\"><strong> Flex-Tube PU 60 GV-GW<\/strong><\/span><\/a>: aspiradora de granos, polvo y amp; volumen, control est\u00e1tico<\/li>\n<li><span style=\"text-decoration: underline;\"><a href=\"http:\/\/www.flexaust.com\/es\/producto\/flex-tube-pv-sc\/\"><strong>Flex-Tube PV -SC<\/strong><\/a><\/span>: Aspiradores industriales, farmac\u00e9uticos, control de est\u00e1tica, carpinter\u00eda\/muebles<\/li>\n<li><a href=\"http:\/\/www.flexaust.com\/es\/producto\/statpath\/\"><span style=\"text-decoration: underline;\"><strong>StatPath<\/strong><\/span>< \/a>: Cajeros autom\u00e1ticos, ventilaci\u00f3n de autobuses, limpieza de pisos de concreto, conductos, iaspiradoras industriales, conductos de recorte de papel, impresi\u00f3n, pulverizadores, control de est\u00e1tica, ventilaci\u00f3n<\/li>\n<li><strong><a href=\"http:\/\/www.flexaust.com\/es\/producto\/statpath-2\/\"><span style=\"text-decoration: underline;\">StatPath Plus<\/ span><\/a>: <\/strong>Cajeros autom\u00e1ticos, ventilaci\u00f3n de autobuses, limpieza de pisos de concreto, conductos, aspiradoras industriales, conductos de recorte de papel, impresi\u00f3n, rociadores, control de est\u00e1tica, ventilaci\u00f3n<\/li>\n<li><strong><span style=\"text-decoration: underline;\"><a href=\"http:\/\/www.flexaust.com\/product\/static-conductive-hose\/\">Conduct-O-Flex< \/a><\/span>: <\/strong>Control est\u00e1tico de polvo y humos<\/li>\n<\/ul>\n<p>&nbsp;<\/p>\n<h2>Por qu\u00e9 son importantes las mangueras antiest\u00e1ticas<\/h2>\n<p>Las explosiones causadas por la ignici\u00f3n del polvo presentan un problema significativo en una variedad de sectores industriales estadounidenses. Cuando las instalaciones no siguen los controles de ingenier\u00eda est\u00e1ndar de la NFPA que incluyen control de polvo y est\u00e1tica, aumentan dr\u00e1sticamente la probabilidad de da\u00f1os graves a la propiedad, lesiones y\/o muerte dentro de su operaci\u00f3n.<\/p>\n<p>Aunque de ninguna manera es una lista completa, las aplicaciones con estos factores ambientales tienen un riesgo m\u00e1s alto de lo normal de explosiones relacionadas con el polvo:<\/p>\n<p><img loading=\"lazy\" decoding=\"async\" class=\"tama\u00f1o-medio wp-image-34058 alignright\" style=\"color: #333333; estilo de fuente: normal; peso de fuente: 300;\" src=\"http:\/\/www.flexaust.com\/wp-content\/uploads\/2020\/02\/FlexStat-Image-1-150x200.jpg\" alt=\"FlexStat en uso\" title=\"FlexStat en uso\" width=\"150\" height=\"200\" srcset=\"https:\/\/www.flexaust.com\/wp-content\/uploads\/2020\/02\/FlexStat-Image-1-150x200.jpg 150w, https:\/\/www.flexaust.com\/wp-content\/uploads\/2020\/02\/FlexStat-Image-1-768x1024.jpg 768w, https:\/\/www.flexaust.com\/wp-content\/uploads\/2020\/02\/FlexStat-Image-1-1152x1536.jpg 1152w, https:\/\/www.flexaust.com\/wp-content\/uploads\/2020\/02\/FlexStat-Image-1-1536x2048.jpg 1536w, https:\/\/www.flexaust.com\/wp-content\/uploads\/2020\/02\/FlexStat-Image-1-45x60.jpg 45w, https:\/\/www.flexaust.com\/wp-content\/uploads\/2020\/02\/FlexStat-Image-1-138x184.jpg 138w, https:\/\/www.flexaust.com\/wp-content\/uploads\/2020\/02\/FlexStat-Image-1-scaled.jpg 1920w\" sizes=\"auto, (max-width: 150px) 100vw, 150px\" \/><\/p>\n<ul>\n<li><strong>Polvos agr\u00edcolas:<\/strong> Ma\u00edz, sorgo y otros granos h\u00famedos; azucar refinada; molienda de harina y cereales)<\/li>\n<li><strong>Polvos carbon\u00e1ceos<\/strong>: Carb\u00f3n, grafito, grafema, carbonos nano\/mesoporosos<\/li>\n<li><strong>Polvos qu\u00edmicos<\/strong>: \u00e1cidos grasos NOC, aceites esenciales, gelatina<\/li>\n<li><strong>Polvos met\u00e1licos<\/strong>: Fresado, enchapado, pulido, anodizado y coloreado<\/li>\n<li><strong>Polvos de pl\u00e1stico<\/strong>: Resinas sint\u00e9ticas y elast\u00f3meros no vulcanizables<\/li>\n<\/ul>\n<p>Nuestras mangueras de recolecci\u00f3n de polvo antiest\u00e1ticas y mangueras de control de est\u00e1tica desempe\u00f1an un papel fundamental en el mantenimiento de la seguridad operativa y la prevenci\u00f3n de incendios y explosiones. Ayudamos a nuestros clientes a seleccionar mangueras flexibles con las mejores clasificaciones de resistencia el\u00e9ctrica y mangueras de control est\u00e1tico adecuadas para adaptarse a los riesgos \u00fanicos asociados con sus instalaciones y operaciones.<\/p>\n<p>Explore nuestras <span style=\"text-decoration: underline;\"><a href=\"http:\/\/www.flexaust.com\/es\/ind-hose-market\/control-de-estatica\/\">p\u00e1ginas de productos de control est\u00e1tico<\/a> <\/span> o <a href=\"http:\/\/www.flexaust.com\/es\/contacto-y-soporte\/contactenos\/\"><span style=\"text-decoration: underline;\">cont\u00e1ctenos<\/span><\/a > para obtener m\u00e1s informaci\u00f3n sobre las soluciones de mangueras de control est\u00e1tico disponibles en Flexaust.<\/p>\n","protected":false},"excerpt":{"rendered":"<p>Las mangueras flexibles utilizadas en entornos industriales altamente vol\u00e1tiles tienen el potencial de producir chispas, que pueden encender part\u00edculas de polvo inflamables y provocar incendios o explosiones. Este potencial hace necesario que las instalaciones de alto riesgo utilicen mangueras antiest\u00e1ticas en sus instalaciones y operaciones. Una manguera antiest\u00e1tica puede ser de dos tipos: una manguera disipadora de est\u00e1tica o una manguera conductora de est\u00e1tica. Flexaust ofrece ambos tipos de mangueras antiest\u00e1ticas en una variedad de longitudes y materiales, con dise\u00f1os &hellip; <a href=\"https:\/\/www.flexaust.com\/es\/que-son-las-mangueras-antiestaticas\/\">Seguir leyendo <span class=\"meta-nav\">\u00bb<\/span><\/a><\/p>\n","protected":false},"author":3,"featured_media":34051,"parent":0,"menu_order":0,"comment_status":"closed","ping_status":"closed","template":"","meta":{"_acf_changed":false,"content-type":"","inline_featured_image":false,"footnotes":"","_links_to":"","_links_to_target":""},"class_list":["post-46585","page","type-page","status-publish","has-post-thumbnail","hentry"],"acf":[],"yoast_head":"<!-- This site is optimized with the Yoast SEO plugin v27.3 - https:\/\/yoast.com\/product\/yoast-seo-wordpress\/ -->\n<title>Qu\u00e9 Son las Mangueras Antiest\u00e1ticas | Flexaust Inc.<\/title>\n<meta name=\"description\" content=\"\u00bfQu\u00e9 son las Mangueras Antiest\u00e1ticas? Informaci\u00f3n sobre mangueras antiest\u00e1ticas y sus beneficios.\" \/>\n<meta name=\"robots\" content=\"index, follow, max-snippet:-1, max-image-preview:large, max-video-preview:-1\" \/>\n<link rel=\"canonical\" href=\"https:\/\/www.flexaust.com\/es\/que-son-las-mangueras-antiestaticas\/\" \/>\n<meta name=\"twitter:label1\" content=\"Tiempo de lectura\" \/>\n\t<meta name=\"twitter:data1\" content=\"4 minutes\" \/>\n<script type=\"application\/ld+json\" class=\"yoast-schema-graph\">{\"@context\":\"https:\\\/\\\/schema.org\",\"@graph\":[{\"@type\":\"WebPage\",\"@id\":\"https:\\\/\\\/www.flexaust.com\\\/es\\\/que-son-las-mangueras-antiestaticas\\\/\",\"url\":\"https:\\\/\\\/www.flexaust.com\\\/es\\\/que-son-las-mangueras-antiestaticas\\\/\",\"name\":\"Qu\u00e9 Son las Mangueras Antiest\u00e1ticas | Flexaust Inc.\",\"isPartOf\":{\"@id\":\"https:\\\/\\\/www.flexaust.com\\\/#website\"},\"primaryImageOfPage\":{\"@id\":\"https:\\\/\\\/www.flexaust.com\\\/es\\\/que-son-las-mangueras-antiestaticas\\\/#primaryimage\"},\"image\":{\"@id\":\"https:\\\/\\\/www.flexaust.com\\\/es\\\/que-son-las-mangueras-antiestaticas\\\/#primaryimage\"},\"thumbnailUrl\":\"https:\\\/\\\/www.flexaust.com\\\/wp-content\\\/uploads\\\/2020\\\/02\\\/Flx-Thane-SD.jpg\",\"datePublished\":\"2020-03-03T20:11:21+00:00\",\"dateModified\":\"2024-11-27T10:39:30+00:00\",\"description\":\"\u00bfQu\u00e9 son las Mangueras Antiest\u00e1ticas? Informaci\u00f3n sobre mangueras antiest\u00e1ticas y sus beneficios.\",\"inLanguage\":\"es-ES\",\"potentialAction\":[{\"@type\":\"ReadAction\",\"target\":[\"https:\\\/\\\/www.flexaust.com\\\/es\\\/que-son-las-mangueras-antiestaticas\\\/\"]}]},{\"@type\":\"ImageObject\",\"inLanguage\":\"es-ES\",\"@id\":\"https:\\\/\\\/www.flexaust.com\\\/es\\\/que-son-las-mangueras-antiestaticas\\\/#primaryimage\",\"url\":\"https:\\\/\\\/www.flexaust.com\\\/wp-content\\\/uploads\\\/2020\\\/02\\\/Flx-Thane-SD.jpg\",\"contentUrl\":\"https:\\\/\\\/www.flexaust.com\\\/wp-content\\\/uploads\\\/2020\\\/02\\\/Flx-Thane-SD.jpg\",\"width\":2048,\"height\":2560,\"caption\":\"Venmark International Publicity Image\"},{\"@type\":\"WebSite\",\"@id\":\"https:\\\/\\\/www.flexaust.com\\\/#website\",\"url\":\"https:\\\/\\\/www.flexaust.com\\\/\",\"name\":\"Flexaust\",\"description\":\"Industrial Hose Manufacturer\",\"potentialAction\":[{\"@type\":\"SearchAction\",\"target\":{\"@type\":\"EntryPoint\",\"urlTemplate\":\"https:\\\/\\\/www.flexaust.com\\\/?s={search_term_string}\"},\"query-input\":{\"@type\":\"PropertyValueSpecification\",\"valueRequired\":true,\"valueName\":\"search_term_string\"}}],\"inLanguage\":\"es-ES\"}]}<\/script>\n<!-- \/ Yoast SEO plugin. -->","yoast_head_json":{"title":"Qu\u00e9 Son las Mangueras Antiest\u00e1ticas | Flexaust Inc.","description":"\u00bfQu\u00e9 son las Mangueras Antiest\u00e1ticas? Informaci\u00f3n sobre mangueras antiest\u00e1ticas y sus beneficios.","robots":{"index":"index","follow":"follow","max-snippet":"max-snippet:-1","max-image-preview":"max-image-preview:large","max-video-preview":"max-video-preview:-1"},"canonical":"https:\/\/www.flexaust.com\/es\/que-son-las-mangueras-antiestaticas\/","twitter_misc":{"Tiempo de lectura":"4 minutes"},"schema":{"@context":"https:\/\/schema.org","@graph":[{"@type":"WebPage","@id":"https:\/\/www.flexaust.com\/es\/que-son-las-mangueras-antiestaticas\/","url":"https:\/\/www.flexaust.com\/es\/que-son-las-mangueras-antiestaticas\/","name":"Qu\u00e9 Son las Mangueras Antiest\u00e1ticas | Flexaust Inc.","isPartOf":{"@id":"https:\/\/www.flexaust.com\/#website"},"primaryImageOfPage":{"@id":"https:\/\/www.flexaust.com\/es\/que-son-las-mangueras-antiestaticas\/#primaryimage"},"image":{"@id":"https:\/\/www.flexaust.com\/es\/que-son-las-mangueras-antiestaticas\/#primaryimage"},"thumbnailUrl":"https:\/\/www.flexaust.com\/wp-content\/uploads\/2020\/02\/Flx-Thane-SD.jpg","datePublished":"2020-03-03T20:11:21+00:00","dateModified":"2024-11-27T10:39:30+00:00","description":"\u00bfQu\u00e9 son las Mangueras Antiest\u00e1ticas? Informaci\u00f3n sobre mangueras antiest\u00e1ticas y sus beneficios.","inLanguage":"es-ES","potentialAction":[{"@type":"ReadAction","target":["https:\/\/www.flexaust.com\/es\/que-son-las-mangueras-antiestaticas\/"]}]},{"@type":"ImageObject","inLanguage":"es-ES","@id":"https:\/\/www.flexaust.com\/es\/que-son-las-mangueras-antiestaticas\/#primaryimage","url":"https:\/\/www.flexaust.com\/wp-content\/uploads\/2020\/02\/Flx-Thane-SD.jpg","contentUrl":"https:\/\/www.flexaust.com\/wp-content\/uploads\/2020\/02\/Flx-Thane-SD.jpg","width":2048,"height":2560,"caption":"Venmark International Publicity Image"},{"@type":"WebSite","@id":"https:\/\/www.flexaust.com\/#website","url":"https:\/\/www.flexaust.com\/","name":"Flexaust","description":"Industrial Hose Manufacturer","potentialAction":[{"@type":"SearchAction","target":{"@type":"EntryPoint","urlTemplate":"https:\/\/www.flexaust.com\/?s={search_term_string}"},"query-input":{"@type":"PropertyValueSpecification","valueRequired":true,"valueName":"search_term_string"}}],"inLanguage":"es-ES"}]}},"_links":{"self":[{"href":"https:\/\/www.flexaust.com\/es\/wp-json\/wp\/v2\/pages\/46585","targetHints":{"allow":["GET"]}}],"collection":[{"href":"https:\/\/www.flexaust.com\/es\/wp-json\/wp\/v2\/pages"}],"about":[{"href":"https:\/\/www.flexaust.com\/es\/wp-json\/wp\/v2\/types\/page"}],"author":[{"embeddable":true,"href":"https:\/\/www.flexaust.com\/es\/wp-json\/wp\/v2\/users\/3"}],"replies":[{"embeddable":true,"href":"https:\/\/www.flexaust.com\/es\/wp-json\/wp\/v2\/comments?post=46585"}],"version-history":[{"count":1,"href":"https:\/\/www.flexaust.com\/es\/wp-json\/wp\/v2\/pages\/46585\/revisions"}],"predecessor-version":[{"id":51533,"href":"https:\/\/www.flexaust.com\/es\/wp-json\/wp\/v2\/pages\/46585\/revisions\/51533"}],"wp:featuredmedia":[{"embeddable":true,"href":"https:\/\/www.flexaust.com\/es\/wp-json\/wp\/v2\/media\/34051"}],"wp:attachment":[{"href":"https:\/\/www.flexaust.com\/es\/wp-json\/wp\/v2\/media?parent=46585"}],"curies":[{"name":"wp","href":"https:\/\/api.w.org\/{rel}","templated":true}]}}