{"id":46583,"date":"2012-02-02T01:49:04","date_gmt":"2012-02-02T06:49:04","guid":{"rendered":"http:\/\/www.flexaust.com\/?page_id=46583"},"modified":"2024-11-27T06:14:54","modified_gmt":"2024-11-27T11:14:54","slug":"tm-manguera-portatil-para-limpieza-de-alfombras-disponible-en-colores-personalizados","status":"publish","type":"page","link":"https:\/\/www.flexaust.com\/es\/tm-manguera-portatil-para-limpieza-de-alfombras-disponible-en-colores-personalizados\/","title":{"rendered":"TM &#8211; Manguera port\u00e1til para limpieza de alfombras disponible en colores personalizados"},"content":{"rendered":"<p><strong><a rel=\"attachment wp-att-2118\" href=\"http:\/\/flexaust2.us\/tm-portable-carpet-cleaning-hose-custom-colors\/attachment\/stm_2011_new_lg_image\/\"><img loading=\"lazy\" decoding=\"async\" class= \"alignright size-full wp-image-2118\" title=\"Dise\u00f1ado para instalaci\u00f3n comercial, industrial y residencial en camiones\" src=\"http:\/\/www.flexaust.com\/wp-content\/uploads\/2012\/01\/stm.gif\" alt=\"Dise\u00f1ado para instalaci\u00f3n comercial, industrial y residencial en camiones\" width=\"166\" height=\"208\" \/><\/a>Dise\u00f1ado para instalaci\u00f3n comercial, industrial y residencial Instalaci\u00f3n de montaje en cami\u00f3n residencial<\/strong><br \/>\nFlexaust presenta una manguera de copol\u00edmero de polietileno mejorada que viene en una variedad de colores con pu\u00f1os soldados de polietileno integrales para instalaci\u00f3n en camiones comerciales, industriales y residenciales.<\/p>\n<p>La manguera de montaje en cami\u00f3n para limpieza de alfombras <a href=\"http:\/\/www.flexaust.com\/es\/producto\/stm\/\">Genesis<sup>\u00ae<\/sup> STM<\/a> de Flexaust est\u00e1 extruida a partir de una mezcla patentada de copol\u00edmero de polietileno que brinda mayor flexibilidad y resistencia al aplastamiento. Reforzada con una I-Helix integral de polietileno de doble perfil para arrastrar f\u00e1cilmente sobre todas las superficies, esta manguera de montaje en cami\u00f3n para limpieza de alfombras est\u00e1 disponible en una amplia variedad de colores.<\/p>\n<p>Con pu\u00f1os soldados de poli\u00e9ster instalados de f\u00e1brica, Flexaust <a href=\"http:\/\/www.flexaust.com\/es\/group\/herramientas-de-la-alfombra-industrial\/\" target=\"_blank\" rel=\"noopener\"><\/a><a href=\"\/industrial-hoses\/stm\/\">Genesis<sup>\u00ae<\/sup> STM<\/a> La manguera de montaje en cami\u00f3n para limpieza de alfombras admite vac\u00edo total, resiste la mayor\u00eda de los productos qu\u00edmicos, solventes y agua, y funciona a m\u00e1s de -40 Rango de temperatura de \u00b0F a 160 \u00b0F. Viene en 1.5\u201d y 2\u201d I.D. tama\u00f1os y longitudes est\u00e1ndar de 25&#8242; y 50&#8242; en rojo, azul, amarillo, naranja y verde, con combinaci\u00f3n de colores personalizada.<\/p>\n<p>Muestras y cotizaciones de precios est\u00e1n disponibles a pedido.<\/p>\n<p>Para obtener m\u00e1s informaci\u00f3n, <a href=\"http:\/\/www.flexaust.com\/es\/contacto-y-soporte\/contactenos\/\">comun\u00edquese con Flexaust aqu\u00ed<\/a>.<\/p>\n","protected":false},"excerpt":{"rendered":"<p>Dise\u00f1ado para instalaci\u00f3n comercial, industrial y residencial Instalaci\u00f3n de montaje en cami\u00f3n residencial Flexaust presenta una manguera de copol\u00edmero de polietileno mejorada que viene en una variedad de colores con pu\u00f1os soldados de polietileno integrales para instalaci\u00f3n en camiones comerciales, industriales y residenciales. La manguera de montaje en cami\u00f3n para limpieza de alfombras Genesis\u00ae STM de Flexaust est\u00e1 extruida a partir de una mezcla patentada de copol\u00edmero de polietileno que brinda mayor flexibilidad y resistencia al aplastamiento. Reforzada con una &hellip; <a href=\"https:\/\/www.flexaust.com\/es\/tm-manguera-portatil-para-limpieza-de-alfombras-disponible-en-colores-personalizados\/\">Seguir leyendo <span class=\"meta-nav\">\u00bb<\/span><\/a><\/p>\n","protected":false},"author":3,"featured_media":0,"parent":0,"menu_order":0,"comment_status":"closed","ping_status":"closed","template":"","meta":{"_acf_changed":false,"content-type":"","inline_featured_image":false,"footnotes":"","_links_to":"","_links_to_target":""},"class_list":["post-46583","page","type-page","status-publish","hentry"],"acf":[],"yoast_head":"<!-- This site is optimized with the Yoast SEO plugin v27.4 - https:\/\/yoast.com\/product\/yoast-seo-wordpress\/ -->\n<title>TM Manguera para Alfombras | Flexaust Inc.<\/title>\n<meta name=\"description\" content=\"Manguera Port\u00e1til para Limpieza de Alfombras: Manguera port\u00e1til para limpieza de alfombras en colores personalizados.\" \/>\n<meta name=\"robots\" content=\"index, follow, max-snippet:-1, max-image-preview:large, max-video-preview:-1\" \/>\n<link rel=\"canonical\" href=\"https:\/\/www.flexaust.com\/tm-portable-carpet-cleaning-hose-custom-colors\/\" \/>\n<meta name=\"twitter:label1\" content=\"Tiempo de lectura\" \/>\n\t<meta name=\"twitter:data1\" content=\"2 minutes\" \/>\n<script type=\"application\/ld+json\" class=\"yoast-schema-graph\">{\"@context\":\"https:\\\/\\\/schema.org\",\"@graph\":[{\"@type\":\"WebPage\",\"@id\":\"https:\\\/\\\/www.flexaust.com\\\/tm-portable-carpet-cleaning-hose-custom-colors\\\/\",\"url\":\"https:\\\/\\\/www.flexaust.com\\\/tm-portable-carpet-cleaning-hose-custom-colors\\\/\",\"name\":\"TM Manguera para Alfombras | Flexaust Inc.\",\"isPartOf\":{\"@id\":\"https:\\\/\\\/www.flexaust.com\\\/#website\"},\"primaryImageOfPage\":{\"@id\":\"https:\\\/\\\/www.flexaust.com\\\/tm-portable-carpet-cleaning-hose-custom-colors\\\/#primaryimage\"},\"image\":{\"@id\":\"https:\\\/\\\/www.flexaust.com\\\/tm-portable-carpet-cleaning-hose-custom-colors\\\/#primaryimage\"},\"thumbnailUrl\":\"http:\\\/\\\/www.flexaust.com\\\/wp-content\\\/uploads\\\/2012\\\/01\\\/stm.gif\",\"datePublished\":\"2012-02-02T06:49:04+00:00\",\"dateModified\":\"2024-11-27T11:14:54+00:00\",\"description\":\"Manguera Port\u00e1til para Limpieza de Alfombras: Manguera port\u00e1til para limpieza de alfombras en colores personalizados.\",\"inLanguage\":\"es-ES\",\"potentialAction\":[{\"@type\":\"ReadAction\",\"target\":[\"https:\\\/\\\/www.flexaust.com\\\/tm-portable-carpet-cleaning-hose-custom-colors\\\/\"]}]},{\"@type\":\"ImageObject\",\"inLanguage\":\"es-ES\",\"@id\":\"https:\\\/\\\/www.flexaust.com\\\/tm-portable-carpet-cleaning-hose-custom-colors\\\/#primaryimage\",\"url\":\"http:\\\/\\\/www.flexaust.com\\\/wp-content\\\/uploads\\\/2012\\\/01\\\/stm.gif\",\"contentUrl\":\"http:\\\/\\\/www.flexaust.com\\\/wp-content\\\/uploads\\\/2012\\\/01\\\/stm.gif\"},{\"@type\":\"WebSite\",\"@id\":\"https:\\\/\\\/www.flexaust.com\\\/#website\",\"url\":\"https:\\\/\\\/www.flexaust.com\\\/\",\"name\":\"Flexaust\",\"description\":\"Industrial Hose Manufacturer\",\"potentialAction\":[{\"@type\":\"SearchAction\",\"target\":{\"@type\":\"EntryPoint\",\"urlTemplate\":\"https:\\\/\\\/www.flexaust.com\\\/?s={search_term_string}\"},\"query-input\":{\"@type\":\"PropertyValueSpecification\",\"valueRequired\":true,\"valueName\":\"search_term_string\"}}],\"inLanguage\":\"es-ES\"}]}<\/script>\n<!-- \/ Yoast SEO plugin. -->","yoast_head_json":{"title":"TM Manguera para Alfombras | Flexaust Inc.","description":"Manguera Port\u00e1til para Limpieza de Alfombras: Manguera port\u00e1til para limpieza de alfombras en colores personalizados.","robots":{"index":"index","follow":"follow","max-snippet":"max-snippet:-1","max-image-preview":"max-image-preview:large","max-video-preview":"max-video-preview:-1"},"canonical":"https:\/\/www.flexaust.com\/tm-portable-carpet-cleaning-hose-custom-colors\/","twitter_misc":{"Tiempo de lectura":"2 minutes"},"schema":{"@context":"https:\/\/schema.org","@graph":[{"@type":"WebPage","@id":"https:\/\/www.flexaust.com\/tm-portable-carpet-cleaning-hose-custom-colors\/","url":"https:\/\/www.flexaust.com\/tm-portable-carpet-cleaning-hose-custom-colors\/","name":"TM Manguera para Alfombras | Flexaust Inc.","isPartOf":{"@id":"https:\/\/www.flexaust.com\/#website"},"primaryImageOfPage":{"@id":"https:\/\/www.flexaust.com\/tm-portable-carpet-cleaning-hose-custom-colors\/#primaryimage"},"image":{"@id":"https:\/\/www.flexaust.com\/tm-portable-carpet-cleaning-hose-custom-colors\/#primaryimage"},"thumbnailUrl":"http:\/\/www.flexaust.com\/wp-content\/uploads\/2012\/01\/stm.gif","datePublished":"2012-02-02T06:49:04+00:00","dateModified":"2024-11-27T11:14:54+00:00","description":"Manguera Port\u00e1til para Limpieza de Alfombras: Manguera port\u00e1til para limpieza de alfombras en colores personalizados.","inLanguage":"es-ES","potentialAction":[{"@type":"ReadAction","target":["https:\/\/www.flexaust.com\/tm-portable-carpet-cleaning-hose-custom-colors\/"]}]},{"@type":"ImageObject","inLanguage":"es-ES","@id":"https:\/\/www.flexaust.com\/tm-portable-carpet-cleaning-hose-custom-colors\/#primaryimage","url":"http:\/\/www.flexaust.com\/wp-content\/uploads\/2012\/01\/stm.gif","contentUrl":"http:\/\/www.flexaust.com\/wp-content\/uploads\/2012\/01\/stm.gif"},{"@type":"WebSite","@id":"https:\/\/www.flexaust.com\/#website","url":"https:\/\/www.flexaust.com\/","name":"Flexaust","description":"Industrial Hose Manufacturer","potentialAction":[{"@type":"SearchAction","target":{"@type":"EntryPoint","urlTemplate":"https:\/\/www.flexaust.com\/?s={search_term_string}"},"query-input":{"@type":"PropertyValueSpecification","valueRequired":true,"valueName":"search_term_string"}}],"inLanguage":"es-ES"}]}},"_links":{"self":[{"href":"https:\/\/www.flexaust.com\/es\/wp-json\/wp\/v2\/pages\/46583","targetHints":{"allow":["GET"]}}],"collection":[{"href":"https:\/\/www.flexaust.com\/es\/wp-json\/wp\/v2\/pages"}],"about":[{"href":"https:\/\/www.flexaust.com\/es\/wp-json\/wp\/v2\/types\/page"}],"author":[{"embeddable":true,"href":"https:\/\/www.flexaust.com\/es\/wp-json\/wp\/v2\/users\/3"}],"replies":[{"embeddable":true,"href":"https:\/\/www.flexaust.com\/es\/wp-json\/wp\/v2\/comments?post=46583"}],"version-history":[{"count":1,"href":"https:\/\/www.flexaust.com\/es\/wp-json\/wp\/v2\/pages\/46583\/revisions"}],"predecessor-version":[{"id":51548,"href":"https:\/\/www.flexaust.com\/es\/wp-json\/wp\/v2\/pages\/46583\/revisions\/51548"}],"wp:attachment":[{"href":"https:\/\/www.flexaust.com\/es\/wp-json\/wp\/v2\/media?parent=46583"}],"curies":[{"name":"wp","href":"https:\/\/api.w.org\/{rel}","templated":true}]}}