{"id":46551,"date":"2012-01-24T04:03:05","date_gmt":"2012-01-24T09:03:05","guid":{"rendered":"http:\/\/www.flexaust.com\/?page_id=46551"},"modified":"2025-09-11T03:04:10","modified_gmt":"2025-09-11T07:04:10","slug":"inicio-de-productos-de-mangueras-industriales","status":"publish","type":"page","link":"https:\/\/www.flexaust.com\/es\/inicio-de-productos-de-mangueras-industriales\/","title":{"rendered":"Inicio de productos de mangueras industriales"},"content":{"rendered":"<p><strong>Confiable en cualquier lugar<\/strong>. Los productos de conductos y mangueras flexibles de Flexaust est\u00e1n dise\u00f1ados para satisfacer las aplicaciones industriales y comerciales m\u00e1s exigentes del mercado industrial actual. La amplia gama de productos de ductos se utiliza en aplicaciones que involucran aire, polvo, control de humos, alta temperatura, vac\u00edo, recuperaci\u00f3n de vapor, servicio severo y manejo de materiales livianos. Las construcciones de manguera incluyen manguera de tela recubierta reforzada con alambre, manguera de pl\u00e1stico reforzada con alambre en diferentes espesores de pared, conductos de metal doblables a mano y manguera interior lisa completamente de pl\u00e1stico.<\/p>\n<p>Flexaust utiliza una amplia gama de materiales que incluyen caucho termopl\u00e1stico, poliuretano, PVC, neopreno, poli\u00e9ster, tela de vinilo y polietileno para fabricar una amplia gama de productos. La flexibilidad liviana hace que la manguera flexible Flexaust sea f\u00e1cil de instalar y usar. Se dobla f\u00e1cilmente alrededor de las obstrucciones, lo que elimina la necesidad de una ingenier\u00eda costosa. Los productos Flexaust tambi\u00e9n son f\u00e1ciles de cortar, acoplar y conectar, utilizando los acabados de los extremos, los manguitos, las abrazaderas y los conectores suministrados. Ligeras y port\u00e1tiles, las mangueras para ductos Flexaust se pueden almacenar y usar repetidamente.<\/p>\n<hr \/>\n<h2><a href=\"\/ind-hose-cat\/industrial-hoses\/\">Utilice la b\u00fasqueda de productos de mangueras industriales para encontrar el producto adecuado \u00bb<\/a><\/h2>\n<h2><a href=\"http:\/\/www.flexaust.com\/es\/productos\/accesorios-para-mangueras\/\">Revise todos los accesorios recomendados para mangueras industriales \u00bb<\/a><\/h2>\n<p><a href=\"http:\/\/www.flexaust.com\/es\/aplicaciones-de-mercado\/\"><strong><span style=\"font-size: medium;\">Encuentre mangueras industriales por aplicaci\u00f3n de mercado \u00bb<\/span><\/strong><br \/>\n<\/a><\/p>\n<hr \/>\n<div class=\"hportals_column_1\">\n<h3>Asistencia t\u00e9cnica para productos de mangueras industriales<\/h3>\n<ul>\n<li><a><\/a><a href=\"\/wp-content\/uploads\/2012\/02\/Chemical-Resistance-Chart.pdf\">Tabla de resistencia qu\u00edmica<\/a><\/li>\n<li><a href=\"http:\/\/www.flexaust.com\/es\/recursos\/guias-de-productos\/\">Gu\u00edas de productos<\/a><\/li>\n<li><a href=\"http:\/\/www.flexaust.com\/es\/aplicaciones-de-mercado\/\">Aplicaciones de mercado de mangueras<\/a><\/li>\n<li><a href=\"http:\/\/www.flexaust.com\/es\/productos\/accesorios-para-mangueras\/\">Accesorios para mangueras<\/a><\/li>\n<li><a href=\"http:\/\/www.flexaust.com\/es\/recursos\/faqs22\/\">Preguntas frecuentes<\/a><\/li>\n<\/ul>\n<\/div>\n<div class=\"hportals_column_2\">\n<h3>Enlaces y herramientas \u00fatiles<\/h3>\n<ul>\n<li><a><\/a><a href=\"http:\/\/www.flexaust.com\/es\/recursos\/guias-de-productos\/\">Publicaciones sobre mangueras industriales<\/a><\/li>\n<li><a href=\"http:\/\/www.convert-me.com\/en\/convert\/temperature\" target=\"_blank\" rel=\"noopener\">Conversiones de temperatura<\/a><\/li>\n<li><a href=\"http:\/\/www.convert-me.com\/en\/convert\/pression\" target=\"_blank\" rel=\"noopener\">Conversi\u00f3n de presi\u00f3n<\/a><\/li>\n<li><a href=\"http:\/\/www.convert-me.com\/en\/convert\/length\" target=\"_blank\" rel=\"noopener\">Conversi\u00f3n de longitud<\/a><\/li>\n<\/ul>\n<p>&nbsp;<\/p>\n<\/div>\n<div class=\"hportals_column_3\">\n<h3>Productos populares de mangueras industriales<\/h3>\n<ul>\n<li><a><\/a><a href=\"http:\/\/www.flexaust.com\/es\/ind-hose-market\/recoleccion-de-pasto-y-hojas\/\">Manguera de aspiradora para hojas y c\u00e9sped<\/a><\/li>\n<li><a><\/a><a href=\"http:\/\/www.flexaust.com\/es\/ind-hose-market\/ventilacion-para-los-cascos-de-carreras\/\">Manguera para autos de carrera<\/a><\/li>\n<li><a><\/a><a href=\"\/mangueras-industriales\/manguera-para-trabajo-de-la-madera-resistente-a-la-abrasi\u00f3n\/\">Manguera de tama\u00f1o m\u00e9trico<\/a><\/li>\n<li><a><\/a><a href=\"http:\/\/www.flexaust.com\/es\/ind-hose-market\/thermo-aislante-de-calofrio\/\">Productos de valor R<\/a><\/li>\n<li><a><\/a><a href=\"http:\/\/www.flexaust.com\/es\/ind-hose-market\/grado-alimenticio\/\">Mangueras aceptables por la FDA<\/a><\/li>\n<li><a><\/a><a href=\"http:\/\/www.flexaust.com\/es\/ind-hose-market\/control-de-estatica\/\">Mangueras que evitan la est\u00e1tica<\/a><\/li>\n<li><a><\/a><a href=\"http:\/\/www.flexaust.com\/es\/ind-hose-market\/resistencia-al-fuego\/\">Mangueras con clasificaci\u00f3n UL 94V-0<\/a><\/li>\n<li><a><\/a><a href=\"http:\/\/www.flexaust.com\/es\/ind-hose-market\/resistencia-al-fuego\/\">Mangueras retardantes de llama<\/a><\/li>\n<\/ul>\n<\/div>\n<p>&nbsp;<\/p>\n","protected":false},"excerpt":{"rendered":"<p>Confiable en cualquier lugar. Los productos de conductos y mangueras flexibles de Flexaust est\u00e1n dise\u00f1ados para satisfacer las aplicaciones industriales y comerciales m\u00e1s exigentes del mercado industrial actual. La amplia gama de productos de ductos se utiliza en aplicaciones que involucran aire, polvo, control de humos, alta temperatura, vac\u00edo, recuperaci\u00f3n de vapor, servicio severo y manejo de materiales livianos. Las construcciones de manguera incluyen manguera de tela recubierta reforzada con alambre, manguera de pl\u00e1stico reforzada con alambre en diferentes espesores &hellip; <a href=\"https:\/\/www.flexaust.com\/es\/inicio-de-productos-de-mangueras-industriales\/\">Seguir leyendo <span class=\"meta-nav\">\u00bb<\/span><\/a><\/p>\n","protected":false},"author":3,"featured_media":0,"parent":0,"menu_order":0,"comment_status":"closed","ping_status":"closed","template":"page-ind-hoses-portal.php","meta":{"_acf_changed":false,"content-type":"","inline_featured_image":false,"footnotes":"","_links_to":"","_links_to_target":""},"class_list":["post-46551","page","type-page","status-publish","hentry"],"acf":[],"yoast_head":"<!-- This site is optimized with the Yoast SEO plugin v27.3 - https:\/\/yoast.com\/product\/yoast-seo-wordpress\/ -->\n<title>Mangueras Industriales \u2013 Inicio De Productos De Mangueras Industriales | Flexaust Inc.<\/title>\n<meta name=\"description\" content=\"Inicio de Productos de Mangueras Industriales: Encuentre las mejores mangueras industriales para sus necesidades espec\u00edficas.\" \/>\n<meta name=\"robots\" content=\"index, follow, max-snippet:-1, max-image-preview:large, max-video-preview:-1\" \/>\n<link rel=\"canonical\" href=\"https:\/\/www.flexaust.com\/es\/inicio-de-productos-de-mangueras-industriales\/\" \/>\n<meta name=\"twitter:label1\" content=\"Tiempo de lectura\" \/>\n\t<meta name=\"twitter:data1\" content=\"2 minutes\" \/>\n<script type=\"application\/ld+json\" class=\"yoast-schema-graph\">{\"@context\":\"https:\\\/\\\/schema.org\",\"@graph\":[{\"@type\":\"WebPage\",\"@id\":\"https:\\\/\\\/www.flexaust.com\\\/es\\\/inicio-de-productos-de-mangueras-industriales\\\/\",\"url\":\"https:\\\/\\\/www.flexaust.com\\\/es\\\/inicio-de-productos-de-mangueras-industriales\\\/\",\"name\":\"Mangueras Industriales \u2013 Inicio De Productos De Mangueras Industriales | Flexaust Inc.\",\"isPartOf\":{\"@id\":\"https:\\\/\\\/www.flexaust.com\\\/#website\"},\"datePublished\":\"2012-01-24T09:03:05+00:00\",\"dateModified\":\"2025-09-11T07:04:10+00:00\",\"description\":\"Inicio de Productos de Mangueras Industriales: Encuentre las mejores mangueras industriales para sus necesidades espec\u00edficas.\",\"inLanguage\":\"es-ES\",\"potentialAction\":[{\"@type\":\"ReadAction\",\"target\":[\"https:\\\/\\\/www.flexaust.com\\\/es\\\/inicio-de-productos-de-mangueras-industriales\\\/\"]}]},{\"@type\":\"WebSite\",\"@id\":\"https:\\\/\\\/www.flexaust.com\\\/#website\",\"url\":\"https:\\\/\\\/www.flexaust.com\\\/\",\"name\":\"Flexaust\",\"description\":\"Industrial Hose Manufacturer\",\"potentialAction\":[{\"@type\":\"SearchAction\",\"target\":{\"@type\":\"EntryPoint\",\"urlTemplate\":\"https:\\\/\\\/www.flexaust.com\\\/?s={search_term_string}\"},\"query-input\":{\"@type\":\"PropertyValueSpecification\",\"valueRequired\":true,\"valueName\":\"search_term_string\"}}],\"inLanguage\":\"es-ES\"}]}<\/script>\n<!-- \/ Yoast SEO plugin. -->","yoast_head_json":{"title":"Mangueras Industriales \u2013 Inicio De Productos De Mangueras Industriales | Flexaust Inc.","description":"Inicio de Productos de Mangueras Industriales: Encuentre las mejores mangueras industriales para sus necesidades espec\u00edficas.","robots":{"index":"index","follow":"follow","max-snippet":"max-snippet:-1","max-image-preview":"max-image-preview:large","max-video-preview":"max-video-preview:-1"},"canonical":"https:\/\/www.flexaust.com\/es\/inicio-de-productos-de-mangueras-industriales\/","twitter_misc":{"Tiempo de lectura":"2 minutes"},"schema":{"@context":"https:\/\/schema.org","@graph":[{"@type":"WebPage","@id":"https:\/\/www.flexaust.com\/es\/inicio-de-productos-de-mangueras-industriales\/","url":"https:\/\/www.flexaust.com\/es\/inicio-de-productos-de-mangueras-industriales\/","name":"Mangueras Industriales \u2013 Inicio De Productos De Mangueras Industriales | Flexaust Inc.","isPartOf":{"@id":"https:\/\/www.flexaust.com\/#website"},"datePublished":"2012-01-24T09:03:05+00:00","dateModified":"2025-09-11T07:04:10+00:00","description":"Inicio de Productos de Mangueras Industriales: Encuentre las mejores mangueras industriales para sus necesidades espec\u00edficas.","inLanguage":"es-ES","potentialAction":[{"@type":"ReadAction","target":["https:\/\/www.flexaust.com\/es\/inicio-de-productos-de-mangueras-industriales\/"]}]},{"@type":"WebSite","@id":"https:\/\/www.flexaust.com\/#website","url":"https:\/\/www.flexaust.com\/","name":"Flexaust","description":"Industrial Hose Manufacturer","potentialAction":[{"@type":"SearchAction","target":{"@type":"EntryPoint","urlTemplate":"https:\/\/www.flexaust.com\/?s={search_term_string}"},"query-input":{"@type":"PropertyValueSpecification","valueRequired":true,"valueName":"search_term_string"}}],"inLanguage":"es-ES"}]}},"_links":{"self":[{"href":"https:\/\/www.flexaust.com\/es\/wp-json\/wp\/v2\/pages\/46551","targetHints":{"allow":["GET"]}}],"collection":[{"href":"https:\/\/www.flexaust.com\/es\/wp-json\/wp\/v2\/pages"}],"about":[{"href":"https:\/\/www.flexaust.com\/es\/wp-json\/wp\/v2\/types\/page"}],"author":[{"embeddable":true,"href":"https:\/\/www.flexaust.com\/es\/wp-json\/wp\/v2\/users\/3"}],"replies":[{"embeddable":true,"href":"https:\/\/www.flexaust.com\/es\/wp-json\/wp\/v2\/comments?post=46551"}],"version-history":[{"count":1,"href":"https:\/\/www.flexaust.com\/es\/wp-json\/wp\/v2\/pages\/46551\/revisions"}],"predecessor-version":[{"id":51566,"href":"https:\/\/www.flexaust.com\/es\/wp-json\/wp\/v2\/pages\/46551\/revisions\/51566"}],"wp:attachment":[{"href":"https:\/\/www.flexaust.com\/es\/wp-json\/wp\/v2\/media?parent=46551"}],"curies":[{"name":"wp","href":"https:\/\/api.w.org\/{rel}","templated":true}]}}