{"id":46541,"date":"2012-05-29T20:28:00","date_gmt":"2012-05-30T00:28:00","guid":{"rendered":"http:\/\/www.flexaust.com\/?page_id=46541"},"modified":"2024-11-27T06:10:11","modified_gmt":"2024-11-27T11:10:11","slug":"archivo-de-correo-electronico","status":"publish","type":"page","link":"https:\/\/www.flexaust.com\/es\/archivo-de-correo-electronico\/","title":{"rendered":"Archivo de correo electr\u00f3nico"},"content":{"rendered":"<h3><a href=\"\/cc-email\/1107595164912.html\" target=\"_blank\" rel=\"noopener\">9\/13\/2011 \u00bb<\/a><\/h3>\n<h3><a href=\"\/cc-email\/1106817411160.html\" target=\"_blank\" rel=\"noopener\">8\/1\/2011  \u00bb<\/a><\/h3>\n<h3><a href=\"\/cc-email\/1104633604430.html\" target=\"_blank\" rel=\"noopener\">2\/24\/2011  \u00bb<\/a><\/h3>\n<h3><a href=\"\/cc-email\/1104460957725.html\" target=\"_blank\" rel=\"noopener\">2\/1\/2011  \u00bb<\/a><\/h3>\n<h3><a href=\"\/cc-email\/1104021620645.html\" target=\"_blank\" rel=\"noopener\">12\/3\/2010  \u00bb<\/a><\/h3>\n<h3><a href=\"\/cc-email\/1103959039979.html\" target=\"_blank\" rel=\"noopener\">11\/24\/2010  \u00bb<\/a><\/h3>\n<h3><a href=\"\/cc-email\/1103835432970.html\" target=\"_blank\" rel=\"noopener\">10\/27\/2010  \u00bb<\/a><\/h3>\n<h3><a href=\"\/cc-email\/1103676020406.html\" target=\"_blank\" rel=\"noopener\">9\/21\/2010  \u00bb<\/a><\/h3>\n<h3><a href=\"\/cc-email\/1103675785910.html\" target=\"_blank\" rel=\"noopener\">9\/10\/2010  \u00bb<\/a><\/h3>\n<h3><a href=\"\/cc-email\/1103646205180.html\" target=\"_blank\" rel=\"noopener\">9\/1\/2010  \u00bb<\/a><\/h3>\n<h3><a href=\"\/cc-email\/1103617764324.html\" target=\"_blank\" rel=\"noopener\">8\/18\/2010  \u00bb<\/a><\/h3>\n<h3><a href=\"\/cc-email\/1103493729412.html\" target=\"_blank\" rel=\"noopener\">7\/15\/2010  \u00bb<\/a><\/h3>\n<h3><a href=\"\/cc-email\/1103438372328.html\" target=\"_blank\"5\/26\/2010  \u00bb<\/a><\/h3>\n<h3><a href=\"\/cc-email\/1103082427933.html\" target=\"_blank\" rel=\"noopener\">2\/23\/2010  \u00bb<\/a><\/h3>\n<h3><a href=\"\/cc-email\/1102899785980.html\" target=\"_blank\" rel=\"noopener\">12\/29\/2009  \u00bb<\/a><\/h3>\n<h3><a href=\"\/cc-email\/1102823608398.html\" target=\"_blank\" rel=\"noopener\">11\/19\/2009  \u00bb<\/a><\/h3>\n<h3><a href=\"\/cc-email\/1102683819004.html\" target=\"_blank\" rel=\"noopener\">9\/2\/2009  \u00bb<\/a><\/h3>\n<h3><a href=\"\/cc-email\/1102674019749.html\" target=\"_blank\" rel=\"noopener\">8\/29\/2009  \u00bb<\/a><\/h3>\n<h3><a href=\"\/cc-email\/1102621133850.html\" target=\"_blank\" rel=\"noopener\">6\/26\/2009  \u00bb<\/a><\/h3>\n<h3><a href=\"\/cc-email\/1102541191686.html\" target=\"_blank\" rel=\"noopener\">4\/9\/2009 \u00bb<\/a><\/h3>\n","protected":false},"excerpt":{"rendered":"<p>9\/13\/2011 \u00bb 8\/1\/2011 \u00bb 2\/24\/2011 \u00bb 2\/1\/2011 \u00bb 12\/3\/2010 \u00bb 11\/24\/2010 \u00bb 10\/27\/2010 \u00bb 9\/21\/2010 \u00bb 9\/10\/2010 \u00bb 9\/1\/2010 \u00bb 8\/18\/2010 \u00bb 7\/15\/2010 \u00bb<\/p>\n","protected":false},"author":3,"featured_media":0,"parent":0,"menu_order":0,"comment_status":"closed","ping_status":"closed","template":"","meta":{"_acf_changed":false,"content-type":"","inline_featured_image":false,"footnotes":"","_links_to":"","_links_to_target":""},"class_list":["post-46541","page","type-page","status-publish","hentry"],"acf":[],"yoast_head":"<!-- This site is optimized with the Yoast SEO plugin v27.3 - https:\/\/yoast.com\/product\/yoast-seo-wordpress\/ -->\n<title>Archivo de Correo Electr\u00f3nico | Flexaust Inc.<\/title>\n<meta name=\"description\" content=\"Encuentra archivos de boletines electr\u00f3nicos de Flexaust para obtener las \u00faltimas actualizaciones sobre productos, aplicaciones y noticias industriales.\" \/>\n<meta name=\"robots\" content=\"index, follow, max-snippet:-1, max-image-preview:large, max-video-preview:-1\" \/>\n<link rel=\"canonical\" href=\"https:\/\/www.flexaust.com\/email-archive\/\" \/>\n<meta name=\"twitter:label1\" content=\"Tiempo de lectura\" \/>\n\t<meta name=\"twitter:data1\" content=\"1 minute\" \/>\n<script type=\"application\/ld+json\" class=\"yoast-schema-graph\">{\"@context\":\"https:\\\/\\\/schema.org\",\"@graph\":[{\"@type\":\"WebPage\",\"@id\":\"https:\\\/\\\/www.flexaust.com\\\/email-archive\\\/\",\"url\":\"https:\\\/\\\/www.flexaust.com\\\/email-archive\\\/\",\"name\":\"Archivo de Correo Electr\u00f3nico | Flexaust Inc.\",\"isPartOf\":{\"@id\":\"https:\\\/\\\/www.flexaust.com\\\/#website\"},\"datePublished\":\"2012-05-30T00:28:00+00:00\",\"dateModified\":\"2024-11-27T11:10:11+00:00\",\"description\":\"Encuentra archivos de boletines electr\u00f3nicos de Flexaust para obtener las \u00faltimas actualizaciones sobre productos, aplicaciones y noticias industriales.\",\"inLanguage\":\"es-ES\",\"potentialAction\":[{\"@type\":\"ReadAction\",\"target\":[\"https:\\\/\\\/www.flexaust.com\\\/email-archive\\\/\"]}]},{\"@type\":\"WebSite\",\"@id\":\"https:\\\/\\\/www.flexaust.com\\\/#website\",\"url\":\"https:\\\/\\\/www.flexaust.com\\\/\",\"name\":\"Flexaust\",\"description\":\"Industrial Hose Manufacturer\",\"potentialAction\":[{\"@type\":\"SearchAction\",\"target\":{\"@type\":\"EntryPoint\",\"urlTemplate\":\"https:\\\/\\\/www.flexaust.com\\\/?s={search_term_string}\"},\"query-input\":{\"@type\":\"PropertyValueSpecification\",\"valueRequired\":true,\"valueName\":\"search_term_string\"}}],\"inLanguage\":\"es-ES\"}]}<\/script>\n<!-- \/ Yoast SEO plugin. -->","yoast_head_json":{"title":"Archivo de Correo Electr\u00f3nico | Flexaust Inc.","description":"Encuentra archivos de boletines electr\u00f3nicos de Flexaust para obtener las \u00faltimas actualizaciones sobre productos, aplicaciones y noticias industriales.","robots":{"index":"index","follow":"follow","max-snippet":"max-snippet:-1","max-image-preview":"max-image-preview:large","max-video-preview":"max-video-preview:-1"},"canonical":"https:\/\/www.flexaust.com\/email-archive\/","twitter_misc":{"Tiempo de lectura":"1 minute"},"schema":{"@context":"https:\/\/schema.org","@graph":[{"@type":"WebPage","@id":"https:\/\/www.flexaust.com\/email-archive\/","url":"https:\/\/www.flexaust.com\/email-archive\/","name":"Archivo de Correo Electr\u00f3nico | Flexaust Inc.","isPartOf":{"@id":"https:\/\/www.flexaust.com\/#website"},"datePublished":"2012-05-30T00:28:00+00:00","dateModified":"2024-11-27T11:10:11+00:00","description":"Encuentra archivos de boletines electr\u00f3nicos de Flexaust para obtener las \u00faltimas actualizaciones sobre productos, aplicaciones y noticias industriales.","inLanguage":"es-ES","potentialAction":[{"@type":"ReadAction","target":["https:\/\/www.flexaust.com\/email-archive\/"]}]},{"@type":"WebSite","@id":"https:\/\/www.flexaust.com\/#website","url":"https:\/\/www.flexaust.com\/","name":"Flexaust","description":"Industrial Hose Manufacturer","potentialAction":[{"@type":"SearchAction","target":{"@type":"EntryPoint","urlTemplate":"https:\/\/www.flexaust.com\/?s={search_term_string}"},"query-input":{"@type":"PropertyValueSpecification","valueRequired":true,"valueName":"search_term_string"}}],"inLanguage":"es-ES"}]}},"_links":{"self":[{"href":"https:\/\/www.flexaust.com\/es\/wp-json\/wp\/v2\/pages\/46541","targetHints":{"allow":["GET"]}}],"collection":[{"href":"https:\/\/www.flexaust.com\/es\/wp-json\/wp\/v2\/pages"}],"about":[{"href":"https:\/\/www.flexaust.com\/es\/wp-json\/wp\/v2\/types\/page"}],"author":[{"embeddable":true,"href":"https:\/\/www.flexaust.com\/es\/wp-json\/wp\/v2\/users\/3"}],"replies":[{"embeddable":true,"href":"https:\/\/www.flexaust.com\/es\/wp-json\/wp\/v2\/comments?post=46541"}],"version-history":[{"count":1,"href":"https:\/\/www.flexaust.com\/es\/wp-json\/wp\/v2\/pages\/46541\/revisions"}],"predecessor-version":[{"id":51544,"href":"https:\/\/www.flexaust.com\/es\/wp-json\/wp\/v2\/pages\/46541\/revisions\/51544"}],"wp:attachment":[{"href":"https:\/\/www.flexaust.com\/es\/wp-json\/wp\/v2\/media?parent=46541"}],"curies":[{"name":"wp","href":"https:\/\/api.w.org\/{rel}","templated":true}]}}