{"id":10805,"date":"2012-02-28T12:57:39","date_gmt":"2012-02-28T17:57:39","guid":{"rendered":"http:\/\/www.flexaust.com\/?page_id=10805"},"modified":"2024-11-27T08:35:31","modified_gmt":"2024-11-27T13:35:31","slug":"solicite-catalogo","status":"publish","type":"page","link":"https:\/\/www.flexaust.com\/es\/recursos\/solicite-catalogo\/","title":{"rendered":"Solicite un cat\u00e1logo"},"content":{"rendered":"<h3>Coloque su Flexaust &amp; Solicite el cat\u00e1logo de productos Flexaust-TUEC a continuaci\u00f3n.<\/h3>\n<p>\u00a1Flexaust contin\u00faa lanzando al mercado productos de nueva ingenier\u00eda! Nuestro cat\u00e1logo de productos 2021\/2022 actualizado presenta la colecci\u00f3n completa y los productos designados para env\u00edo las 24 horas en todo el cat\u00e1logo.<\/p>\n<div class=\"row\">\n<div class=\"col-half col-half-left\">\n<div class=\"col-pdf\">\n\t\t\t<a href=\"https:\/\/offers.flexaust.com\/es\/lp-flexaust-catalogo-de-productos\"><img loading=\"lazy\" decoding=\"async\"  data-headline=\"Screen Shot 2021-06-11 at 12.04.56 PM\" src=\"http:\/\/www.flexaust.com\/wp-content\/uploads\/2021\/06\/Screen-Shot-2021-06-11-at-12.04.56-PM.png\" alt=\"Catalogo de Productos\" title=\"Catalogo de Productos\" width=\"330\" height=\"534\"class=\"alignnone size-full wp-image-45373\" \/><\/a><br \/>\n\t\t\t<a href=\"https:\/\/offers.flexaust.com\/es\/lp-flexaust-catalogo-de-productos\" class=\"btn col-btn\">Descargar Cat\u00e1logo<\/a>\n\t\t<\/div>\n<\/p><\/div>\n<div class=\"col-half col-half-right\">\n<div class=\"col-pdf\">\n\t\t\t<a href=\"https:\/\/offers.flexaust.com\/es\/lp-flexaust-catalogo-de-productos-adjuntos\"><img loading=\"lazy\" decoding=\"async\" class=\"alignnone size-full wp-image-10310\" src=\"http:\/\/www.flexaust.com\/wp-content\/uploads\/2020\/05\/New-Cover-2020.png\" alt=\"Flexaust-TUEC-2020-portada\" title=\"Flexaust-TUEC-2020-portada\" width=\"330\" height=\"534\" \/><\/a><br \/>\n\t\t\t<a href=\"https:\/\/offers.flexaust.com\/es\/lp-flexaust-catalogo-de-productos-adjuntos\" class=\"btn col-btn\">Descargar Cat\u00e1logo<\/a>\n\t\t<\/div>\n<\/p><\/div>\n<\/div>\n<p class=\"row-form-text\">Complete el siguiente formulario si desea que Flexaust le env\u00ede copias impresas. Para descargar el PDF, haga clic en &#8220;Descargar cat\u00e1logo&#8221; arriba.<\/p>\n<div class=\"row\">\n<div class=\"col-half col-half-left\">\n<div class=\"col-form\">\n\t\t\t<script charset=\"utf-8\" type=\"text\/javascript\" src=\"\/\/js.hsforms.net\/forms\/v2.js\"><\/script><br \/>\n<script>\n  hbspt.forms.create({\n    region: \"na1\",\n    portalId: \"11914\",\n    formId: \"3570b038-aa28-4a01-b78d-149e1b3d66e7\"\n  });\n<\/script>\n\t\t<\/div>\n<\/p><\/div>\n<div class=\"col-half col-half-right\">\n<div class=\"col-form\">\n\t\t\t<script charset=\"utf-8\" type=\"text\/javascript\" src=\"\/\/js.hsforms.net\/forms\/v2.js\"><\/script><br \/>\n<script>\n  hbspt.forms.create({\n    region: \"na1\",\n    portalId: \"11914\",\n    formId: \"cff67637-7b94-4af0-a98d-ec36a55c81e7\"\n  });\n<\/script>\n\t\t<\/div>\n<\/p><\/div>\n<\/div>\n<style>\nbody.page-id-45160 #banner-top{\ndisplay:none;\n}\n.row-form-text{\nfont-size:16px;\nfont-weight: bold;\ntext-align:center;\n}\n.col-btn{\n\t\tdisplay: inline-block;\n\t\tvertical-align: top;\n\t\tfont-size: 18px;\n\t\tpadding: 16px 25px;\n\t\tbackground: -moz-linear-gradient(top, rgba(105,191,239,1) 0%, rgba(35,121,224,1) 100%); \/* FF3.6-15 *\/\n\t\tbackground: -webkit-linear-gradient(top, rgba(105,191,239,1) 0%,rgba(35,121,224,1) 100%); \/* Chrome10-25,Safari5.1-6 *\/\n\t\tbackground: linear-gradient(to bottom, rgba(105,191,239,1) 0%,rgba(35,121,224,1) 100%); \/* W3C, IE10+, FF16+, Chrome26+, Opera12+, Safari7+ *\/\n\t\tcolor: white;\n\t\tfont-weight: bold;\n\t\ttext-decoration: none;\n\t\tborder-radius: 5px;\n\t\tmargin-top: 25px;\n\t\tmargin-bottom: 25px;\n\t}\n\t.col-btn:hover{\n\t\tbackground: -moz-linear-gradient(top, rgba(35,121,224,1) 0%, rgba(105,191,239,1) 100%); \/* FF3.6-15 *\/\n\t\tbackground: -webkit-linear-gradient(top, rgba(35,121,224,1) 0%,rgba(105,191,239,1) 100%); \/* Chrome10-25,Safari5.1-6 *\/\n\t\tbackground: linear-gradient(to bottom, rgba(35,121,224,1) 0%,rgba(105,191,239,1) 100%); \/* W3C, IE10+, FF16+, Chrome26+, Opera12+, Safari7+ *\/\n\t\ttext-decoration: none;\n\t\tcolor: black;\n\t}\n\t.row > div{\n\t\ttext-align: center;\n\t}\n\t @media (min-width: 60em) {\n\t \t.row{\n\t \t\tdisplay: flex;\n\t \t}\n\t \t.row > div{\n\t \t\tflex-basis: 50%;\n\t \t\tfloat: left;\n\t \t\tpadding-right: 25px;\n\t \t}\n\t \t.row > div.col-half-right{\n\t \t\tpadding-left: 25px;\n\t \t}\n\t }\n<\/style>\n","protected":false},"excerpt":{"rendered":"<p>Coloque su Flexaust &amp; Solicite el cat\u00e1logo de productos Flexaust-TUEC a continuaci\u00f3n. \u00a1Flexaust contin\u00faa lanzando al mercado productos de nueva ingenier\u00eda! Nuestro cat\u00e1logo de productos 2021\/2022 actualizado presenta la colecci\u00f3n completa y los productos designados para env\u00edo las 24 horas en todo el cat\u00e1logo. Descargar Cat\u00e1logo Descargar Cat\u00e1logo Complete el siguiente formulario si desea que Flexaust le env\u00ede copias impresas. Para descargar el PDF, haga clic en &#8220;Descargar cat\u00e1logo&#8221; arriba.<\/p>\n","protected":false},"author":6,"featured_media":0,"parent":8421,"menu_order":0,"comment_status":"closed","ping_status":"closed","template":"page-full-width-landing.php","meta":{"_acf_changed":false,"content-type":"","inline_featured_image":false,"footnotes":"","_links_to":"","_links_to_target":""},"class_list":["post-10805","page","type-page","status-publish","hentry"],"acf":[],"yoast_head":"<!-- This site is optimized with the Yoast SEO plugin v27.4 - https:\/\/yoast.com\/product\/yoast-seo-wordpress\/ -->\n<title>Solicite Cat\u00e1logo | Flexaust Inc.<\/title>\n<meta name=\"description\" content=\"Solicitud de Cat\u00e1logo: Solicite el cat\u00e1logo de productos de Flexaust.\" \/>\n<meta name=\"robots\" content=\"index, follow, max-snippet:-1, max-image-preview:large, max-video-preview:-1\" \/>\n<link rel=\"canonical\" href=\"https:\/\/www.flexaust.com\/resources\/request-catalog\/\" \/>\n<meta name=\"twitter:label1\" content=\"Tiempo de lectura\" \/>\n\t<meta name=\"twitter:data1\" content=\"1 minute\" \/>\n<script type=\"application\/ld+json\" class=\"yoast-schema-graph\">{\"@context\":\"https:\\\/\\\/schema.org\",\"@graph\":[{\"@type\":\"WebPage\",\"@id\":\"https:\\\/\\\/www.flexaust.com\\\/resources\\\/request-catalog\\\/\",\"url\":\"https:\\\/\\\/www.flexaust.com\\\/resources\\\/request-catalog\\\/\",\"name\":\"Solicite Cat\u00e1logo | Flexaust Inc.\",\"isPartOf\":{\"@id\":\"https:\\\/\\\/www.flexaust.com\\\/#website\"},\"primaryImageOfPage\":{\"@id\":\"https:\\\/\\\/www.flexaust.com\\\/resources\\\/request-catalog\\\/#primaryimage\"},\"image\":{\"@id\":\"https:\\\/\\\/www.flexaust.com\\\/resources\\\/request-catalog\\\/#primaryimage\"},\"thumbnailUrl\":\"http:\\\/\\\/www.flexaust.com\\\/wp-content\\\/uploads\\\/2021\\\/06\\\/Screen-Shot-2021-06-11-at-12.04.56-PM.png\",\"datePublished\":\"2012-02-28T17:57:39+00:00\",\"dateModified\":\"2024-11-27T13:35:31+00:00\",\"description\":\"Solicitud de Cat\u00e1logo: Solicite el cat\u00e1logo de productos de Flexaust.\",\"breadcrumb\":{\"@id\":\"https:\\\/\\\/www.flexaust.com\\\/resources\\\/request-catalog\\\/#breadcrumb\"},\"inLanguage\":\"es-ES\",\"potentialAction\":[{\"@type\":\"ReadAction\",\"target\":[\"https:\\\/\\\/www.flexaust.com\\\/resources\\\/request-catalog\\\/\"]}]},{\"@type\":\"ImageObject\",\"inLanguage\":\"es-ES\",\"@id\":\"https:\\\/\\\/www.flexaust.com\\\/resources\\\/request-catalog\\\/#primaryimage\",\"url\":\"http:\\\/\\\/www.flexaust.com\\\/wp-content\\\/uploads\\\/2021\\\/06\\\/Screen-Shot-2021-06-11-at-12.04.56-PM.png\",\"contentUrl\":\"http:\\\/\\\/www.flexaust.com\\\/wp-content\\\/uploads\\\/2021\\\/06\\\/Screen-Shot-2021-06-11-at-12.04.56-PM.png\"},{\"@type\":\"BreadcrumbList\",\"@id\":\"https:\\\/\\\/www.flexaust.com\\\/resources\\\/request-catalog\\\/#breadcrumb\",\"itemListElement\":[{\"@type\":\"ListItem\",\"position\":1,\"name\":\"Recursos\",\"item\":\"http:\\\/\\\/www.flexaust.com\\\/es\\\/recursos\\\/guias-de-productos\\\/\"},{\"@type\":\"ListItem\",\"position\":2,\"name\":\"Solicite un cat\u00e1logo\"}]},{\"@type\":\"WebSite\",\"@id\":\"https:\\\/\\\/www.flexaust.com\\\/#website\",\"url\":\"https:\\\/\\\/www.flexaust.com\\\/\",\"name\":\"Flexaust\",\"description\":\"Industrial Hose Manufacturer\",\"potentialAction\":[{\"@type\":\"SearchAction\",\"target\":{\"@type\":\"EntryPoint\",\"urlTemplate\":\"https:\\\/\\\/www.flexaust.com\\\/?s={search_term_string}\"},\"query-input\":{\"@type\":\"PropertyValueSpecification\",\"valueRequired\":true,\"valueName\":\"search_term_string\"}}],\"inLanguage\":\"es-ES\"}]}<\/script>\n<!-- \/ Yoast SEO plugin. -->","yoast_head_json":{"title":"Solicite Cat\u00e1logo | Flexaust Inc.","description":"Solicitud de Cat\u00e1logo: Solicite el cat\u00e1logo de productos de Flexaust.","robots":{"index":"index","follow":"follow","max-snippet":"max-snippet:-1","max-image-preview":"max-image-preview:large","max-video-preview":"max-video-preview:-1"},"canonical":"https:\/\/www.flexaust.com\/resources\/request-catalog\/","twitter_misc":{"Tiempo de lectura":"1 minute"},"schema":{"@context":"https:\/\/schema.org","@graph":[{"@type":"WebPage","@id":"https:\/\/www.flexaust.com\/resources\/request-catalog\/","url":"https:\/\/www.flexaust.com\/resources\/request-catalog\/","name":"Solicite Cat\u00e1logo | Flexaust Inc.","isPartOf":{"@id":"https:\/\/www.flexaust.com\/#website"},"primaryImageOfPage":{"@id":"https:\/\/www.flexaust.com\/resources\/request-catalog\/#primaryimage"},"image":{"@id":"https:\/\/www.flexaust.com\/resources\/request-catalog\/#primaryimage"},"thumbnailUrl":"http:\/\/www.flexaust.com\/wp-content\/uploads\/2021\/06\/Screen-Shot-2021-06-11-at-12.04.56-PM.png","datePublished":"2012-02-28T17:57:39+00:00","dateModified":"2024-11-27T13:35:31+00:00","description":"Solicitud de Cat\u00e1logo: Solicite el cat\u00e1logo de productos de Flexaust.","breadcrumb":{"@id":"https:\/\/www.flexaust.com\/resources\/request-catalog\/#breadcrumb"},"inLanguage":"es-ES","potentialAction":[{"@type":"ReadAction","target":["https:\/\/www.flexaust.com\/resources\/request-catalog\/"]}]},{"@type":"ImageObject","inLanguage":"es-ES","@id":"https:\/\/www.flexaust.com\/resources\/request-catalog\/#primaryimage","url":"http:\/\/www.flexaust.com\/wp-content\/uploads\/2021\/06\/Screen-Shot-2021-06-11-at-12.04.56-PM.png","contentUrl":"http:\/\/www.flexaust.com\/wp-content\/uploads\/2021\/06\/Screen-Shot-2021-06-11-at-12.04.56-PM.png"},{"@type":"BreadcrumbList","@id":"https:\/\/www.flexaust.com\/resources\/request-catalog\/#breadcrumb","itemListElement":[{"@type":"ListItem","position":1,"name":"Recursos","item":"http:\/\/www.flexaust.com\/es\/recursos\/guias-de-productos\/"},{"@type":"ListItem","position":2,"name":"Solicite un cat\u00e1logo"}]},{"@type":"WebSite","@id":"https:\/\/www.flexaust.com\/#website","url":"https:\/\/www.flexaust.com\/","name":"Flexaust","description":"Industrial Hose Manufacturer","potentialAction":[{"@type":"SearchAction","target":{"@type":"EntryPoint","urlTemplate":"https:\/\/www.flexaust.com\/?s={search_term_string}"},"query-input":{"@type":"PropertyValueSpecification","valueRequired":true,"valueName":"search_term_string"}}],"inLanguage":"es-ES"}]}},"_links":{"self":[{"href":"https:\/\/www.flexaust.com\/es\/wp-json\/wp\/v2\/pages\/10805","targetHints":{"allow":["GET"]}}],"collection":[{"href":"https:\/\/www.flexaust.com\/es\/wp-json\/wp\/v2\/pages"}],"about":[{"href":"https:\/\/www.flexaust.com\/es\/wp-json\/wp\/v2\/types\/page"}],"author":[{"embeddable":true,"href":"https:\/\/www.flexaust.com\/es\/wp-json\/wp\/v2\/users\/6"}],"replies":[{"embeddable":true,"href":"https:\/\/www.flexaust.com\/es\/wp-json\/wp\/v2\/comments?post=10805"}],"version-history":[{"count":1,"href":"https:\/\/www.flexaust.com\/es\/wp-json\/wp\/v2\/pages\/10805\/revisions"}],"predecessor-version":[{"id":51589,"href":"https:\/\/www.flexaust.com\/es\/wp-json\/wp\/v2\/pages\/10805\/revisions\/51589"}],"up":[{"embeddable":true,"href":"https:\/\/www.flexaust.com\/es\/wp-json\/wp\/v2\/pages\/8421"}],"wp:attachment":[{"href":"https:\/\/www.flexaust.com\/es\/wp-json\/wp\/v2\/media?parent=10805"}],"curies":[{"name":"wp","href":"https:\/\/api.w.org\/{rel}","templated":true}]}}